{"id":3408,"date":"2025-04-15T07:56:02","date_gmt":"2025-04-15T07:56:02","guid":{"rendered":"https:\/\/babypillowwholesale.com\/?post_type=product&#038;p=3408"},"modified":"2025-06-08T07:48:00","modified_gmt":"2025-06-08T07:48:00","slug":"neck-protecting-pillow","status":"publish","type":"product","link":"https:\/\/babypillowwholesale.com\/es\/product\/neck-protecting-pillow\/","title":{"rendered":"Cuello - Almohada protectora"},"content":{"rendered":"<div class=\"auto-hide-last-sibling-br paragraph-qzbcQC paragraph-element br-paragraph-space\" data-immersive-translate-walked=\"8e61f2e7-6af2-46e5-9672-3b9e4f4033d9\" data-immersive-translate-paragraph=\"1\">\n<div class=\"auto-hide-last-sibling-br paragraph-qzbcQC paragraph-element br-paragraph-space\">\n<div class=\"auto-hide-last-sibling-br paragraph-qzbcQC paragraph-element br-paragraph-space\">\n<div class=\"auto-hide-last-sibling-br paragraph-qzbcQC paragraph-element br-paragraph-space\">\n<div class=\"auto-hide-last-sibling-br paragraph-qzbcQC paragraph-element br-paragraph-space\">\n<div class=\"auto-hide-last-sibling-br paragraph-qzbcQC paragraph-element br-paragraph-space\">\n<div class=\"inter-wlTS5w\">\n<div class=\"container-QE4ayg\">\n<div class=\"item-jU10IN\">\n<div class=\"container-jODEnh chrome70-container\">\n<div class=\"inner-eE95c9 inner-item-aL3Ui_\" data-target-id=\"message-box-target-id\" data-testid=\"union_message\">\n<div class=\"message-block-container-liuetz\" data-testid=\"message-block-container\">\n<div class=\"message-box-ZWbBdF\" data-testid=\"receive_message\">\n<div class=\"message-box-content-wrapper-srHdUj\">\n<div class=\"message-content message-box-content-otxGGw receive-message-box-content-_lREFj samantha-message-box-content-Qjmpja\" data-testid=\"message_content\">\n<div class=\"container-hfX5E8 flow-markdown-body theme-samantha-yJEgBp\" dir=\"ltr\" data-testid=\"message_text_content\" data-show-indicator=\"false\">\n<div class=\"auto-hide-last-sibling-br paragraph-qzbcQC paragraph-element br-paragraph-space\">\n<div class=\"auto-hide-last-sibling-br paragraph-qzbcQC paragraph-element br-paragraph-space\">\n<div class=\"auto-hide-last-sibling-br paragraph-qzbcQC paragraph-element br-paragraph-space\">Presentamos la Almohada Cervical Protectora, una combinaci\u00f3n perfecta de comodidad y funcionalidad para los ni\u00f1os. Meticulosamente dise\u00f1ada con una forma ergon\u00f3mica, proporciona un apoyo excepcional al cuello, manteniendo eficazmente la correcta alineaci\u00f3n de la columna cervical y minimizando el riesgo de tensi\u00f3n cervical. Tanto si su hijo se est\u00e1 quedando dormido como si est\u00e1 absorto en un libro de cuentos o viendo sus dibujos animados favoritos, esta almohada le ofrece un refugio acogedor.<\/div>\n<p>&nbsp;<\/p>\n<div class=\"auto-hide-last-sibling-br paragraph-qzbcQC paragraph-element br-paragraph-space\">Adornado con un adorable motivo de panda y el divertido texto \"KungFu PANQA\", a\u00f1ade un toque de diversi\u00f3n a cualquier dormitorio. Disponible en una vibrante paleta de colores rosa, azul, morado y azul oscuro, satisface diversas preferencias est\u00e9ticas. Fabricado con materiales suaves y de alta calidad, garantiza una experiencia c\u00f3moda y relajante.<\/div>\n<p>&nbsp;<\/p>\n<div class=\"auto-hide-last-sibling-br paragraph-qzbcQC paragraph-element br-paragraph-space\">Los padres alaban su impacto: \"Mi hijo adora esta almohada. Es suave, bonita y ha supuesto una verdadera diferencia en su comodidad mientras duerme y juega\", coment\u00f3 una madre encantada. Otro padre coment\u00f3: \"El dise\u00f1o es encantador, y saber que ayuda a la salud del cuello de mi hijo me da tranquilidad. Un complemento maravilloso para su ropa de cama\".<\/div>\n<p>&nbsp;<\/p>\n<div class=\"auto-hide-last-sibling-br paragraph-qzbcQC paragraph-element br-paragraph-space\">En resumen, esta Almohada Protectora del Cuello es m\u00e1s que un simple accesorio para dormir; es una compa\u00f1era que fomenta el confort, la salud y la alegr\u00eda en cada momento del d\u00eda de su hijo.<\/div>\n<\/div>\n<\/div>\n<\/div>\n<\/div>\n<\/div>\n<\/div>\n<\/div>\n<\/div>\n<\/div>\n<\/div>\n<\/div>\n<\/div>\n<\/div>\n<\/div>\n<\/div>\n<\/div>\n<\/div>\n<\/div>","protected":false},"excerpt":{"rendered":"<p>La Almohada Cervical Protectora es una opci\u00f3n ideal para los ni\u00f1os. Su exclusivo dise\u00f1o ergon\u00f3mico proporciona un excelente soporte para el cuello, ayudando a mantener una postura adecuada de la columna cervical y a reducir el riesgo de molestias en el cuello. La almohada presenta un simp\u00e1tico motivo de panda con las palabras \"KungFu PANQA\", a\u00f1adiendo un elemento de diversi\u00f3n. Disponible en varios colores, como rosa, azul, morado y azul oscuro, puede satisfacer diferentes preferencias est\u00e9ticas. Con unas especificaciones de 26*.<em>24*<\/em>10CM, ofrece un tama\u00f1o adecuado para los ni\u00f1os. Fabricado con materiales suaves y c\u00f3modos, garantiza una experiencia de sue\u00f1o acogedora, por lo que es un gran complemento para la ropa de cama de los ni\u00f1os.<\/p>","protected":false},"featured_media":3409,"comment_status":"open","ping_status":"closed","template":"","meta":{"_uag_custom_page_level_css":"","site-sidebar-layout":"default","site-content-layout":"","ast-site-content-layout":"default","site-content-style":"default","site-sidebar-style":"default","ast-global-header-display":"","ast-banner-title-visibility":"","ast-main-header-display":"","ast-hfb-above-header-display":"","ast-hfb-below-header-display":"","ast-hfb-mobile-header-display":"","site-post-title":"","ast-breadcrumbs-content":"","ast-featured-img":"","footer-sml-layout":"","ast-disable-related-posts":"","theme-transparent-header-meta":"default","adv-header-id-meta":"","stick-header-meta":"","header-above-stick-meta":"","header-main-stick-meta":"","header-below-stick-meta":"","astra-migrate-meta-layouts":"set","ast-page-background-enabled":"default","ast-page-background-meta":{"desktop":{"background-color":"","background-image":"","background-repeat":"repeat","background-position":"center center","background-size":"auto","background-attachment":"scroll","background-type":"","background-media":"","overlay-type":"","overlay-color":"","overlay-opacity":"","overlay-gradient":""},"tablet":{"background-color":"","background-image":"","background-repeat":"repeat","background-position":"center center","background-size":"auto","background-attachment":"scroll","background-type":"","background-media":"","overlay-type":"","overlay-color":"","overlay-opacity":"","overlay-gradient":""},"mobile":{"background-color":"","background-image":"","background-repeat":"repeat","background-position":"center center","background-size":"auto","background-attachment":"scroll","background-type":"","background-media":"","overlay-type":"","overlay-color":"","overlay-opacity":"","overlay-gradient":""}},"ast-content-background-meta":{"desktop":{"background-color":"var(--ast-global-color-5)","background-image":"","background-repeat":"repeat","background-position":"center center","background-size":"auto","background-attachment":"scroll","background-type":"","background-media":"","overlay-type":"","overlay-color":"","overlay-opacity":"","overlay-gradient":""},"tablet":{"background-color":"var(--ast-global-color-5)","background-image":"","background-repeat":"repeat","background-position":"center center","background-size":"auto","background-attachment":"scroll","background-type":"","background-media":"","overlay-type":"","overlay-color":"","overlay-opacity":"","overlay-gradient":""},"mobile":{"background-color":"var(--ast-global-color-5)","background-image":"","background-repeat":"repeat","background-position":"center center","background-size":"auto","background-attachment":"scroll","background-type":"","background-media":"","overlay-type":"","overlay-color":"","overlay-opacity":"","overlay-gradient":""}}},"product_brand":[],"product_cat":[21],"product_tag":[70,68,71,69],"class_list":{"0":"post-3408","1":"product","2":"type-product","3":"status-publish","4":"has-post-thumbnail","6":"product_cat-others","7":"product_tag-babypillow","8":"product_tag-cuteanimalpillow","9":"product_tag-headshapesupport","10":"product_tag-kouniushapingpillow","11":"desktop-align-left","12":"tablet-align-left","13":"mobile-align-left","15":"first","16":"instock","17":"shipping-taxable","18":"product-type-simple"},"aioseo_notices":[],"uagb_featured_image_src":{"full":["https:\/\/babypillowwholesale.com\/wp-content\/uploads\/2025\/04\/1103.jpg",1000,1000,false],"thumbnail":["https:\/\/babypillowwholesale.com\/wp-content\/uploads\/2025\/04\/1103-150x150.jpg",150,150,true],"medium":["https:\/\/babypillowwholesale.com\/wp-content\/uploads\/2025\/04\/1103-300x300.jpg",300,300,true],"medium_large":["https:\/\/babypillowwholesale.com\/wp-content\/uploads\/2025\/04\/1103-768x768.jpg",768,768,true],"large":["https:\/\/babypillowwholesale.com\/wp-content\/uploads\/2025\/04\/1103.jpg",1000,1000,false],"1536x1536":["https:\/\/babypillowwholesale.com\/wp-content\/uploads\/2025\/04\/1103.jpg",1000,1000,false],"2048x2048":["https:\/\/babypillowwholesale.com\/wp-content\/uploads\/2025\/04\/1103.jpg",1000,1000,false],"trp-custom-language-flag":["https:\/\/babypillowwholesale.com\/wp-content\/uploads\/2025\/04\/1103.jpg",12,12,false],"woocommerce_thumbnail":["https:\/\/babypillowwholesale.com\/wp-content\/uploads\/2025\/04\/1103-300x300.jpg",300,300,true],"woocommerce_single":["https:\/\/babypillowwholesale.com\/wp-content\/uploads\/2025\/04\/1103-600x600.jpg",600,600,true],"woocommerce_gallery_thumbnail":["https:\/\/babypillowwholesale.com\/wp-content\/uploads\/2025\/04\/1103-100x100.jpg",100,100,true]},"uagb_author_info":{"display_name":"Etnen zhong","author_link":"https:\/\/babypillowwholesale.com\/es\/author\/"},"uagb_comment_info":0,"uagb_excerpt":"The Neck - Protecting Pillow is an ideal choice for children. Its unique design is ergonomically crafted to provide excellent support for the neck, helping to maintain a proper cervical spine posture and reduce the risk of neck discomfort. The pillow features a cute panda motif with the words \u201cKungFu PANQA\u201d, adding an element of&hellip;","jetpack_sharing_enabled":true,"_links":{"self":[{"href":"https:\/\/babypillowwholesale.com\/es\/wp-json\/wp\/v2\/product\/3408","targetHints":{"allow":["GET"]}}],"collection":[{"href":"https:\/\/babypillowwholesale.com\/es\/wp-json\/wp\/v2\/product"}],"about":[{"href":"https:\/\/babypillowwholesale.com\/es\/wp-json\/wp\/v2\/types\/product"}],"replies":[{"embeddable":true,"href":"https:\/\/babypillowwholesale.com\/es\/wp-json\/wp\/v2\/comments?post=3408"}],"wp:featuredmedia":[{"embeddable":true,"href":"https:\/\/babypillowwholesale.com\/es\/wp-json\/wp\/v2\/media\/3409"}],"wp:attachment":[{"href":"https:\/\/babypillowwholesale.com\/es\/wp-json\/wp\/v2\/media?parent=3408"}],"wp:term":[{"taxonomy":"product_brand","embeddable":true,"href":"https:\/\/babypillowwholesale.com\/es\/wp-json\/wp\/v2\/product_brand?post=3408"},{"taxonomy":"product_cat","embeddable":true,"href":"https:\/\/babypillowwholesale.com\/es\/wp-json\/wp\/v2\/product_cat?post=3408"},{"taxonomy":"product_tag","embeddable":true,"href":"https:\/\/babypillowwholesale.com\/es\/wp-json\/wp\/v2\/product_tag?post=3408"}],"curies":[{"name":"wp","href":"https:\/\/api.w.org\/{rel}","templated":true}]}}