{"id":3405,"date":"2025-04-15T07:30:38","date_gmt":"2025-04-15T07:30:38","guid":{"rendered":"https:\/\/babypillowwholesale.com\/?post_type=product&#038;p=3405"},"modified":"2025-06-08T07:52:07","modified_gmt":"2025-06-08T07:52:07","slug":"little-raccoon-infant-contour-pillow","status":"publish","type":"product","link":"https:\/\/babypillowwholesale.com\/es\/product\/little-raccoon-infant-contour-pillow\/","title":{"rendered":"Almohada de contorno para beb\u00e9s Little Raccoon"},"content":{"rendered":"<div class=\"auto-hide-last-sibling-br paragraph-qzbcQC paragraph-element br-paragraph-space\" data-immersive-translate-walked=\"8e61f2e7-6af2-46e5-9672-3b9e4f4033d9\" data-immersive-translate-paragraph=\"1\">\n<div class=\"auto-hide-last-sibling-br paragraph-qzbcQC paragraph-element br-paragraph-space\">\n<div class=\"auto-hide-last-sibling-br paragraph-qzbcQC paragraph-element br-paragraph-space\">\n<div class=\"auto-hide-last-sibling-br paragraph-qzbcQC paragraph-element br-paragraph-space\">\n<div class=\"auto-hide-last-sibling-br paragraph-qzbcQC paragraph-element br-paragraph-space\">\n<div class=\"auto-hide-last-sibling-br paragraph-qzbcQC paragraph-element br-paragraph-space\">\n<div class=\"inter-wlTS5w\">\n<div class=\"container-QE4ayg\">\n<div class=\"item-jU10IN\">\n<div class=\"container-jODEnh chrome70-container\">\n<div class=\"inner-eE95c9 inner-item-aL3Ui_\" data-target-id=\"message-box-target-id\" data-testid=\"union_message\">\n<div class=\"message-block-container-liuetz\" data-testid=\"message-block-container\">\n<div class=\"message-box-ZWbBdF\" data-testid=\"receive_message\">\n<div class=\"message-box-content-wrapper-srHdUj\">\n<div class=\"message-content message-box-content-otxGGw receive-message-box-content-_lREFj samantha-message-box-content-Qjmpja\" data-testid=\"message_content\">\n<div class=\"container-hfX5E8 flow-markdown-body theme-samantha-yJEgBp\" dir=\"ltr\" data-testid=\"message_text_content\" data-show-indicator=\"false\">\n<div class=\"auto-hide-last-sibling-br paragraph-qzbcQC paragraph-element br-paragraph-space\">\n<div class=\"auto-hide-last-sibling-br paragraph-qzbcQC paragraph-element br-paragraph-space\">Presentamos la almohada de contorno para beb\u00e9s Little Raccoon, un compa\u00f1ero de sue\u00f1o encantador y esencial para ni\u00f1os de 1 a 3 a\u00f1os. Meticulosamente dise\u00f1ada con un contorno ergon\u00f3mico, esta almohada proporciona un abrazo suave pero firme para la cabeza y el cuello de tu peque\u00f1o, garantizando una postura de sue\u00f1o saludable y c\u00f3moda noche tras noche.<\/div>\n<p>&nbsp;<\/p>\n<div class=\"auto-hide-last-sibling-br paragraph-qzbcQC paragraph-element br-paragraph-space\">La superficie de la almohada es un lienzo de encanto, adornado con una entra\u00f1able ilustraci\u00f3n de un peque\u00f1o mapache. Vestido con un simp\u00e1tico traje y rodeado de caprichosas estrellas y una varita m\u00e1gica, el mapache a\u00f1ade un toque de fantas\u00eda y alegr\u00eda. Sobre un fondo de colores suaves, disponible en rosa relajante o azul tranquilizador, crea una est\u00e9tica visualmente atractiva y serena que atrae la imaginaci\u00f3n de los m\u00e1s peque\u00f1os.<\/div>\n<p>&nbsp;<\/p>\n<div class=\"auto-hide-last-sibling-br paragraph-qzbcQC paragraph-element br-paragraph-space\">Medici\u00f3n 43*<em>26*<\/em>3CM, es el tama\u00f1o perfecto para el sue\u00f1o de su hijo, proporcionando un amplio espacio para que su cabeza descanse c\u00f3modamente. Fabricado con materiales suntuosamente suaves, ofrece un tacto aterciopelado y suave, como una tierna canci\u00f3n de cuna, que invita a tu hijo a sumirse en un pl\u00e1cido sue\u00f1o.<\/div>\n<p>&nbsp;<\/p>\n<div class=\"auto-hide-last-sibling-br paragraph-qzbcQC paragraph-element br-paragraph-space\">Esta almohada no es s\u00f3lo para dormir. Durante el d\u00eda, puede convertirse en un accesorio para el juego imaginativo, con su hijo fingiendo que el mapache est\u00e1 en una aventura m\u00e1gica. O puede servir como un amigo suave y reconfortante en momentos de inquietud.<\/div>\n<p>&nbsp;<\/p>\n<div class=\"auto-hide-last-sibling-br paragraph-qzbcQC paragraph-element br-paragraph-space\">Los padres est\u00e1n encantados con este producto. \"Mi hijo de 2 a\u00f1os adora el coj\u00edn Mapache. Es muy suave y el dise\u00f1o es precioso. Ha hecho que la hora de acostarse sea pan comido\", dijo una mam\u00e1 contenta. Un pap\u00e1 a\u00f1adi\u00f3: \"Nos encanta c\u00f3mo combina la comodidad con un bonito dise\u00f1o. Ha aguantado bien los lavados y los abrazos. Una gran compra para que nuestro peque\u00f1o duerma y juegue\".<\/div>\n<p>&nbsp;<\/p>\n<div class=\"auto-hide-last-sibling-br paragraph-qzbcQC paragraph-element br-paragraph-space\">En esencia, la almohada de contorno Little Raccoon Infant es una mezcla armoniosa de comodidad, ternura y funcionalidad. No es s\u00f3lo un art\u00edculo de cama; es una parte muy apreciada de la vida diaria de su hijo, infundiendo cada momento con una pizca de magia inspirada en el mapache.<\/div>\n<\/div>\n<\/div>\n<\/div>\n<\/div>\n<\/div>\n<\/div>\n<\/div>\n<\/div>\n<\/div>\n<\/div>\n<\/div>\n<\/div>\n<\/div>\n<\/div>\n<\/div>\n<\/div>\n<\/div>","protected":false},"excerpt":{"rendered":"<p>La almohada de contorno Little Raccoon Infant es un accesorio ideal para dormir para ni\u00f1os de 1 a 3 a\u00f1os. Su dise\u00f1o ergon\u00f3mico proporciona un apoyo \u00f3ptimo para la cabeza y el cuello, favoreciendo una postura saludable al dormir. La almohada presenta una simp\u00e1tica ilustraci\u00f3n de un peque\u00f1o mapache sobre un fondo de colores suaves, que a\u00f1ade un toque de ternura. Disponible en rosa y azul, se adapta a diferentes preferencias. Mide 43* cm.<em>26*<\/em>3CM, ofrece un tama\u00f1o c\u00f3modo para los m\u00e1s peque\u00f1os. Hecho de materiales suaves, asegura un sue\u00f1o acogedor y reparador, por lo que es una gran adici\u00f3n a los elementos esenciales de la hora de dormir de cualquier ni\u00f1o.<\/p>","protected":false},"featured_media":3406,"comment_status":"open","ping_status":"closed","template":"","meta":{"_uag_custom_page_level_css":"","site-sidebar-layout":"default","site-content-layout":"","ast-site-content-layout":"default","site-content-style":"default","site-sidebar-style":"default","ast-global-header-display":"","ast-banner-title-visibility":"","ast-main-header-display":"","ast-hfb-above-header-display":"","ast-hfb-below-header-display":"","ast-hfb-mobile-header-display":"","site-post-title":"","ast-breadcrumbs-content":"","ast-featured-img":"","footer-sml-layout":"","ast-disable-related-posts":"","theme-transparent-header-meta":"default","adv-header-id-meta":"","stick-header-meta":"","header-above-stick-meta":"","header-main-stick-meta":"","header-below-stick-meta":"","astra-migrate-meta-layouts":"set","ast-page-background-enabled":"default","ast-page-background-meta":{"desktop":{"background-color":"","background-image":"","background-repeat":"repeat","background-position":"center center","background-size":"auto","background-attachment":"scroll","background-type":"","background-media":"","overlay-type":"","overlay-color":"","overlay-opacity":"","overlay-gradient":""},"tablet":{"background-color":"","background-image":"","background-repeat":"repeat","background-position":"center center","background-size":"auto","background-attachment":"scroll","background-type":"","background-media":"","overlay-type":"","overlay-color":"","overlay-opacity":"","overlay-gradient":""},"mobile":{"background-color":"","background-image":"","background-repeat":"repeat","background-position":"center center","background-size":"auto","background-attachment":"scroll","background-type":"","background-media":"","overlay-type":"","overlay-color":"","overlay-opacity":"","overlay-gradient":""}},"ast-content-background-meta":{"desktop":{"background-color":"var(--ast-global-color-5)","background-image":"","background-repeat":"repeat","background-position":"center center","background-size":"auto","background-attachment":"scroll","background-type":"","background-media":"","overlay-type":"","overlay-color":"","overlay-opacity":"","overlay-gradient":""},"tablet":{"background-color":"var(--ast-global-color-5)","background-image":"","background-repeat":"repeat","background-position":"center center","background-size":"auto","background-attachment":"scroll","background-type":"","background-media":"","overlay-type":"","overlay-color":"","overlay-opacity":"","overlay-gradient":""},"mobile":{"background-color":"var(--ast-global-color-5)","background-image":"","background-repeat":"repeat","background-position":"center center","background-size":"auto","background-attachment":"scroll","background-type":"","background-media":"","overlay-type":"","overlay-color":"","overlay-opacity":"","overlay-gradient":""}}},"product_brand":[],"product_cat":[56,42],"product_tag":[70,68,71,69],"class_list":{"0":"post-3405","1":"product","2":"type-product","3":"status-publish","4":"has-post-thumbnail","6":"product_cat-1-to-3-years","7":"product_cat-merchandise","8":"product_tag-babypillow","9":"product_tag-cuteanimalpillow","10":"product_tag-headshapesupport","11":"product_tag-kouniushapingpillow","12":"desktop-align-left","13":"tablet-align-left","14":"mobile-align-left","16":"first","17":"instock","18":"shipping-taxable","19":"product-type-simple"},"aioseo_notices":[],"uagb_featured_image_src":{"full":["https:\/\/babypillowwholesale.com\/wp-content\/uploads\/2025\/04\/1707.jpg",1000,1000,false],"thumbnail":["https:\/\/babypillowwholesale.com\/wp-content\/uploads\/2025\/04\/1707-150x150.jpg",150,150,true],"medium":["https:\/\/babypillowwholesale.com\/wp-content\/uploads\/2025\/04\/1707-300x300.jpg",300,300,true],"medium_large":["https:\/\/babypillowwholesale.com\/wp-content\/uploads\/2025\/04\/1707-768x768.jpg",768,768,true],"large":["https:\/\/babypillowwholesale.com\/wp-content\/uploads\/2025\/04\/1707.jpg",1000,1000,false],"1536x1536":["https:\/\/babypillowwholesale.com\/wp-content\/uploads\/2025\/04\/1707.jpg",1000,1000,false],"2048x2048":["https:\/\/babypillowwholesale.com\/wp-content\/uploads\/2025\/04\/1707.jpg",1000,1000,false],"trp-custom-language-flag":["https:\/\/babypillowwholesale.com\/wp-content\/uploads\/2025\/04\/1707.jpg",12,12,false],"woocommerce_thumbnail":["https:\/\/babypillowwholesale.com\/wp-content\/uploads\/2025\/04\/1707-300x300.jpg",300,300,true],"woocommerce_single":["https:\/\/babypillowwholesale.com\/wp-content\/uploads\/2025\/04\/1707-600x600.jpg",600,600,true],"woocommerce_gallery_thumbnail":["https:\/\/babypillowwholesale.com\/wp-content\/uploads\/2025\/04\/1707-100x100.jpg",100,100,true]},"uagb_author_info":{"display_name":"Etnen zhong","author_link":"https:\/\/babypillowwholesale.com\/es\/author\/"},"uagb_comment_info":0,"uagb_excerpt":"The Little Raccoon Infant Contour Pillow is an ideal sleep accessory for children aged 1 - 3 years. Its contour design is ergonomically crafted to provide optimal support for the head and neck, promoting a healthy sleeping posture. The pillow features an endearing little raccoon illustration on a soft - colored background, adding a touch&hellip;","jetpack_sharing_enabled":true,"_links":{"self":[{"href":"https:\/\/babypillowwholesale.com\/es\/wp-json\/wp\/v2\/product\/3405","targetHints":{"allow":["GET"]}}],"collection":[{"href":"https:\/\/babypillowwholesale.com\/es\/wp-json\/wp\/v2\/product"}],"about":[{"href":"https:\/\/babypillowwholesale.com\/es\/wp-json\/wp\/v2\/types\/product"}],"replies":[{"embeddable":true,"href":"https:\/\/babypillowwholesale.com\/es\/wp-json\/wp\/v2\/comments?post=3405"}],"wp:featuredmedia":[{"embeddable":true,"href":"https:\/\/babypillowwholesale.com\/es\/wp-json\/wp\/v2\/media\/3406"}],"wp:attachment":[{"href":"https:\/\/babypillowwholesale.com\/es\/wp-json\/wp\/v2\/media?parent=3405"}],"wp:term":[{"taxonomy":"product_brand","embeddable":true,"href":"https:\/\/babypillowwholesale.com\/es\/wp-json\/wp\/v2\/product_brand?post=3405"},{"taxonomy":"product_cat","embeddable":true,"href":"https:\/\/babypillowwholesale.com\/es\/wp-json\/wp\/v2\/product_cat?post=3405"},{"taxonomy":"product_tag","embeddable":true,"href":"https:\/\/babypillowwholesale.com\/es\/wp-json\/wp\/v2\/product_tag?post=3405"}],"curies":[{"name":"wp","href":"https:\/\/api.w.org\/{rel}","templated":true}]}}