{"id":3383,"date":"2025-04-11T07:55:31","date_gmt":"2025-04-11T07:55:31","guid":{"rendered":"https:\/\/babypillowwholesale.com\/?post_type=product&#038;p=3383"},"modified":"2025-06-08T08:07:13","modified_gmt":"2025-06-08T08:07:13","slug":"little-apple-memory-pillow","status":"publish","type":"product","link":"https:\/\/babypillowwholesale.com\/es\/product\/little-apple-memory-pillow\/","title":{"rendered":"Almohada con memoria Little Apple"},"content":{"rendered":"<div class=\"auto-hide-last-sibling-br paragraph-qzbcQC paragraph-element br-paragraph-space\" data-immersive-translate-walked=\"8e61f2e7-6af2-46e5-9672-3b9e4f4033d9\" data-immersive-translate-paragraph=\"1\">\n<div class=\"auto-hide-last-sibling-br paragraph-qzbcQC paragraph-element br-paragraph-space\">\n<div class=\"auto-hide-last-sibling-br paragraph-qzbcQC paragraph-element br-paragraph-space\">\n<div class=\"auto-hide-last-sibling-br paragraph-qzbcQC paragraph-element br-paragraph-space\">Presentamos la almohada con memoria Little Apple, una compa\u00f1era de sue\u00f1o adorable e indispensable creada especialmente para los beb\u00e9s en la tierna etapa de 0 a 3 meses. Esta almohada, con su encantadora silueta en forma de manzana, llama la atenci\u00f3n al instante y desprende dulzura y alegr\u00eda desde el primer momento.<\/div>\n<p>&nbsp;<\/p>\n<div class=\"auto-hide-last-sibling-br paragraph-qzbcQC paragraph-element br-paragraph-space\">Fabricado con espuma viscoel\u00e1stica de alta calidad, es un modelo de confort. Se amolda suavemente y sin costuras a los contornos \u00fanicos de la cabeza de su beb\u00e9, proporcionando un nivel de apoyo a medida que es a la vez tierno y tranquilizador. La superficie de la almohada es un lienzo de encanto, adornado con encantadores estampados aleatorios que a\u00f1aden un toque de fantas\u00eda y calidez. Cada estampado es como una peque\u00f1a historia, que contribuye al encanto general de la almohada.<\/div>\n<p>&nbsp;<\/p>\n<div class=\"auto-hide-last-sibling-br paragraph-qzbcQC paragraph-element br-paragraph-space\">Mide unos delicados 20<em>22*<\/em>1,5 cm, se adapta perfectamente a la cuna del beb\u00e9, creando un acogedor refugio para su peque\u00f1o. Imagine a su precioso beb\u00e9 tumbado en la cuna, con la cabeza suavemente acunada por esta peque\u00f1a almohada en forma de manzana. Se convierte en un lugar suave y seguro en el que puede dormirse pl\u00e1cidamente, rodeado por el suave abrazo de la espuma viscoel\u00e1stica y los bonitos estampados.<\/div>\n<p>&nbsp;<\/p>\n<div class=\"auto-hide-last-sibling-br paragraph-qzbcQC paragraph-element br-paragraph-space\">Durante esos primeros d\u00edas, en los que tu beb\u00e9 pasa gran parte del tiempo durmiendo, la almohada con memoria Little Apple es una fuente constante de confort. Tanto si se trata de una breve siesta diurna como de una larga siesta nocturna, esta almohada proporciona una superficie consistente y relajante. Tambi\u00e9n se convierte en un punto focal en la habitaci\u00f3n del beb\u00e9, a\u00f1adiendo un toque de ternura a la decoraci\u00f3n general.<\/div>\n<p>&nbsp;<\/p>\n<div class=\"auto-hide-last-sibling-br paragraph-qzbcQC paragraph-element br-paragraph-space\">Los padres han elogiado efusivamente esta encantadora almohada. \"Estoy enamorada de la almohada con memoria Little Apple. Es una monada y mi reci\u00e9n nacido parece mucho m\u00e1s c\u00f3modo. La espuma con memoria cambia las reglas del juego\", exclam\u00f3 una mam\u00e1 primeriza. Un pap\u00e1 a\u00f1adi\u00f3: \"Nos encanta c\u00f3mo a\u00f1ade un poco de encanto a la habitaci\u00f3n del beb\u00e9. Ha aguantado bien y parece que ayuda a nuestro beb\u00e9 a dormir mejor\".<\/div>\n<p>&nbsp;<\/p>\n<div class=\"auto-hide-last-sibling-br paragraph-qzbcQC paragraph-element br-paragraph-space\">En esencia, la almohada con memoria Little Apple es una mezcla armoniosa de comodidad, ternura y funcionalidad. No es s\u00f3lo un art\u00edculo de cama; es una parte apreciada de la vida temprana de su beb\u00e9, infundiendo cada momento lleno de sue\u00f1o con una sensaci\u00f3n de tranquilidad y ternura.<\/div>\n<\/div>\n<\/div>\n<\/div>","protected":false},"excerpt":{"rendered":"<p>La almohada con memoria Little Apple es un dulce y pr\u00e1ctico accesorio para dormir dise\u00f1ado para beb\u00e9s de 0 a 3 meses. Con la forma de una simp\u00e1tica manzana, llama inmediatamente la atenci\u00f3n por su adorable forma. Fabricada con espuma viscoel\u00e1stica, se adapta suavemente a la cabeza del beb\u00e9, proporcion\u00e1ndole un apoyo suave y personalizado. La superficie est\u00e1 decorada con encantadores estampados aleatorios, que a\u00f1aden un toque de encanto. Con un tama\u00f1o compacto de 20<em>22*<\/em>1,5CM, cabe perfectamente en la cuna del beb\u00e9. Esta almohada no s\u00f3lo ayuda a mantener la forma de la cabeza del beb\u00e9, sino que tambi\u00e9n ofrece un lugar de descanso acogedor y c\u00f3modo, creando un entorno sereno para el sue\u00f1o tranquilo del beb\u00e9.<\/p>","protected":false},"featured_media":3384,"comment_status":"open","ping_status":"closed","template":"","meta":{"_uag_custom_page_level_css":"","site-sidebar-layout":"default","site-content-layout":"","ast-site-content-layout":"default","site-content-style":"default","site-sidebar-style":"default","ast-global-header-display":"","ast-banner-title-visibility":"","ast-main-header-display":"","ast-hfb-above-header-display":"","ast-hfb-below-header-display":"","ast-hfb-mobile-header-display":"","site-post-title":"","ast-breadcrumbs-content":"","ast-featured-img":"","footer-sml-layout":"","ast-disable-related-posts":"","theme-transparent-header-meta":"default","adv-header-id-meta":"","stick-header-meta":"","header-above-stick-meta":"","header-main-stick-meta":"","header-below-stick-meta":"","astra-migrate-meta-layouts":"set","ast-page-background-enabled":"default","ast-page-background-meta":{"desktop":{"background-color":"","background-image":"","background-repeat":"repeat","background-position":"center center","background-size":"auto","background-attachment":"scroll","background-type":"","background-media":"","overlay-type":"","overlay-color":"","overlay-opacity":"","overlay-gradient":""},"tablet":{"background-color":"","background-image":"","background-repeat":"repeat","background-position":"center center","background-size":"auto","background-attachment":"scroll","background-type":"","background-media":"","overlay-type":"","overlay-color":"","overlay-opacity":"","overlay-gradient":""},"mobile":{"background-color":"","background-image":"","background-repeat":"repeat","background-position":"center center","background-size":"auto","background-attachment":"scroll","background-type":"","background-media":"","overlay-type":"","overlay-color":"","overlay-opacity":"","overlay-gradient":""}},"ast-content-background-meta":{"desktop":{"background-color":"var(--ast-global-color-5)","background-image":"","background-repeat":"repeat","background-position":"center center","background-size":"auto","background-attachment":"scroll","background-type":"","background-media":"","overlay-type":"","overlay-color":"","overlay-opacity":"","overlay-gradient":""},"tablet":{"background-color":"var(--ast-global-color-5)","background-image":"","background-repeat":"repeat","background-position":"center center","background-size":"auto","background-attachment":"scroll","background-type":"","background-media":"","overlay-type":"","overlay-color":"","overlay-opacity":"","overlay-gradient":""},"mobile":{"background-color":"var(--ast-global-color-5)","background-image":"","background-repeat":"repeat","background-position":"center center","background-size":"auto","background-attachment":"scroll","background-type":"","background-media":"","overlay-type":"","overlay-color":"","overlay-opacity":"","overlay-gradient":""}}},"product_brand":[],"product_cat":[54,42],"product_tag":[70,68,71,69],"class_list":{"0":"post-3383","1":"product","2":"type-product","3":"status-publish","4":"has-post-thumbnail","6":"product_cat-0-to-6months","7":"product_cat-merchandise","8":"product_tag-babypillow","9":"product_tag-cuteanimalpillow","10":"product_tag-headshapesupport","11":"product_tag-kouniushapingpillow","12":"desktop-align-left","13":"tablet-align-left","14":"mobile-align-left","16":"first","17":"instock","18":"shipping-taxable","19":"product-type-simple"},"aioseo_notices":[],"uagb_featured_image_src":{"full":["https:\/\/babypillowwholesale.com\/wp-content\/uploads\/2025\/04\/1003.jpg",1000,1000,false],"thumbnail":["https:\/\/babypillowwholesale.com\/wp-content\/uploads\/2025\/04\/1003-150x150.jpg",150,150,true],"medium":["https:\/\/babypillowwholesale.com\/wp-content\/uploads\/2025\/04\/1003-300x300.jpg",300,300,true],"medium_large":["https:\/\/babypillowwholesale.com\/wp-content\/uploads\/2025\/04\/1003-768x768.jpg",768,768,true],"large":["https:\/\/babypillowwholesale.com\/wp-content\/uploads\/2025\/04\/1003.jpg",1000,1000,false],"1536x1536":["https:\/\/babypillowwholesale.com\/wp-content\/uploads\/2025\/04\/1003.jpg",1000,1000,false],"2048x2048":["https:\/\/babypillowwholesale.com\/wp-content\/uploads\/2025\/04\/1003.jpg",1000,1000,false],"trp-custom-language-flag":["https:\/\/babypillowwholesale.com\/wp-content\/uploads\/2025\/04\/1003.jpg",12,12,false],"woocommerce_thumbnail":["https:\/\/babypillowwholesale.com\/wp-content\/uploads\/2025\/04\/1003-300x300.jpg",300,300,true],"woocommerce_single":["https:\/\/babypillowwholesale.com\/wp-content\/uploads\/2025\/04\/1003-600x600.jpg",600,600,true],"woocommerce_gallery_thumbnail":["https:\/\/babypillowwholesale.com\/wp-content\/uploads\/2025\/04\/1003-100x100.jpg",100,100,true]},"uagb_author_info":{"display_name":"Etnen zhong","author_link":"https:\/\/babypillowwholesale.com\/es\/author\/"},"uagb_comment_info":0,"uagb_excerpt":"The Little Apple Memory Pillow is a sweet and practical sleep essential designed for infants aged 0 - 3 months. Shaped like a cute apple, it immediately catches the eye with its adorable form. Made of memory foam, it softly conforms to the baby's head, providing gentle and customized support. The surface is decorated with&hellip;","jetpack_sharing_enabled":true,"_links":{"self":[{"href":"https:\/\/babypillowwholesale.com\/es\/wp-json\/wp\/v2\/product\/3383","targetHints":{"allow":["GET"]}}],"collection":[{"href":"https:\/\/babypillowwholesale.com\/es\/wp-json\/wp\/v2\/product"}],"about":[{"href":"https:\/\/babypillowwholesale.com\/es\/wp-json\/wp\/v2\/types\/product"}],"replies":[{"embeddable":true,"href":"https:\/\/babypillowwholesale.com\/es\/wp-json\/wp\/v2\/comments?post=3383"}],"wp:featuredmedia":[{"embeddable":true,"href":"https:\/\/babypillowwholesale.com\/es\/wp-json\/wp\/v2\/media\/3384"}],"wp:attachment":[{"href":"https:\/\/babypillowwholesale.com\/es\/wp-json\/wp\/v2\/media?parent=3383"}],"wp:term":[{"taxonomy":"product_brand","embeddable":true,"href":"https:\/\/babypillowwholesale.com\/es\/wp-json\/wp\/v2\/product_brand?post=3383"},{"taxonomy":"product_cat","embeddable":true,"href":"https:\/\/babypillowwholesale.com\/es\/wp-json\/wp\/v2\/product_cat?post=3383"},{"taxonomy":"product_tag","embeddable":true,"href":"https:\/\/babypillowwholesale.com\/es\/wp-json\/wp\/v2\/product_tag?post=3383"}],"curies":[{"name":"wp","href":"https:\/\/api.w.org\/{rel}","templated":true}]}}