{"id":3380,"date":"2025-04-11T07:23:24","date_gmt":"2025-04-11T07:23:24","guid":{"rendered":"https:\/\/babypillowwholesale.com\/?post_type=product&#038;p=3380"},"modified":"2025-06-08T08:11:45","modified_gmt":"2025-06-08T08:11:45","slug":"little-bear-memory-pillow","status":"publish","type":"product","link":"https:\/\/babypillowwholesale.com\/es\/product\/little-bear-memory-pillow\/","title":{"rendered":"Almohada Little Bear Memory"},"content":{"rendered":"<div class=\"auto-hide-last-sibling-br paragraph-qzbcQC paragraph-element br-paragraph-space\" data-immersive-translate-walked=\"8e61f2e7-6af2-46e5-9672-3b9e4f4033d9\" data-immersive-translate-paragraph=\"1\">\n<div class=\"auto-hide-last-sibling-br paragraph-qzbcQC paragraph-element br-paragraph-space\">\n<div class=\"auto-hide-last-sibling-br paragraph-qzbcQC paragraph-element br-paragraph-space\">Presentamos la almohada con memoria Little Bear, un tierno y esencial compa\u00f1ero de sue\u00f1o meticulosamente elaborado para los beb\u00e9s en la etapa de 0 a 6 meses. Esta almohada es un modelo de comodidad, fabricada con espuma viscoel\u00e1stica de alta calidad que se amolda con elegancia a los contornos de la cabeza del beb\u00e9. Ofrece un abrazo a medida, garantizando una comodidad suave pero con apoyo, que es crucial para la forma de la cabeza en desarrollo de su peque\u00f1o.<\/div>\n<p>&nbsp;<\/p>\n<div class=\"auto-hide-last-sibling-br paragraph-qzbcQC paragraph-element br-paragraph-space\">La superficie de la almohada es un lienzo de ternura, adornado con una serie de encantadores estampados aleatorios con motivos de ositos. Cada oso, con su expresi\u00f3n entra\u00f1able y su comportamiento juguet\u00f3n, a\u00f1ade un toque de fantas\u00eda y calidez, convirtiendo la almohada no solo en un art\u00edculo funcional, sino en una fuente de alegr\u00eda visual.<\/div>\n<p>&nbsp;<\/p>\n<div class=\"auto-hide-last-sibling-br paragraph-qzbcQC paragraph-element br-paragraph-space\">Midiendo un compacto 25<em>20*<\/em>1,5 cm, es perfecta para la cuna o el mois\u00e9s del beb\u00e9. Imag\u00ednese a su precioso beb\u00e9, acurrucado en su acogedor espacio para dormir, con su cabecita descansando suavemente sobre esta almohada. Se convierte en un remanso de suavidad, un lugar en el que puede sumirse en un pl\u00e1cido sue\u00f1o, rodeado de la reconfortante presencia de las huellas del osito.<\/div>\n<p>&nbsp;<\/p>\n<div class=\"auto-hide-last-sibling-br paragraph-qzbcQC paragraph-element br-paragraph-space\">Durante esos primeros d\u00edas, cuando tu beb\u00e9 duerme siestas cortas a lo largo del d\u00eda, la Almohada con Memoria Little Bear le proporciona un lugar consistente y c\u00f3modo. Tambi\u00e9n es un complemento tranquilizador durante el sue\u00f1o nocturno, que ayuda a tu beb\u00e9 a sentirse seguro y a gusto.<\/div>\n<p>&nbsp;<\/p>\n<div class=\"auto-hide-last-sibling-br paragraph-qzbcQC paragraph-element br-paragraph-space\">Los padres est\u00e1n encantados con este producto. \"Esta almohada con memoria Little Bear cambia las reglas del juego. Mi reci\u00e9n nacido parece mucho m\u00e1s c\u00f3modo y me encantan los simp\u00e1ticos estampados de ositos. Me tranquiliza saber que tambi\u00e9n ayuda a moldear la cabeza\", coment\u00f3 una mam\u00e1 primeriza. Un pap\u00e1 a\u00f1adi\u00f3: \"Estamos muy impresionados con la calidad. Ha aguantado muy bien y se ha convertido en una parte esencial de la configuraci\u00f3n del sue\u00f1o de nuestro beb\u00e9\".<\/div>\n<p>&nbsp;<\/p>\n<div class=\"auto-hide-last-sibling-br paragraph-qzbcQC paragraph-element br-paragraph-space\">En esencia, la Almohada con Memoria Osito es una mezcla armoniosa de comodidad, ternura y funcionalidad. No es simplemente un art\u00edculo de cama; es una parte apreciada de los primeros d\u00edas de su beb\u00e9, infundiendo cada momento lleno de sue\u00f1o con una sensaci\u00f3n de seguridad y ternura.<\/div>\n<\/div>\n<\/div>","protected":false},"excerpt":{"rendered":"<p>La Almohada con Memoria Little Bear es un accesorio para dormir delicado y funcional dise\u00f1ado para beb\u00e9s de 0 a 6 meses. Fabricada con espuma viscoel\u00e1stica, se adapta suavemente a la forma de la cabeza del beb\u00e9, proporcion\u00e1ndole un apoyo personalizado. Su superficie est\u00e1 adornada con simp\u00e1ticos estampados aleatorios con motivos de ositos, que a\u00f1aden un elemento de encanto. Con un tama\u00f1o compacto de 25<em>20*<\/em>1,5CM, es adecuada para la cuna o el mois\u00e9s del beb\u00e9. Esta almohada no s\u00f3lo ayuda a mantener la forma de la cabeza del beb\u00e9, sino que tambi\u00e9n ofrece un lugar de descanso suave y c\u00f3modo, creando un ambiente acogedor para el sue\u00f1o del beb\u00e9.<\/p>","protected":false},"featured_media":3381,"comment_status":"open","ping_status":"closed","template":"","meta":{"_uag_custom_page_level_css":"","site-sidebar-layout":"default","site-content-layout":"","ast-site-content-layout":"default","site-content-style":"default","site-sidebar-style":"default","ast-global-header-display":"","ast-banner-title-visibility":"","ast-main-header-display":"","ast-hfb-above-header-display":"","ast-hfb-below-header-display":"","ast-hfb-mobile-header-display":"","site-post-title":"","ast-breadcrumbs-content":"","ast-featured-img":"","footer-sml-layout":"","ast-disable-related-posts":"","theme-transparent-header-meta":"default","adv-header-id-meta":"","stick-header-meta":"","header-above-stick-meta":"","header-main-stick-meta":"","header-below-stick-meta":"","astra-migrate-meta-layouts":"set","ast-page-background-enabled":"default","ast-page-background-meta":{"desktop":{"background-color":"","background-image":"","background-repeat":"repeat","background-position":"center center","background-size":"auto","background-attachment":"scroll","background-type":"","background-media":"","overlay-type":"","overlay-color":"","overlay-opacity":"","overlay-gradient":""},"tablet":{"background-color":"","background-image":"","background-repeat":"repeat","background-position":"center center","background-size":"auto","background-attachment":"scroll","background-type":"","background-media":"","overlay-type":"","overlay-color":"","overlay-opacity":"","overlay-gradient":""},"mobile":{"background-color":"","background-image":"","background-repeat":"repeat","background-position":"center center","background-size":"auto","background-attachment":"scroll","background-type":"","background-media":"","overlay-type":"","overlay-color":"","overlay-opacity":"","overlay-gradient":""}},"ast-content-background-meta":{"desktop":{"background-color":"var(--ast-global-color-5)","background-image":"","background-repeat":"repeat","background-position":"center center","background-size":"auto","background-attachment":"scroll","background-type":"","background-media":"","overlay-type":"","overlay-color":"","overlay-opacity":"","overlay-gradient":""},"tablet":{"background-color":"var(--ast-global-color-5)","background-image":"","background-repeat":"repeat","background-position":"center center","background-size":"auto","background-attachment":"scroll","background-type":"","background-media":"","overlay-type":"","overlay-color":"","overlay-opacity":"","overlay-gradient":""},"mobile":{"background-color":"var(--ast-global-color-5)","background-image":"","background-repeat":"repeat","background-position":"center center","background-size":"auto","background-attachment":"scroll","background-type":"","background-media":"","overlay-type":"","overlay-color":"","overlay-opacity":"","overlay-gradient":""}}},"product_brand":[],"product_cat":[54,42],"product_tag":[70,68,71,69],"class_list":{"0":"post-3380","1":"product","2":"type-product","3":"status-publish","4":"has-post-thumbnail","6":"product_cat-0-to-6months","7":"product_cat-merchandise","8":"product_tag-babypillow","9":"product_tag-cuteanimalpillow","10":"product_tag-headshapesupport","11":"product_tag-kouniushapingpillow","12":"desktop-align-left","13":"tablet-align-left","14":"mobile-align-left","16":"first","17":"instock","18":"shipping-taxable","19":"product-type-simple"},"aioseo_notices":[],"uagb_featured_image_src":{"full":["https:\/\/babypillowwholesale.com\/wp-content\/uploads\/2025\/04\/1002.jpg",1000,1000,false],"thumbnail":["https:\/\/babypillowwholesale.com\/wp-content\/uploads\/2025\/04\/1002-150x150.jpg",150,150,true],"medium":["https:\/\/babypillowwholesale.com\/wp-content\/uploads\/2025\/04\/1002-300x300.jpg",300,300,true],"medium_large":["https:\/\/babypillowwholesale.com\/wp-content\/uploads\/2025\/04\/1002-768x768.jpg",768,768,true],"large":["https:\/\/babypillowwholesale.com\/wp-content\/uploads\/2025\/04\/1002.jpg",1000,1000,false],"1536x1536":["https:\/\/babypillowwholesale.com\/wp-content\/uploads\/2025\/04\/1002.jpg",1000,1000,false],"2048x2048":["https:\/\/babypillowwholesale.com\/wp-content\/uploads\/2025\/04\/1002.jpg",1000,1000,false],"trp-custom-language-flag":["https:\/\/babypillowwholesale.com\/wp-content\/uploads\/2025\/04\/1002.jpg",12,12,false],"woocommerce_thumbnail":["https:\/\/babypillowwholesale.com\/wp-content\/uploads\/2025\/04\/1002-300x300.jpg",300,300,true],"woocommerce_single":["https:\/\/babypillowwholesale.com\/wp-content\/uploads\/2025\/04\/1002-600x600.jpg",600,600,true],"woocommerce_gallery_thumbnail":["https:\/\/babypillowwholesale.com\/wp-content\/uploads\/2025\/04\/1002-100x100.jpg",100,100,true]},"uagb_author_info":{"display_name":"Etnen zhong","author_link":"https:\/\/babypillowwholesale.com\/es\/author\/"},"uagb_comment_info":0,"uagb_excerpt":"The Little Bear Memory Pillow is a delicate and functional sleep accessory designed for infants aged 0 - 6 months. Made with memory foam, it gently conforms to the shape of the baby's head, providing customized support. Its surface is adorned with cute random prints of little bear motifs, adding an element of charm. With&hellip;","jetpack_sharing_enabled":true,"_links":{"self":[{"href":"https:\/\/babypillowwholesale.com\/es\/wp-json\/wp\/v2\/product\/3380","targetHints":{"allow":["GET"]}}],"collection":[{"href":"https:\/\/babypillowwholesale.com\/es\/wp-json\/wp\/v2\/product"}],"about":[{"href":"https:\/\/babypillowwholesale.com\/es\/wp-json\/wp\/v2\/types\/product"}],"replies":[{"embeddable":true,"href":"https:\/\/babypillowwholesale.com\/es\/wp-json\/wp\/v2\/comments?post=3380"}],"wp:featuredmedia":[{"embeddable":true,"href":"https:\/\/babypillowwholesale.com\/es\/wp-json\/wp\/v2\/media\/3381"}],"wp:attachment":[{"href":"https:\/\/babypillowwholesale.com\/es\/wp-json\/wp\/v2\/media?parent=3380"}],"wp:term":[{"taxonomy":"product_brand","embeddable":true,"href":"https:\/\/babypillowwholesale.com\/es\/wp-json\/wp\/v2\/product_brand?post=3380"},{"taxonomy":"product_cat","embeddable":true,"href":"https:\/\/babypillowwholesale.com\/es\/wp-json\/wp\/v2\/product_cat?post=3380"},{"taxonomy":"product_tag","embeddable":true,"href":"https:\/\/babypillowwholesale.com\/es\/wp-json\/wp\/v2\/product_tag?post=3380"}],"curies":[{"name":"wp","href":"https:\/\/api.w.org\/{rel}","templated":true}]}}