{"id":3339,"date":"2025-04-05T02:54:17","date_gmt":"2025-04-05T02:54:17","guid":{"rendered":"https:\/\/babypillowwholesale.com\/?post_type=product&#038;p=3339"},"modified":"2025-06-08T11:49:36","modified_gmt":"2025-06-08T11:49:36","slug":"long-eared-rabbit-infant-pillow","status":"publish","type":"product","link":"https:\/\/babypillowwholesale.com\/es\/product\/long-eared-rabbit-infant-pillow\/","title":{"rendered":"Almohada infantil con forma de conejo de orejas largas"},"content":{"rendered":"<div class=\"auto-hide-last-sibling-br paragraph-qzbcQC paragraph-element br-paragraph-space\" data-immersive-translate-walked=\"8e61f2e7-6af2-46e5-9672-3b9e4f4033d9\" data-immersive-translate-paragraph=\"1\">\n<div class=\"auto-hide-last-sibling-br paragraph-qzbcQC paragraph-element br-paragraph-space\">\n<div class=\"auto-hide-last-sibling-br paragraph-qzbcQC paragraph-element br-paragraph-space\">\n<div class=\"auto-hide-last-sibling-br paragraph-qzbcQC paragraph-element br-paragraph-space\">\n<div class=\"auto-hide-last-sibling-br paragraph-qzbcQC paragraph-element br-paragraph-space\">\n<div class=\"auto-hide-last-sibling-br paragraph-qzbcQC paragraph-element br-paragraph-space\">\n<div class=\"auto-hide-last-sibling-br paragraph-qzbcQC paragraph-element br-paragraph-space\">\n<div class=\"auto-hide-last-sibling-br paragraph-qzbcQC paragraph-element br-paragraph-space\">\n<div class=\"auto-hide-last-sibling-br paragraph-qzbcQC paragraph-element br-paragraph-space\">\n<div class=\"auto-hide-last-sibling-br paragraph-qzbcQC paragraph-element br-paragraph-space\">\n<div class=\"auto-hide-last-sibling-br paragraph-qzbcQC paragraph-element br-paragraph-space\">\n<div class=\"auto-hide-last-sibling-br paragraph-qzbcQC paragraph-element br-paragraph-space\">\n<div class=\"auto-hide-last-sibling-br paragraph-qzbcQC paragraph-element br-paragraph-space\">Presentamos la almohada infantil Conejo de Orejas Largas, un compa\u00f1ero de sue\u00f1o encantador y esencial para ni\u00f1os de 1 a 3 a\u00f1os. Esta almohada se inspira en el entra\u00f1able conejo de orejas largas, con rasgos tan encantadores como cautivadores. Sus largas y erguidas orejas parecen estar siempre alerta, mientras que sus ojos brillantes y expresivos y sus mejillas dulcemente sonrosadas le confieren un aspecto irresistiblemente tierno y acogedor.<\/div>\n<p>&nbsp;<\/p>\n<div class=\"auto-hide-last-sibling-br paragraph-qzbcQC paragraph-element br-paragraph-space\">Medida 40*<em>24*<\/em>3CM, est\u00e1 meticulosamente dise\u00f1ada para proporcionar la cantidad justa de apoyo para la cabeza y el cuello de su hijo. Cuando el peque\u00f1o se acuesta, la almohada lo acuna con suavidad para que adopte una postura c\u00f3moda y saludable que le ayude a pasar una noche tranquila. Fabricada con materiales afelpados y respetuosos con la piel, ofrece un tacto suave y aterciopelado, como un suave abrazo, creando un refugio acogedor que tranquiliza a su hijo para que duerma pl\u00e1cidamente.<\/div>\n<p>&nbsp;<\/p>\n<div class=\"auto-hide-last-sibling-br paragraph-qzbcQC paragraph-element br-paragraph-space\">Disponible en los suaves y relajantes tonos rosa y azul, complementa sin esfuerzo la decoraci\u00f3n de cualquier habitaci\u00f3n infantil, a\u00f1adiendo un toque de color y encanto. Imag\u00ednese las serenas tardes en las que su hijo se acurruca junto a la almohada infantil Conejo de Orejas Largas. Se convierte en algo m\u00e1s que una almohada: es una fuente de confort y seguridad. Durante el d\u00eda, puede convertirse en su juguete favorito, un suave accesorio para sus imaginativas aventuras o un reconfortante amigo en momentos de cansancio o inquietud.<\/div>\n<p>&nbsp;<\/p>\n<div class=\"auto-hide-last-sibling-br paragraph-qzbcQC paragraph-element br-paragraph-space\">Los padres se deshacen en elogios hacia esta adorable almohada. \"Mi hijo peque\u00f1o adora la almohada Conejo de orejas largas. Se ha convertido en un b\u00e1sico a la hora de dormir. Su suavidad es incre\u00edble y su bonito dise\u00f1o la hace muy especial\", nos cuenta una mam\u00e1 encantada. Un pap\u00e1 a\u00f1adi\u00f3: \"Nos encanta que no sea s\u00f3lo una almohada, sino que tambi\u00e9n forme parte de los juegos de nuestro hijo. Adem\u00e1s, es muy resistente, lo que es estupendo teniendo en cuenta el uso que le damos. Un complemento maravilloso para nuestra casa\".<\/div>\n<p>&nbsp;<\/p>\n<div class=\"auto-hide-last-sibling-br paragraph-qzbcQC paragraph-element br-paragraph-space\">En esencia, la almohada infantil Conejo de Orejas Largas es una armoniosa mezcla de comodidad, ternura y funcionalidad. No es simplemente un art\u00edculo de cama; es una parte apreciada de la vida diaria de su hijo, infundiendo cada momento con una pizca de magia inspirada en los conejitos.<\/div>\n<\/div>\n<\/div>\n<\/div>\n<\/div>\n<\/div>\n<\/div>\n<\/div>\n<\/div>\n<\/div>\n<\/div>\n<\/div>\n<\/div>","protected":false},"excerpt":{"rendered":"<div class=\"container-QE4ayg\">\n<div class=\"item-jU10IN\">\n<div class=\"container-jODEnh chrome70-container\">\n<div class=\"inner-eE95c9 inner-item-aL3Ui_\" data-target-id=\"message-box-target-id\" data-testid=\"union_message\">\n<div class=\"message-block-container-liuetz\" data-testid=\"message-block-container\">\n<div class=\"message-box-ZWbBdF\" data-testid=\"receive_message\">\n<div class=\"message-box-content-wrapper-srHdUj\">\n<div class=\"message-content message-box-content-otxGGw receive-message-box-content-_lREFj samantha-message-box-content-Qjmpja\" data-testid=\"message_content\">\n<div class=\"container-hfX5E8 flow-markdown-body theme-samantha-yJEgBp\" dir=\"ltr\" data-testid=\"message_text_content\" data-show-indicator=\"false\">\n<div class=\"auto-hide-last-sibling-br paragraph-qzbcQC paragraph-element br-paragraph-space\">La almohada infantil Conejo de Orejas Largas es un encantador accesorio para dormir pensado para ni\u00f1os de 1 a 3 a\u00f1os. Su dise\u00f1o est\u00e1 inspirado en un simp\u00e1tico conejo de orejas largas, con orejas largas y erguidas, ojos brillantes y mejillas sonrosadas, lo que le da un aspecto irresistiblemente adorable. Mide 40*.<em>24*<\/em>3CM, proporciona un soporte adecuado para la cabeza y el cuello del ni\u00f1o, ayudando a mantener una postura c\u00f3moda para dormir. Fabricado con materiales suaves y respetuosos con la piel, ofrece un tacto suave y acogedor. Disponible en rosa y azul, combina bien con la decoraci\u00f3n de la habitaci\u00f3n del beb\u00e9. Esta almohada no s\u00f3lo garantiza un sue\u00f1o reparador para su peque\u00f1o, sino que tambi\u00e9n a\u00f1ade un toque de fantas\u00eda y calidez a su hora de dormir, por lo que es un complemento encantador para sus art\u00edculos relacionados con el sue\u00f1o.<\/div>\n<\/div>\n<\/div>\n<\/div>\n<\/div>\n<\/div>\n<\/div>\n<\/div>\n<\/div>\n<\/div>","protected":false},"featured_media":3340,"comment_status":"open","ping_status":"closed","template":"","meta":{"_uag_custom_page_level_css":"","site-sidebar-layout":"default","site-content-layout":"","ast-site-content-layout":"default","site-content-style":"default","site-sidebar-style":"default","ast-global-header-display":"","ast-banner-title-visibility":"","ast-main-header-display":"","ast-hfb-above-header-display":"","ast-hfb-below-header-display":"","ast-hfb-mobile-header-display":"","site-post-title":"","ast-breadcrumbs-content":"","ast-featured-img":"","footer-sml-layout":"","ast-disable-related-posts":"","theme-transparent-header-meta":"default","adv-header-id-meta":"","stick-header-meta":"","header-above-stick-meta":"","header-main-stick-meta":"","header-below-stick-meta":"","astra-migrate-meta-layouts":"set","ast-page-background-enabled":"default","ast-page-background-meta":{"desktop":{"background-color":"","background-image":"","background-repeat":"repeat","background-position":"center center","background-size":"auto","background-attachment":"scroll","background-type":"","background-media":"","overlay-type":"","overlay-color":"","overlay-opacity":"","overlay-gradient":""},"tablet":{"background-color":"","background-image":"","background-repeat":"repeat","background-position":"center center","background-size":"auto","background-attachment":"scroll","background-type":"","background-media":"","overlay-type":"","overlay-color":"","overlay-opacity":"","overlay-gradient":""},"mobile":{"background-color":"","background-image":"","background-repeat":"repeat","background-position":"center center","background-size":"auto","background-attachment":"scroll","background-type":"","background-media":"","overlay-type":"","overlay-color":"","overlay-opacity":"","overlay-gradient":""}},"ast-content-background-meta":{"desktop":{"background-color":"var(--ast-global-color-5)","background-image":"","background-repeat":"repeat","background-position":"center center","background-size":"auto","background-attachment":"scroll","background-type":"","background-media":"","overlay-type":"","overlay-color":"","overlay-opacity":"","overlay-gradient":""},"tablet":{"background-color":"var(--ast-global-color-5)","background-image":"","background-repeat":"repeat","background-position":"center center","background-size":"auto","background-attachment":"scroll","background-type":"","background-media":"","overlay-type":"","overlay-color":"","overlay-opacity":"","overlay-gradient":""},"mobile":{"background-color":"var(--ast-global-color-5)","background-image":"","background-repeat":"repeat","background-position":"center center","background-size":"auto","background-attachment":"scroll","background-type":"","background-media":"","overlay-type":"","overlay-color":"","overlay-opacity":"","overlay-gradient":""}}},"product_brand":[],"product_cat":[56,42],"product_tag":[70,68,71,69],"class_list":{"0":"post-3339","1":"product","2":"type-product","3":"status-publish","4":"has-post-thumbnail","6":"product_cat-1-to-3-years","7":"product_cat-merchandise","8":"product_tag-babypillow","9":"product_tag-cuteanimalpillow","10":"product_tag-headshapesupport","11":"product_tag-kouniushapingpillow","12":"desktop-align-left","13":"tablet-align-left","14":"mobile-align-left","16":"first","17":"instock","18":"shipping-taxable","19":"product-type-simple"},"aioseo_notices":[],"uagb_featured_image_src":{"full":["https:\/\/babypillowwholesale.com\/wp-content\/uploads\/2025\/04\/1098.jpg",1000,1000,false],"thumbnail":["https:\/\/babypillowwholesale.com\/wp-content\/uploads\/2025\/04\/1098-150x150.jpg",150,150,true],"medium":["https:\/\/babypillowwholesale.com\/wp-content\/uploads\/2025\/04\/1098-300x300.jpg",300,300,true],"medium_large":["https:\/\/babypillowwholesale.com\/wp-content\/uploads\/2025\/04\/1098-768x768.jpg",768,768,true],"large":["https:\/\/babypillowwholesale.com\/wp-content\/uploads\/2025\/04\/1098.jpg",1000,1000,false],"1536x1536":["https:\/\/babypillowwholesale.com\/wp-content\/uploads\/2025\/04\/1098.jpg",1000,1000,false],"2048x2048":["https:\/\/babypillowwholesale.com\/wp-content\/uploads\/2025\/04\/1098.jpg",1000,1000,false],"trp-custom-language-flag":["https:\/\/babypillowwholesale.com\/wp-content\/uploads\/2025\/04\/1098.jpg",12,12,false],"woocommerce_thumbnail":["https:\/\/babypillowwholesale.com\/wp-content\/uploads\/2025\/04\/1098-300x300.jpg",300,300,true],"woocommerce_single":["https:\/\/babypillowwholesale.com\/wp-content\/uploads\/2025\/04\/1098-600x600.jpg",600,600,true],"woocommerce_gallery_thumbnail":["https:\/\/babypillowwholesale.com\/wp-content\/uploads\/2025\/04\/1098-100x100.jpg",100,100,true]},"uagb_author_info":{"display_name":"Etnen zhong","author_link":"https:\/\/babypillowwholesale.com\/es\/author\/"},"uagb_comment_info":0,"uagb_excerpt":"The Long - Eared Rabbit Infant Pillow is a charming sleep accessory tailored for children aged 1 - 3 years. Its design is inspired by a cute long - eared rabbit, featuring long, upright ears, bright eyes, and blushing cheeks, which gives it an irresistibly adorable look. Measuring 40*24*3CM, it provides adequate support for a&hellip;","jetpack_sharing_enabled":true,"_links":{"self":[{"href":"https:\/\/babypillowwholesale.com\/es\/wp-json\/wp\/v2\/product\/3339","targetHints":{"allow":["GET"]}}],"collection":[{"href":"https:\/\/babypillowwholesale.com\/es\/wp-json\/wp\/v2\/product"}],"about":[{"href":"https:\/\/babypillowwholesale.com\/es\/wp-json\/wp\/v2\/types\/product"}],"replies":[{"embeddable":true,"href":"https:\/\/babypillowwholesale.com\/es\/wp-json\/wp\/v2\/comments?post=3339"}],"wp:featuredmedia":[{"embeddable":true,"href":"https:\/\/babypillowwholesale.com\/es\/wp-json\/wp\/v2\/media\/3340"}],"wp:attachment":[{"href":"https:\/\/babypillowwholesale.com\/es\/wp-json\/wp\/v2\/media?parent=3339"}],"wp:term":[{"taxonomy":"product_brand","embeddable":true,"href":"https:\/\/babypillowwholesale.com\/es\/wp-json\/wp\/v2\/product_brand?post=3339"},{"taxonomy":"product_cat","embeddable":true,"href":"https:\/\/babypillowwholesale.com\/es\/wp-json\/wp\/v2\/product_cat?post=3339"},{"taxonomy":"product_tag","embeddable":true,"href":"https:\/\/babypillowwholesale.com\/es\/wp-json\/wp\/v2\/product_tag?post=3339"}],"curies":[{"name":"wp","href":"https:\/\/api.w.org\/{rel}","templated":true}]}}