{"id":3320,"date":"2025-04-02T16:39:31","date_gmt":"2025-04-02T16:39:31","guid":{"rendered":"https:\/\/babypillowwholesale.com\/?post_type=product&#038;p=3320"},"modified":"2025-06-07T07:26:29","modified_gmt":"2025-06-07T07:26:29","slug":"hydrophilic-sponge-contour-pillow","status":"publish","type":"product","link":"https:\/\/babypillowwholesale.com\/es\/product\/hydrophilic-sponge-contour-pillow\/","title":{"rendered":"Almohada de contorno de esponja hidr\u00f3fila"},"content":{"rendered":"<div class=\"auto-hide-last-sibling-br paragraph-qzbcQC paragraph-element br-paragraph-space\" data-immersive-translate-walked=\"8e61f2e7-6af2-46e5-9672-3b9e4f4033d9\" data-immersive-translate-paragraph=\"1\">\n<div class=\"auto-hide-last-sibling-br paragraph-qzbcQC paragraph-element br-paragraph-space\">\n<div class=\"auto-hide-last-sibling-br paragraph-qzbcQC paragraph-element br-paragraph-space\">\n<div class=\"auto-hide-last-sibling-br paragraph-qzbcQC paragraph-element br-paragraph-space\">\n<div class=\"auto-hide-last-sibling-br paragraph-qzbcQC paragraph-element br-paragraph-space\">\n<div class=\"auto-hide-last-sibling-br paragraph-qzbcQC paragraph-element br-paragraph-space\">\n<div class=\"auto-hide-last-sibling-br paragraph-qzbcQC paragraph-element br-paragraph-space\">Descubra la Almohada de Contorno de Esponja Hidr\u00f3fila, una verdadera joya hecha a medida para beb\u00e9s de 0 a 12 meses. Su encantador dise\u00f1o, inspirado en adorables criaturas como el encantador ping\u00fcino, presenta una dulce expresi\u00f3n facial, un delicado lazo y unos pies de vivos colores que captan la imaginaci\u00f3n a primera vista. Fabricado con esponja hidr\u00f3fila de primera calidad, ofrece un tacto suave y aterciopelado que no da\u00f1a la delicada piel del beb\u00e9.<\/div>\n<p>&nbsp;<\/p>\n<div class=\"auto-hide-last-sibling-br paragraph-qzbcQC paragraph-element br-paragraph-space\">El dise\u00f1o del contorno de la almohada es una maravilla de la ingenier\u00eda ergon\u00f3mica. Se amolda con elegancia a la forma \u00fanica de la cabeza de su beb\u00e9, proporcionando un apoyo suave pero eficaz que es vital para mantener una forma saludable de la cabeza a lo largo de su desarrollo temprano. Mide 29<em>21<\/em>1,5 cm, es un complemento vers\u00e1til para los art\u00edculos esenciales de su beb\u00e9. Tanto si la colocas en la cuna, creando un refugio acogedor para que tu beb\u00e9 duerma pl\u00e1cidamente, como si acompa\u00f1as a tu peque\u00f1o en el cochecito durante una aventura en el parque o la colocas en una alfombra de juegos para que se divierta en casa mientras est\u00e1 boca abajo, esta almohada garantiza que la comodidad est\u00e9 siempre a su alcance.<\/div>\n<p>&nbsp;<\/p>\n<div class=\"auto-hide-last-sibling-br paragraph-qzbcQC paragraph-element br-paragraph-space\">Los padres la alaban. \"Esta almohada cambia las reglas del juego. Mi beb\u00e9 duerme profundamente sobre ella, y la suavidad de la esponja hidr\u00f3fila es incre\u00edble. Adem\u00e1s, el dise\u00f1o del ping\u00fcino es un \u00e9xito en nuestra casa\", coment\u00f3 una mam\u00e1 encantada. Un pap\u00e1 a\u00f1adi\u00f3: \"Nos encanta c\u00f3mo el dise\u00f1o contorneado sostiene la cabeza de nuestro beb\u00e9. Y con tantas opciones de colores bonitos, podemos cambiarlo para que combine con diferentes conjuntos o estados de \u00e1nimo. Se ha convertido en una parte indispensable de la rutina de nuestro beb\u00e9\".<\/div>\n<p>&nbsp;<\/p>\n<div class=\"auto-hide-last-sibling-br paragraph-qzbcQC paragraph-element br-paragraph-space\">Con una encantadora gama de colores que incluye el elefante azul, el mapache blanco, el ping\u00fcino amarillo claro y el ping\u00fcino azul, la almohada contorno de esponja hidr\u00f3fila combina a la perfecci\u00f3n comodidad, funcionalidad y un encanto irresistible. No es s\u00f3lo una almohada; es un compa\u00f1ero entra\u00f1able que envuelve a tu peque\u00f1o en cuidados y ternura durante cada precioso momento de sus primeros d\u00edas.<\/div>\n<\/div>\n<\/div>\n<\/div>\n<\/div>\n<\/div>\n<\/div>","protected":false},"excerpt":{"rendered":"<p>La Almohada de Contorno de Esponja Hidr\u00f3fila es un producto extraordinario dise\u00f1ado para beb\u00e9s de 0 a 12 meses. Su dise\u00f1o est\u00e1 inspirado en simp\u00e1ticos motivos animales, como el ping\u00fcino que se muestra, con una dulce carita, un encantador lazo y patas de vivos colores, que lo hacen visualmente atractivo. Fabricada en esponja hidr\u00f3fila, ofrece un tacto suave y confortable. El dise\u00f1o del contorno de la almohada se adapta ergon\u00f3micamente a la cabeza del beb\u00e9, proporcionando un apoyo \u00f3ptimo para ayudar a mantener una forma saludable de la cabeza. Con una especificaci\u00f3n de 29*.<em>21*<\/em>1,5CM, cabe bien en cunas, cochecitos, etc. La variedad de opciones de color, como el elefante azul, el mapache blanco, el ping\u00fcino amarillo claro y el ping\u00fcino azul, permite a los padres elegir seg\u00fan sus preferencias. Esta almohada combina comodidad, funcionalidad y una est\u00e9tica adorable, convirti\u00e9ndose en un gran compa\u00f1ero para el crecimiento temprano de los beb\u00e9s.<\/p>","protected":false},"featured_media":3321,"comment_status":"open","ping_status":"closed","template":"","meta":{"_uag_custom_page_level_css":"","site-sidebar-layout":"default","site-content-layout":"","ast-site-content-layout":"default","site-content-style":"default","site-sidebar-style":"default","ast-global-header-display":"","ast-banner-title-visibility":"","ast-main-header-display":"","ast-hfb-above-header-display":"","ast-hfb-below-header-display":"","ast-hfb-mobile-header-display":"","site-post-title":"","ast-breadcrumbs-content":"","ast-featured-img":"","footer-sml-layout":"","ast-disable-related-posts":"","theme-transparent-header-meta":"default","adv-header-id-meta":"","stick-header-meta":"","header-above-stick-meta":"","header-main-stick-meta":"","header-below-stick-meta":"","astra-migrate-meta-layouts":"set","ast-page-background-enabled":"default","ast-page-background-meta":{"desktop":{"background-color":"","background-image":"","background-repeat":"repeat","background-position":"center center","background-size":"auto","background-attachment":"scroll","background-type":"","background-media":"","overlay-type":"","overlay-color":"","overlay-opacity":"","overlay-gradient":""},"tablet":{"background-color":"","background-image":"","background-repeat":"repeat","background-position":"center center","background-size":"auto","background-attachment":"scroll","background-type":"","background-media":"","overlay-type":"","overlay-color":"","overlay-opacity":"","overlay-gradient":""},"mobile":{"background-color":"","background-image":"","background-repeat":"repeat","background-position":"center center","background-size":"auto","background-attachment":"scroll","background-type":"","background-media":"","overlay-type":"","overlay-color":"","overlay-opacity":"","overlay-gradient":""}},"ast-content-background-meta":{"desktop":{"background-color":"var(--ast-global-color-5)","background-image":"","background-repeat":"repeat","background-position":"center center","background-size":"auto","background-attachment":"scroll","background-type":"","background-media":"","overlay-type":"","overlay-color":"","overlay-opacity":"","overlay-gradient":""},"tablet":{"background-color":"var(--ast-global-color-5)","background-image":"","background-repeat":"repeat","background-position":"center center","background-size":"auto","background-attachment":"scroll","background-type":"","background-media":"","overlay-type":"","overlay-color":"","overlay-opacity":"","overlay-gradient":""},"mobile":{"background-color":"var(--ast-global-color-5)","background-image":"","background-repeat":"repeat","background-position":"center center","background-size":"auto","background-attachment":"scroll","background-type":"","background-media":"","overlay-type":"","overlay-color":"","overlay-opacity":"","overlay-gradient":""}}},"product_brand":[],"product_cat":[55,42],"product_tag":[70,68,71,69],"class_list":{"0":"post-3320","1":"product","2":"type-product","3":"status-publish","4":"has-post-thumbnail","6":"product_cat-0-to-1-year","7":"product_cat-merchandise","8":"product_tag-babypillow","9":"product_tag-cuteanimalpillow","10":"product_tag-headshapesupport","11":"product_tag-kouniushapingpillow","12":"desktop-align-left","13":"tablet-align-left","14":"mobile-align-left","16":"first","17":"instock","18":"shipping-taxable","19":"product-type-simple"},"aioseo_notices":[],"uagb_featured_image_src":{"full":["https:\/\/babypillowwholesale.com\/wp-content\/uploads\/2025\/04\/1168.jpg",1000,1000,false],"thumbnail":["https:\/\/babypillowwholesale.com\/wp-content\/uploads\/2025\/04\/1168-150x150.jpg",150,150,true],"medium":["https:\/\/babypillowwholesale.com\/wp-content\/uploads\/2025\/04\/1168-300x300.jpg",300,300,true],"medium_large":["https:\/\/babypillowwholesale.com\/wp-content\/uploads\/2025\/04\/1168-768x768.jpg",768,768,true],"large":["https:\/\/babypillowwholesale.com\/wp-content\/uploads\/2025\/04\/1168.jpg",1000,1000,false],"1536x1536":["https:\/\/babypillowwholesale.com\/wp-content\/uploads\/2025\/04\/1168.jpg",1000,1000,false],"2048x2048":["https:\/\/babypillowwholesale.com\/wp-content\/uploads\/2025\/04\/1168.jpg",1000,1000,false],"trp-custom-language-flag":["https:\/\/babypillowwholesale.com\/wp-content\/uploads\/2025\/04\/1168.jpg",12,12,false],"woocommerce_thumbnail":["https:\/\/babypillowwholesale.com\/wp-content\/uploads\/2025\/04\/1168-300x300.jpg",300,300,true],"woocommerce_single":["https:\/\/babypillowwholesale.com\/wp-content\/uploads\/2025\/04\/1168-600x600.jpg",600,600,true],"woocommerce_gallery_thumbnail":["https:\/\/babypillowwholesale.com\/wp-content\/uploads\/2025\/04\/1168-100x100.jpg",100,100,true]},"uagb_author_info":{"display_name":"Etnen zhong","author_link":"https:\/\/babypillowwholesale.com\/es\/author\/"},"uagb_comment_info":0,"uagb_excerpt":"The Hydrophilic Sponge Contour Pillow is a remarkable product designed for infants aged 0 - 12 months. Its design is inspired by cute animal motifs, such as the penguin shown, with a sweet face, a charming bow, and vivid - colored feet, making it visually appealing. Crafted from hydrophilic sponge, it offers a soft and&hellip;","jetpack_sharing_enabled":true,"_links":{"self":[{"href":"https:\/\/babypillowwholesale.com\/es\/wp-json\/wp\/v2\/product\/3320","targetHints":{"allow":["GET"]}}],"collection":[{"href":"https:\/\/babypillowwholesale.com\/es\/wp-json\/wp\/v2\/product"}],"about":[{"href":"https:\/\/babypillowwholesale.com\/es\/wp-json\/wp\/v2\/types\/product"}],"replies":[{"embeddable":true,"href":"https:\/\/babypillowwholesale.com\/es\/wp-json\/wp\/v2\/comments?post=3320"}],"wp:featuredmedia":[{"embeddable":true,"href":"https:\/\/babypillowwholesale.com\/es\/wp-json\/wp\/v2\/media\/3321"}],"wp:attachment":[{"href":"https:\/\/babypillowwholesale.com\/es\/wp-json\/wp\/v2\/media?parent=3320"}],"wp:term":[{"taxonomy":"product_brand","embeddable":true,"href":"https:\/\/babypillowwholesale.com\/es\/wp-json\/wp\/v2\/product_brand?post=3320"},{"taxonomy":"product_cat","embeddable":true,"href":"https:\/\/babypillowwholesale.com\/es\/wp-json\/wp\/v2\/product_cat?post=3320"},{"taxonomy":"product_tag","embeddable":true,"href":"https:\/\/babypillowwholesale.com\/es\/wp-json\/wp\/v2\/product_tag?post=3320"}],"curies":[{"name":"wp","href":"https:\/\/api.w.org\/{rel}","templated":true}]}}