{"id":3309,"date":"2025-03-24T15:39:32","date_gmt":"2025-03-24T15:39:32","guid":{"rendered":"https:\/\/babypillowwholesale.com\/?post_type=product&#038;p=3309"},"modified":"2025-06-07T07:18:49","modified_gmt":"2025-06-07T07:18:49","slug":"crown-3d-contour-pillow","status":"publish","type":"product","link":"https:\/\/babypillowwholesale.com\/es\/product\/crown-3d-contour-pillow\/","title":{"rendered":"Almohada de contorno Crown 3D"},"content":{"rendered":"<div class=\"auto-hide-last-sibling-br paragraph-qzbcQC paragraph-element br-paragraph-space\" data-immersive-translate-walked=\"8e61f2e7-6af2-46e5-9672-3b9e4f4033d9\" data-immersive-translate-paragraph=\"1\">\n<div class=\"auto-hide-last-sibling-br paragraph-qzbcQC paragraph-element br-paragraph-space\">\n<div class=\"auto-hide-last-sibling-br paragraph-qzbcQC paragraph-element br-paragraph-space\">\n<div class=\"auto-hide-last-sibling-br paragraph-qzbcQC paragraph-element br-paragraph-space\">Presentamos la almohada Crown 3D Contour Pillow, donde convergen seguridad, comodidad y encanto para beb\u00e9s de 0 a 12 meses. Fabricada con materiales de primera calidad respetuosos con la piel, da prioridad a la delicada cabeza de su beb\u00e9 con un cuidado suave. Su exclusivo dise\u00f1o contorneado en 3D, coronado con un adorable motivo, ofrece un soporte ergon\u00f3mico que favorece la salud de la cabeza y a\u00f1ade un toque real a cada escena.<\/div>\n<p>&nbsp;<\/p>\n<div class=\"auto-hide-last-sibling-br paragraph-qzbcQC paragraph-element br-paragraph-space\">Imag\u00ednate momentos entra\u00f1ables entre padres e hijos: a la hora de dormir, tumbas a tu peque\u00f1o sobre esta almohada, murmurando canciones de cuna. Sus suaves curvas acunan su cabeza, creando un espacio seguro para dulces sue\u00f1os. Durante las ma\u00f1anas juguetonas, mientras agitas sonajeros o compartes risitas, la almohada se acurruca en la cuna, proporcionando un soporte estable mientras tu beb\u00e9 patalea alegremente y su risa ilumina la habitaci\u00f3n.<\/div>\n<p>&nbsp;<\/p>\n<div class=\"auto-hide-last-sibling-br paragraph-qzbcQC paragraph-element br-paragraph-space\">A los padres les encanta. Una mam\u00e1 nos cuenta: \"Esta almohada corona ha transformado la hora de dormir: mi beb\u00e9 duerme profundamente y el material es incre\u00edblemente seguro. Adem\u00e1s, la corona hace que todas las fotos sean irresistiblemente bonitas\". Otro padre elogia: \"\u00a1Es un b\u00e1sico para la habitaci\u00f3n del beb\u00e9! Adem\u00e1s de su encantador dise\u00f1o, su soporte alivia mis preocupaciones sobre el desarrollo de la cabeza.\"<\/div>\n<p>&nbsp;<\/p>\n<div class=\"auto-hide-last-sibling-br paragraph-qzbcQC paragraph-element br-paragraph-space\">Disponible en rosa suave y azul tranquilizador, la almohada Crown 3D Contour Pillow es m\u00e1s que un producto: es una compa\u00f1era entra\u00f1able, que eleva cada tierna interacci\u00f3n a la vez que protege el crecimiento de tu beb\u00e9 con seguridad, funcionalidad y un estilo conmovedor.<\/div>\n<\/div>\n<\/div>\n<\/div>","protected":false},"excerpt":{"rendered":"<p>La Almohada Contorno 3D Corona es un accesorio exquisito y funcional pensado para beb\u00e9s de 0 a 12 meses. Su dise\u00f1o destaca un encantador elemento en forma de corona, combinado con una estructura contorneada en 3D que a\u00f1ade elegancia real y soporte ergon\u00f3mico. La forma de la almohada acuna suavemente la cabeza del beb\u00e9, ayudando eficazmente a mantener una forma saludable de la cabeza a lo largo de su crecimiento. Con una especificaci\u00f3n de 29<em>21*<\/em>1,5 cm, ofrece un espacio amplio y c\u00f3modo para la cabeza. Disponible en rosa suave o azul calmante, satisface diversas preferencias est\u00e9ticas, combinando a la perfecci\u00f3n un dise\u00f1o elegante con un pr\u00e1ctico cuidado de la cabeza para los preciosos primeros meses.<\/p>","protected":false},"featured_media":3310,"comment_status":"open","ping_status":"closed","template":"","meta":{"_uag_custom_page_level_css":"","site-sidebar-layout":"default","site-content-layout":"","ast-site-content-layout":"default","site-content-style":"default","site-sidebar-style":"default","ast-global-header-display":"","ast-banner-title-visibility":"","ast-main-header-display":"","ast-hfb-above-header-display":"","ast-hfb-below-header-display":"","ast-hfb-mobile-header-display":"","site-post-title":"","ast-breadcrumbs-content":"","ast-featured-img":"","footer-sml-layout":"","ast-disable-related-posts":"","theme-transparent-header-meta":"default","adv-header-id-meta":"","stick-header-meta":"","header-above-stick-meta":"","header-main-stick-meta":"","header-below-stick-meta":"","astra-migrate-meta-layouts":"set","ast-page-background-enabled":"default","ast-page-background-meta":{"desktop":{"background-color":"","background-image":"","background-repeat":"repeat","background-position":"center center","background-size":"auto","background-attachment":"scroll","background-type":"","background-media":"","overlay-type":"","overlay-color":"","overlay-opacity":"","overlay-gradient":""},"tablet":{"background-color":"","background-image":"","background-repeat":"repeat","background-position":"center center","background-size":"auto","background-attachment":"scroll","background-type":"","background-media":"","overlay-type":"","overlay-color":"","overlay-opacity":"","overlay-gradient":""},"mobile":{"background-color":"","background-image":"","background-repeat":"repeat","background-position":"center center","background-size":"auto","background-attachment":"scroll","background-type":"","background-media":"","overlay-type":"","overlay-color":"","overlay-opacity":"","overlay-gradient":""}},"ast-content-background-meta":{"desktop":{"background-color":"var(--ast-global-color-5)","background-image":"","background-repeat":"repeat","background-position":"center center","background-size":"auto","background-attachment":"scroll","background-type":"","background-media":"","overlay-type":"","overlay-color":"","overlay-opacity":"","overlay-gradient":""},"tablet":{"background-color":"var(--ast-global-color-5)","background-image":"","background-repeat":"repeat","background-position":"center center","background-size":"auto","background-attachment":"scroll","background-type":"","background-media":"","overlay-type":"","overlay-color":"","overlay-opacity":"","overlay-gradient":""},"mobile":{"background-color":"var(--ast-global-color-5)","background-image":"","background-repeat":"repeat","background-position":"center center","background-size":"auto","background-attachment":"scroll","background-type":"","background-media":"","overlay-type":"","overlay-color":"","overlay-opacity":"","overlay-gradient":""}}},"product_brand":[],"product_cat":[55,42],"product_tag":[70,68,71,69],"class_list":{"0":"post-3309","1":"product","2":"type-product","3":"status-publish","4":"has-post-thumbnail","6":"product_cat-0-to-1-year","7":"product_cat-merchandise","8":"product_tag-babypillow","9":"product_tag-cuteanimalpillow","10":"product_tag-headshapesupport","11":"product_tag-kouniushapingpillow","12":"desktop-align-left","13":"tablet-align-left","14":"mobile-align-left","16":"first","17":"instock","18":"featured","19":"shipping-taxable","20":"product-type-simple"},"aioseo_notices":[],"uagb_featured_image_src":{"full":["https:\/\/babypillowwholesale.com\/wp-content\/uploads\/2025\/03\/1061.jpg",1000,1000,false],"thumbnail":["https:\/\/babypillowwholesale.com\/wp-content\/uploads\/2025\/03\/1061-150x150.jpg",150,150,true],"medium":["https:\/\/babypillowwholesale.com\/wp-content\/uploads\/2025\/03\/1061-300x300.jpg",300,300,true],"medium_large":["https:\/\/babypillowwholesale.com\/wp-content\/uploads\/2025\/03\/1061-768x768.jpg",768,768,true],"large":["https:\/\/babypillowwholesale.com\/wp-content\/uploads\/2025\/03\/1061.jpg",1000,1000,false],"1536x1536":["https:\/\/babypillowwholesale.com\/wp-content\/uploads\/2025\/03\/1061.jpg",1000,1000,false],"2048x2048":["https:\/\/babypillowwholesale.com\/wp-content\/uploads\/2025\/03\/1061.jpg",1000,1000,false],"trp-custom-language-flag":["https:\/\/babypillowwholesale.com\/wp-content\/uploads\/2025\/03\/1061.jpg",12,12,false],"woocommerce_thumbnail":["https:\/\/babypillowwholesale.com\/wp-content\/uploads\/2025\/03\/1061-300x300.jpg",300,300,true],"woocommerce_single":["https:\/\/babypillowwholesale.com\/wp-content\/uploads\/2025\/03\/1061-600x600.jpg",600,600,true],"woocommerce_gallery_thumbnail":["https:\/\/babypillowwholesale.com\/wp-content\/uploads\/2025\/03\/1061-100x100.jpg",100,100,true]},"uagb_author_info":{"display_name":"Etnen zhong","author_link":"https:\/\/babypillowwholesale.com\/es\/author\/"},"uagb_comment_info":0,"uagb_excerpt":"The Crown 3D Contour Pillow is an exquisite and functional accessory tailored for infants aged 0 to 12 months. Its design highlights a charming crown element, paired with a 3D - contoured structure that adds both regal elegance and ergonomic support. The pillow\u2019s shape gently cradles the baby\u2019s head, effectively helping maintain a healthy head&hellip;","jetpack_sharing_enabled":true,"_links":{"self":[{"href":"https:\/\/babypillowwholesale.com\/es\/wp-json\/wp\/v2\/product\/3309","targetHints":{"allow":["GET"]}}],"collection":[{"href":"https:\/\/babypillowwholesale.com\/es\/wp-json\/wp\/v2\/product"}],"about":[{"href":"https:\/\/babypillowwholesale.com\/es\/wp-json\/wp\/v2\/types\/product"}],"replies":[{"embeddable":true,"href":"https:\/\/babypillowwholesale.com\/es\/wp-json\/wp\/v2\/comments?post=3309"}],"wp:featuredmedia":[{"embeddable":true,"href":"https:\/\/babypillowwholesale.com\/es\/wp-json\/wp\/v2\/media\/3310"}],"wp:attachment":[{"href":"https:\/\/babypillowwholesale.com\/es\/wp-json\/wp\/v2\/media?parent=3309"}],"wp:term":[{"taxonomy":"product_brand","embeddable":true,"href":"https:\/\/babypillowwholesale.com\/es\/wp-json\/wp\/v2\/product_brand?post=3309"},{"taxonomy":"product_cat","embeddable":true,"href":"https:\/\/babypillowwholesale.com\/es\/wp-json\/wp\/v2\/product_cat?post=3309"},{"taxonomy":"product_tag","embeddable":true,"href":"https:\/\/babypillowwholesale.com\/es\/wp-json\/wp\/v2\/product_tag?post=3309"}],"curies":[{"name":"wp","href":"https:\/\/api.w.org\/{rel}","templated":true}]}}