{"id":3306,"date":"2025-03-24T15:28:09","date_gmt":"2025-03-24T15:28:09","guid":{"rendered":"https:\/\/babypillowwholesale.com\/?post_type=product&#038;p=3306"},"modified":"2025-06-08T15:34:36","modified_gmt":"2025-06-08T15:34:36","slug":"bear-shaping-pillow","status":"publish","type":"product","link":"https:\/\/babypillowwholesale.com\/es\/product\/bear-shaping-pillow\/","title":{"rendered":"Almohada con forma de oso"},"content":{"rendered":"<div class=\"auto-hide-last-sibling-br paragraph-qzbcQC paragraph-element br-paragraph-space\" data-immersive-translate-walked=\"8e61f2e7-6af2-46e5-9672-3b9e4f4033d9\" data-immersive-translate-paragraph=\"1\">\n<div class=\"auto-hide-last-sibling-br paragraph-qzbcQC paragraph-element br-paragraph-space\">\n<div class=\"auto-hide-last-sibling-br paragraph-qzbcQC paragraph-element br-paragraph-space\">Descubre el coj\u00edn moldeable Oso, una cautivadora fusi\u00f3n de encanto y practicidad dise\u00f1ada para beb\u00e9s de 0 a 6 meses. Su caprichoso dise\u00f1o muestra un entra\u00f1able oso agarrado a una estrella, junto con unas mejillas sonrosadas y una escena de ensue\u00f1o, despertando al instante la alegr\u00eda. M\u00e1s all\u00e1 de su adorable aspecto, este 25*<em>20*<\/em>La almohada de 1,5 cm sujeta ergon\u00f3micamente la cabeza del beb\u00e9, fomentando suavemente el desarrollo saludable de la cabeza durante sus primeras etapas cr\u00edticas.<\/div>\n<p>&nbsp;<\/p>\n<div class=\"auto-hide-last-sibling-br paragraph-qzbcQC paragraph-element br-paragraph-space\">En la vida diaria, se adapta a la perfecci\u00f3n a diversos escenarios: encajado en una cuna para crear un tranquilo refugio a la hora de la siesta en casa, colocado en un cochecito para realizar c\u00f3modos paseos -ya sea un paseo por el parque o una visita a los abuelos- o colocado sobre una alfombra de juegos para disfrutar de momentos acogedores durante el recreo.<\/div>\n<p>&nbsp;<\/p>\n<div class=\"auto-hide-last-sibling-br paragraph-qzbcQC paragraph-element br-paragraph-space\">Los padres lo alaban de todo coraz\u00f3n. \"\u00a1Mi beb\u00e9 se ilumina con el simp\u00e1tico dise\u00f1o del osito! La almohada es incre\u00edblemente suave y he notado mejoras notables en la forma de la cabeza. Adem\u00e1s, el color del peque\u00f1o dinosaurio combina a la perfecci\u00f3n con la habitaci\u00f3n del beb\u00e9\", comenta una mam\u00e1 encantada. Un pap\u00e1 a\u00f1adi\u00f3: \"Se ha convertido en imprescindible para todos los viajes. Es f\u00e1cil de transportar y las opciones de colores tem\u00e1ticos le a\u00f1aden diversi\u00f3n. No podemos recomendarlo m\u00e1s\".<\/div>\n<div><\/div>\n<div class=\"auto-hide-last-sibling-br paragraph-qzbcQC paragraph-element br-paragraph-space\">Con opciones de color como Conejo Rosa, Peque\u00f1o Dinosaurio y Peque\u00f1o Le\u00f3n, la Almohada Moldeable Oso combina un soporte funcional con un dise\u00f1o imaginativo. Es m\u00e1s que un accesorio para el beb\u00e9: es un tierno compa\u00f1ero que envuelve a tu peque\u00f1o en confort, ternura y cari\u00f1o en cada precioso momento de sus primeros d\u00edas.<\/div>\n<\/div>\n<\/div>","protected":false},"excerpt":{"rendered":"<p>El coj\u00edn moldeador Oso es un encantador elemento esencial para los beb\u00e9s de 0 a 6 meses. Su dise\u00f1o muestra un encantador motivo de oso, adorable con detalles como una pose de estrella, mejillas sonrojadas y un entorno caprichoso. Mide 25*.<em>20*<\/em>1,5CM, la almohada sostiene ergon\u00f3micamente la cabeza del beb\u00e9, guiando suavemente la formaci\u00f3n saludable de la cabeza durante el crecimiento temprano. Se adapta perfectamente a diferentes situaciones: en la cuna para siestas tranquilas, en el cochecito durante las aventuras al aire libre o sobre una suave alfombrilla en casa. Con opciones de color como Pink Rabbit, Little Dinosaur y Little Lion, combina la funcionalidad con la fantas\u00eda, ofreciendo un tierno apoyo y a\u00f1adiendo un toque juguet\u00f3n y tierno al cuidado del beb\u00e9, satisfaciendo tanto las necesidades pr\u00e1cticas como los gustos est\u00e9ticos.<\/p>","protected":false},"featured_media":3307,"comment_status":"open","ping_status":"closed","template":"","meta":{"_uag_custom_page_level_css":"","site-sidebar-layout":"default","site-content-layout":"","ast-site-content-layout":"default","site-content-style":"default","site-sidebar-style":"default","ast-global-header-display":"","ast-banner-title-visibility":"","ast-main-header-display":"","ast-hfb-above-header-display":"","ast-hfb-below-header-display":"","ast-hfb-mobile-header-display":"","site-post-title":"","ast-breadcrumbs-content":"","ast-featured-img":"","footer-sml-layout":"","ast-disable-related-posts":"","theme-transparent-header-meta":"default","adv-header-id-meta":"","stick-header-meta":"","header-above-stick-meta":"","header-main-stick-meta":"","header-below-stick-meta":"","astra-migrate-meta-layouts":"set","ast-page-background-enabled":"default","ast-page-background-meta":{"desktop":{"background-color":"","background-image":"","background-repeat":"repeat","background-position":"center center","background-size":"auto","background-attachment":"scroll","background-type":"","background-media":"","overlay-type":"","overlay-color":"","overlay-opacity":"","overlay-gradient":""},"tablet":{"background-color":"","background-image":"","background-repeat":"repeat","background-position":"center center","background-size":"auto","background-attachment":"scroll","background-type":"","background-media":"","overlay-type":"","overlay-color":"","overlay-opacity":"","overlay-gradient":""},"mobile":{"background-color":"","background-image":"","background-repeat":"repeat","background-position":"center center","background-size":"auto","background-attachment":"scroll","background-type":"","background-media":"","overlay-type":"","overlay-color":"","overlay-opacity":"","overlay-gradient":""}},"ast-content-background-meta":{"desktop":{"background-color":"var(--ast-global-color-5)","background-image":"","background-repeat":"repeat","background-position":"center center","background-size":"auto","background-attachment":"scroll","background-type":"","background-media":"","overlay-type":"","overlay-color":"","overlay-opacity":"","overlay-gradient":""},"tablet":{"background-color":"var(--ast-global-color-5)","background-image":"","background-repeat":"repeat","background-position":"center center","background-size":"auto","background-attachment":"scroll","background-type":"","background-media":"","overlay-type":"","overlay-color":"","overlay-opacity":"","overlay-gradient":""},"mobile":{"background-color":"var(--ast-global-color-5)","background-image":"","background-repeat":"repeat","background-position":"center center","background-size":"auto","background-attachment":"scroll","background-type":"","background-media":"","overlay-type":"","overlay-color":"","overlay-opacity":"","overlay-gradient":""}}},"product_brand":[],"product_cat":[54,42],"product_tag":[70,68,71,69],"class_list":{"0":"post-3306","1":"product","2":"type-product","3":"status-publish","4":"has-post-thumbnail","6":"product_cat-0-to-6months","7":"product_cat-merchandise","8":"product_tag-babypillow","9":"product_tag-cuteanimalpillow","10":"product_tag-headshapesupport","11":"product_tag-kouniushapingpillow","12":"desktop-align-left","13":"tablet-align-left","14":"mobile-align-left","16":"first","17":"instock","18":"shipping-taxable","19":"product-type-simple"},"aioseo_notices":[],"uagb_featured_image_src":{"full":["https:\/\/babypillowwholesale.com\/wp-content\/uploads\/2025\/03\/1137.jpg",1000,1000,false],"thumbnail":["https:\/\/babypillowwholesale.com\/wp-content\/uploads\/2025\/03\/1137-150x150.jpg",150,150,true],"medium":["https:\/\/babypillowwholesale.com\/wp-content\/uploads\/2025\/03\/1137-300x300.jpg",300,300,true],"medium_large":["https:\/\/babypillowwholesale.com\/wp-content\/uploads\/2025\/03\/1137-768x768.jpg",768,768,true],"large":["https:\/\/babypillowwholesale.com\/wp-content\/uploads\/2025\/03\/1137.jpg",1000,1000,false],"1536x1536":["https:\/\/babypillowwholesale.com\/wp-content\/uploads\/2025\/03\/1137.jpg",1000,1000,false],"2048x2048":["https:\/\/babypillowwholesale.com\/wp-content\/uploads\/2025\/03\/1137.jpg",1000,1000,false],"trp-custom-language-flag":["https:\/\/babypillowwholesale.com\/wp-content\/uploads\/2025\/03\/1137.jpg",12,12,false],"woocommerce_thumbnail":["https:\/\/babypillowwholesale.com\/wp-content\/uploads\/2025\/03\/1137-300x300.jpg",300,300,true],"woocommerce_single":["https:\/\/babypillowwholesale.com\/wp-content\/uploads\/2025\/03\/1137-600x600.jpg",600,600,true],"woocommerce_gallery_thumbnail":["https:\/\/babypillowwholesale.com\/wp-content\/uploads\/2025\/03\/1137-100x100.jpg",100,100,true]},"uagb_author_info":{"display_name":"Etnen zhong","author_link":"https:\/\/babypillowwholesale.com\/es\/author\/"},"uagb_comment_info":0,"uagb_excerpt":"The Bear Shaping Pillow is a delightful essential for infants aged 0 to 6 months. Its design showcases a charming bear motif\u2014adorable with details like a star - wielding pose, blushing cheeks, and whimsical surroundings. Measuring 25*20*1.5CM, the pillow ergonomically supports a baby\u2019s head, gently guiding healthy head shaping during early growth. It fits seamlessly&hellip;","jetpack_sharing_enabled":true,"_links":{"self":[{"href":"https:\/\/babypillowwholesale.com\/es\/wp-json\/wp\/v2\/product\/3306","targetHints":{"allow":["GET"]}}],"collection":[{"href":"https:\/\/babypillowwholesale.com\/es\/wp-json\/wp\/v2\/product"}],"about":[{"href":"https:\/\/babypillowwholesale.com\/es\/wp-json\/wp\/v2\/types\/product"}],"replies":[{"embeddable":true,"href":"https:\/\/babypillowwholesale.com\/es\/wp-json\/wp\/v2\/comments?post=3306"}],"wp:featuredmedia":[{"embeddable":true,"href":"https:\/\/babypillowwholesale.com\/es\/wp-json\/wp\/v2\/media\/3307"}],"wp:attachment":[{"href":"https:\/\/babypillowwholesale.com\/es\/wp-json\/wp\/v2\/media?parent=3306"}],"wp:term":[{"taxonomy":"product_brand","embeddable":true,"href":"https:\/\/babypillowwholesale.com\/es\/wp-json\/wp\/v2\/product_brand?post=3306"},{"taxonomy":"product_cat","embeddable":true,"href":"https:\/\/babypillowwholesale.com\/es\/wp-json\/wp\/v2\/product_cat?post=3306"},{"taxonomy":"product_tag","embeddable":true,"href":"https:\/\/babypillowwholesale.com\/es\/wp-json\/wp\/v2\/product_tag?post=3306"}],"curies":[{"name":"wp","href":"https:\/\/api.w.org\/{rel}","templated":true}]}}