{"id":3300,"date":"2025-03-22T02:53:38","date_gmt":"2025-03-22T02:53:38","guid":{"rendered":"https:\/\/babypillowwholesale.com\/?post_type=product&#038;p=3300"},"modified":"2025-06-08T15:41:34","modified_gmt":"2025-06-08T15:41:34","slug":"penguin-shaping-pillow","status":"publish","type":"product","link":"https:\/\/babypillowwholesale.com\/es\/product\/penguin-shaping-pillow\/","title":{"rendered":"Almohada Ping\u00fcino"},"content":{"rendered":"<div class=\"auto-hide-last-sibling-br paragraph-qzbcQC paragraph-element br-paragraph-space\" data-immersive-translate-walked=\"8e61f2e7-6af2-46e5-9672-3b9e4f4033d9\" data-immersive-translate-paragraph=\"1\">\n<div class=\"auto-hide-last-sibling-br paragraph-qzbcQC paragraph-element br-paragraph-space\">D\u00e9jate seducir por el encanto de nuestra Almohada Ping\u00fcino, un accesorio esencial dise\u00f1ado para los m\u00e1s peque\u00f1os aventureros de 0 a 6 meses. Esta almohada, que se asemeja a un entra\u00f1able ping\u00fcino con su cuerpo regordete, sus delicadas aletas y su simp\u00e1tico pico, es una delicia visual que aporta una dosis instant\u00e1nea de ternura al mundo de tu beb\u00e9. La funcionalidad se une al estilo con esta almohada. El recorte central cuidadosamente contorneado ofrece un soporte suave y acunador a la delicada cabeza de tu beb\u00e9, gui\u00e1ndola suavemente hacia una forma perfecta mientras recorre sus preciosos primeros d\u00edas. Con un tama\u00f1o de 26,5*25*1,5 cm, es incre\u00edblemente adaptable. Durante esas tranquilas tardes en casa, col\u00f3quelo en la cuna del beb\u00e9 y vea c\u00f3mo crea un acogedor refugio con tem\u00e1tica de ping\u00fcinos, arrullando a su peque\u00f1o hasta que se duerma pl\u00e1cidamente. Cuando salgas a dar un paseo invernal o a visitar el zoo, la almohada se adapta perfectamente al cochecito, asegurando que tu beb\u00e9 est\u00e9 c\u00f3modo mientras le rodea el encantador dise\u00f1o de ping\u00fcinos. A los padres les encanta este coj\u00edn. Una mam\u00e1 coment\u00f3: \"Mi beb\u00e9 no se cansa de este coj\u00edn ping\u00fcino. Es tan suave y el dise\u00f1o es tan adorable. Adem\u00e1s, le ayuda mucho a mantener la cabeza en una buena posici\u00f3n\". Un pap\u00e1 a\u00f1adi\u00f3: \"Se ha convertido en nuestro aliado para todas las salidas. Las opciones de colores son geniales y nuestro beb\u00e9 siempre parece tan feliz cuando ve el ping\u00fcino. Muy recomendable\". Disponible en los encantadores tonos rosa y azul, la Almohada Moldeable Ping\u00fcino es m\u00e1s que un simple accesorio para el beb\u00e9: es un compa\u00f1ero entra\u00f1able, que promete comodidad, apoyo y mucha alegr\u00eda inspirada en los ping\u00fcinos para los primeros meses de vida de tu beb\u00e9.<\/div>\n<\/div>","protected":false},"excerpt":{"rendered":"<p>La Almohada Moldeable Ping\u00fcino es un producto irresistiblemente tierno y pr\u00e1ctico pensado para beb\u00e9s de 0 a 6 meses. Su dise\u00f1o, inspirado en un adorable ping\u00fcino con cuerpo regordete, aletas y un dulce pico, enamorar\u00e1 a primera vista. El recorte central de la almohada est\u00e1 cuidadosamente dise\u00f1ado para proporcionar un apoyo suave y ergon\u00f3mico a la cabeza del beb\u00e9, ayud\u00e1ndole a mantener una forma adecuada de la cabeza durante su primera etapa de desarrollo. Mide 26,5*.<em>25*<\/em>1,5CM, se adapta perfectamente a cunas, cochecitos o portabeb\u00e9s, ofreciendo un lugar de descanso acogedor y familiar para su peque\u00f1o dondequiera que est\u00e9. Disponible en rosa y azul, permite a los padres elegir un color que se adapte a sus preferencias o a la decoraci\u00f3n de la habitaci\u00f3n del beb\u00e9, combinando encanto y funcionalidad para mejorar el cuidado del beb\u00e9.<\/p>","protected":false},"featured_media":3301,"comment_status":"open","ping_status":"closed","template":"","meta":{"_uag_custom_page_level_css":"","site-sidebar-layout":"default","site-content-layout":"","ast-site-content-layout":"default","site-content-style":"default","site-sidebar-style":"default","ast-global-header-display":"","ast-banner-title-visibility":"","ast-main-header-display":"","ast-hfb-above-header-display":"","ast-hfb-below-header-display":"","ast-hfb-mobile-header-display":"","site-post-title":"","ast-breadcrumbs-content":"","ast-featured-img":"","footer-sml-layout":"","ast-disable-related-posts":"","theme-transparent-header-meta":"default","adv-header-id-meta":"","stick-header-meta":"","header-above-stick-meta":"","header-main-stick-meta":"","header-below-stick-meta":"","astra-migrate-meta-layouts":"set","ast-page-background-enabled":"default","ast-page-background-meta":{"desktop":{"background-color":"","background-image":"","background-repeat":"repeat","background-position":"center center","background-size":"auto","background-attachment":"scroll","background-type":"","background-media":"","overlay-type":"","overlay-color":"","overlay-opacity":"","overlay-gradient":""},"tablet":{"background-color":"","background-image":"","background-repeat":"repeat","background-position":"center center","background-size":"auto","background-attachment":"scroll","background-type":"","background-media":"","overlay-type":"","overlay-color":"","overlay-opacity":"","overlay-gradient":""},"mobile":{"background-color":"","background-image":"","background-repeat":"repeat","background-position":"center center","background-size":"auto","background-attachment":"scroll","background-type":"","background-media":"","overlay-type":"","overlay-color":"","overlay-opacity":"","overlay-gradient":""}},"ast-content-background-meta":{"desktop":{"background-color":"var(--ast-global-color-5)","background-image":"","background-repeat":"repeat","background-position":"center center","background-size":"auto","background-attachment":"scroll","background-type":"","background-media":"","overlay-type":"","overlay-color":"","overlay-opacity":"","overlay-gradient":""},"tablet":{"background-color":"var(--ast-global-color-5)","background-image":"","background-repeat":"repeat","background-position":"center center","background-size":"auto","background-attachment":"scroll","background-type":"","background-media":"","overlay-type":"","overlay-color":"","overlay-opacity":"","overlay-gradient":""},"mobile":{"background-color":"var(--ast-global-color-5)","background-image":"","background-repeat":"repeat","background-position":"center center","background-size":"auto","background-attachment":"scroll","background-type":"","background-media":"","overlay-type":"","overlay-color":"","overlay-opacity":"","overlay-gradient":""}}},"product_brand":[],"product_cat":[54,42],"product_tag":[70,68,71,69],"class_list":{"0":"post-3300","1":"product","2":"type-product","3":"status-publish","4":"has-post-thumbnail","6":"product_cat-0-to-6months","7":"product_cat-merchandise","8":"product_tag-babypillow","9":"product_tag-cuteanimalpillow","10":"product_tag-headshapesupport","11":"product_tag-kouniushapingpillow","12":"desktop-align-left","13":"tablet-align-left","14":"mobile-align-left","16":"first","17":"instock","18":"shipping-taxable","19":"product-type-simple"},"aioseo_notices":[],"uagb_featured_image_src":{"full":["https:\/\/babypillowwholesale.com\/wp-content\/uploads\/2025\/03\/1511.jpg",1000,1000,false],"thumbnail":["https:\/\/babypillowwholesale.com\/wp-content\/uploads\/2025\/03\/1511-150x150.jpg",150,150,true],"medium":["https:\/\/babypillowwholesale.com\/wp-content\/uploads\/2025\/03\/1511-300x300.jpg",300,300,true],"medium_large":["https:\/\/babypillowwholesale.com\/wp-content\/uploads\/2025\/03\/1511-768x768.jpg",768,768,true],"large":["https:\/\/babypillowwholesale.com\/wp-content\/uploads\/2025\/03\/1511.jpg",1000,1000,false],"1536x1536":["https:\/\/babypillowwholesale.com\/wp-content\/uploads\/2025\/03\/1511.jpg",1000,1000,false],"2048x2048":["https:\/\/babypillowwholesale.com\/wp-content\/uploads\/2025\/03\/1511.jpg",1000,1000,false],"trp-custom-language-flag":["https:\/\/babypillowwholesale.com\/wp-content\/uploads\/2025\/03\/1511.jpg",12,12,false],"woocommerce_thumbnail":["https:\/\/babypillowwholesale.com\/wp-content\/uploads\/2025\/03\/1511-300x300.jpg",300,300,true],"woocommerce_single":["https:\/\/babypillowwholesale.com\/wp-content\/uploads\/2025\/03\/1511-600x600.jpg",600,600,true],"woocommerce_gallery_thumbnail":["https:\/\/babypillowwholesale.com\/wp-content\/uploads\/2025\/03\/1511-100x100.jpg",100,100,true]},"uagb_author_info":{"display_name":"Etnen zhong","author_link":"https:\/\/babypillowwholesale.com\/es\/author\/"},"uagb_comment_info":0,"uagb_excerpt":"The Penguin Shaping Pillow is an irresistibly cute and practical product tailored for infants aged 0 to 6 months. Its design, modeled after an adorable penguin with a chubby body, flippers, and a sweet beak, is sure to win hearts at first sight. The central cut - out of the pillow is carefully engineered to&hellip;","jetpack_sharing_enabled":true,"_links":{"self":[{"href":"https:\/\/babypillowwholesale.com\/es\/wp-json\/wp\/v2\/product\/3300","targetHints":{"allow":["GET"]}}],"collection":[{"href":"https:\/\/babypillowwholesale.com\/es\/wp-json\/wp\/v2\/product"}],"about":[{"href":"https:\/\/babypillowwholesale.com\/es\/wp-json\/wp\/v2\/types\/product"}],"replies":[{"embeddable":true,"href":"https:\/\/babypillowwholesale.com\/es\/wp-json\/wp\/v2\/comments?post=3300"}],"wp:featuredmedia":[{"embeddable":true,"href":"https:\/\/babypillowwholesale.com\/es\/wp-json\/wp\/v2\/media\/3301"}],"wp:attachment":[{"href":"https:\/\/babypillowwholesale.com\/es\/wp-json\/wp\/v2\/media?parent=3300"}],"wp:term":[{"taxonomy":"product_brand","embeddable":true,"href":"https:\/\/babypillowwholesale.com\/es\/wp-json\/wp\/v2\/product_brand?post=3300"},{"taxonomy":"product_cat","embeddable":true,"href":"https:\/\/babypillowwholesale.com\/es\/wp-json\/wp\/v2\/product_cat?post=3300"},{"taxonomy":"product_tag","embeddable":true,"href":"https:\/\/babypillowwholesale.com\/es\/wp-json\/wp\/v2\/product_tag?post=3300"}],"curies":[{"name":"wp","href":"https:\/\/api.w.org\/{rel}","templated":true}]}}