{"id":3291,"date":"2025-03-22T01:54:48","date_gmt":"2025-03-22T01:54:48","guid":{"rendered":"https:\/\/babypillowwholesale.com\/?post_type=product&#038;p=3291"},"modified":"2025-06-08T16:08:25","modified_gmt":"2025-06-08T16:08:25","slug":"kitten-shaping-pillow","status":"publish","type":"product","link":"https:\/\/babypillowwholesale.com\/es\/product\/kitten-shaping-pillow\/","title":{"rendered":"Almohada moldeadora Kitten"},"content":{"rendered":"<div class=\"auto-hide-last-sibling-br paragraph-qzbcQC paragraph-element br-paragraph-space\" data-immersive-translate-walked=\"8e61f2e7-6af2-46e5-9672-3b9e4f4033d9\" data-immersive-translate-paragraph=\"1\">\n<div class=\"auto-hide-last-sibling-br paragraph-qzbcQC paragraph-element br-paragraph-space\">Bienvenido al encantador coj\u00edn moldeador Gatito, un refugio de confort hecho a medida para los m\u00e1s peque\u00f1os de 0 a 6 meses. Su dise\u00f1o, inspirado en un adorable gatito de orejas vivarachas y expresi\u00f3n dulce y entra\u00f1able, es una delicia visual que a\u00f1ade un toque de encanto felino al mundo de tu beb\u00e9. Este coj\u00edn no es s\u00f3lo un regalo para la vista; es una obra maestra de funcionalidad. El recorte central estrat\u00e9gicamente colocado ofrece un abrazo suave y ergon\u00f3mico a la delicada cabeza de tu beb\u00e9, gui\u00e1ndola con gracia hacia una forma perfecta mientras experimenta la magia de sus primeros d\u00edas. Con unas dimensiones de 26,5*25*1,5 cm, es un compa\u00f1ero vers\u00e1til para diversos entornos. Durante las ma\u00f1anas perezosas en casa, col\u00f3calo en la cuna del beb\u00e9 y observa c\u00f3mo transforma el espacio en un acogedor refugio con tem\u00e1tica de gatito, arrullando a tu peque\u00f1o para que duerma pl\u00e1cidamente. Cuando salgas de aventura con la familia, ya sea de excursi\u00f3n al acuario o a visitar a los abuelos, la almohada cabe perfectamente en el cochecito, para que tu beb\u00e9 est\u00e9 c\u00f3modo durante todo el viaje. Los padres est\u00e1n encantados con esta almohada. Una mam\u00e1 dijo: \"Mi beb\u00e9 se ilumina cada vez que ve este coj\u00edn de gatito. Es muy suave y el dise\u00f1o es mon\u00edsimo. Adem\u00e1s, es genial para mantener la cabeza en una buena posici\u00f3n\". Un pap\u00e1 a\u00f1adi\u00f3: \"Me encanta lo f\u00e1cil que es de llevar. Los diferentes colores son una gran ventaja. Se ha convertido en una parte esencial de la rutina diaria de nuestro beb\u00e9\". Disponible en los encantadores colores rosa, azul y verde oscuro, la Almohada Moldeadora Kitten es m\u00e1s que un simple accesorio para el beb\u00e9: es una querida compa\u00f1era, que promete comodidad, apoyo y mucha ternura para los preciosos primeros meses de vida de tu beb\u00e9.<\/div>\n<\/div>","protected":false},"excerpt":{"rendered":"<p>El coj\u00edn moldeador Gatito es un producto encantador y funcional dise\u00f1ado para beb\u00e9s de 0 a 6 meses. Su simp\u00e1tico dise\u00f1o inspirado en un gatito, con alegres orejas y una dulce expresi\u00f3n facial, es visualmente atractivo y seguro que cautivar\u00e1 tanto a los padres como a los beb\u00e9s. El recorte central de la almohada proporciona un soporte suave y ergon\u00f3mico para la cabeza del beb\u00e9, ayudando a mantener una forma adecuada de la cabeza durante la crucial etapa de desarrollo temprano. Mide 26,5*.<em>25*<\/em>1,5CM, cabe c\u00f3modamente en cunas, cochecitos o sillas de coche para beb\u00e9s, ofreciendo un lugar de descanso acogedor para su peque\u00f1o dondequiera que est\u00e9. Disponible en rosa, azul y verde oscuro, ofrece a los padres la opci\u00f3n de elegir un color que combine con sus preferencias o con la decoraci\u00f3n de la habitaci\u00f3n del beb\u00e9, combinando lo bonito y lo pr\u00e1ctico para mejorar el cuidado del beb\u00e9.<\/p>","protected":false},"featured_media":3292,"comment_status":"open","ping_status":"closed","template":"","meta":{"_uag_custom_page_level_css":"","site-sidebar-layout":"default","site-content-layout":"","ast-site-content-layout":"default","site-content-style":"default","site-sidebar-style":"default","ast-global-header-display":"","ast-banner-title-visibility":"","ast-main-header-display":"","ast-hfb-above-header-display":"","ast-hfb-below-header-display":"","ast-hfb-mobile-header-display":"","site-post-title":"","ast-breadcrumbs-content":"","ast-featured-img":"","footer-sml-layout":"","ast-disable-related-posts":"","theme-transparent-header-meta":"default","adv-header-id-meta":"","stick-header-meta":"","header-above-stick-meta":"","header-main-stick-meta":"","header-below-stick-meta":"","astra-migrate-meta-layouts":"set","ast-page-background-enabled":"default","ast-page-background-meta":{"desktop":{"background-color":"","background-image":"","background-repeat":"repeat","background-position":"center center","background-size":"auto","background-attachment":"scroll","background-type":"","background-media":"","overlay-type":"","overlay-color":"","overlay-opacity":"","overlay-gradient":""},"tablet":{"background-color":"","background-image":"","background-repeat":"repeat","background-position":"center center","background-size":"auto","background-attachment":"scroll","background-type":"","background-media":"","overlay-type":"","overlay-color":"","overlay-opacity":"","overlay-gradient":""},"mobile":{"background-color":"","background-image":"","background-repeat":"repeat","background-position":"center center","background-size":"auto","background-attachment":"scroll","background-type":"","background-media":"","overlay-type":"","overlay-color":"","overlay-opacity":"","overlay-gradient":""}},"ast-content-background-meta":{"desktop":{"background-color":"var(--ast-global-color-5)","background-image":"","background-repeat":"repeat","background-position":"center center","background-size":"auto","background-attachment":"scroll","background-type":"","background-media":"","overlay-type":"","overlay-color":"","overlay-opacity":"","overlay-gradient":""},"tablet":{"background-color":"var(--ast-global-color-5)","background-image":"","background-repeat":"repeat","background-position":"center center","background-size":"auto","background-attachment":"scroll","background-type":"","background-media":"","overlay-type":"","overlay-color":"","overlay-opacity":"","overlay-gradient":""},"mobile":{"background-color":"var(--ast-global-color-5)","background-image":"","background-repeat":"repeat","background-position":"center center","background-size":"auto","background-attachment":"scroll","background-type":"","background-media":"","overlay-type":"","overlay-color":"","overlay-opacity":"","overlay-gradient":""}}},"product_brand":[],"product_cat":[54,42],"product_tag":[70,68,71,69],"class_list":{"0":"post-3291","1":"product","2":"type-product","3":"status-publish","4":"has-post-thumbnail","6":"product_cat-0-to-6months","7":"product_cat-merchandise","8":"product_tag-babypillow","9":"product_tag-cuteanimalpillow","10":"product_tag-headshapesupport","11":"product_tag-kouniushapingpillow","12":"desktop-align-left","13":"tablet-align-left","14":"mobile-align-left","16":"first","17":"instock","18":"shipping-taxable","19":"product-type-simple"},"aioseo_notices":[],"uagb_featured_image_src":{"full":["https:\/\/babypillowwholesale.com\/wp-content\/uploads\/2025\/03\/1509.jpg",1000,1000,false],"thumbnail":["https:\/\/babypillowwholesale.com\/wp-content\/uploads\/2025\/03\/1509-150x150.jpg",150,150,true],"medium":["https:\/\/babypillowwholesale.com\/wp-content\/uploads\/2025\/03\/1509-300x300.jpg",300,300,true],"medium_large":["https:\/\/babypillowwholesale.com\/wp-content\/uploads\/2025\/03\/1509-768x768.jpg",768,768,true],"large":["https:\/\/babypillowwholesale.com\/wp-content\/uploads\/2025\/03\/1509.jpg",1000,1000,false],"1536x1536":["https:\/\/babypillowwholesale.com\/wp-content\/uploads\/2025\/03\/1509.jpg",1000,1000,false],"2048x2048":["https:\/\/babypillowwholesale.com\/wp-content\/uploads\/2025\/03\/1509.jpg",1000,1000,false],"trp-custom-language-flag":["https:\/\/babypillowwholesale.com\/wp-content\/uploads\/2025\/03\/1509.jpg",12,12,false],"woocommerce_thumbnail":["https:\/\/babypillowwholesale.com\/wp-content\/uploads\/2025\/03\/1509-300x300.jpg",300,300,true],"woocommerce_single":["https:\/\/babypillowwholesale.com\/wp-content\/uploads\/2025\/03\/1509-600x600.jpg",600,600,true],"woocommerce_gallery_thumbnail":["https:\/\/babypillowwholesale.com\/wp-content\/uploads\/2025\/03\/1509-100x100.jpg",100,100,true]},"uagb_author_info":{"display_name":"Etnen zhong","author_link":"https:\/\/babypillowwholesale.com\/es\/author\/"},"uagb_comment_info":0,"uagb_excerpt":"The Kitten Shaping Pillow is a charming and functional product designed for infants aged 0 to 6 months. Its cute kitten - inspired design, with perky ears and a sweet - faced expression, is visually appealing and sure to capture the hearts of both parents and babies. The central cut - out of the pillow&hellip;","jetpack_sharing_enabled":true,"_links":{"self":[{"href":"https:\/\/babypillowwholesale.com\/es\/wp-json\/wp\/v2\/product\/3291","targetHints":{"allow":["GET"]}}],"collection":[{"href":"https:\/\/babypillowwholesale.com\/es\/wp-json\/wp\/v2\/product"}],"about":[{"href":"https:\/\/babypillowwholesale.com\/es\/wp-json\/wp\/v2\/types\/product"}],"replies":[{"embeddable":true,"href":"https:\/\/babypillowwholesale.com\/es\/wp-json\/wp\/v2\/comments?post=3291"}],"wp:featuredmedia":[{"embeddable":true,"href":"https:\/\/babypillowwholesale.com\/es\/wp-json\/wp\/v2\/media\/3292"}],"wp:attachment":[{"href":"https:\/\/babypillowwholesale.com\/es\/wp-json\/wp\/v2\/media?parent=3291"}],"wp:term":[{"taxonomy":"product_brand","embeddable":true,"href":"https:\/\/babypillowwholesale.com\/es\/wp-json\/wp\/v2\/product_brand?post=3291"},{"taxonomy":"product_cat","embeddable":true,"href":"https:\/\/babypillowwholesale.com\/es\/wp-json\/wp\/v2\/product_cat?post=3291"},{"taxonomy":"product_tag","embeddable":true,"href":"https:\/\/babypillowwholesale.com\/es\/wp-json\/wp\/v2\/product_tag?post=3291"}],"curies":[{"name":"wp","href":"https:\/\/api.w.org\/{rel}","templated":true}]}}