{"id":3273,"date":"2025-03-18T07:02:19","date_gmt":"2025-03-18T07:02:19","guid":{"rendered":"https:\/\/babypillowwholesale.com\/?post_type=product&#038;p=3273"},"modified":"2025-06-08T16:12:27","modified_gmt":"2025-06-08T16:12:27","slug":"adorable-bunny-shaping-pillow","status":"publish","type":"product","link":"https:\/\/babypillowwholesale.com\/es\/product\/adorable-bunny-shaping-pillow\/","title":{"rendered":"Adorable almohada con forma de conejito"},"content":{"rendered":"<div class=\"auto-hide-last-sibling-br paragraph-qzbcQC paragraph-element br-paragraph-space\" data-immersive-translate-walked=\"8e61f2e7-6af2-46e5-9672-3b9e4f4033d9\" data-immersive-translate-paragraph=\"1\">\n<div class=\"auto-hide-last-sibling-br paragraph-qzbcQC paragraph-element br-paragraph-space\">Deleite a su peque\u00f1o en el regazo de la comodidad con nuestro coj\u00edn moldeable Adorable Bunny, imprescindible para beb\u00e9s de 0 a 6 meses. Hecha a mano para imitar a un precioso conejito, con orejas ca\u00eddas y una expresi\u00f3n serena de ojos medio cerrados, es una obra maestra visual que a\u00f1ade un toque de encanto de cuento de hadas a cualquier habitaci\u00f3n infantil. Este coj\u00edn es un ejemplo de funcionalidad. El recorte central, estrat\u00e9gicamente colocado, ofrece un soporte suave y acunador a la delicada cabeza de tu beb\u00e9, gui\u00e1ndola con gracia hacia una forma perfecta mientras experimenta las maravillas de sus primeros meses. Con un tama\u00f1o de 26,5*25*1,5 cm, es incre\u00edblemente vers\u00e1til. Tanto si la coloca en el suave abrazo de la cuna de su beb\u00e9, transformando la siesta en una escapada de ensue\u00f1o, como si la coloca en el cochecito para dar un paseo por la playa, esta almohada garantiza que su peque\u00f1o paquete de alegr\u00eda est\u00e9 siempre c\u00f3modo. Tambi\u00e9n se adapta perfectamente a los asientos de coche para beb\u00e9s, haciendo que los viajes largos en coche sean una aventura tranquila para tu beb\u00e9. \u00a1Los padres est\u00e1n enamorados de esta almohada! \"En cuanto coloqu\u00e9 esta Adorable Almohada Conejito en la cuna de mi beb\u00e9, supe que era una ganadora. No s\u00f3lo es supersuave, sino que tambi\u00e9n ha marcado una diferencia notable en la forma de la cabeza de mi beb\u00e9\", exclam\u00f3 una feliz mam\u00e1. Un pap\u00e1 coment\u00f3: \"Me lo llevo a todas partes. Las diferentes opciones de color son geniales, y el dise\u00f1o del conejito siempre hace sonre\u00edr a mi beb\u00e9. Es una compra obligada para los padres primerizos\". Disponible en los encantadores tonos rosa, azul y verde oscuro, la almohada moldeadora Adorable Bunny es m\u00e1s que un simple accesorio para el beb\u00e9: es una querida compa\u00f1era, que promete comodidad, apoyo y mucha ternura para los primeros d\u00edas de tu beb\u00e9.<\/div>\n<\/div>","protected":false},"excerpt":{"rendered":"<p>La almohada moldeable Adorable Bunny es un producto encantador hecho a medida para beb\u00e9s de 0 a 6 meses. Su dise\u00f1o, inspirado en un adorable conejito de largas orejas y expresi\u00f3n dulce y so\u00f1olienta, es visualmente atractivo y encantar\u00e1 tanto a los padres como a los beb\u00e9s. El recorte central de la almohada est\u00e1 dise\u00f1ado ergon\u00f3micamente para sostener con suavidad la cabeza del beb\u00e9, ayudando a mantener una forma adecuada de la cabeza durante el cr\u00edtico periodo de desarrollo temprano. Mide 26,5*.<em>25*<\/em>1,5CM, cabe c\u00f3modamente en cunas, cochecitos o sillas de coche para beb\u00e9s, proporcionando un acogedor lugar de descanso dondequiera que est\u00e9 su beb\u00e9. Con opciones de color rosa, azul y verde oscuro, permite a los padres elegir un tono que se adapte a sus preferencias o a la decoraci\u00f3n de la habitaci\u00f3n del beb\u00e9, combinando lo bonito y lo pr\u00e1ctico para un cuidado \u00f3ptimo del beb\u00e9.<\/p>","protected":false},"featured_media":3285,"comment_status":"open","ping_status":"closed","template":"","meta":{"_uag_custom_page_level_css":"","site-sidebar-layout":"default","site-content-layout":"","ast-site-content-layout":"default","site-content-style":"default","site-sidebar-style":"default","ast-global-header-display":"","ast-banner-title-visibility":"","ast-main-header-display":"","ast-hfb-above-header-display":"","ast-hfb-below-header-display":"","ast-hfb-mobile-header-display":"","site-post-title":"","ast-breadcrumbs-content":"","ast-featured-img":"","footer-sml-layout":"","ast-disable-related-posts":"","theme-transparent-header-meta":"default","adv-header-id-meta":"","stick-header-meta":"","header-above-stick-meta":"","header-main-stick-meta":"","header-below-stick-meta":"","astra-migrate-meta-layouts":"set","ast-page-background-enabled":"default","ast-page-background-meta":{"desktop":{"background-color":"","background-image":"","background-repeat":"repeat","background-position":"center center","background-size":"auto","background-attachment":"scroll","background-type":"","background-media":"","overlay-type":"","overlay-color":"","overlay-opacity":"","overlay-gradient":""},"tablet":{"background-color":"","background-image":"","background-repeat":"repeat","background-position":"center center","background-size":"auto","background-attachment":"scroll","background-type":"","background-media":"","overlay-type":"","overlay-color":"","overlay-opacity":"","overlay-gradient":""},"mobile":{"background-color":"","background-image":"","background-repeat":"repeat","background-position":"center center","background-size":"auto","background-attachment":"scroll","background-type":"","background-media":"","overlay-type":"","overlay-color":"","overlay-opacity":"","overlay-gradient":""}},"ast-content-background-meta":{"desktop":{"background-color":"var(--ast-global-color-5)","background-image":"","background-repeat":"repeat","background-position":"center center","background-size":"auto","background-attachment":"scroll","background-type":"","background-media":"","overlay-type":"","overlay-color":"","overlay-opacity":"","overlay-gradient":""},"tablet":{"background-color":"var(--ast-global-color-5)","background-image":"","background-repeat":"repeat","background-position":"center center","background-size":"auto","background-attachment":"scroll","background-type":"","background-media":"","overlay-type":"","overlay-color":"","overlay-opacity":"","overlay-gradient":""},"mobile":{"background-color":"var(--ast-global-color-5)","background-image":"","background-repeat":"repeat","background-position":"center center","background-size":"auto","background-attachment":"scroll","background-type":"","background-media":"","overlay-type":"","overlay-color":"","overlay-opacity":"","overlay-gradient":""}}},"product_brand":[],"product_cat":[54,42],"product_tag":[70,68,71,69],"class_list":{"0":"post-3273","1":"product","2":"type-product","3":"status-publish","4":"has-post-thumbnail","6":"product_cat-0-to-6months","7":"product_cat-merchandise","8":"product_tag-babypillow","9":"product_tag-cuteanimalpillow","10":"product_tag-headshapesupport","11":"product_tag-kouniushapingpillow","12":"desktop-align-left","13":"tablet-align-left","14":"mobile-align-left","16":"first","17":"instock","18":"shipping-taxable","19":"product-type-simple"},"aioseo_notices":[],"uagb_featured_image_src":{"full":["https:\/\/babypillowwholesale.com\/wp-content\/uploads\/2025\/03\/1506-1.jpg",1000,1000,false],"thumbnail":["https:\/\/babypillowwholesale.com\/wp-content\/uploads\/2025\/03\/1506-1-150x150.jpg",150,150,true],"medium":["https:\/\/babypillowwholesale.com\/wp-content\/uploads\/2025\/03\/1506-1-300x300.jpg",300,300,true],"medium_large":["https:\/\/babypillowwholesale.com\/wp-content\/uploads\/2025\/03\/1506-1-768x768.jpg",768,768,true],"large":["https:\/\/babypillowwholesale.com\/wp-content\/uploads\/2025\/03\/1506-1.jpg",1000,1000,false],"1536x1536":["https:\/\/babypillowwholesale.com\/wp-content\/uploads\/2025\/03\/1506-1.jpg",1000,1000,false],"2048x2048":["https:\/\/babypillowwholesale.com\/wp-content\/uploads\/2025\/03\/1506-1.jpg",1000,1000,false],"trp-custom-language-flag":["https:\/\/babypillowwholesale.com\/wp-content\/uploads\/2025\/03\/1506-1.jpg",12,12,false],"woocommerce_thumbnail":["https:\/\/babypillowwholesale.com\/wp-content\/uploads\/2025\/03\/1506-1-300x300.jpg",300,300,true],"woocommerce_single":["https:\/\/babypillowwholesale.com\/wp-content\/uploads\/2025\/03\/1506-1-600x600.jpg",600,600,true],"woocommerce_gallery_thumbnail":["https:\/\/babypillowwholesale.com\/wp-content\/uploads\/2025\/03\/1506-1-100x100.jpg",100,100,true]},"uagb_author_info":{"display_name":"Etnen zhong","author_link":"https:\/\/babypillowwholesale.com\/es\/author\/"},"uagb_comment_info":1,"uagb_excerpt":"The Adorable Bunny Shaping Pillow is a delightful product tailored for infants aged 0 to 6 months. Its design, modeled after an adorable bunny with long ears and a sweet, sleepy - eyed expression, is visually appealing and sure to charm both parents and babies. The central cut - out of the pillow is ergonomically&hellip;","jetpack_sharing_enabled":true,"_links":{"self":[{"href":"https:\/\/babypillowwholesale.com\/es\/wp-json\/wp\/v2\/product\/3273","targetHints":{"allow":["GET"]}}],"collection":[{"href":"https:\/\/babypillowwholesale.com\/es\/wp-json\/wp\/v2\/product"}],"about":[{"href":"https:\/\/babypillowwholesale.com\/es\/wp-json\/wp\/v2\/types\/product"}],"replies":[{"embeddable":true,"href":"https:\/\/babypillowwholesale.com\/es\/wp-json\/wp\/v2\/comments?post=3273"}],"wp:featuredmedia":[{"embeddable":true,"href":"https:\/\/babypillowwholesale.com\/es\/wp-json\/wp\/v2\/media\/3285"}],"wp:attachment":[{"href":"https:\/\/babypillowwholesale.com\/es\/wp-json\/wp\/v2\/media?parent=3273"}],"wp:term":[{"taxonomy":"product_brand","embeddable":true,"href":"https:\/\/babypillowwholesale.com\/es\/wp-json\/wp\/v2\/product_brand?post=3273"},{"taxonomy":"product_cat","embeddable":true,"href":"https:\/\/babypillowwholesale.com\/es\/wp-json\/wp\/v2\/product_cat?post=3273"},{"taxonomy":"product_tag","embeddable":true,"href":"https:\/\/babypillowwholesale.com\/es\/wp-json\/wp\/v2\/product_tag?post=3273"}],"curies":[{"name":"wp","href":"https:\/\/api.w.org\/{rel}","templated":true}]}}