{"id":3267,"date":"2025-03-17T15:38:34","date_gmt":"2025-03-17T15:38:34","guid":{"rendered":"https:\/\/babypillowwholesale.com\/?post_type=product&#038;p=3267"},"modified":"2025-06-08T16:15:31","modified_gmt":"2025-06-08T16:15:31","slug":"little-tiger-shaping-pillow","status":"publish","type":"product","link":"https:\/\/babypillowwholesale.com\/es\/product\/little-tiger-shaping-pillow\/","title":{"rendered":"Almohada moldeadora Little Tiger"},"content":{"rendered":"<div class=\"auto-hide-last-sibling-br paragraph-qzbcQC paragraph-element br-paragraph-space\" data-immersive-translate-walked=\"8e61f2e7-6af2-46e5-9672-3b9e4f4033d9\" data-immersive-translate-paragraph=\"1\">El coj\u00edn moldeable Peque\u00f1o Tigre, una cautivadora mezcla de encanto y funcionalidad, meticulosamente elaborado para los tesoros m\u00e1s peque\u00f1os de 0 a 6 meses. Su adorable dise\u00f1o inspirado en un tigre, adornado con grandes e inocentes ojos redondos y sus caracter\u00edsticas rayas, es una absoluta delicia, que a\u00f1ade al instante un toque de capricho salvaje al mundo de tu beb\u00e9. Esta almohada no s\u00f3lo tiene un aspecto entra\u00f1able, sino que es un para\u00edso de comodidad y apoyo. H\u00e1bilmente contorneada, acuna suavemente la delicada cabeza de tu beb\u00e9, gui\u00e1ndola con cuidado para asegurar una forma perfecta mientras se embarca en su temprano viaje de crecimiento. Con unas medidas de 26*23*0\/3CM, es el compa\u00f1ero ideal para diversos entornos. Durante las tranquilas siestas de la guarder\u00eda, acurrucado en la suavidad de la cuna, el coj\u00edn moldeador Tigre Peque\u00f1o crea un espacio acogedor y seguro para tu peque\u00f1o. En los paseos familiares, ya sea un picnic en el parque o un d\u00eda en la playa, cabe perfectamente en el cochecito, ofreciendo un confort familiar sobre la marcha. Los padres est\u00e1n encantados con este producto. Una mam\u00e1 dijo: \"A mi beb\u00e9 le encanta acurrucarse en este coj\u00edn tigre. Es muy suave y he notado una gran mejora en la forma de su cabeza. Adem\u00e1s, el color azul es precioso\". Otro pap\u00e1 coment\u00f3: \"Se ha convertido en un imprescindible para nuestros viajes. Es f\u00e1cil de llevar y siempre arranca una sonrisa a mi beb\u00e9 cuando ve ese simp\u00e1tico dise\u00f1o de tigre\". Disponible en los encantadores tonos rosa y azul, la Almohada Moldeable Peque\u00f1o Tigre es m\u00e1s que un simple accesorio para el beb\u00e9; es un amigo de confianza, que combina ternura, comodidad y funcionalidad para los preciosos primeros d\u00edas de vida de tu beb\u00e9.<\/div>","protected":false},"excerpt":{"rendered":"<p>El coj\u00edn moldeable Peque\u00f1o Tigre es un producto encantador y funcional dise\u00f1ado para beb\u00e9s de 0 a 6 meses. Con su simp\u00e1tica apariencia de tigre, con grandes ojos redondos y rayas distintivas, llama la atenci\u00f3n al instante. El dise\u00f1o de la almohada est\u00e1 cuidadosamente contorneado para proporcionar un suave apoyo a la delicada cabeza del beb\u00e9, ayudando a promover una forma adecuada de la cabeza durante su crucial desarrollo temprano. Mide 26*.<em data-immersive-translate-walked=\"af7bf617-a59f-4215-833d-5c6d97166ab5\">23*<\/em>0\/3CM, cabe bien en cunas, cochecitos o cuando el beb\u00e9 se relaja sobre una manta. Disponible en rosa y azul, ofrece a los padres la opci\u00f3n de elegir el color que mejor se adapte a sus preferencias o a la decoraci\u00f3n de la habitaci\u00f3n del beb\u00e9, combinando lo bonito con lo pr\u00e1ctico para el cuidado del beb\u00e9.<\/p>","protected":false},"featured_media":3282,"comment_status":"open","ping_status":"closed","template":"","meta":{"_uag_custom_page_level_css":"","site-sidebar-layout":"default","site-content-layout":"","ast-site-content-layout":"default","site-content-style":"default","site-sidebar-style":"default","ast-global-header-display":"","ast-banner-title-visibility":"","ast-main-header-display":"","ast-hfb-above-header-display":"","ast-hfb-below-header-display":"","ast-hfb-mobile-header-display":"","site-post-title":"","ast-breadcrumbs-content":"","ast-featured-img":"","footer-sml-layout":"","ast-disable-related-posts":"","theme-transparent-header-meta":"default","adv-header-id-meta":"","stick-header-meta":"","header-above-stick-meta":"","header-main-stick-meta":"","header-below-stick-meta":"","astra-migrate-meta-layouts":"set","ast-page-background-enabled":"default","ast-page-background-meta":{"desktop":{"background-color":"","background-image":"","background-repeat":"repeat","background-position":"center center","background-size":"auto","background-attachment":"scroll","background-type":"","background-media":"","overlay-type":"","overlay-color":"","overlay-opacity":"","overlay-gradient":""},"tablet":{"background-color":"","background-image":"","background-repeat":"repeat","background-position":"center center","background-size":"auto","background-attachment":"scroll","background-type":"","background-media":"","overlay-type":"","overlay-color":"","overlay-opacity":"","overlay-gradient":""},"mobile":{"background-color":"","background-image":"","background-repeat":"repeat","background-position":"center center","background-size":"auto","background-attachment":"scroll","background-type":"","background-media":"","overlay-type":"","overlay-color":"","overlay-opacity":"","overlay-gradient":""}},"ast-content-background-meta":{"desktop":{"background-color":"var(--ast-global-color-5)","background-image":"","background-repeat":"repeat","background-position":"center center","background-size":"auto","background-attachment":"scroll","background-type":"","background-media":"","overlay-type":"","overlay-color":"","overlay-opacity":"","overlay-gradient":""},"tablet":{"background-color":"var(--ast-global-color-5)","background-image":"","background-repeat":"repeat","background-position":"center center","background-size":"auto","background-attachment":"scroll","background-type":"","background-media":"","overlay-type":"","overlay-color":"","overlay-opacity":"","overlay-gradient":""},"mobile":{"background-color":"var(--ast-global-color-5)","background-image":"","background-repeat":"repeat","background-position":"center center","background-size":"auto","background-attachment":"scroll","background-type":"","background-media":"","overlay-type":"","overlay-color":"","overlay-opacity":"","overlay-gradient":""}}},"product_brand":[],"product_cat":[54,42],"product_tag":[70,68,71,69],"class_list":{"0":"post-3267","1":"product","2":"type-product","3":"status-publish","4":"has-post-thumbnail","6":"product_cat-0-to-6months","7":"product_cat-merchandise","8":"product_tag-babypillow","9":"product_tag-cuteanimalpillow","10":"product_tag-headshapesupport","11":"product_tag-kouniushapingpillow","12":"desktop-align-left","13":"tablet-align-left","14":"mobile-align-left","16":"first","17":"instock","18":"shipping-taxable","19":"product-type-simple"},"aioseo_notices":[],"uagb_featured_image_src":{"full":["https:\/\/babypillowwholesale.com\/wp-content\/uploads\/2025\/03\/1131-1.jpg",1000,1000,false],"thumbnail":["https:\/\/babypillowwholesale.com\/wp-content\/uploads\/2025\/03\/1131-1-150x150.jpg",150,150,true],"medium":["https:\/\/babypillowwholesale.com\/wp-content\/uploads\/2025\/03\/1131-1-300x300.jpg",300,300,true],"medium_large":["https:\/\/babypillowwholesale.com\/wp-content\/uploads\/2025\/03\/1131-1-768x768.jpg",768,768,true],"large":["https:\/\/babypillowwholesale.com\/wp-content\/uploads\/2025\/03\/1131-1.jpg",1000,1000,false],"1536x1536":["https:\/\/babypillowwholesale.com\/wp-content\/uploads\/2025\/03\/1131-1.jpg",1000,1000,false],"2048x2048":["https:\/\/babypillowwholesale.com\/wp-content\/uploads\/2025\/03\/1131-1.jpg",1000,1000,false],"trp-custom-language-flag":["https:\/\/babypillowwholesale.com\/wp-content\/uploads\/2025\/03\/1131-1.jpg",12,12,false],"woocommerce_thumbnail":["https:\/\/babypillowwholesale.com\/wp-content\/uploads\/2025\/03\/1131-1-300x300.jpg",300,300,true],"woocommerce_single":["https:\/\/babypillowwholesale.com\/wp-content\/uploads\/2025\/03\/1131-1-600x600.jpg",600,600,true],"woocommerce_gallery_thumbnail":["https:\/\/babypillowwholesale.com\/wp-content\/uploads\/2025\/03\/1131-1-100x100.jpg",100,100,true]},"uagb_author_info":{"display_name":"Etnen zhong","author_link":"https:\/\/babypillowwholesale.com\/es\/author\/"},"uagb_comment_info":0,"uagb_excerpt":"The Little Tiger Shaping Pillow is a charming and functional product designed for infants aged 0 to 6 months. With its cute tiger - themed appearance, featuring big round eyes and distinctive stripes, it instantly catches the eye. The pillow's design is carefully contoured to provide gentle support for a baby's delicate head, helping to&hellip;","jetpack_sharing_enabled":true,"_links":{"self":[{"href":"https:\/\/babypillowwholesale.com\/es\/wp-json\/wp\/v2\/product\/3267","targetHints":{"allow":["GET"]}}],"collection":[{"href":"https:\/\/babypillowwholesale.com\/es\/wp-json\/wp\/v2\/product"}],"about":[{"href":"https:\/\/babypillowwholesale.com\/es\/wp-json\/wp\/v2\/types\/product"}],"replies":[{"embeddable":true,"href":"https:\/\/babypillowwholesale.com\/es\/wp-json\/wp\/v2\/comments?post=3267"}],"wp:featuredmedia":[{"embeddable":true,"href":"https:\/\/babypillowwholesale.com\/es\/wp-json\/wp\/v2\/media\/3282"}],"wp:attachment":[{"href":"https:\/\/babypillowwholesale.com\/es\/wp-json\/wp\/v2\/media?parent=3267"}],"wp:term":[{"taxonomy":"product_brand","embeddable":true,"href":"https:\/\/babypillowwholesale.com\/es\/wp-json\/wp\/v2\/product_brand?post=3267"},{"taxonomy":"product_cat","embeddable":true,"href":"https:\/\/babypillowwholesale.com\/es\/wp-json\/wp\/v2\/product_cat?post=3267"},{"taxonomy":"product_tag","embeddable":true,"href":"https:\/\/babypillowwholesale.com\/es\/wp-json\/wp\/v2\/product_tag?post=3267"}],"curies":[{"name":"wp","href":"https:\/\/api.w.org\/{rel}","templated":true}]}}