{"id":3263,"date":"2025-03-17T03:51:27","date_gmt":"2025-03-17T03:51:27","guid":{"rendered":"https:\/\/babypillowwholesale.com\/?post_type=product&#038;p=3263"},"modified":"2025-06-08T16:17:17","modified_gmt":"2025-06-08T16:17:17","slug":"cloud-washable-shaping-pillow","status":"publish","type":"product","link":"https:\/\/babypillowwholesale.com\/es\/product\/cloud-washable-shaping-pillow\/","title":{"rendered":"Almohada moldeadora lavable Cloud"},"content":{"rendered":"<div class=\"auto-hide-last-sibling-br paragraph-qzbcQC paragraph-element br-paragraph-space\" data-immersive-translate-walked=\"8e61f2e7-6af2-46e5-9672-3b9e4f4033d9\" data-immersive-translate-paragraph=\"1\">Sum\u00e9rgete en un mundo de comodidad y ternura con nuestra almohada lavable Nube, un complemento de ensue\u00f1o creado especialmente para los m\u00e1s peque\u00f1os de 0 a 6 meses. Parecida a una nube esponjosa sacada de un cuento de hadas, esta almohada est\u00e1 adornada con encantadores motivos de peces estampados al azar que a\u00f1aden un toque de fantas\u00eda al espacio de sue\u00f1o de tu beb\u00e9. El dise\u00f1o ergon\u00f3mico de la almohada es un suave abrazo para la delicada cabeza de tu beb\u00e9, acun\u00e1ndola con cuidado para favorecer una forma perfecta de la cabeza mientras duerme durante sus preciosos primeros d\u00edas. Con unas dimensiones de 35*22*3\/1,5 cm, ofrece un apoyo generoso a la vez que se adapta perfectamente a diversos entornos. Tanto si se coloca en la cuna del beb\u00e9, creando un refugio celestial para sus largas siestas, como si se coloca en el cochecito para dar un paseo por el parque, esta almohada garantiza que su peque\u00f1o est\u00e9 siempre c\u00f3modo. Tambi\u00e9n es un gran compa\u00f1ero de viaje para los viajes familiares por carretera, ya que proporciona un lugar familiar y relajante para que su beb\u00e9 descanse durante el viaje. Los padres est\u00e1n encantados con esta almohada. Una mam\u00e1 satisfecha coment\u00f3: \"A mi beb\u00e9 le encanta esta almohada con forma de nube. Los estampados aleatorios son una sorpresa muy divertida, y es muy f\u00e1cil de lavar cuando se ensucia un poco. Se ha convertido en un b\u00e1sico para las horas de sue\u00f1o de nuestro beb\u00e9\". Otro pap\u00e1 coment\u00f3: \"Me preocupaba la forma de la cabeza de mi beb\u00e9, pero esta almohada ha cambiado las reglas del juego. Es suave, da apoyo y queda adorable en la habitaci\u00f3n del beb\u00e9\". Disponible en los encantadores tonos rosa y azul, cada uno con su propio estampado aleatorio \u00fanico, la Almohada Moldeable Lavable Nube no es s\u00f3lo un accesorio para dormir, sino una fuente de alegr\u00eda y confort para tu beb\u00e9.<\/div>","protected":false},"excerpt":{"rendered":"<p>La Almohada Moldeable Lavable Nube es un maravilloso producto dise\u00f1ado para beb\u00e9s de 0 a 6 meses. Con forma de nube suave, tiene un aspecto atractivo, y los estampados aleatorios con tem\u00e1tica de peces a\u00f1aden un toque de diversi\u00f3n. Su dise\u00f1o \u00fanico proporciona un suave apoyo a la cabeza del beb\u00e9, ayud\u00e1ndole a mantener una buena forma craneal. Mide 35*.<em data-immersive-translate-walked=\"f7f4678a-e6ea-41bf-8db0-071fdda90f71\">22*<\/em>3\/1,5CM, es lo suficientemente grande como para ofrecer un amplio soporte y, a la vez, adecuado para diversos entornos relacionados con el beb\u00e9. Adem\u00e1s, al ser lavable, es f\u00e1cil de mantener limpio e higi\u00e9nico. Disponible en rosa y azul con diferentes estampados aleatorios, ofrece a los padres un poco de sorpresa a la vez que garantiza la funcionalidad de sus peque\u00f1os.<\/p>","protected":false},"featured_media":3280,"comment_status":"open","ping_status":"closed","template":"","meta":{"_uag_custom_page_level_css":"","site-sidebar-layout":"default","site-content-layout":"","ast-site-content-layout":"default","site-content-style":"default","site-sidebar-style":"default","ast-global-header-display":"","ast-banner-title-visibility":"","ast-main-header-display":"","ast-hfb-above-header-display":"","ast-hfb-below-header-display":"","ast-hfb-mobile-header-display":"","site-post-title":"","ast-breadcrumbs-content":"","ast-featured-img":"","footer-sml-layout":"","ast-disable-related-posts":"","theme-transparent-header-meta":"default","adv-header-id-meta":"","stick-header-meta":"","header-above-stick-meta":"","header-main-stick-meta":"","header-below-stick-meta":"","astra-migrate-meta-layouts":"set","ast-page-background-enabled":"default","ast-page-background-meta":{"desktop":{"background-color":"","background-image":"","background-repeat":"repeat","background-position":"center center","background-size":"auto","background-attachment":"scroll","background-type":"","background-media":"","overlay-type":"","overlay-color":"","overlay-opacity":"","overlay-gradient":""},"tablet":{"background-color":"","background-image":"","background-repeat":"repeat","background-position":"center center","background-size":"auto","background-attachment":"scroll","background-type":"","background-media":"","overlay-type":"","overlay-color":"","overlay-opacity":"","overlay-gradient":""},"mobile":{"background-color":"","background-image":"","background-repeat":"repeat","background-position":"center center","background-size":"auto","background-attachment":"scroll","background-type":"","background-media":"","overlay-type":"","overlay-color":"","overlay-opacity":"","overlay-gradient":""}},"ast-content-background-meta":{"desktop":{"background-color":"var(--ast-global-color-5)","background-image":"","background-repeat":"repeat","background-position":"center center","background-size":"auto","background-attachment":"scroll","background-type":"","background-media":"","overlay-type":"","overlay-color":"","overlay-opacity":"","overlay-gradient":""},"tablet":{"background-color":"var(--ast-global-color-5)","background-image":"","background-repeat":"repeat","background-position":"center center","background-size":"auto","background-attachment":"scroll","background-type":"","background-media":"","overlay-type":"","overlay-color":"","overlay-opacity":"","overlay-gradient":""},"mobile":{"background-color":"var(--ast-global-color-5)","background-image":"","background-repeat":"repeat","background-position":"center center","background-size":"auto","background-attachment":"scroll","background-type":"","background-media":"","overlay-type":"","overlay-color":"","overlay-opacity":"","overlay-gradient":""}}},"product_brand":[],"product_cat":[54,42],"product_tag":[70,68,71,69],"class_list":{"0":"post-3263","1":"product","2":"type-product","3":"status-publish","4":"has-post-thumbnail","6":"product_cat-0-to-6months","7":"product_cat-merchandise","8":"product_tag-babypillow","9":"product_tag-cuteanimalpillow","10":"product_tag-headshapesupport","11":"product_tag-kouniushapingpillow","12":"desktop-align-left","13":"tablet-align-left","14":"mobile-align-left","16":"first","17":"instock","18":"shipping-taxable","19":"product-type-simple"},"aioseo_notices":[],"uagb_featured_image_src":{"full":["https:\/\/babypillowwholesale.com\/wp-content\/uploads\/2025\/03\/1129-1.jpg",1000,1000,false],"thumbnail":["https:\/\/babypillowwholesale.com\/wp-content\/uploads\/2025\/03\/1129-1-150x150.jpg",150,150,true],"medium":["https:\/\/babypillowwholesale.com\/wp-content\/uploads\/2025\/03\/1129-1-300x300.jpg",300,300,true],"medium_large":["https:\/\/babypillowwholesale.com\/wp-content\/uploads\/2025\/03\/1129-1-768x768.jpg",768,768,true],"large":["https:\/\/babypillowwholesale.com\/wp-content\/uploads\/2025\/03\/1129-1.jpg",1000,1000,false],"1536x1536":["https:\/\/babypillowwholesale.com\/wp-content\/uploads\/2025\/03\/1129-1.jpg",1000,1000,false],"2048x2048":["https:\/\/babypillowwholesale.com\/wp-content\/uploads\/2025\/03\/1129-1.jpg",1000,1000,false],"trp-custom-language-flag":["https:\/\/babypillowwholesale.com\/wp-content\/uploads\/2025\/03\/1129-1.jpg",12,12,false],"woocommerce_thumbnail":["https:\/\/babypillowwholesale.com\/wp-content\/uploads\/2025\/03\/1129-1-300x300.jpg",300,300,true],"woocommerce_single":["https:\/\/babypillowwholesale.com\/wp-content\/uploads\/2025\/03\/1129-1-600x600.jpg",600,600,true],"woocommerce_gallery_thumbnail":["https:\/\/babypillowwholesale.com\/wp-content\/uploads\/2025\/03\/1129-1-100x100.jpg",100,100,true]},"uagb_author_info":{"display_name":"Etnen zhong","author_link":"https:\/\/babypillowwholesale.com\/es\/author\/"},"uagb_comment_info":0,"uagb_excerpt":"The Cloud Washable Shaping Pillow is a wonderful product designed for infants aged 0 to 6 months. Shaped like a soft cloud, it has an appealing look, and the random fish - themed prints add a touch of fun. Its unique design provides gentle support to the baby's head, helping to maintain a good head&hellip;","jetpack_sharing_enabled":true,"_links":{"self":[{"href":"https:\/\/babypillowwholesale.com\/es\/wp-json\/wp\/v2\/product\/3263","targetHints":{"allow":["GET"]}}],"collection":[{"href":"https:\/\/babypillowwholesale.com\/es\/wp-json\/wp\/v2\/product"}],"about":[{"href":"https:\/\/babypillowwholesale.com\/es\/wp-json\/wp\/v2\/types\/product"}],"replies":[{"embeddable":true,"href":"https:\/\/babypillowwholesale.com\/es\/wp-json\/wp\/v2\/comments?post=3263"}],"wp:featuredmedia":[{"embeddable":true,"href":"https:\/\/babypillowwholesale.com\/es\/wp-json\/wp\/v2\/media\/3280"}],"wp:attachment":[{"href":"https:\/\/babypillowwholesale.com\/es\/wp-json\/wp\/v2\/media?parent=3263"}],"wp:term":[{"taxonomy":"product_brand","embeddable":true,"href":"https:\/\/babypillowwholesale.com\/es\/wp-json\/wp\/v2\/product_brand?post=3263"},{"taxonomy":"product_cat","embeddable":true,"href":"https:\/\/babypillowwholesale.com\/es\/wp-json\/wp\/v2\/product_cat?post=3263"},{"taxonomy":"product_tag","embeddable":true,"href":"https:\/\/babypillowwholesale.com\/es\/wp-json\/wp\/v2\/product_tag?post=3263"}],"curies":[{"name":"wp","href":"https:\/\/api.w.org\/{rel}","templated":true}]}}