{"id":3256,"date":"2025-03-15T07:30:39","date_gmt":"2025-03-15T07:30:39","guid":{"rendered":"https:\/\/babypillowwholesale.com\/?post_type=product&#038;p=3256"},"modified":"2025-06-08T16:20:33","modified_gmt":"2025-06-08T16:20:33","slug":"cute-bunny-shaping-pillow","status":"publish","type":"product","link":"https:\/\/babypillowwholesale.com\/es\/product\/cute-bunny-shaping-pillow\/","title":{"rendered":"Simp\u00e1tica almohada con forma de conejito"},"content":{"rendered":"<div class=\"auto-hide-last-sibling-br paragraph-qzbcQC paragraph-element br-paragraph-space\" data-immersive-translate-walked=\"8e61f2e7-6af2-46e5-9672-3b9e4f4033d9\" data-immersive-translate-paragraph=\"1\">Deleite a su peque\u00f1o en el mundo de la comodidad con nuestra encantadora almohada moldeable Cute Bunny, una pieza esencial para beb\u00e9s de 0 a 6 meses. Adornada con un par de alegres orejas de conejito y un dulce dise\u00f1o, esta almohada no es solo un accesorio para dormir, sino una pieza cautivadora que a\u00f1ade un toque de fantas\u00eda al espacio de tu beb\u00e9.<\/div>\n<div class=\"auto-hide-last-sibling-br paragraph-qzbcQC paragraph-element br-paragraph-space\" data-immersive-translate-walked=\"8e61f2e7-6af2-46e5-9672-3b9e4f4033d9\" data-immersive-translate-paragraph=\"1\">Dise\u00f1ada con precisi\u00f3n, su forma \u00fanica ofrece un soporte suave pero firme a la delicada cabeza de su beb\u00e9, fomentando una forma perfecta de la cabeza mientras duerme durante sus preciosos primeros meses. Con un pr\u00e1ctico tama\u00f1o de 26<em data-immersive-translate-walked=\"8e61f2e7-6af2-46e5-9672-3b9e4f4033d9\">23<\/em>0\/3CM, es un compa\u00f1ero vers\u00e1til que se adapta perfectamente a diversos entornos.<\/div>\n<div class=\"auto-hide-last-sibling-br paragraph-qzbcQC paragraph-element br-paragraph-space\" data-immersive-translate-walked=\"8e61f2e7-6af2-46e5-9672-3b9e4f4033d9\" data-immersive-translate-paragraph=\"1\">Tanto si se coloca en el coraz\u00f3n de la cuna del beb\u00e9, creando un refugio de ensue\u00f1o para esas siestas tan esperadas, como si se mete en el cochecito durante una soleada tarde de paseo por el parque, esta almohada garantiza la comodidad de su beb\u00e9 en cualquier lugar. Incluso durante esas pernoctaciones en casa de la abuela, puede guardarse f\u00e1cilmente para recrear un entorno de sue\u00f1o familiar y acogedor.<\/div>\n<div class=\"auto-hide-last-sibling-br paragraph-qzbcQC paragraph-element br-paragraph-space\" data-immersive-translate-walked=\"8e61f2e7-6af2-46e5-9672-3b9e4f4033d9\" data-immersive-translate-paragraph=\"1\">Disponible en los encantadores tonos rosa suave y azul sereno, puede elegir el color que mejor complemente la decoraci\u00f3n de la habitaci\u00f3n de su beb\u00e9 o que simplemente se adapte a sus preferencias personales. Mejora la experiencia de sue\u00f1o de tu beb\u00e9 con esta almohada moldeable Cute Bunny, donde la funcionalidad se une a la ternura de la forma m\u00e1s encantadora.<\/div>","protected":false},"excerpt":{"rendered":"<p>La almohada moldeable Cute Bunny es un accesorio adorable y funcional para beb\u00e9s de 0 a 6 meses. Con la forma de un encantador conejito con bonitas orejas y una dulce carita, llama inmediatamente la atenci\u00f3n. Su dise\u00f1o especializado est\u00e1 pensado para sostener suavemente la cabeza del beb\u00e9, ayudando a mantener una forma saludable de la cabeza durante los cruciales primeros meses. Mide 26<em data-immersive-translate-walked=\"8e61f2e7-6af2-46e5-9672-3b9e4f4033d9\">23<\/em>0\/3CM, tiene el tama\u00f1o perfecto para caber c\u00f3modamente en una cuna o cochecito. Disponible en rosa suave y azul relajante, satisface diferentes preferencias est\u00e9ticas a la vez que proporciona un lugar suave y acogedor para que descanse tu peque\u00f1o.<\/p>","protected":false},"featured_media":3277,"comment_status":"open","ping_status":"closed","template":"","meta":{"_uag_custom_page_level_css":"","site-sidebar-layout":"default","site-content-layout":"","ast-site-content-layout":"default","site-content-style":"default","site-sidebar-style":"default","ast-global-header-display":"","ast-banner-title-visibility":"","ast-main-header-display":"","ast-hfb-above-header-display":"","ast-hfb-below-header-display":"","ast-hfb-mobile-header-display":"","site-post-title":"","ast-breadcrumbs-content":"","ast-featured-img":"","footer-sml-layout":"","ast-disable-related-posts":"","theme-transparent-header-meta":"default","adv-header-id-meta":"","stick-header-meta":"","header-above-stick-meta":"","header-main-stick-meta":"","header-below-stick-meta":"","astra-migrate-meta-layouts":"set","ast-page-background-enabled":"default","ast-page-background-meta":{"desktop":{"background-color":"","background-image":"","background-repeat":"repeat","background-position":"center center","background-size":"auto","background-attachment":"scroll","background-type":"","background-media":"","overlay-type":"","overlay-color":"","overlay-opacity":"","overlay-gradient":""},"tablet":{"background-color":"","background-image":"","background-repeat":"repeat","background-position":"center center","background-size":"auto","background-attachment":"scroll","background-type":"","background-media":"","overlay-type":"","overlay-color":"","overlay-opacity":"","overlay-gradient":""},"mobile":{"background-color":"","background-image":"","background-repeat":"repeat","background-position":"center center","background-size":"auto","background-attachment":"scroll","background-type":"","background-media":"","overlay-type":"","overlay-color":"","overlay-opacity":"","overlay-gradient":""}},"ast-content-background-meta":{"desktop":{"background-color":"var(--ast-global-color-5)","background-image":"","background-repeat":"repeat","background-position":"center center","background-size":"auto","background-attachment":"scroll","background-type":"","background-media":"","overlay-type":"","overlay-color":"","overlay-opacity":"","overlay-gradient":""},"tablet":{"background-color":"var(--ast-global-color-5)","background-image":"","background-repeat":"repeat","background-position":"center center","background-size":"auto","background-attachment":"scroll","background-type":"","background-media":"","overlay-type":"","overlay-color":"","overlay-opacity":"","overlay-gradient":""},"mobile":{"background-color":"var(--ast-global-color-5)","background-image":"","background-repeat":"repeat","background-position":"center center","background-size":"auto","background-attachment":"scroll","background-type":"","background-media":"","overlay-type":"","overlay-color":"","overlay-opacity":"","overlay-gradient":""}}},"product_brand":[],"product_cat":[54,42],"product_tag":[70,68,71,69],"class_list":{"0":"post-3256","1":"product","2":"type-product","3":"status-publish","4":"has-post-thumbnail","6":"product_cat-0-to-6months","7":"product_cat-merchandise","8":"product_tag-babypillow","9":"product_tag-cuteanimalpillow","10":"product_tag-headshapesupport","11":"product_tag-kouniushapingpillow","12":"desktop-align-left","13":"tablet-align-left","14":"mobile-align-left","16":"first","17":"instock","18":"featured","19":"shipping-taxable","20":"product-type-simple"},"aioseo_notices":[],"uagb_featured_image_src":{"full":["https:\/\/babypillowwholesale.com\/wp-content\/uploads\/2025\/03\/1123.jpg",1000,1000,false],"thumbnail":["https:\/\/babypillowwholesale.com\/wp-content\/uploads\/2025\/03\/1123-150x150.jpg",150,150,true],"medium":["https:\/\/babypillowwholesale.com\/wp-content\/uploads\/2025\/03\/1123-300x300.jpg",300,300,true],"medium_large":["https:\/\/babypillowwholesale.com\/wp-content\/uploads\/2025\/03\/1123-768x768.jpg",768,768,true],"large":["https:\/\/babypillowwholesale.com\/wp-content\/uploads\/2025\/03\/1123.jpg",1000,1000,false],"1536x1536":["https:\/\/babypillowwholesale.com\/wp-content\/uploads\/2025\/03\/1123.jpg",1000,1000,false],"2048x2048":["https:\/\/babypillowwholesale.com\/wp-content\/uploads\/2025\/03\/1123.jpg",1000,1000,false],"trp-custom-language-flag":["https:\/\/babypillowwholesale.com\/wp-content\/uploads\/2025\/03\/1123.jpg",12,12,false],"woocommerce_thumbnail":["https:\/\/babypillowwholesale.com\/wp-content\/uploads\/2025\/03\/1123-300x300.jpg",300,300,true],"woocommerce_single":["https:\/\/babypillowwholesale.com\/wp-content\/uploads\/2025\/03\/1123-600x600.jpg",600,600,true],"woocommerce_gallery_thumbnail":["https:\/\/babypillowwholesale.com\/wp-content\/uploads\/2025\/03\/1123-100x100.jpg",100,100,true]},"uagb_author_info":{"display_name":"Etnen zhong","author_link":"https:\/\/babypillowwholesale.com\/es\/author\/"},"uagb_comment_info":0,"uagb_excerpt":"The Cute Bunny Shaping Pillow is an adorable and functional accessory for infants aged 0 to 6 months. Shaped like a charming bunny with cute ears and a sweet face, it immediately catches the eye. Its specialized design is crafted to gently support a baby's head, helping to maintain a healthy head shape during the&hellip;","jetpack_sharing_enabled":true,"_links":{"self":[{"href":"https:\/\/babypillowwholesale.com\/es\/wp-json\/wp\/v2\/product\/3256","targetHints":{"allow":["GET"]}}],"collection":[{"href":"https:\/\/babypillowwholesale.com\/es\/wp-json\/wp\/v2\/product"}],"about":[{"href":"https:\/\/babypillowwholesale.com\/es\/wp-json\/wp\/v2\/types\/product"}],"replies":[{"embeddable":true,"href":"https:\/\/babypillowwholesale.com\/es\/wp-json\/wp\/v2\/comments?post=3256"}],"wp:featuredmedia":[{"embeddable":true,"href":"https:\/\/babypillowwholesale.com\/es\/wp-json\/wp\/v2\/media\/3277"}],"wp:attachment":[{"href":"https:\/\/babypillowwholesale.com\/es\/wp-json\/wp\/v2\/media?parent=3256"}],"wp:term":[{"taxonomy":"product_brand","embeddable":true,"href":"https:\/\/babypillowwholesale.com\/es\/wp-json\/wp\/v2\/product_brand?post=3256"},{"taxonomy":"product_cat","embeddable":true,"href":"https:\/\/babypillowwholesale.com\/es\/wp-json\/wp\/v2\/product_cat?post=3256"},{"taxonomy":"product_tag","embeddable":true,"href":"https:\/\/babypillowwholesale.com\/es\/wp-json\/wp\/v2\/product_tag?post=3256"}],"curies":[{"name":"wp","href":"https:\/\/api.w.org\/{rel}","templated":true}]}}