{"id":60,"date":"2025-02-17T16:07:49","date_gmt":"2025-02-17T16:07:49","guid":{"rendered":"http:\/\/babypillowwholesale.com\/contact-us\/"},"modified":"2025-06-17T15:13:05","modified_gmt":"2025-06-17T15:13:05","slug":"contact-us","status":"publish","type":"page","link":"https:\/\/babypillowwholesale.com\/es\/contact-us\/","title":{"rendered":"P\u00f3ngase en contacto con nosotros"},"content":{"rendered":"<div class=\"wp-block-uagb-container uagb-block-4ea82442 alignfull uagb-is-root-container\"><div class=\"uagb-container-inner-blocks-wrap\">\n<div class=\"wp-block-uagb-advanced-heading uagb-block-5cb667a4\"><h1 class=\"uagb-heading-text\">P\u00f3ngase en contacto con nosotros<\/h1><\/div>\n<\/div><\/div>\n\n\n\n<div class=\"wp-block-uagb-container uagb-block-cb631c61 alignfull uagb-is-root-container\"><div class=\"uagb-container-inner-blocks-wrap\">\n<div class=\"wp-block-uagb-info-box uagb-block-e36be1b3 uagb-infobox__content-wrap  uagb-infobox-icon-above-title uagb-infobox-image-valign-top\"><div class=\"uagb-ifb-content\"><div class=\"uagb-ifb-title-wrap\"><h5 class=\"uagb-ifb-title-prefix\">\u00bfTiene alguna duda?<\/h5><h2 class=\"uagb-ifb-title\">Estamos aqu\u00ed para ayudarle.<\/h2><\/div><div class=\"uagb-ifb-separator\"><\/div><\/div><\/div>\n\n\n\n<div class=\"wp-block-uagb-container uagb-block-8d478d84\">\n<div class=\"wp-block-uagb-container uagb-block-ad318174\">\n<div class=\"wp-block-uagb-advanced-heading uagb-block-803a4c96\"><h3 class=\"uagb-heading-text\">Ventas<\/h3><p class=\"uagb-desc-text\">Obtenga presupuestos exclusivos para mayoristas y consultas sobre productos. Nuestro equipo especializado ofrece asistencia personalizada para pedidos al por mayor.<\/p><\/div>\n<\/div>\n\n\n\n<div class=\"wp-block-uagb-container uagb-block-eedc770c\">\n<div class=\"wp-block-uagb-advanced-heading uagb-block-0152d9d2\"><h3 class=\"uagb-heading-text\">Quejas<\/h3><p class=\"uagb-desc-text\">Su satisfacci\u00f3n es nuestra prioridad. Respondemos y resolvemos los problemas relacionados con el producto o el servicio en un plazo de 24 horas.<\/p><\/div>\n<\/div>\n\n\n\n<div class=\"wp-block-uagb-container uagb-block-bbac4cb6\">\n<div class=\"wp-block-uagb-advanced-heading uagb-block-425262b5\"><h3 class=\"uagb-heading-text\">Devuelve<\/h3><p class=\"uagb-desc-text\">Pol\u00edtica de devoluciones sin complicaciones: Devoluciones de 30 d\u00edas sin preguntas. Env\u00ede sus solicitudes en l\u00ednea y los reembolsos se procesar\u00e1n al instante.<\/p><\/div>\n<\/div>\n\n\n\n<div class=\"wp-block-uagb-container uagb-block-78f5ccad\">\n<div class=\"wp-block-uagb-advanced-heading uagb-block-1e9a5949\"><h3 class=\"uagb-heading-text\">Marketing<\/h3><p class=\"uagb-desc-text\">Explorar colaboraciones de marca y oportunidades promocionales. Planes de marketing conjuntos personalizados y acceso a los canales materno-infantiles mundiales.<\/p><\/div>\n<\/div>\n<\/div>\n<\/div><\/div>\n\n\n\n<div class=\"wp-block-uagb-container uagb-block-18f504cd alignfull uagb-is-root-container\"><div class=\"uagb-container-inner-blocks-wrap\">\n<div class=\"wp-block-uagb-container uagb-block-4ca7ddd7\">\n<div class=\"wp-block-uagb-info-box uagb-block-5df65d14 uagb-infobox__content-wrap  uagb-infobox-icon-above-title uagb-infobox-image-valign-top wp-block-uagb-info-box--has-margin\"><div class=\"uagb-infobox-margin-wrapper\"><div class=\"uagb-ifb-content\"><div class=\"uagb-ifb-title-wrap\"><h6 class=\"uagb-ifb-title-prefix\">No seas un extra\u00f1o.<\/h6><h2 class=\"uagb-ifb-title\">Usted nos lo dice. Nosotros escuchamos.<\/h2><\/div><p class=\"uagb-ifb-desc\">Ya se trate de sugerencias de productos, comentarios sobre servicios o colaboraciones creativas, valoramos todas las voces. Env\u00ede el formulario o p\u00f3ngase en contacto con nosotros directamente, y nuestro equipo le dar\u00e1 una respuesta detallada en un plazo de 12 horas.<\/p><\/div><\/div><\/div>\n\n\n\n<div class=\"wp-block-uagb-info-box uagb-block-c6d7e24b uagb-infobox__content-wrap  uagb-infobox-icon-above-title uagb-infobox-image-valign-top\"><div class=\"uagb-ifb-content\"><div class=\"uagb-ifb-title-wrap\"><h3 class=\"uagb-ifb-title\">Informaci\u00f3n sobre la empresa<\/h3><\/div><p class=\"uagb-ifb-desc\"><strong>Nombre<\/strong>: Hangzhou Ethen Children's Products Co., Ltd.<br><strong>Correo electr\u00f3nico<\/strong>:info@babypillowwholesale.com<br><strong>n\u00famero de tel\u00e9fono<\/strong>:+8618479804836<br><strong>direcci\u00f3n<\/strong>Parque Industrial Gaoqiao, calle Cangqian, distrito de Yuhang, ciudad de Hangzhou<\/p><\/div><\/div>\n<\/div>\n\n\n\n<div class=\"wp-block-uagb-container uagb-block-7092669b\">\n<div class=\"wp-block-uagb-forms uagb-forms__outer-wrap uagb-block-c6fb3c47 uagb-forms__medium-btn\"><form class=\"uagb-forms-main-form\" method=\"post\" autocomplete=\"on\" name=\"uagb-form-c6fb3c47\" action=\"\">\n<div class=\"wp-block-uagb-forms-name uagb-forms-name-wrap uagb-forms-field-set uagb-block-d5b9304d\"><div class=\"uagb-forms-name-label required uagb-forms-input-label\" id=\"d5b9304d\">Nombre<\/div><input type=\"text\" placeholder=\"John\" required class=\"uagb-forms-name-input uagb-forms-input\" name=\"d5b9304d\" autocomplete=\"given-name\"\/><\/div>\n\n\n\n<div class=\"wp-block-uagb-forms-name uagb-forms-name-wrap uagb-forms-field-set uagb-block-0bbc98a6\"><div class=\"uagb-forms-name-label required uagb-forms-input-label\" id=\"0bbc98a6\">Apellido<\/div><input type=\"text\" placeholder=\"Doe\" required class=\"uagb-forms-name-input uagb-forms-input\" name=\"0bbc98a6\" autocomplete=\"family-name\"\/><\/div>\n\n\n\n<div class=\"wp-block-uagb-forms-email uagb-forms-email-wrap uagb-forms-field-set uagb-block-067e5284\"><div class=\"uagb-forms-email-label  uagb-forms-input-label\" id=\"067e5284\">Correo electr\u00f3nico<\/div><input type=\"email\" class=\"uagb-forms-email-input uagb-forms-input\" placeholder=\"example@mail.com\" name=\"067e5284\" autocomplete=\"email\"\/><\/div>\n\n\n\n<div class=\"wp-block-uagb-forms-textarea uagb-forms-textarea-wrap uagb-forms-field-set uagb-block-a32de756\"><div class=\"uagb-forms-textarea-label required uagb-forms-input-label\" id=\"a32de756\">Mensaje<\/div><textarea required class=\"uagb-forms-textarea-input uagb-forms-input\" rows=\"4\" placeholder=\"Escriba su mensaje\" name=\"a32de756\" autocomplete=\"off\"><\/textarea><\/div>\n<div class=\"uagb-forms-form-hidden-data\"><input type=\"hidden\" class=\"uagb_forms_form_label\" value=\"Spectra Form\"\/><input type=\"hidden\" class=\"uagb_forms_form_id\" value=\"uagb-form-c6fb3c47\"\/><\/div><div class=\"uagb-form-reacaptcha-error-c6fb3c47\"><\/div><div class=\"uagb-forms-main-submit-button-wrap wp-block-button\"><button class=\"uagb-forms-main-submit-button wp-block-button__link\"><div class=\"uagb-forms-main-submit-button-text\">Enviar<\/div><\/button><\/div><input type=\"hidden\" name=\"trp-form-language\" value=\"es\"\/><\/form><div class=\"uagb-forms-success-message-c6fb3c47 uagb-forms-submit-message-hide\"><span>El formulario se ha enviado correctamente.<\/span><\/div><div class=\"uagb-forms-failed-message-c6fb3c47 uagb-forms-submit-message-hide\"><span>Se ha producido un error al enviar el formulario. Por favor, compruebe de nuevo todos los campos del formulario.<\/span><\/div><\/div>\n<\/div>\n<\/div><\/div>","protected":false},"excerpt":{"rendered":"<p>Contact Us Sales Get exclusive wholesale quotes and product consultations. Our dedicated team provides 1-on-1 support for bulk orders. Complaints Your satisfaction is our priority! We respond to and resolve product or service issues within 24 hours. Returns Hassle-free return policy: 30-day no-questions-asked returns. Submit requests online, and refunds are processed instantly. Marketing Explore brand [&hellip;]<\/p>","protected":false},"author":1,"featured_media":0,"parent":0,"menu_order":0,"comment_status":"closed","ping_status":"closed","template":"","meta":{"_uag_custom_page_level_css":"","site-sidebar-layout":"no-sidebar","site-content-layout":"plain-container","ast-site-content-layout":"full-width-container","site-content-style":"default","site-sidebar-style":"default","ast-global-header-display":"","ast-banner-title-visibility":"","ast-main-header-display":"","ast-hfb-above-header-display":"","ast-hfb-below-header-display":"","ast-hfb-mobile-header-display":"","site-post-title":"disabled","ast-breadcrumbs-content":"","ast-featured-img":"","footer-sml-layout":"","ast-disable-related-posts":"","theme-transparent-header-meta":"enabled","adv-header-id-meta":"","stick-header-meta":"","header-above-stick-meta":"","header-main-stick-meta":"","header-below-stick-meta":"","astra-migrate-meta-layouts":"set","ast-page-background-enabled":"default","ast-page-background-meta":{"desktop":{"background-color":"","background-image":"","background-repeat":"repeat","background-position":"center center","background-size":"auto","background-attachment":"scroll","background-type":"","background-media":"","overlay-type":"","overlay-color":"","overlay-opacity":"","overlay-gradient":""},"tablet":{"background-color":"","background-image":"","background-repeat":"repeat","background-position":"center center","background-size":"auto","background-attachment":"scroll","background-type":"","background-media":"","overlay-type":"","overlay-color":"","overlay-opacity":"","overlay-gradient":""},"mobile":{"background-color":"","background-image":"","background-repeat":"repeat","background-position":"center center","background-size":"auto","background-attachment":"scroll","background-type":"","background-media":"","overlay-type":"","overlay-color":"","overlay-opacity":"","overlay-gradient":""}},"ast-content-background-meta":{"desktop":{"background-color":"var(--ast-global-color-5)","background-image":"","background-repeat":"repeat","background-position":"center center","background-size":"auto","background-attachment":"scroll","background-type":"","background-media":"","overlay-type":"","overlay-color":"","overlay-opacity":"","overlay-gradient":""},"tablet":{"background-color":"var(--ast-global-color-5)","background-image":"","background-repeat":"repeat","background-position":"center center","background-size":"auto","background-attachment":"scroll","background-type":"","background-media":"","overlay-type":"","overlay-color":"","overlay-opacity":"","overlay-gradient":""},"mobile":{"background-color":"var(--ast-global-color-5)","background-image":"","background-repeat":"repeat","background-position":"center center","background-size":"auto","background-attachment":"scroll","background-type":"","background-media":"","overlay-type":"","overlay-color":"","overlay-opacity":"","overlay-gradient":""}},"footnotes":""},"class_list":["post-60","page","type-page","status-publish","hentry"],"aioseo_notices":[],"uagb_featured_image_src":{"full":false,"thumbnail":false,"medium":false,"medium_large":false,"large":false,"1536x1536":false,"2048x2048":false,"trp-custom-language-flag":false,"woocommerce_thumbnail":false,"woocommerce_single":false,"woocommerce_gallery_thumbnail":false},"uagb_author_info":{"display_name":"Etnen zhong","author_link":"https:\/\/babypillowwholesale.com\/es\/author\/qq399438967gmail-com\/"},"uagb_comment_info":0,"uagb_excerpt":"Contact Us Sales Get exclusive wholesale quotes and product consultations. Our dedicated team provides 1-on-1 support for bulk orders. Complaints Your satisfaction is our priority! We respond to and resolve product or service issues within 24 hours. Returns Hassle-free return policy: 30-day no-questions-asked returns. Submit requests online, and refunds are processed instantly. Marketing Explore brand&hellip;","jetpack_sharing_enabled":true,"_links":{"self":[{"href":"https:\/\/babypillowwholesale.com\/es\/wp-json\/wp\/v2\/pages\/60","targetHints":{"allow":["GET"]}}],"collection":[{"href":"https:\/\/babypillowwholesale.com\/es\/wp-json\/wp\/v2\/pages"}],"about":[{"href":"https:\/\/babypillowwholesale.com\/es\/wp-json\/wp\/v2\/types\/page"}],"author":[{"embeddable":true,"href":"https:\/\/babypillowwholesale.com\/es\/wp-json\/wp\/v2\/users\/1"}],"replies":[{"embeddable":true,"href":"https:\/\/babypillowwholesale.com\/es\/wp-json\/wp\/v2\/comments?post=60"}],"version-history":[{"count":18,"href":"https:\/\/babypillowwholesale.com\/es\/wp-json\/wp\/v2\/pages\/60\/revisions"}],"predecessor-version":[{"id":3815,"href":"https:\/\/babypillowwholesale.com\/es\/wp-json\/wp\/v2\/pages\/60\/revisions\/3815"}],"wp:attachment":[{"href":"https:\/\/babypillowwholesale.com\/es\/wp-json\/wp\/v2\/media?parent=60"}],"curies":[{"name":"wp","href":"https:\/\/api.w.org\/{rel}","templated":true}]}}