{"id":3578,"date":"2025-04-22T03:36:18","date_gmt":"2025-04-22T03:36:18","guid":{"rendered":"https:\/\/babypillowwholesale.com\/?post_type=product&#038;p=3578"},"modified":"2025-06-04T14:26:49","modified_gmt":"2025-06-04T14:26:49","slug":"memory-foam-pillow-bread-shaped-pillow-core-2","status":"publish","type":"product","link":"https:\/\/babypillowwholesale.com\/de\/product\/memory-foam-pillow-bread-shaped-pillow-core-2\/","title":{"rendered":"Memory Foam Pillow - Brotf\u00f6rmiges Kopfkissen Core 2"},"content":{"rendered":"<div class=\"auto-hide-last-sibling-br paragraph-qzbcQC paragraph-element br-paragraph-space\">\n<div class=\"auto-hide-last-sibling-br paragraph-qzbcQC paragraph-element br-paragraph-space\">\n<div class=\"auto-hide-last-sibling-br paragraph-qzbcQC paragraph-element br-paragraph-space\">\n<div class=\"auto-hide-last-sibling-br paragraph-qzbcQC paragraph-element br-paragraph-space\">\n<div class=\"inter-wlTS5w\" data-immersive-translate-walked=\"d12d8f94-b8ff-4d99-b7de-4fecb356978f\">\n<div class=\"container-QE4ayg\">\n<div class=\"item-jU10IN\">\n<div class=\"container-jODEnh chrome70-container\">\n<div class=\"inner-eE95c9 inner-item-aL3Ui_\" data-target-id=\"message-box-target-id\" data-testid=\"union_message\">\n<div class=\"message-block-container-liuetz\" data-testid=\"message-block-container\">\n<div class=\"message-box-ZWbBdF\" data-testid=\"receive_message\" data-message-id=\"3380063449561346\">\n<div class=\"message-box-content-wrapper-srHdUj\">\n<div class=\"message-content message-box-content-otxGGw receive-message-box-content-_lREFj samantha-message-box-content-Qjmpja\" data-testid=\"message_content\">\n<div class=\"container-hfX5E8 flow-markdown-body theme-samantha-yJEgBp\" dir=\"ltr\" data-testid=\"message_text_content\" data-show-indicator=\"false\">\n<div class=\"auto-hide-last-sibling-br paragraph-qzbcQC paragraph-element br-paragraph-space\">\n<div class=\"auto-hide-last-sibling-br paragraph-qzbcQC paragraph-element br-paragraph-space\">\n<div class=\"auto-hide-last-sibling-br paragraph-qzbcQC paragraph-element br-paragraph-space\">\n<div class=\"inter-wlTS5w\" data-immersive-translate-walked=\"77882c95-9b81-4aae-b0d0-5a9dcc5f81ae\">\n<div class=\"container-QE4ayg\">\n<div class=\"item-jU10IN\">\n<div class=\"container-jODEnh chrome70-container\">\n<div class=\"inner-eE95c9 inner-item-aL3Ui_\" data-target-id=\"message-box-target-id\" data-testid=\"union_message\">\n<div class=\"message-block-container-liuetz\" data-testid=\"message-block-container\">\n<div class=\"message-box-ZWbBdF\" data-testid=\"receive_message\" data-message-id=\"3380868125114114\">\n<div class=\"message-box-content-wrapper-srHdUj\">\n<div class=\"message-content message-box-content-otxGGw receive-message-box-content-_lREFj samantha-message-box-content-Qjmpja\" data-testid=\"message_content\">\n<div class=\"container-hfX5E8 flow-markdown-body theme-samantha-yJEgBp\" dir=\"ltr\" data-testid=\"message_text_content\" data-show-indicator=\"false\">\n<div class=\"auto-hide-last-sibling-br paragraph-qzbcQC paragraph-element br-paragraph-space\">\n<div class=\"inter-wlTS5w\" data-immersive-translate-walked=\"ae741d9a-c7b7-4553-8b9c-89d410298392\">\n<div class=\"container-QE4ayg\">\n<div class=\"item-jU10IN\">\n<div class=\"container-jODEnh chrome70-container\">\n<div class=\"inner-eE95c9 inner-item-aL3Ui_\" data-target-id=\"message-box-target-id\" data-testid=\"union_message\">\n<div class=\"message-block-container-liuetz\" data-testid=\"message-block-container\">\n<div class=\"message-box-ZWbBdF\" data-testid=\"receive_message\" data-message-id=\"3440923554912770\">\n<div class=\"message-box-content-wrapper-srHdUj\">\n<div class=\"message-content message-box-content-otxGGw receive-message-box-content-_lREFj samantha-message-box-content-Qjmpja\" data-testid=\"message_content\">\n<div class=\"container-hfX5E8 flow-markdown-body theme-samantha-yJEgBp\" dir=\"ltr\" data-testid=\"message_text_content\" data-show-indicator=\"false\">\n<div class=\"auto-hide-last-sibling-br paragraph-qzbcQC paragraph-element br-paragraph-space\">\n<div class=\"auto-hide-last-sibling-br paragraph-qzbcQC paragraph-element br-paragraph-space\">\n<div class=\"auto-hide-last-sibling-br paragraph-qzbcQC paragraph-element br-paragraph-space\">\n<div class=\"inter-wlTS5w\" data-immersive-translate-walked=\"ae741d9a-c7b7-4553-8b9c-89d410298392\">\n<div class=\"container-QE4ayg\">\n<div class=\"item-jU10IN\">\n<div class=\"container-jODEnh chrome70-container\">\n<div class=\"inner-eE95c9 inner-item-aL3Ui_\" data-target-id=\"message-box-target-id\" data-testid=\"union_message\">\n<div class=\"message-block-container-liuetz\" data-testid=\"message-block-container\">\n<div class=\"message-box-ZWbBdF\" data-testid=\"receive_message\" data-message-id=\"3530982425931266\">\n<div class=\"message-box-content-wrapper-srHdUj\">\n<div class=\"message-content message-box-content-otxGGw receive-message-box-content-_lREFj samantha-message-box-content-Qjmpja\" data-testid=\"message_content\">\n<div class=\"container-hfX5E8 flow-markdown-body theme-samantha-yJEgBp\" dir=\"ltr\" data-testid=\"message_text_content\" data-show-indicator=\"false\">\n<div class=\"auto-hide-last-sibling-br paragraph-qzbcQC paragraph-element br-paragraph-space\">\n<div class=\"auto-hide-last-sibling-br paragraph-qzbcQC paragraph-element br-paragraph-space\">\n<div class=\"auto-hide-last-sibling-br paragraph-qzbcQC paragraph-element br-paragraph-space\">\n<div class=\"auto-hide-last-sibling-br paragraph-qzbcQC paragraph-element br-paragraph-space\">\n<div class=\"inter-wlTS5w\" data-immersive-translate-walked=\"ae741d9a-c7b7-4553-8b9c-89d410298392\">\n<div class=\"container-QE4ayg\">\n<div class=\"item-jU10IN\">\n<div class=\"container-jODEnh chrome70-container\">\n<div class=\"inner-eE95c9 inner-item-aL3Ui_\" data-target-id=\"message-box-target-id\" data-testid=\"union_message\">\n<div class=\"message-block-container-liuetz\" data-testid=\"message-block-container\">\n<div class=\"message-box-ZWbBdF\" data-testid=\"receive_message\" data-message-id=\"3554123368155650\">\n<div class=\"message-box-content-wrapper-srHdUj\">\n<div class=\"message-content message-box-content-otxGGw receive-message-box-content-_lREFj samantha-message-box-content-Qjmpja\" data-testid=\"message_content\">\n<div class=\"container-hfX5E8 flow-markdown-body theme-samantha-yJEgBp\" dir=\"ltr\" data-testid=\"message_text_content\" data-show-indicator=\"false\">\n<div class=\"auto-hide-last-sibling-br paragraph-qzbcQC paragraph-element br-paragraph-space\">\n<div class=\"auto-hide-last-sibling-br paragraph-qzbcQC paragraph-element br-paragraph-space\">\n<div class=\"auto-hide-last-sibling-br paragraph-qzbcQC paragraph-element br-paragraph-space\">\n<div class=\"auto-hide-last-sibling-br paragraph-qzbcQC paragraph-element br-paragraph-space\">\n<div class=\"auto-hide-last-sibling-br paragraph-qzbcQC paragraph-element br-paragraph-space\">\n<div class=\"auto-hide-last-sibling-br paragraph-qzbcQC paragraph-element br-paragraph-space\">\n<div class=\"auto-hide-last-sibling-br paragraph-qzbcQC paragraph-element br-paragraph-space\">\n<div class=\"auto-hide-last-sibling-br paragraph-qzbcQC paragraph-element br-paragraph-space\">\n<div class=\"inter-wlTS5w\">\n<div class=\"container-QE4ayg\">\n<div class=\"item-jU10IN\">\n<div class=\"container-jODEnh chrome70-container\">\n<div class=\"inner-eE95c9 inner-item-aPP257\" data-target-id=\"message-box-target-id\" data-testid=\"union_message\">\n<div class=\"message-block-container-cloZOG\" data-testid=\"message-block-container\">\n<div class=\"message-box-ZWbBdF\" data-testid=\"receive_message\" data-message-id=\"3724138692256258\">\n<div class=\"message-box-content-wrapper-srHdUj\">\n<div class=\"message-content message-box-content-otxGGw receive-message-box-content-x5iBzO samantha-message-box-content-aDu1aK\" data-testid=\"message_content\">\n<div class=\"container-hfX5E8 flow-markdown-body theme-samantha-yJEgBp\" dir=\"ltr\" data-testid=\"message_text_content\" data-show-indicator=\"false\">\n<div class=\"auto-hide-last-sibling-br paragraph-qzbcQC paragraph-element br-paragraph-space\">\n<div class=\"auto-hide-last-sibling-br paragraph-qzbcQC paragraph-element br-paragraph-space\">\n<div class=\"auto-hide-last-sibling-br paragraph-qzbcQC paragraph-element br-paragraph-space\">\n<div class=\"auto-hide-last-sibling-br paragraph-qzbcQC paragraph-element br-paragraph-space\">\n<div class=\"auto-hide-last-sibling-br paragraph-qzbcQC paragraph-element br-paragraph-space\">\n<div class=\"auto-hide-last-sibling-br paragraph-qzbcQC paragraph-element br-paragraph-space\">\n<div class=\"inter-wlTS5w\">\n<div class=\"container-QE4ayg\">\n<div class=\"item-jU10IN\">\n<div class=\"container-jODEnh chrome70-container\">\n<div class=\"inner-eE95c9 inner-item-aPP257\" data-target-id=\"message-box-target-id\" data-testid=\"union_message\">\n<div class=\"message-block-container-cloZOG\" data-testid=\"message-block-container\">\n<div class=\"message-box-ZWbBdF\" data-testid=\"receive_message\" data-message-id=\"3728488793742594\">\n<div class=\"message-box-content-wrapper-srHdUj\">\n<div class=\"message-content message-box-content-otxGGw receive-message-box-content-x5iBzO samantha-message-box-content-aDu1aK\" data-testid=\"message_content\">\n<div class=\"container-hfX5E8 flow-markdown-body theme-samantha-yJEgBp\" dir=\"ltr\" data-testid=\"message_text_content\" data-show-indicator=\"false\">\n<div class=\"auto-hide-last-sibling-br paragraph-qzbcQC paragraph-element br-paragraph-space\">\n<div class=\"auto-hide-last-sibling-br paragraph-qzbcQC paragraph-element br-paragraph-space\">\n<div class=\"auto-hide-last-sibling-br paragraph-qzbcQC paragraph-element br-paragraph-space\">\n<div class=\"auto-hide-last-sibling-br paragraph-qzbcQC paragraph-element br-paragraph-space\">\n<div class=\"auto-hide-last-sibling-br paragraph-qzbcQC paragraph-element br-paragraph-space\">\n<div class=\"auto-hide-last-sibling-br paragraph-qzbcQC paragraph-element br-paragraph-space\">\n<div class=\"auto-hide-last-sibling-br paragraph-qzbcQC paragraph-element br-paragraph-space\">\n<div class=\"auto-hide-last-sibling-br paragraph-qzbcQC paragraph-element br-paragraph-space\">Wir stellen unser Memory Foam Pillow - Bread shaped Pillow Core vor, eine erstklassige Wahl f\u00fcr den Komfort von Erwachsenen. Was es wirklich au\u00dfergew\u00f6hnlich macht, ist unser unvergleichlicher Anpassungsservice.<\/div>\n<p>&nbsp;<\/p>\n<div class=\"auto-hide-last-sibling-br paragraph-qzbcQC paragraph-element br-paragraph-space\">F\u00fcr diejenigen, die sich nach einem Hauch von mediterranem Charme sehnen, k\u00f6nnen wir den Polsterkern in eine malerische K\u00fcstenstadt verwandeln. Stellen Sie sich wei\u00df get\u00fcnchte Geb\u00e4ude mit leuchtend blauen Kuppeln vor, die sich an eine sonnengek\u00fcsste K\u00fcste schmiegen. Das tiefblaue Meer erstreckt sich bis zum Horizont und ist mit kleinen Fischerbooten \u00fcbers\u00e4t. Das warme Licht der untergehenden Sonne taucht die ganze Szene in eine entspannende und einladende Atmosph\u00e4re, die Ihnen hilft, nach einem langen Tag zu entspannen.<\/div>\n<p>&nbsp;<\/p>\n<div class=\"auto-hide-last-sibling-br paragraph-qzbcQC paragraph-element br-paragraph-space\">Wenn Sie eine moderne und urbane \u00c4sthetik bevorzugen, k\u00f6nnen wir ein Muster mit einer eleganten, zeitgen\u00f6ssischen Stadtskyline bei Nacht erstellen. Hohe Wolkenkratzer mit beleuchteten Fenstern ragen in den dunklen Himmel, w\u00e4hrend die Stra\u00dfen der Stadt im Schein der Stra\u00dfenlaternen und digitalen Reklametafeln lebendig sind. Die dynamische Energie der Stadt ist in diesem Design eingefangen und verleiht Ihrem Schlafzimmer einen trendigen und anspruchsvollen Touch.<\/div>\n<p>&nbsp;<\/p>\n<div class=\"auto-hide-last-sibling-br paragraph-qzbcQC paragraph-element br-paragraph-space\">F\u00fcr Naturliebhaber k\u00f6nnen wir ein Muster f\u00fcr eine \u00fcppige Waldlichtung erstellen. Hohe B\u00e4ume mit dichten Baumkronen filtern das Sonnenlicht und erzeugen ein schummriges Licht auf dem Waldboden. Wildblumen und Farne sorgen f\u00fcr Farbtupfer, und ein kleiner Bach schl\u00e4ngelt sich durch den Wald, dessen Rauschen Sie in einen friedlichen Schlaf wiegen kann.<\/div>\n<p>&nbsp;<\/p>\n<div class=\"auto-hide-last-sibling-br paragraph-qzbcQC paragraph-element br-paragraph-space\">Bei diesen ma\u00dfgeschneiderten Designs geht es nicht nur darum, den Kissenkern optisch ansprechend zu gestalten, sondern auch darum, ein Produkt zu schaffen, das sich auf dem Markt abhebt. Indem wir die Muster auf Ihre spezifischen Vorstellungen zuschneiden, helfen wir Ihnen, mehr Kunden anzuziehen, das Markenimage zu verbessern und den Umsatz zu steigern. So stellen wir sicher, dass dieser brotf\u00f6rmige Kissenkern ein Favorit unter Erwachsenen wird, die sowohl Komfort als auch Stil suchen.<\/div>\n<\/div>\n<\/div>\n<\/div>\n<\/div>\n<\/div>\n<\/div>\n<\/div>\n<\/div>\n<\/div>\n<\/div>\n<\/div>\n<\/div>\n<\/div>\n<\/div>\n<\/div>\n<\/div>\n<\/div>\n<\/div>\n<\/div>\n<\/div>\n<\/div>\n<\/div>\n<\/div>\n<\/div>\n<\/div>\n<\/div>\n<\/div>\n<\/div>\n<\/div>\n<\/div>\n<\/div>\n<\/div>\n<\/div>\n<\/div>\n<\/div>\n<\/div>\n<\/div>\n<\/div>\n<\/div>\n<\/div>\n<\/div>\n<\/div>\n<\/div>\n<\/div>\n<\/div>\n<\/div>\n<\/div>\n<\/div>\n<\/div>\n<\/div>\n<\/div>\n<\/div>\n<\/div>\n<\/div>\n<\/div>\n<\/div>\n<\/div>\n<\/div>\n<\/div>\n<\/div>\n<\/div>\n<\/div>\n<\/div>\n<\/div>\n<\/div>\n<\/div>\n<\/div>\n<\/div>\n<\/div>\n<\/div>\n<\/div>\n<\/div>\n<\/div>\n<\/div>\n<\/div>\n<\/div>\n<\/div>\n<\/div>\n<\/div>\n<\/div>\n<\/div>\n<\/div>\n<\/div>\n<\/div>\n<\/div>\n<\/div>\n<\/div>\n<\/div>\n<\/div>\n<\/div>\n<\/div>\n<\/div>\n<\/div>\n<\/div>\n<\/div>\n<\/div>\n<\/div>\n<\/div>\n<\/div>\n<\/div>\n<\/div>\n<\/div>\n<\/div>\n<\/div>\n<\/div>\n<\/div>","protected":false},"excerpt":{"rendered":"<div class=\"auto-hide-last-sibling-br paragraph-qzbcQC paragraph-element br-paragraph-space\">\n<div class=\"message-box-content-wrapper-srHdUj\">\n<div class=\"message-content message-box-content-otxGGw receive-message-box-content-_lREFj samantha-message-box-content-Qjmpja\" data-testid=\"message_content\">\n<div class=\"container-hfX5E8 flow-markdown-body theme-samantha-yJEgBp\" dir=\"ltr\" data-testid=\"message_text_content\" data-show-indicator=\"false\">\n<div class=\"auto-hide-last-sibling-br paragraph-qzbcQC paragraph-element br-paragraph-space\">\n<div class=\"container-QE4ayg\">\n<div class=\"item-jU10IN\">\n<div class=\"container-jODEnh chrome70-container\">\n<div class=\"inner-eE95c9 inner-item-aPP257\" data-target-id=\"message-box-target-id\" data-testid=\"union_message\">\n<div class=\"message-block-container-cloZOG\" data-testid=\"message-block-container\">\n<div class=\"message-box-ZWbBdF\" data-testid=\"receive_message\" data-message-id=\"3727627328512770\">\n<div class=\"message-box-content-wrapper-srHdUj\">\n<div class=\"message-content message-box-content-otxGGw receive-message-box-content-x5iBzO samantha-message-box-content-aDu1aK\" data-testid=\"message_content\">\n<div class=\"container-hfX5E8 flow-markdown-body theme-samantha-yJEgBp\" dir=\"ltr\" data-testid=\"message_text_content\" data-show-indicator=\"false\">\n<div class=\"auto-hide-last-sibling-br paragraph-qzbcQC paragraph-element br-paragraph-space\">Unser Memory Foam Pillow - Bread shaped Pillow Core ist f\u00fcr Erwachsene zugeschnitten. Es bietet umfangreiche Anpassungsm\u00f6glichkeiten. Wir k\u00f6nnen einzigartige und sch\u00f6ne Muster auf der Grundlage Ihrer Anforderungen erstellen. Zum Beispiel k\u00f6nnen wir ein Muster einer mediterranen K\u00fcstenstadt mit wei\u00df get\u00fcnchten Geb\u00e4uden und blauen Kuppeln mit Blick auf das Meer entwerfen, das ein Gef\u00fchl von Entspannung und Luxus ausstrahlt. Oder, f\u00fcr ein moderneres Gef\u00fchl, k\u00f6nnen wir ein Muster einer eleganten, modernen Stadtskyline bei Nacht entwerfen. Diese individuellen Designs heben Ihr Produkt hervor, ziehen mehr Kunden an und steigern den Umsatz.<\/div>\n<\/div>\n<\/div>\n<\/div>\n<\/div>\n<\/div>\n<\/div>\n<\/div>\n<\/div>\n<\/div>\n<\/div>\n<\/div>\n<\/div>\n<\/div>\n<\/div>","protected":false},"featured_media":3579,"comment_status":"open","ping_status":"closed","template":"","meta":{"_uag_custom_page_level_css":"","site-sidebar-layout":"default","site-content-layout":"","ast-site-content-layout":"default","site-content-style":"default","site-sidebar-style":"default","ast-global-header-display":"","ast-banner-title-visibility":"","ast-main-header-display":"","ast-hfb-above-header-display":"","ast-hfb-below-header-display":"","ast-hfb-mobile-header-display":"","site-post-title":"","ast-breadcrumbs-content":"","ast-featured-img":"","footer-sml-layout":"","ast-disable-related-posts":"","theme-transparent-header-meta":"default","adv-header-id-meta":"","stick-header-meta":"","header-above-stick-meta":"","header-main-stick-meta":"","header-below-stick-meta":"","astra-migrate-meta-layouts":"set","ast-page-background-enabled":"default","ast-page-background-meta":{"desktop":{"background-color":"","background-image":"","background-repeat":"repeat","background-position":"center center","background-size":"auto","background-attachment":"scroll","background-type":"","background-media":"","overlay-type":"","overlay-color":"","overlay-opacity":"","overlay-gradient":""},"tablet":{"background-color":"","background-image":"","background-repeat":"repeat","background-position":"center center","background-size":"auto","background-attachment":"scroll","background-type":"","background-media":"","overlay-type":"","overlay-color":"","overlay-opacity":"","overlay-gradient":""},"mobile":{"background-color":"","background-image":"","background-repeat":"repeat","background-position":"center center","background-size":"auto","background-attachment":"scroll","background-type":"","background-media":"","overlay-type":"","overlay-color":"","overlay-opacity":"","overlay-gradient":""}},"ast-content-background-meta":{"desktop":{"background-color":"var(--ast-global-color-5)","background-image":"","background-repeat":"repeat","background-position":"center center","background-size":"auto","background-attachment":"scroll","background-type":"","background-media":"","overlay-type":"","overlay-color":"","overlay-opacity":"","overlay-gradient":""},"tablet":{"background-color":"var(--ast-global-color-5)","background-image":"","background-repeat":"repeat","background-position":"center center","background-size":"auto","background-attachment":"scroll","background-type":"","background-media":"","overlay-type":"","overlay-color":"","overlay-opacity":"","overlay-gradient":""},"mobile":{"background-color":"var(--ast-global-color-5)","background-image":"","background-repeat":"repeat","background-position":"center center","background-size":"auto","background-attachment":"scroll","background-type":"","background-media":"","overlay-type":"","overlay-color":"","overlay-opacity":"","overlay-gradient":""}}},"product_brand":[],"product_cat":[61,32],"product_tag":[70,68,71,69],"class_list":{"0":"post-3578","1":"product","2":"type-product","3":"status-publish","4":"has-post-thumbnail","6":"product_cat-above-8-years-oem","7":"product_cat-customize","8":"product_tag-babypillow","9":"product_tag-cuteanimalpillow","10":"product_tag-headshapesupport","11":"product_tag-kouniushapingpillow","12":"desktop-align-left","13":"tablet-align-left","14":"mobile-align-left","16":"first","17":"instock","18":"shipping-taxable","19":"product-type-simple"},"aioseo_notices":[],"uagb_featured_image_src":{"full":["https:\/\/babypillowwholesale.com\/wp-content\/uploads\/2025\/04\/0016.jpg",1000,1000,false],"thumbnail":["https:\/\/babypillowwholesale.com\/wp-content\/uploads\/2025\/04\/0016-150x150.jpg",150,150,true],"medium":["https:\/\/babypillowwholesale.com\/wp-content\/uploads\/2025\/04\/0016-300x300.jpg",300,300,true],"medium_large":["https:\/\/babypillowwholesale.com\/wp-content\/uploads\/2025\/04\/0016-768x768.jpg",768,768,true],"large":["https:\/\/babypillowwholesale.com\/wp-content\/uploads\/2025\/04\/0016.jpg",1000,1000,false],"1536x1536":["https:\/\/babypillowwholesale.com\/wp-content\/uploads\/2025\/04\/0016.jpg",1000,1000,false],"2048x2048":["https:\/\/babypillowwholesale.com\/wp-content\/uploads\/2025\/04\/0016.jpg",1000,1000,false],"trp-custom-language-flag":["https:\/\/babypillowwholesale.com\/wp-content\/uploads\/2025\/04\/0016.jpg",12,12,false],"woocommerce_thumbnail":["https:\/\/babypillowwholesale.com\/wp-content\/uploads\/2025\/04\/0016-300x300.jpg",300,300,true],"woocommerce_single":["https:\/\/babypillowwholesale.com\/wp-content\/uploads\/2025\/04\/0016-600x600.jpg",600,600,true],"woocommerce_gallery_thumbnail":["https:\/\/babypillowwholesale.com\/wp-content\/uploads\/2025\/04\/0016-100x100.jpg",100,100,true]},"uagb_author_info":{"display_name":"Etnen zhong","author_link":"https:\/\/babypillowwholesale.com\/de\/author\/"},"uagb_comment_info":0,"uagb_excerpt":"Our Memory Foam Pillow - Bread shaped Pillow Core is tailored for adults. It offers extensive customization options. We can create unique and beautiful patterns based on your requirements. For example, we can design a pattern of a Mediterranean coastal town with white - washed buildings and blue domes overlooking the sea, exuding a sense&hellip;","jetpack_sharing_enabled":true,"_links":{"self":[{"href":"https:\/\/babypillowwholesale.com\/de\/wp-json\/wp\/v2\/product\/3578","targetHints":{"allow":["GET"]}}],"collection":[{"href":"https:\/\/babypillowwholesale.com\/de\/wp-json\/wp\/v2\/product"}],"about":[{"href":"https:\/\/babypillowwholesale.com\/de\/wp-json\/wp\/v2\/types\/product"}],"replies":[{"embeddable":true,"href":"https:\/\/babypillowwholesale.com\/de\/wp-json\/wp\/v2\/comments?post=3578"}],"wp:featuredmedia":[{"embeddable":true,"href":"https:\/\/babypillowwholesale.com\/de\/wp-json\/wp\/v2\/media\/3579"}],"wp:attachment":[{"href":"https:\/\/babypillowwholesale.com\/de\/wp-json\/wp\/v2\/media?parent=3578"}],"wp:term":[{"taxonomy":"product_brand","embeddable":true,"href":"https:\/\/babypillowwholesale.com\/de\/wp-json\/wp\/v2\/product_brand?post=3578"},{"taxonomy":"product_cat","embeddable":true,"href":"https:\/\/babypillowwholesale.com\/de\/wp-json\/wp\/v2\/product_cat?post=3578"},{"taxonomy":"product_tag","embeddable":true,"href":"https:\/\/babypillowwholesale.com\/de\/wp-json\/wp\/v2\/product_tag?post=3578"}],"curies":[{"name":"wp","href":"https:\/\/api.w.org\/{rel}","templated":true}]}}