{"id":3497,"date":"2025-04-19T12:47:24","date_gmt":"2025-04-19T12:47:24","guid":{"rendered":"https:\/\/babypillowwholesale.com\/?post_type=product&#038;p=3497"},"modified":"2025-06-05T13:57:14","modified_gmt":"2025-06-05T13:57:14","slug":"memory-foam-pillow-heart-shaped-pillow-core","status":"publish","type":"product","link":"https:\/\/babypillowwholesale.com\/de\/product\/memory-foam-pillow-heart-shaped-pillow-core\/","title":{"rendered":"Memory Foam Pillow - Herzf\u00f6rmiger Kissenkern"},"content":{"rendered":"<div class=\"auto-hide-last-sibling-br paragraph-qzbcQC paragraph-element br-paragraph-space\">\n<div class=\"auto-hide-last-sibling-br paragraph-qzbcQC paragraph-element br-paragraph-space\">\n<div class=\"auto-hide-last-sibling-br paragraph-qzbcQC paragraph-element br-paragraph-space\">\n<div class=\"auto-hide-last-sibling-br paragraph-qzbcQC paragraph-element br-paragraph-space\">\n<div class=\"inter-wlTS5w\" data-immersive-translate-walked=\"d12d8f94-b8ff-4d99-b7de-4fecb356978f\">\n<div class=\"container-QE4ayg\">\n<div class=\"item-jU10IN\">\n<div class=\"container-jODEnh chrome70-container\">\n<div class=\"inner-eE95c9 inner-item-aL3Ui_\" data-target-id=\"message-box-target-id\" data-testid=\"union_message\">\n<div class=\"message-block-container-liuetz\" data-testid=\"message-block-container\">\n<div class=\"message-box-ZWbBdF\" data-testid=\"receive_message\" data-message-id=\"3380063449561346\">\n<div class=\"message-box-content-wrapper-srHdUj\">\n<div class=\"message-content message-box-content-otxGGw receive-message-box-content-_lREFj samantha-message-box-content-Qjmpja\" data-testid=\"message_content\">\n<div class=\"container-hfX5E8 flow-markdown-body theme-samantha-yJEgBp\" dir=\"ltr\" data-testid=\"message_text_content\" data-show-indicator=\"false\">\n<div class=\"auto-hide-last-sibling-br paragraph-qzbcQC paragraph-element br-paragraph-space\">\n<div class=\"auto-hide-last-sibling-br paragraph-qzbcQC paragraph-element br-paragraph-space\">Dieses exklusiv f\u00fcr Babys im Alter von 0 bis 6 Monaten gefertigte Memory Foam Pillow - Heart - shaped Pillow Core ist ein Zeugnis von pers\u00f6nlichem Luxus. Wir sind stolz auf unsere F\u00e4higkeit, diesen ohnehin schon bezaubernden herzf\u00f6rmigen Kern in ein ma\u00dfgeschneidertes Kunstwerk zu verwandeln, das auch den anspruchsvollsten Geschm\u00e4ckern gerecht wird.<\/div>\n<p>&nbsp;<\/p>\n<div class=\"auto-hide-last-sibling-br paragraph-qzbcQC paragraph-element br-paragraph-space\">F\u00fcr diejenigen, die in Launenhaftigkeit tr\u00e4umen, stellen Sie sich eine Konstellation aus funkelnden Sternen und einer l\u00e4chelnden Mondsichel vor, die zart \u00fcber das Herz gedruckt ist. Jeder Stern scheint ein Universum von Tr\u00e4umen zu enthalten und schafft eine himmlische Oase, die beruhigt und fesselt. Wenn Sie die Sch\u00f6nheit der Natur bevorzugen, stellen Sie sich \u00fcppige, gr\u00fcne Bl\u00e4tter vor, die sich mit zarten, bl\u00fchenden Blumen verflechten. Die in sanften, beruhigenden Farbt\u00f6nen gehaltenen Bl\u00fctenbl\u00e4tter bringen die Frische eines Fr\u00fchlingsgartens auf das Kissen und bieten eine heitere und erfrischende visuelle Umarmung.<\/div>\n<p>&nbsp;<\/p>\n<div class=\"auto-hide-last-sibling-br paragraph-qzbcQC paragraph-element br-paragraph-space\">F\u00fcr den modern denkenden Menschen lassen sich klare, minimalistische Linien und geometrische Muster nahtlos integrieren. Scharfe Winkel und sanfte Kurven kreuzen sich in einem Tanz des zeitgen\u00f6ssischen Designs und schaffen einen Look, der sowohl stilvoll als auch herzerw\u00e4rmend ist. Diese Muster sind nicht einfach nur Dekoration, sie sind ein Statement, das die einzigartige Pers\u00f6nlichkeit und den Geschmack des Kinderzimmers widerspiegelt.<\/div>\n<p>&nbsp;<\/p>\n<div class=\"auto-hide-last-sibling-br paragraph-qzbcQC paragraph-element br-paragraph-space\">Jedes individuell gestaltete Muster wird mit \u00e4u\u00dferster Pr\u00e4zision und Sorgfalt ausgef\u00fchrt, wobei nur die sichersten, ungiftigen Druckfarben verwendet werden. So wird sichergestellt, dass jeder Kissenkern nicht nur ein optisches Meisterwerk ist, sondern auch ein sicherer und komfortabler Ort f\u00fcr Ihr Kind.<\/div>\n<p>&nbsp;<\/p>\n<div class=\"auto-hide-last-sibling-br paragraph-qzbcQC paragraph-element br-paragraph-space\">Mit diesem breiten Spektrum an Anpassungsm\u00f6glichkeiten k\u00f6nnen Sie jeden \u00e4sthetischen Wunsch erf\u00fcllen. Ob ein skurriles Wunderland, ein nat\u00fcrlicher R\u00fcckzugsort oder eine moderne, minimalistische Oase - dieser herzf\u00f6rmige Kissenkern kann so gestaltet werden, dass er die Erwartungen erf\u00fcllt und \u00fcbertrifft. In einem Markt, der mit generischen Produkten ges\u00e4ttigt ist, sorgen unsere ma\u00dfgeschneiderten Designs daf\u00fcr, dass Ihr Angebot heraussticht, Aufmerksamkeit erregt und Herzen gewinnt. Dieses Ma\u00df an Personalisierung steigert nicht nur den Umsatz, sondern schafft auch eine tiefere Verbindung zu Ihren Kunden, da Sie ihnen ein Produkt anbieten, das so einzigartig ist wie ihr Kind.<\/div>\n<p>&nbsp;<\/p>\n<div class=\"auto-hide-last-sibling-br paragraph-qzbcQC paragraph-element br-paragraph-space\">Werten Sie Ihre Produktlinie mit unserem Memory Foam Pillow - Heart - shaped Pillow Core auf, wo Individualit\u00e4t auf Luxus trifft und jedes Kissen eine einzigartige Geschichte erz\u00e4hlt.<\/div>\n<\/div>\n<\/div>\n<\/div>\n<\/div>\n<\/div>\n<\/div>\n<\/div>\n<\/div>\n<\/div>\n<\/div>\n<\/div>\n<\/div>\n<\/div>\n<\/div>\n<\/div>","protected":false},"excerpt":{"rendered":"<div class=\"auto-hide-last-sibling-br paragraph-qzbcQC paragraph-element br-paragraph-space\">Dieses Memory Foam Pillow - Heart - shaped Pillow Core, das f\u00fcr Babys im Alter von 0 bis 6 Monaten entwickelt wurde, bietet einen gro\u00dfen Vorteil bei der individuellen Gestaltung. Wir k\u00f6nnen exquisite, ma\u00dfgeschneiderte Muster anfertigen, die Ihren spezifischen Anforderungen entsprechen. Wenn Ihre Kunden zum Beispiel niedliche Designs lieben, k\u00f6nnen wir charmante Zeichentrickfiguren oder zierliche Blumenmotive aufdrucken. Sie bevorzugen eine elegante Note? Schlichte, aber stilvolle geometrische Muster oder sanfte Pastellverl\u00e4ufe k\u00f6nnen verwendet werden. Diese ma\u00dfgeschneiderten Designs erh\u00f6hen nicht nur die visuelle Anziehungskraft des Produkts, sondern machen es auch zu einem Blickfang auf dem Markt, der mehr K\u00e4ufer anlockt und den Umsatz steigert. Indem Sie sich an die verschiedenen Designvorlieben anpassen, k\u00f6nnen Sie ein Produkt anbieten, das perfekt auf die \u00c4sthetik der verschiedenen Verbraucher abgestimmt ist, und sich so einen Wettbewerbsvorteil sichern.<\/div>","protected":false},"featured_media":3498,"comment_status":"open","ping_status":"closed","template":"","meta":{"_uag_custom_page_level_css":"","site-sidebar-layout":"default","site-content-layout":"","ast-site-content-layout":"default","site-content-style":"default","site-sidebar-style":"default","ast-global-header-display":"","ast-banner-title-visibility":"","ast-main-header-display":"","ast-hfb-above-header-display":"","ast-hfb-below-header-display":"","ast-hfb-mobile-header-display":"","site-post-title":"","ast-breadcrumbs-content":"","ast-featured-img":"","footer-sml-layout":"","ast-disable-related-posts":"","theme-transparent-header-meta":"default","adv-header-id-meta":"","stick-header-meta":"","header-above-stick-meta":"","header-main-stick-meta":"","header-below-stick-meta":"","astra-migrate-meta-layouts":"set","ast-page-background-enabled":"default","ast-page-background-meta":{"desktop":{"background-color":"","background-image":"","background-repeat":"repeat","background-position":"center center","background-size":"auto","background-attachment":"scroll","background-type":"","background-media":"","overlay-type":"","overlay-color":"","overlay-opacity":"","overlay-gradient":""},"tablet":{"background-color":"","background-image":"","background-repeat":"repeat","background-position":"center center","background-size":"auto","background-attachment":"scroll","background-type":"","background-media":"","overlay-type":"","overlay-color":"","overlay-opacity":"","overlay-gradient":""},"mobile":{"background-color":"","background-image":"","background-repeat":"repeat","background-position":"center center","background-size":"auto","background-attachment":"scroll","background-type":"","background-media":"","overlay-type":"","overlay-color":"","overlay-opacity":"","overlay-gradient":""}},"ast-content-background-meta":{"desktop":{"background-color":"var(--ast-global-color-5)","background-image":"","background-repeat":"repeat","background-position":"center center","background-size":"auto","background-attachment":"scroll","background-type":"","background-media":"","overlay-type":"","overlay-color":"","overlay-opacity":"","overlay-gradient":""},"tablet":{"background-color":"var(--ast-global-color-5)","background-image":"","background-repeat":"repeat","background-position":"center center","background-size":"auto","background-attachment":"scroll","background-type":"","background-media":"","overlay-type":"","overlay-color":"","overlay-opacity":"","overlay-gradient":""},"mobile":{"background-color":"var(--ast-global-color-5)","background-image":"","background-repeat":"repeat","background-position":"center center","background-size":"auto","background-attachment":"scroll","background-type":"","background-media":"","overlay-type":"","overlay-color":"","overlay-opacity":"","overlay-gradient":""}}},"product_brand":[],"product_cat":[65,32],"product_tag":[70,68,71,69],"class_list":{"0":"post-3497","1":"product","2":"type-product","3":"status-publish","4":"has-post-thumbnail","6":"product_cat-0-to-6months-oem","7":"product_cat-customize","8":"product_tag-babypillow","9":"product_tag-cuteanimalpillow","10":"product_tag-headshapesupport","11":"product_tag-kouniushapingpillow","12":"desktop-align-left","13":"tablet-align-left","14":"mobile-align-left","16":"first","17":"instock","18":"shipping-taxable","19":"product-type-simple"},"aioseo_notices":[],"uagb_featured_image_src":{"full":["https:\/\/babypillowwholesale.com\/wp-content\/uploads\/2025\/04\/0020.jpg",1000,1000,false],"thumbnail":["https:\/\/babypillowwholesale.com\/wp-content\/uploads\/2025\/04\/0020-150x150.jpg",150,150,true],"medium":["https:\/\/babypillowwholesale.com\/wp-content\/uploads\/2025\/04\/0020-300x300.jpg",300,300,true],"medium_large":["https:\/\/babypillowwholesale.com\/wp-content\/uploads\/2025\/04\/0020-768x768.jpg",768,768,true],"large":["https:\/\/babypillowwholesale.com\/wp-content\/uploads\/2025\/04\/0020.jpg",1000,1000,false],"1536x1536":["https:\/\/babypillowwholesale.com\/wp-content\/uploads\/2025\/04\/0020.jpg",1000,1000,false],"2048x2048":["https:\/\/babypillowwholesale.com\/wp-content\/uploads\/2025\/04\/0020.jpg",1000,1000,false],"trp-custom-language-flag":["https:\/\/babypillowwholesale.com\/wp-content\/uploads\/2025\/04\/0020.jpg",12,12,false],"woocommerce_thumbnail":["https:\/\/babypillowwholesale.com\/wp-content\/uploads\/2025\/04\/0020-300x300.jpg",300,300,true],"woocommerce_single":["https:\/\/babypillowwholesale.com\/wp-content\/uploads\/2025\/04\/0020-600x600.jpg",600,600,true],"woocommerce_gallery_thumbnail":["https:\/\/babypillowwholesale.com\/wp-content\/uploads\/2025\/04\/0020-100x100.jpg",100,100,true]},"uagb_author_info":{"display_name":"Etnen zhong","author_link":"https:\/\/babypillowwholesale.com\/de\/author\/"},"uagb_comment_info":0,"uagb_excerpt":"This Memory Foam Pillow - Heart - shaped Pillow Core, designed for babies aged 0 - 6 months, offers a powerful customization advantage. We can craft exquisite, tailored patterns to meet your specific needs. For example, if your customers adore cute styles, we can print charming cartoon characters or dainty floral motifs. Prefer an elegant&hellip;","jetpack_sharing_enabled":true,"_links":{"self":[{"href":"https:\/\/babypillowwholesale.com\/de\/wp-json\/wp\/v2\/product\/3497","targetHints":{"allow":["GET"]}}],"collection":[{"href":"https:\/\/babypillowwholesale.com\/de\/wp-json\/wp\/v2\/product"}],"about":[{"href":"https:\/\/babypillowwholesale.com\/de\/wp-json\/wp\/v2\/types\/product"}],"replies":[{"embeddable":true,"href":"https:\/\/babypillowwholesale.com\/de\/wp-json\/wp\/v2\/comments?post=3497"}],"wp:featuredmedia":[{"embeddable":true,"href":"https:\/\/babypillowwholesale.com\/de\/wp-json\/wp\/v2\/media\/3498"}],"wp:attachment":[{"href":"https:\/\/babypillowwholesale.com\/de\/wp-json\/wp\/v2\/media?parent=3497"}],"wp:term":[{"taxonomy":"product_brand","embeddable":true,"href":"https:\/\/babypillowwholesale.com\/de\/wp-json\/wp\/v2\/product_brand?post=3497"},{"taxonomy":"product_cat","embeddable":true,"href":"https:\/\/babypillowwholesale.com\/de\/wp-json\/wp\/v2\/product_cat?post=3497"},{"taxonomy":"product_tag","embeddable":true,"href":"https:\/\/babypillowwholesale.com\/de\/wp-json\/wp\/v2\/product_tag?post=3497"}],"curies":[{"name":"wp","href":"https:\/\/api.w.org\/{rel}","templated":true}]}}