{"id":3493,"date":"2025-04-19T12:14:12","date_gmt":"2025-04-19T12:14:12","guid":{"rendered":"https:\/\/babypillowwholesale.com\/?post_type=product&#038;p=3493"},"modified":"2025-06-05T14:36:07","modified_gmt":"2025-06-05T14:36:07","slug":"memory-foam-pillow-c-shaped-pillow-core","status":"publish","type":"product","link":"https:\/\/babypillowwholesale.com\/de\/product\/memory-foam-pillow-c-shaped-pillow-core\/","title":{"rendered":"Memory Foam Pillow - C - f\u00f6rmiger Kissenkern"},"content":{"rendered":"<div class=\"auto-hide-last-sibling-br paragraph-qzbcQC paragraph-element br-paragraph-space\">\n<div class=\"auto-hide-last-sibling-br paragraph-qzbcQC paragraph-element br-paragraph-space\">\n<div class=\"auto-hide-last-sibling-br paragraph-qzbcQC paragraph-element br-paragraph-space\">\n<div class=\"auto-hide-last-sibling-br paragraph-qzbcQC paragraph-element br-paragraph-space\">\n<div class=\"inter-wlTS5w\" data-immersive-translate-walked=\"d12d8f94-b8ff-4d99-b7de-4fecb356978f\">\n<div class=\"container-QE4ayg\">\n<div class=\"item-jU10IN\">\n<div class=\"container-jODEnh chrome70-container\">\n<div class=\"inner-eE95c9 inner-item-aL3Ui_\" data-target-id=\"message-box-target-id\" data-testid=\"union_message\">\n<div class=\"message-block-container-liuetz\" data-testid=\"message-block-container\">\n<div class=\"message-box-ZWbBdF\" data-testid=\"receive_message\" data-message-id=\"3380063449561346\">\n<div class=\"message-box-content-wrapper-srHdUj\">\n<div class=\"message-content message-box-content-otxGGw receive-message-box-content-_lREFj samantha-message-box-content-Qjmpja\" data-testid=\"message_content\">\n<div class=\"container-hfX5E8 flow-markdown-body theme-samantha-yJEgBp\" dir=\"ltr\" data-testid=\"message_text_content\" data-show-indicator=\"false\">\n<div class=\"auto-hide-last-sibling-br paragraph-qzbcQC paragraph-element br-paragraph-space\">Das Memory Foam Pillow - C - shaped Pillow Core ist ein unverzichtbares Schlafmittel, das sorgf\u00e4ltig f\u00fcr den zarten Komfort von Babys im Alter von 0 bis 6 Monaten entwickelt wurde. Seine ikonische C-Form ist nicht nur eine Form, sondern der Ausgangspunkt f\u00fcr eine ma\u00dfgeschneiderte Reise.<\/div>\n<p>&nbsp;<\/p>\n<div class=\"auto-hide-last-sibling-br paragraph-qzbcQC paragraph-element br-paragraph-space\">Wir wissen, dass die Konturen eines jeden Babys so einzigartig sind wie sein erstes L\u00e4cheln. Deshalb bieten wir die einzigartige M\u00f6glichkeit, die Kr\u00fcmmung und Dicke dieses Kissenkerns zu verfeinern. Ganz gleich, ob Ihr Kleines eine sanfte, kuschelige Umarmung oder eine robustere St\u00fctzstruktur ben\u00f6tigt, wir k\u00f6nnen es perfekt formen und eine Passform gew\u00e4hrleisten, die so individuell ist wie es selbst.<\/div>\n<p>&nbsp;<\/p>\n<div class=\"auto-hide-last-sibling-br paragraph-qzbcQC paragraph-element br-paragraph-space\">Die Oberfl\u00e4che dieses C-f\u00f6rmigen Wunders ist ein Tor zu einer Welt der Fantasie. Wir verwenden nur die sichersten, ungiftigen Druckfarben und k\u00f6nnen es mit Mustern verzieren, die vor Laune zu tanzen scheinen. Stellen Sie sich eine Kaskade pastellfarbener Wellen vor, die Ihr Baby in einen vertr\u00e4umten Schlummer am Meer entf\u00fchren, oder eine Konstellation glitzernder Sterne, die jeden Mittagsschlaf in ein himmlisches Abenteuer verwandelt. Dies sind nicht einfach nur Designs, sondern Tore zu einem Reich, in dem Komfort und Kreativit\u00e4t aufeinandertreffen.<\/div>\n<p>&nbsp;<\/p>\n<div class=\"auto-hide-last-sibling-br paragraph-qzbcQC paragraph-element br-paragraph-space\">Aber damit ist die Individualisierung noch nicht zu Ende. Der hydrophile Schaumstoff, der den Kern der Matratze bildet, bietet eine Vielzahl von M\u00f6glichkeiten f\u00fcr das Gef\u00fchl. Wir k\u00f6nnen die Festigkeit genau auf Ihre Bed\u00fcrfnisse abstimmen, egal ob Sie sich die pl\u00fcschige Weichheit einer wolkenartigen Wiege oder die beruhigende Stabilit\u00e4t einer st\u00e4rker strukturierten St\u00fctze w\u00fcnschen. Es ist diese Hingabe zur Individualit\u00e4t, dieses Streben nach dem Au\u00dfergew\u00f6hnlichen, das unser Hydrophilic Foam Pillow - C - shaped Pillow Core von einem blo\u00dfen Produkt in ein gesch\u00e4tztes, einzigartiges Wiegenlied f\u00fcr den Schlummer Ihres Babys verwandelt.<\/div>\n<\/div>\n<\/div>\n<\/div>\n<\/div>\n<\/div>\n<\/div>\n<\/div>\n<\/div>\n<\/div>\n<\/div>\n<\/div>\n<\/div>\n<\/div>\n<\/div>","protected":false},"excerpt":{"rendered":"<div class=\"auto-hide-last-sibling-br paragraph-qzbcQC paragraph-element br-paragraph-space\">Dieses Memory Foam Pillow - C - shaped Pillow Core, das f\u00fcr Babys im Alter von 0 - 6 Monaten entwickelt wurde, bietet eine F\u00fclle von Anpassungs- und Gestaltungsm\u00f6glichkeiten. Seine charakteristische C-Form kann weiter verfeinert werden. Wir k\u00f6nnen die W\u00f6lbung und die Dicke des Kissenkerns so anpassen, dass er sich besser an die K\u00f6rperkontur des Babys anpasst und so den Komfort und die Unterst\u00fctzung verbessert. Die Oberfl\u00e4che kann mit ungiftigen, babyfreundlichen Mustern, wie z. B. sanften, pastellfarbenen Wellen oder niedlichen kleinen Sternen, verziert werden, was dem Kissen einen besonderen Charme verleiht. Dar\u00fcber hinaus kann die Festigkeit des hydrophilen Schaums an die jeweiligen Bed\u00fcrfnisse angepasst werden, sei es ein weicheres Gef\u00fchl f\u00fcr mehr Polsterung oder eine festere Textur f\u00fcr mehr Stabilit\u00e4t. Auf diese Weise k\u00f6nnen die Eltern einen wirklich individuellen Kissenkern schaffen, der den einzigartigen Anforderungen ihres Babys entspricht.<\/div>","protected":false},"featured_media":3494,"comment_status":"open","ping_status":"closed","template":"","meta":{"_uag_custom_page_level_css":"","site-sidebar-layout":"default","site-content-layout":"","ast-site-content-layout":"default","site-content-style":"default","site-sidebar-style":"default","ast-global-header-display":"","ast-banner-title-visibility":"","ast-main-header-display":"","ast-hfb-above-header-display":"","ast-hfb-below-header-display":"","ast-hfb-mobile-header-display":"","site-post-title":"","ast-breadcrumbs-content":"","ast-featured-img":"","footer-sml-layout":"","ast-disable-related-posts":"","theme-transparent-header-meta":"default","adv-header-id-meta":"","stick-header-meta":"","header-above-stick-meta":"","header-main-stick-meta":"","header-below-stick-meta":"","astra-migrate-meta-layouts":"set","ast-page-background-enabled":"default","ast-page-background-meta":{"desktop":{"background-color":"","background-image":"","background-repeat":"repeat","background-position":"center center","background-size":"auto","background-attachment":"scroll","background-type":"","background-media":"","overlay-type":"","overlay-color":"","overlay-opacity":"","overlay-gradient":""},"tablet":{"background-color":"","background-image":"","background-repeat":"repeat","background-position":"center center","background-size":"auto","background-attachment":"scroll","background-type":"","background-media":"","overlay-type":"","overlay-color":"","overlay-opacity":"","overlay-gradient":""},"mobile":{"background-color":"","background-image":"","background-repeat":"repeat","background-position":"center center","background-size":"auto","background-attachment":"scroll","background-type":"","background-media":"","overlay-type":"","overlay-color":"","overlay-opacity":"","overlay-gradient":""}},"ast-content-background-meta":{"desktop":{"background-color":"var(--ast-global-color-5)","background-image":"","background-repeat":"repeat","background-position":"center center","background-size":"auto","background-attachment":"scroll","background-type":"","background-media":"","overlay-type":"","overlay-color":"","overlay-opacity":"","overlay-gradient":""},"tablet":{"background-color":"var(--ast-global-color-5)","background-image":"","background-repeat":"repeat","background-position":"center center","background-size":"auto","background-attachment":"scroll","background-type":"","background-media":"","overlay-type":"","overlay-color":"","overlay-opacity":"","overlay-gradient":""},"mobile":{"background-color":"var(--ast-global-color-5)","background-image":"","background-repeat":"repeat","background-position":"center center","background-size":"auto","background-attachment":"scroll","background-type":"","background-media":"","overlay-type":"","overlay-color":"","overlay-opacity":"","overlay-gradient":""}}},"product_brand":[],"product_cat":[65,32],"product_tag":[70,68,71,69],"class_list":{"0":"post-3493","1":"product","2":"type-product","3":"status-publish","4":"has-post-thumbnail","6":"product_cat-0-to-6months-oem","7":"product_cat-customize","8":"product_tag-babypillow","9":"product_tag-cuteanimalpillow","10":"product_tag-headshapesupport","11":"product_tag-kouniushapingpillow","12":"desktop-align-left","13":"tablet-align-left","14":"mobile-align-left","16":"first","17":"instock","18":"shipping-taxable","19":"product-type-simple"},"aioseo_notices":[],"uagb_featured_image_src":{"full":["https:\/\/babypillowwholesale.com\/wp-content\/uploads\/2025\/04\/0005.jpg",1000,1000,false],"thumbnail":["https:\/\/babypillowwholesale.com\/wp-content\/uploads\/2025\/04\/0005-150x150.jpg",150,150,true],"medium":["https:\/\/babypillowwholesale.com\/wp-content\/uploads\/2025\/04\/0005-300x300.jpg",300,300,true],"medium_large":["https:\/\/babypillowwholesale.com\/wp-content\/uploads\/2025\/04\/0005-768x768.jpg",768,768,true],"large":["https:\/\/babypillowwholesale.com\/wp-content\/uploads\/2025\/04\/0005.jpg",1000,1000,false],"1536x1536":["https:\/\/babypillowwholesale.com\/wp-content\/uploads\/2025\/04\/0005.jpg",1000,1000,false],"2048x2048":["https:\/\/babypillowwholesale.com\/wp-content\/uploads\/2025\/04\/0005.jpg",1000,1000,false],"trp-custom-language-flag":["https:\/\/babypillowwholesale.com\/wp-content\/uploads\/2025\/04\/0005.jpg",12,12,false],"woocommerce_thumbnail":["https:\/\/babypillowwholesale.com\/wp-content\/uploads\/2025\/04\/0005-300x300.jpg",300,300,true],"woocommerce_single":["https:\/\/babypillowwholesale.com\/wp-content\/uploads\/2025\/04\/0005-600x600.jpg",600,600,true],"woocommerce_gallery_thumbnail":["https:\/\/babypillowwholesale.com\/wp-content\/uploads\/2025\/04\/0005-100x100.jpg",100,100,true]},"uagb_author_info":{"display_name":"Etnen zhong","author_link":"https:\/\/babypillowwholesale.com\/de\/author\/"},"uagb_comment_info":0,"uagb_excerpt":"This Memory Foam Pillow - C - shaped Pillow Core, designed for babies aged 0 - 6 months, presents a wealth of customization and design possibilities. Its distinctive C - shape can be further refined. We can adjust the curvature and thickness of the pillow core to better fit the baby's body contour, enhancing comfort&hellip;","jetpack_sharing_enabled":true,"_links":{"self":[{"href":"https:\/\/babypillowwholesale.com\/de\/wp-json\/wp\/v2\/product\/3493","targetHints":{"allow":["GET"]}}],"collection":[{"href":"https:\/\/babypillowwholesale.com\/de\/wp-json\/wp\/v2\/product"}],"about":[{"href":"https:\/\/babypillowwholesale.com\/de\/wp-json\/wp\/v2\/types\/product"}],"replies":[{"embeddable":true,"href":"https:\/\/babypillowwholesale.com\/de\/wp-json\/wp\/v2\/comments?post=3493"}],"wp:featuredmedia":[{"embeddable":true,"href":"https:\/\/babypillowwholesale.com\/de\/wp-json\/wp\/v2\/media\/3494"}],"wp:attachment":[{"href":"https:\/\/babypillowwholesale.com\/de\/wp-json\/wp\/v2\/media?parent=3493"}],"wp:term":[{"taxonomy":"product_brand","embeddable":true,"href":"https:\/\/babypillowwholesale.com\/de\/wp-json\/wp\/v2\/product_brand?post=3493"},{"taxonomy":"product_cat","embeddable":true,"href":"https:\/\/babypillowwholesale.com\/de\/wp-json\/wp\/v2\/product_cat?post=3493"},{"taxonomy":"product_tag","embeddable":true,"href":"https:\/\/babypillowwholesale.com\/de\/wp-json\/wp\/v2\/product_tag?post=3493"}],"curies":[{"name":"wp","href":"https:\/\/api.w.org\/{rel}","templated":true}]}}