{"id":3380,"date":"2025-04-11T07:23:24","date_gmt":"2025-04-11T07:23:24","guid":{"rendered":"https:\/\/babypillowwholesale.com\/?post_type=product&#038;p=3380"},"modified":"2025-06-08T08:11:45","modified_gmt":"2025-06-08T08:11:45","slug":"little-bear-memory-pillow","status":"publish","type":"product","link":"https:\/\/babypillowwholesale.com\/de\/product\/little-bear-memory-pillow\/","title":{"rendered":"Memory-Kissen B\u00e4rchen"},"content":{"rendered":"<div class=\"auto-hide-last-sibling-br paragraph-qzbcQC paragraph-element br-paragraph-space\" data-immersive-translate-walked=\"8e61f2e7-6af2-46e5-9672-3b9e4f4033d9\" data-immersive-translate-paragraph=\"1\">\n<div class=\"auto-hide-last-sibling-br paragraph-qzbcQC paragraph-element br-paragraph-space\">\n<div class=\"auto-hide-last-sibling-br paragraph-qzbcQC paragraph-element br-paragraph-space\">Das Little Bear Memory Pillow ist ein zarter und unverzichtbarer Schlafbegleiter, der sorgf\u00e4ltig f\u00fcr Babys im Alter von 0 bis 6 Monaten entwickelt wurde. Dieses Kissen ist ein Musterbeispiel an Komfort. Es ist aus hochwertigem Memory-Schaumstoff gefertigt, der sich den Konturen des Kopfes Ihres Babys anschmiegt. Es bietet eine ma\u00dfgeschneiderte Umarmung und sorgt f\u00fcr einen sanften, aber dennoch st\u00fctzenden Komfort, der f\u00fcr die sich entwickelnde Kopfform Ihres Kindes entscheidend ist.<\/div>\n<p>&nbsp;<\/p>\n<div class=\"auto-hide-last-sibling-br paragraph-qzbcQC paragraph-element br-paragraph-space\">Die Oberfl\u00e4che des Kissens ist eine Leinwand voller Niedlichkeit, die mit einer Reihe von entz\u00fcckenden Zufallsdrucken mit charmanten kleinen B\u00e4renmotiven verziert ist. Jeder B\u00e4r mit seinem liebenswerten Gesichtsausdruck und seinem verspielten Verhalten verleiht dem Kissen einen Hauch von Laune und W\u00e4rme und macht es nicht nur zu einem funktionalen Gegenstand, sondern auch zu einer Quelle der visuellen Freude.<\/div>\n<p>&nbsp;<\/p>\n<div class=\"auto-hide-last-sibling-br paragraph-qzbcQC paragraph-element br-paragraph-space\">Messung eines kompakten 25*<em>20*<\/em>Mit einer Gr\u00f6\u00dfe von 1,5 cm ist es perfekt f\u00fcr das Kinderbett oder den Stubenwagen geeignet. Stellen Sie sich Ihr kostbares Kind vor, wie es sich in seinem gem\u00fctlichen Schlafplatz einkuschelt und sein K\u00f6pfchen sanft auf diesem Kissen ruht. Es wird zu einer Oase der Weichheit, ein Ort, an dem sie in einen friedlichen Schlummer gleiten k\u00f6nnen, umgeben von der beruhigenden Pr\u00e4senz der kleinen B\u00e4renabdr\u00fccke.<\/div>\n<p>&nbsp;<\/p>\n<div class=\"auto-hide-last-sibling-br paragraph-qzbcQC paragraph-element br-paragraph-space\">In den ersten Tagen, in denen Ihr Baby tags\u00fcber kurze Nickerchen macht, bietet das Little Bear Memory Pillow einen festen und bequemen Platz. Es ist auch eine beruhigende Erg\u00e4nzung w\u00e4hrend des n\u00e4chtlichen Schlafs und hilft Ihrem Baby, sich sicher und wohl zu f\u00fchlen.<\/div>\n<p>&nbsp;<\/p>\n<div class=\"auto-hide-last-sibling-br paragraph-qzbcQC paragraph-element br-paragraph-space\">Die Eltern sind \u00fcbergl\u00fccklich \u00fcber dieses Produkt. \"Dieses Little Bear Memory Pillow ist ein echter Knaller! Mein Neugeborenes f\u00fchlt sich so viel wohler, und ich liebe die s\u00fc\u00dfen B\u00e4renaufdrucke. Es gibt mir die Gewissheit, dass es auch bei der Kopfform hilft\", schw\u00e4rmte eine frischgebackene Mutter. Ein Vater f\u00fcgte hinzu: \"Wir sind wirklich beeindruckt von der Qualit\u00e4t. Sie hat sich gut bew\u00e4hrt und ist zu einem unverzichtbaren Bestandteil der Schlafeinrichtung unseres Babys geworden.\"<\/div>\n<p>&nbsp;<\/p>\n<div class=\"auto-hide-last-sibling-br paragraph-qzbcQC paragraph-element br-paragraph-space\">Das Little Bear Memory Pillow ist eine harmonische Mischung aus Komfort, Niedlichkeit und Funktionalit\u00e4t. Es ist nicht nur ein Bettwarenartikel, sondern ein gesch\u00e4tzter Teil der ersten Tage Ihres Babys, der jeden schlaffreudigen Moment mit einem Gef\u00fchl von Sicherheit und Z\u00e4rtlichkeit erf\u00fcllt.<\/div>\n<\/div>\n<\/div>","protected":false},"excerpt":{"rendered":"<p>Das Little Bear Memory Pillow ist ein zartes und funktionelles Schlafzubeh\u00f6r f\u00fcr Babys im Alter von 0 bis 6 Monaten. Es besteht aus Memory-Schaumstoff und passt sich sanft der Kopfform des Babys an, so dass es individuell gest\u00fctzt wird. Die Oberfl\u00e4che ist mit niedlichen, zuf\u00e4llig aufgedruckten B\u00e4renmotiven verziert, die dem Kissen einen besonderen Charme verleihen. Mit einer kompakten Gr\u00f6\u00dfe von 25*<em>20*<\/em>1,5CM, ist es f\u00fcr ein Babybett oder Stubenwagen geeignet. Dieses Kissen hilft nicht nur, die Kopfform des Babys zu erhalten, sondern bietet auch eine weiche und bequeme Liegefl\u00e4che, die eine gem\u00fctliche Umgebung f\u00fcr den Schlaf des Babys schafft.<\/p>","protected":false},"featured_media":3381,"comment_status":"open","ping_status":"closed","template":"","meta":{"_uag_custom_page_level_css":"","site-sidebar-layout":"default","site-content-layout":"","ast-site-content-layout":"default","site-content-style":"default","site-sidebar-style":"default","ast-global-header-display":"","ast-banner-title-visibility":"","ast-main-header-display":"","ast-hfb-above-header-display":"","ast-hfb-below-header-display":"","ast-hfb-mobile-header-display":"","site-post-title":"","ast-breadcrumbs-content":"","ast-featured-img":"","footer-sml-layout":"","ast-disable-related-posts":"","theme-transparent-header-meta":"default","adv-header-id-meta":"","stick-header-meta":"","header-above-stick-meta":"","header-main-stick-meta":"","header-below-stick-meta":"","astra-migrate-meta-layouts":"set","ast-page-background-enabled":"default","ast-page-background-meta":{"desktop":{"background-color":"","background-image":"","background-repeat":"repeat","background-position":"center center","background-size":"auto","background-attachment":"scroll","background-type":"","background-media":"","overlay-type":"","overlay-color":"","overlay-opacity":"","overlay-gradient":""},"tablet":{"background-color":"","background-image":"","background-repeat":"repeat","background-position":"center center","background-size":"auto","background-attachment":"scroll","background-type":"","background-media":"","overlay-type":"","overlay-color":"","overlay-opacity":"","overlay-gradient":""},"mobile":{"background-color":"","background-image":"","background-repeat":"repeat","background-position":"center center","background-size":"auto","background-attachment":"scroll","background-type":"","background-media":"","overlay-type":"","overlay-color":"","overlay-opacity":"","overlay-gradient":""}},"ast-content-background-meta":{"desktop":{"background-color":"var(--ast-global-color-5)","background-image":"","background-repeat":"repeat","background-position":"center center","background-size":"auto","background-attachment":"scroll","background-type":"","background-media":"","overlay-type":"","overlay-color":"","overlay-opacity":"","overlay-gradient":""},"tablet":{"background-color":"var(--ast-global-color-5)","background-image":"","background-repeat":"repeat","background-position":"center center","background-size":"auto","background-attachment":"scroll","background-type":"","background-media":"","overlay-type":"","overlay-color":"","overlay-opacity":"","overlay-gradient":""},"mobile":{"background-color":"var(--ast-global-color-5)","background-image":"","background-repeat":"repeat","background-position":"center center","background-size":"auto","background-attachment":"scroll","background-type":"","background-media":"","overlay-type":"","overlay-color":"","overlay-opacity":"","overlay-gradient":""}}},"product_brand":[],"product_cat":[54,42],"product_tag":[70,68,71,69],"class_list":{"0":"post-3380","1":"product","2":"type-product","3":"status-publish","4":"has-post-thumbnail","6":"product_cat-0-to-6months","7":"product_cat-merchandise","8":"product_tag-babypillow","9":"product_tag-cuteanimalpillow","10":"product_tag-headshapesupport","11":"product_tag-kouniushapingpillow","12":"desktop-align-left","13":"tablet-align-left","14":"mobile-align-left","16":"first","17":"instock","18":"shipping-taxable","19":"product-type-simple"},"aioseo_notices":[],"uagb_featured_image_src":{"full":["https:\/\/babypillowwholesale.com\/wp-content\/uploads\/2025\/04\/1002.jpg",1000,1000,false],"thumbnail":["https:\/\/babypillowwholesale.com\/wp-content\/uploads\/2025\/04\/1002-150x150.jpg",150,150,true],"medium":["https:\/\/babypillowwholesale.com\/wp-content\/uploads\/2025\/04\/1002-300x300.jpg",300,300,true],"medium_large":["https:\/\/babypillowwholesale.com\/wp-content\/uploads\/2025\/04\/1002-768x768.jpg",768,768,true],"large":["https:\/\/babypillowwholesale.com\/wp-content\/uploads\/2025\/04\/1002.jpg",1000,1000,false],"1536x1536":["https:\/\/babypillowwholesale.com\/wp-content\/uploads\/2025\/04\/1002.jpg",1000,1000,false],"2048x2048":["https:\/\/babypillowwholesale.com\/wp-content\/uploads\/2025\/04\/1002.jpg",1000,1000,false],"trp-custom-language-flag":["https:\/\/babypillowwholesale.com\/wp-content\/uploads\/2025\/04\/1002.jpg",12,12,false],"woocommerce_thumbnail":["https:\/\/babypillowwholesale.com\/wp-content\/uploads\/2025\/04\/1002-300x300.jpg",300,300,true],"woocommerce_single":["https:\/\/babypillowwholesale.com\/wp-content\/uploads\/2025\/04\/1002-600x600.jpg",600,600,true],"woocommerce_gallery_thumbnail":["https:\/\/babypillowwholesale.com\/wp-content\/uploads\/2025\/04\/1002-100x100.jpg",100,100,true]},"uagb_author_info":{"display_name":"Etnen zhong","author_link":"https:\/\/babypillowwholesale.com\/de\/author\/"},"uagb_comment_info":0,"uagb_excerpt":"The Little Bear Memory Pillow is a delicate and functional sleep accessory designed for infants aged 0 - 6 months. Made with memory foam, it gently conforms to the shape of the baby's head, providing customized support. Its surface is adorned with cute random prints of little bear motifs, adding an element of charm. With&hellip;","jetpack_sharing_enabled":true,"_links":{"self":[{"href":"https:\/\/babypillowwholesale.com\/de\/wp-json\/wp\/v2\/product\/3380","targetHints":{"allow":["GET"]}}],"collection":[{"href":"https:\/\/babypillowwholesale.com\/de\/wp-json\/wp\/v2\/product"}],"about":[{"href":"https:\/\/babypillowwholesale.com\/de\/wp-json\/wp\/v2\/types\/product"}],"replies":[{"embeddable":true,"href":"https:\/\/babypillowwholesale.com\/de\/wp-json\/wp\/v2\/comments?post=3380"}],"wp:featuredmedia":[{"embeddable":true,"href":"https:\/\/babypillowwholesale.com\/de\/wp-json\/wp\/v2\/media\/3381"}],"wp:attachment":[{"href":"https:\/\/babypillowwholesale.com\/de\/wp-json\/wp\/v2\/media?parent=3380"}],"wp:term":[{"taxonomy":"product_brand","embeddable":true,"href":"https:\/\/babypillowwholesale.com\/de\/wp-json\/wp\/v2\/product_brand?post=3380"},{"taxonomy":"product_cat","embeddable":true,"href":"https:\/\/babypillowwholesale.com\/de\/wp-json\/wp\/v2\/product_cat?post=3380"},{"taxonomy":"product_tag","embeddable":true,"href":"https:\/\/babypillowwholesale.com\/de\/wp-json\/wp\/v2\/product_tag?post=3380"}],"curies":[{"name":"wp","href":"https:\/\/api.w.org\/{rel}","templated":true}]}}