{"id":3351,"date":"2025-04-05T16:29:47","date_gmt":"2025-04-05T16:29:47","guid":{"rendered":"https:\/\/babypillowwholesale.com\/?post_type=product&#038;p=3351"},"modified":"2025-06-08T11:40:48","modified_gmt":"2025-06-08T11:40:48","slug":"hydrophilic-sponge-infant-contour-pillow","status":"publish","type":"product","link":"https:\/\/babypillowwholesale.com\/de\/product\/hydrophilic-sponge-infant-contour-pillow\/","title":{"rendered":"Hydrophiler Schwamm S\u00e4uglingskonturenkissen"},"content":{"rendered":"<div class=\"inter-wlTS5w\">\n<div class=\"container-QE4ayg\">\n<div class=\"item-jU10IN\">\n<div class=\"container-jODEnh chrome70-container\">\n<div class=\"inner-eE95c9 inner-item-aL3Ui_\" data-target-id=\"message-box-target-id\" data-testid=\"union_message\">\n<div class=\"message-block-container-liuetz\" data-testid=\"message-block-container\">\n<div class=\"message-box-ZWbBdF\" data-testid=\"receive_message\">\n<div class=\"message-box-content-wrapper-srHdUj\">\n<div class=\"message-content message-box-content-otxGGw receive-message-box-content-_lREFj samantha-message-box-content-Qjmpja\" data-testid=\"message_content\">\n<div class=\"container-hfX5E8 flow-markdown-body theme-samantha-yJEgBp\" dir=\"ltr\" data-testid=\"message_text_content\" data-show-indicator=\"false\">\n<div class=\"auto-hide-last-sibling-br paragraph-qzbcQC paragraph-element br-paragraph-space\">Das Hydrophilic Sponge Infant Contour Pillow ist ein traumhafter Schlafbegleiter, der speziell f\u00fcr Kinder im Alter von 1 - 3 Jahren entwickelt wurde. Das sorgf\u00e4ltig aus hochwertigem hydrophilem Schwamm gefertigte Kissen ist samtig weich, streichelt die Haut und h\u00fcllt Ihr Kind in eine Welt voller Komfort.<\/div>\n<p>&nbsp;<\/p>\n<div class=\"auto-hide-last-sibling-br paragraph-qzbcQC paragraph-element br-paragraph-space\">Das Design des Kissens ist ein skurriles Meisterwerk mit einer unwiderstehlich niedlichen Zeichentrickfigur, die direkt aus einem M\u00e4rchen zu entspringen scheint. Ihr fr\u00f6hlicher Gesichtsausdruck und die verspielten Details vermitteln ein Gef\u00fchl von Magie und Freude und machen die Schlafenszeit zu einem sehnlichst erwarteten Abenteuer.<\/div>\n<p>&nbsp;<\/p>\n<div class=\"auto-hide-last-sibling-br paragraph-qzbcQC paragraph-element br-paragraph-space\">Messung 43*<em>26*<\/em>3CM ist er ergonomisch gestaltet, um den Kopf und den Nacken Ihres Kindes auf unvergleichliche Weise zu st\u00fctzen. Wenn Ihr Kind einschl\u00e4ft, richtet es seine Haltung sanft aus und sorgt f\u00fcr einen ruhigen, gesunden Schlaf.<\/div>\n<p>&nbsp;<\/p>\n<div class=\"auto-hide-last-sibling-br paragraph-qzbcQC paragraph-element br-paragraph-space\">Erh\u00e4ltlich in den Farben Chubby Pink, Happy Dinosaur und Cute Green Shark, passt es m\u00fchelos zu jeder Kinderzimmereinrichtung und verleiht ihr einen Hauch von Farbe und Charakter. Stellen Sie sich Ihr Kind vor, wie es sich zur Schlafenszeit an dieses bezaubernde Kissen kuschelt. Es wird zum treuen Vertrauten, zur Eintrittskarte ins Traumland voller freundlicher Kreaturen und weicher Wolken. Tags\u00fcber verwandelt es sich in einen Spielkameraden, eine weiche Requisite f\u00fcr fantasievolle Eskapaden oder einen beruhigenden Kuschelkameraden in Momenten der Unruhe.<\/div>\n<p>&nbsp;<\/p>\n<div class=\"auto-hide-last-sibling-br paragraph-qzbcQC paragraph-element br-paragraph-space\">Die Eltern loben es in den h\u00f6chsten T\u00f6nen. \"Mein 2-J\u00e4hriger ist ganz vernarrt in dieses Kissen! Es ist g\u00f6ttlich weich und das niedliche Charakterdesign macht das Zubettgehen zum Kinderspiel. Es ist wie ein kleines St\u00fcckchen Gl\u00fcck\", teilte eine strahlende Mutter mit. Ein Vater f\u00fcgte hinzu: \"Wir lieben es, wie es Komfort und Niedlichkeit kombiniert. Er hat unz\u00e4hlige Umarmungen und W\u00e4schen gut \u00fcberstanden. Ein wahres Schmuckst\u00fcck f\u00fcr den Schlaf und das Spiel unserer Kleinen!\"<\/div>\n<p>&nbsp;<\/p>\n<div class=\"auto-hide-last-sibling-br paragraph-qzbcQC paragraph-element br-paragraph-space\">Das Hydrophilic Sponge Infant Contour Pillow ist mehr als nur ein Kissen; es ist ein wertvoller Teil des t\u00e4glichen Lebens Ihres Kindes, der Komfort, Freude und einen Hauch von Fantasie in jeden kostbaren Moment seiner ersten Lebensjahre einflie\u00dfen l\u00e4sst.<\/div>\n<\/div>\n<\/div>\n<\/div>\n<\/div>\n<\/div>\n<\/div>\n<\/div>\n<\/div>\n<\/div>\n<\/div>","protected":false},"excerpt":{"rendered":"<div class=\"container-QE4ayg\">\n<div class=\"item-jU10IN\">\n<div class=\"container-jODEnh chrome70-container\">\n<div class=\"inner-eE95c9 inner-item-aL3Ui_\" data-target-id=\"message-box-target-id\" data-testid=\"union_message\">\n<div class=\"message-block-container-liuetz\" data-testid=\"message-block-container\">\n<div class=\"message-box-ZWbBdF\" data-testid=\"receive_message\">\n<div class=\"message-box-content-wrapper-srHdUj\">\n<div class=\"message-content message-box-content-otxGGw receive-message-box-content-_lREFj samantha-message-box-content-Qjmpja\" data-testid=\"message_content\">\n<div class=\"container-hfX5E8 flow-markdown-body theme-samantha-yJEgBp\" dir=\"ltr\" data-testid=\"message_text_content\" data-show-indicator=\"false\">\n<div class=\"auto-hide-last-sibling-br paragraph-qzbcQC paragraph-element br-paragraph-space\">\n<div class=\"container-QE4ayg\">\n<div class=\"item-jU10IN\">\n<div class=\"container-jODEnh chrome70-container\">\n<div class=\"inner-eE95c9 inner-item-aL3Ui_\" data-target-id=\"message-box-target-id\" data-testid=\"union_message\">\n<div class=\"message-block-container-liuetz\" data-testid=\"message-block-container\">\n<div class=\"message-box-ZWbBdF\" data-testid=\"receive_message\">\n<div class=\"message-box-content-wrapper-srHdUj\">\n<div class=\"message-content message-box-content-otxGGw receive-message-box-content-_lREFj samantha-message-box-content-Qjmpja\" data-testid=\"message_content\">\n<div class=\"container-hfX5E8 flow-markdown-body theme-samantha-yJEgBp\" dir=\"ltr\" data-testid=\"message_text_content\" data-show-indicator=\"false\">\n<div class=\"auto-hide-last-sibling-br paragraph-qzbcQC paragraph-element br-paragraph-space\">Das Hydrophilic Sponge Infant Contour Pillow ist ein wunderbares Schlafmittel f\u00fcr Kinder im Alter von 1 bis 3 Jahren. Es ist aus hydrophilem Schwamm gefertigt und bietet eine weiche und hautfreundliche Oberfl\u00e4che, die maximalen Komfort f\u00fcr Ihr Kind gew\u00e4hrleistet. Das Design ist mit einer niedlichen Cartoon-Figur versehen, die ein spielerisches und charmantes Element darstellt. Mit einer Spezifikation von 43*<em>26*<\/em>Mit einem Durchmesser von 3 cm bietet es eine hervorragende Unterst\u00fctzung f\u00fcr Kopf und Nacken und f\u00f6rdert eine gesunde Schlafhaltung. Erh\u00e4ltlich in lustigen Farben wie Chubby Pink, Happy Dinosaur, und Cute Green Shark, kann es leicht mit verschiedenen Kinderzimmern kombiniert werden. Dieses Kissen verhilft Ihrem Kind nicht nur zu einem erholsamen Schlaf, sondern bringt auch einen Hauch von Freude und Fantasie in seine Schlafenszeit.<\/div>\n<\/div>\n<\/div>\n<\/div>\n<\/div>\n<\/div>\n<\/div>\n<\/div>\n<\/div>\n<\/div>\n<\/div>\n<\/div>\n<\/div>\n<\/div>\n<\/div>\n<\/div>\n<\/div>\n<\/div>\n<\/div>\n<\/div>","protected":false},"featured_media":3352,"comment_status":"open","ping_status":"closed","template":"","meta":{"_uag_custom_page_level_css":"","site-sidebar-layout":"default","site-content-layout":"","ast-site-content-layout":"default","site-content-style":"default","site-sidebar-style":"default","ast-global-header-display":"","ast-banner-title-visibility":"","ast-main-header-display":"","ast-hfb-above-header-display":"","ast-hfb-below-header-display":"","ast-hfb-mobile-header-display":"","site-post-title":"","ast-breadcrumbs-content":"","ast-featured-img":"","footer-sml-layout":"","ast-disable-related-posts":"","theme-transparent-header-meta":"default","adv-header-id-meta":"","stick-header-meta":"","header-above-stick-meta":"","header-main-stick-meta":"","header-below-stick-meta":"","astra-migrate-meta-layouts":"set","ast-page-background-enabled":"default","ast-page-background-meta":{"desktop":{"background-color":"","background-image":"","background-repeat":"repeat","background-position":"center center","background-size":"auto","background-attachment":"scroll","background-type":"","background-media":"","overlay-type":"","overlay-color":"","overlay-opacity":"","overlay-gradient":""},"tablet":{"background-color":"","background-image":"","background-repeat":"repeat","background-position":"center center","background-size":"auto","background-attachment":"scroll","background-type":"","background-media":"","overlay-type":"","overlay-color":"","overlay-opacity":"","overlay-gradient":""},"mobile":{"background-color":"","background-image":"","background-repeat":"repeat","background-position":"center center","background-size":"auto","background-attachment":"scroll","background-type":"","background-media":"","overlay-type":"","overlay-color":"","overlay-opacity":"","overlay-gradient":""}},"ast-content-background-meta":{"desktop":{"background-color":"var(--ast-global-color-5)","background-image":"","background-repeat":"repeat","background-position":"center center","background-size":"auto","background-attachment":"scroll","background-type":"","background-media":"","overlay-type":"","overlay-color":"","overlay-opacity":"","overlay-gradient":""},"tablet":{"background-color":"var(--ast-global-color-5)","background-image":"","background-repeat":"repeat","background-position":"center center","background-size":"auto","background-attachment":"scroll","background-type":"","background-media":"","overlay-type":"","overlay-color":"","overlay-opacity":"","overlay-gradient":""},"mobile":{"background-color":"var(--ast-global-color-5)","background-image":"","background-repeat":"repeat","background-position":"center center","background-size":"auto","background-attachment":"scroll","background-type":"","background-media":"","overlay-type":"","overlay-color":"","overlay-opacity":"","overlay-gradient":""}}},"product_brand":[],"product_cat":[56,42],"product_tag":[70,68,71,69],"class_list":{"0":"post-3351","1":"product","2":"type-product","3":"status-publish","4":"has-post-thumbnail","6":"product_cat-1-to-3-years","7":"product_cat-merchandise","8":"product_tag-babypillow","9":"product_tag-cuteanimalpillow","10":"product_tag-headshapesupport","11":"product_tag-kouniushapingpillow","12":"desktop-align-left","13":"tablet-align-left","14":"mobile-align-left","16":"first","17":"instock","18":"shipping-taxable","19":"product-type-simple"},"aioseo_notices":[],"uagb_featured_image_src":{"full":["https:\/\/babypillowwholesale.com\/wp-content\/uploads\/2025\/04\/1162.jpg",1000,1000,false],"thumbnail":["https:\/\/babypillowwholesale.com\/wp-content\/uploads\/2025\/04\/1162-150x150.jpg",150,150,true],"medium":["https:\/\/babypillowwholesale.com\/wp-content\/uploads\/2025\/04\/1162-300x300.jpg",300,300,true],"medium_large":["https:\/\/babypillowwholesale.com\/wp-content\/uploads\/2025\/04\/1162-768x768.jpg",768,768,true],"large":["https:\/\/babypillowwholesale.com\/wp-content\/uploads\/2025\/04\/1162.jpg",1000,1000,false],"1536x1536":["https:\/\/babypillowwholesale.com\/wp-content\/uploads\/2025\/04\/1162.jpg",1000,1000,false],"2048x2048":["https:\/\/babypillowwholesale.com\/wp-content\/uploads\/2025\/04\/1162.jpg",1000,1000,false],"trp-custom-language-flag":["https:\/\/babypillowwholesale.com\/wp-content\/uploads\/2025\/04\/1162.jpg",12,12,false],"woocommerce_thumbnail":["https:\/\/babypillowwholesale.com\/wp-content\/uploads\/2025\/04\/1162-300x300.jpg",300,300,true],"woocommerce_single":["https:\/\/babypillowwholesale.com\/wp-content\/uploads\/2025\/04\/1162-600x600.jpg",600,600,true],"woocommerce_gallery_thumbnail":["https:\/\/babypillowwholesale.com\/wp-content\/uploads\/2025\/04\/1162-100x100.jpg",100,100,true]},"uagb_author_info":{"display_name":"Etnen zhong","author_link":"https:\/\/babypillowwholesale.com\/de\/author\/"},"uagb_comment_info":0,"uagb_excerpt":"The Hydrophilic Sponge Infant Contour Pillow is a wonderful sleep essential for children aged 1 - 3 years. Made from hydrophilic sponge, it offers a soft and skin - friendly touch, ensuring maximum comfort for your little one. Its design features an adorable cartoon character, which adds a playful and charming element. With a specification&hellip;","jetpack_sharing_enabled":true,"_links":{"self":[{"href":"https:\/\/babypillowwholesale.com\/de\/wp-json\/wp\/v2\/product\/3351","targetHints":{"allow":["GET"]}}],"collection":[{"href":"https:\/\/babypillowwholesale.com\/de\/wp-json\/wp\/v2\/product"}],"about":[{"href":"https:\/\/babypillowwholesale.com\/de\/wp-json\/wp\/v2\/types\/product"}],"replies":[{"embeddable":true,"href":"https:\/\/babypillowwholesale.com\/de\/wp-json\/wp\/v2\/comments?post=3351"}],"wp:featuredmedia":[{"embeddable":true,"href":"https:\/\/babypillowwholesale.com\/de\/wp-json\/wp\/v2\/media\/3352"}],"wp:attachment":[{"href":"https:\/\/babypillowwholesale.com\/de\/wp-json\/wp\/v2\/media?parent=3351"}],"wp:term":[{"taxonomy":"product_brand","embeddable":true,"href":"https:\/\/babypillowwholesale.com\/de\/wp-json\/wp\/v2\/product_brand?post=3351"},{"taxonomy":"product_cat","embeddable":true,"href":"https:\/\/babypillowwholesale.com\/de\/wp-json\/wp\/v2\/product_cat?post=3351"},{"taxonomy":"product_tag","embeddable":true,"href":"https:\/\/babypillowwholesale.com\/de\/wp-json\/wp\/v2\/product_tag?post=3351"}],"curies":[{"name":"wp","href":"https:\/\/api.w.org\/{rel}","templated":true}]}}