{"id":3336,"date":"2025-04-04T08:45:12","date_gmt":"2025-04-04T08:45:12","guid":{"rendered":"https:\/\/babypillowwholesale.com\/?post_type=product&#038;p=3336"},"modified":"2025-06-08T14:07:34","modified_gmt":"2025-06-08T14:07:34","slug":"big-faced-cat-infant-pillow","status":"publish","type":"product","link":"https:\/\/babypillowwholesale.com\/de\/product\/big-faced-cat-infant-pillow\/","title":{"rendered":"Big - Faced Cat Kleinkind-Kissen"},"content":{"rendered":"<div class=\"auto-hide-last-sibling-br paragraph-qzbcQC paragraph-element br-paragraph-space\" data-immersive-translate-walked=\"8e61f2e7-6af2-46e5-9672-3b9e4f4033d9\" data-immersive-translate-paragraph=\"1\">\n<div class=\"auto-hide-last-sibling-br paragraph-qzbcQC paragraph-element br-paragraph-space\">\n<div class=\"auto-hide-last-sibling-br paragraph-qzbcQC paragraph-element br-paragraph-space\">\n<div class=\"auto-hide-last-sibling-br paragraph-qzbcQC paragraph-element br-paragraph-space\">\n<div class=\"auto-hide-last-sibling-br paragraph-qzbcQC paragraph-element br-paragraph-space\">\n<div class=\"auto-hide-last-sibling-br paragraph-qzbcQC paragraph-element br-paragraph-space\">\n<div class=\"auto-hide-last-sibling-br paragraph-qzbcQC paragraph-element br-paragraph-space\">\n<div class=\"auto-hide-last-sibling-br paragraph-qzbcQC paragraph-element br-paragraph-space\">\n<div class=\"auto-hide-last-sibling-br paragraph-qzbcQC paragraph-element br-paragraph-space\">\n<div class=\"auto-hide-last-sibling-br paragraph-qzbcQC paragraph-element br-paragraph-space\">\n<div class=\"auto-hide-last-sibling-br paragraph-qzbcQC paragraph-element br-paragraph-space\">\n<div class=\"auto-hide-last-sibling-br paragraph-qzbcQC paragraph-element br-paragraph-space\">Das Big - Faced Cat Infant Pillow ist ein liebenswerter Schlafbegleiter, der speziell f\u00fcr Kinder im Alter von 1 bis 3 Jahren entwickelt wurde. Sein Design ist eine charmante Hommage an die liebenswerte Katze mit dem gro\u00dfen Gesicht. Die gro\u00dfen, seelenvollen Augen scheinen eine Welt der Unschuld zu bergen, die zierlichen Ohren verleihen dem Kissen einen Hauch von Verspieltheit und der s\u00fc\u00dfe Ausdruck ist einfach zum Anbei\u00dfen.<\/div>\n<p>&nbsp;<\/p>\n<div class=\"auto-hide-last-sibling-br paragraph-qzbcQC paragraph-element br-paragraph-space\">Mit Abmessungen von 40*<em>24*<\/em>3CM ist dieses Kissen perfekt proportioniert, um den Kopf und den Nacken Ihres Kindes optimal zu st\u00fctzen. Wenn es sich f\u00fcr die Nacht niederl\u00e4sst, wiegt es es sanft und f\u00f6rdert eine bequeme und gesunde Schlafposition. Es ist aus herrlich weichem Material gefertigt und f\u00fchlt sich wie eine sanfte Liebkosung auf der Haut an. Es schafft eine Oase der Gem\u00fctlichkeit, die Ihr Kind in einen friedlichen Schlaf wiegt.<\/div>\n<p>&nbsp;<\/p>\n<div class=\"auto-hide-last-sibling-br paragraph-qzbcQC paragraph-element br-paragraph-space\">Es ist in den sanften Farben Rosa und Blau erh\u00e4ltlich und f\u00fcgt sich m\u00fchelos in jede Kinderzimmereinrichtung ein und verleiht ihr einen Hauch von Farbe und Charme. Stellen Sie sich die Magie der Schlafenszeit vor, wenn sich Ihr Kind an das Big - Faced Cat Infant Pillow kuschelt. Es ist mehr als nur ein Kissen, es ist ein Freund, der ihm die ganze Nacht \u00fcber Gesellschaft leistet. Tags\u00fcber dient es als Requisite f\u00fcr fantasievolle Spiele, als weicher Platz f\u00fcr spontane Nickerchen auf dem Wohnzimmerboden oder als Trostspender in Momenten der Unruhe.<\/div>\n<p>&nbsp;<\/p>\n<div class=\"auto-hide-last-sibling-br paragraph-qzbcQC paragraph-element br-paragraph-space\">Eltern sind \u00fcberschw\u00e4nglich in ihrem Lob f\u00fcr dieses entz\u00fcckende Kissen. \"Mein 2-J\u00e4hriger kann ohne das Big Faced Cat Pillow nicht schlafen! Es ist so weich und das niedliche Design macht die Schlafenszeit zu etwas, worauf sie sich freuen\", teilte eine gl\u00fcckliche Mutter mit. Ein Vater f\u00fcgte hinzu: \"Wir lieben es, wie es das Zimmer unseres Kindes aufpeppt. Es hat sich gut gehalten, selbst bei all den Rangeleien. Auf jeden Fall eine gute Anschaffung.\"<\/div>\n<p>&nbsp;<\/p>\n<div class=\"auto-hide-last-sibling-br paragraph-qzbcQC paragraph-element br-paragraph-space\">Das Big - Faced Cat Infant Pillow ist eine harmonische Mischung aus Komfort, Niedlichkeit und Funktionalit\u00e4t. Es ist nicht nur ein Bettwarenartikel, sondern ein gesch\u00e4tzter Teil des t\u00e4glichen Lebens Ihres Kindes, der jeden Moment mit einem Hauch von katzenhaftem Charme versieht.<\/div>\n<\/div>\n<\/div>\n<\/div>\n<\/div>\n<\/div>\n<\/div>\n<\/div>\n<\/div>\n<\/div>\n<\/div>\n<\/div>","protected":false},"excerpt":{"rendered":"<div class=\"container-QE4ayg\">\n<div class=\"item-jU10IN\">\n<div class=\"container-jODEnh chrome70-container\">\n<div class=\"inner-eE95c9 inner-item-aL3Ui_\" data-target-id=\"message-box-target-id\" data-testid=\"union_message\">\n<div class=\"message-block-container-liuetz\" data-testid=\"message-block-container\">\n<div class=\"message-box-ZWbBdF\" data-testid=\"receive_message\">\n<div class=\"message-box-content-wrapper-srHdUj\">\n<div class=\"message-content message-box-content-otxGGw receive-message-box-content-_lREFj samantha-message-box-content-Qjmpja\" data-testid=\"message_content\">\n<div class=\"container-hfX5E8 flow-markdown-body theme-samantha-yJEgBp\" dir=\"ltr\" data-testid=\"message_text_content\" data-show-indicator=\"false\">\n<div class=\"auto-hide-last-sibling-br paragraph-qzbcQC paragraph-element br-paragraph-space\">Das Big-Faced Cat Infant Pillow ist ein entz\u00fcckendes Schlafkissen f\u00fcr Kinder im Alter von 1 bis 3 Jahren. Sein Design ist von einer niedlichen Katze mit gro\u00dfem Gesicht inspiriert, die gro\u00dfe, runde Augen, entz\u00fcckende Ohren und einen charmanten Ausdruck hat, der Niedlichkeit ausstrahlt. Ma\u00dfe: 40*.<em>24*<\/em>Mit einem Durchmesser von 3 cm st\u00fctzt es den Kopf und den Nacken des Kindes und sorgt f\u00fcr eine bequeme Schlafhaltung. Aus weichen und kuscheligen Materialien gefertigt, f\u00fchlt es sich sanft und angenehm auf der Haut an. Es ist in den Farben Rosa und Blau erh\u00e4ltlich und l\u00e4sst sich m\u00fchelos an verschiedene Kinderzimmerdekorationen anpassen. Dieses Kissen verhilft Ihrem Kind nicht nur zu einem erholsamen Schlaf, sondern verleiht ihm auch einen Hauch von Laune und W\u00e4rme, was es zu einer wunderbaren Erg\u00e4nzung seiner Schlafenszeit macht.<\/div>\n<\/div>\n<\/div>\n<\/div>\n<\/div>\n<\/div>\n<\/div>\n<\/div>\n<\/div>\n<\/div>","protected":false},"featured_media":3337,"comment_status":"open","ping_status":"closed","template":"","meta":{"_uag_custom_page_level_css":"","site-sidebar-layout":"default","site-content-layout":"","ast-site-content-layout":"default","site-content-style":"default","site-sidebar-style":"default","ast-global-header-display":"","ast-banner-title-visibility":"","ast-main-header-display":"","ast-hfb-above-header-display":"","ast-hfb-below-header-display":"","ast-hfb-mobile-header-display":"","site-post-title":"","ast-breadcrumbs-content":"","ast-featured-img":"","footer-sml-layout":"","ast-disable-related-posts":"","theme-transparent-header-meta":"default","adv-header-id-meta":"","stick-header-meta":"","header-above-stick-meta":"","header-main-stick-meta":"","header-below-stick-meta":"","astra-migrate-meta-layouts":"set","ast-page-background-enabled":"default","ast-page-background-meta":{"desktop":{"background-color":"","background-image":"","background-repeat":"repeat","background-position":"center center","background-size":"auto","background-attachment":"scroll","background-type":"","background-media":"","overlay-type":"","overlay-color":"","overlay-opacity":"","overlay-gradient":""},"tablet":{"background-color":"","background-image":"","background-repeat":"repeat","background-position":"center center","background-size":"auto","background-attachment":"scroll","background-type":"","background-media":"","overlay-type":"","overlay-color":"","overlay-opacity":"","overlay-gradient":""},"mobile":{"background-color":"","background-image":"","background-repeat":"repeat","background-position":"center center","background-size":"auto","background-attachment":"scroll","background-type":"","background-media":"","overlay-type":"","overlay-color":"","overlay-opacity":"","overlay-gradient":""}},"ast-content-background-meta":{"desktop":{"background-color":"var(--ast-global-color-5)","background-image":"","background-repeat":"repeat","background-position":"center center","background-size":"auto","background-attachment":"scroll","background-type":"","background-media":"","overlay-type":"","overlay-color":"","overlay-opacity":"","overlay-gradient":""},"tablet":{"background-color":"var(--ast-global-color-5)","background-image":"","background-repeat":"repeat","background-position":"center center","background-size":"auto","background-attachment":"scroll","background-type":"","background-media":"","overlay-type":"","overlay-color":"","overlay-opacity":"","overlay-gradient":""},"mobile":{"background-color":"var(--ast-global-color-5)","background-image":"","background-repeat":"repeat","background-position":"center center","background-size":"auto","background-attachment":"scroll","background-type":"","background-media":"","overlay-type":"","overlay-color":"","overlay-opacity":"","overlay-gradient":""}}},"product_brand":[],"product_cat":[56,42],"product_tag":[70,68,71,69],"class_list":{"0":"post-3336","1":"product","2":"type-product","3":"status-publish","4":"has-post-thumbnail","6":"product_cat-1-to-3-years","7":"product_cat-merchandise","8":"product_tag-babypillow","9":"product_tag-cuteanimalpillow","10":"product_tag-headshapesupport","11":"product_tag-kouniushapingpillow","12":"desktop-align-left","13":"tablet-align-left","14":"mobile-align-left","16":"first","17":"instock","18":"featured","19":"shipping-taxable","20":"product-type-simple"},"aioseo_notices":[],"uagb_featured_image_src":{"full":["https:\/\/babypillowwholesale.com\/wp-content\/uploads\/2025\/04\/1528.jpg",1000,1000,false],"thumbnail":["https:\/\/babypillowwholesale.com\/wp-content\/uploads\/2025\/04\/1528-150x150.jpg",150,150,true],"medium":["https:\/\/babypillowwholesale.com\/wp-content\/uploads\/2025\/04\/1528-300x300.jpg",300,300,true],"medium_large":["https:\/\/babypillowwholesale.com\/wp-content\/uploads\/2025\/04\/1528-768x768.jpg",768,768,true],"large":["https:\/\/babypillowwholesale.com\/wp-content\/uploads\/2025\/04\/1528.jpg",1000,1000,false],"1536x1536":["https:\/\/babypillowwholesale.com\/wp-content\/uploads\/2025\/04\/1528.jpg",1000,1000,false],"2048x2048":["https:\/\/babypillowwholesale.com\/wp-content\/uploads\/2025\/04\/1528.jpg",1000,1000,false],"trp-custom-language-flag":["https:\/\/babypillowwholesale.com\/wp-content\/uploads\/2025\/04\/1528.jpg",12,12,false],"woocommerce_thumbnail":["https:\/\/babypillowwholesale.com\/wp-content\/uploads\/2025\/04\/1528-300x300.jpg",300,300,true],"woocommerce_single":["https:\/\/babypillowwholesale.com\/wp-content\/uploads\/2025\/04\/1528-600x600.jpg",600,600,true],"woocommerce_gallery_thumbnail":["https:\/\/babypillowwholesale.com\/wp-content\/uploads\/2025\/04\/1528-100x100.jpg",100,100,true]},"uagb_author_info":{"display_name":"Etnen zhong","author_link":"https:\/\/babypillowwholesale.com\/de\/author\/"},"uagb_comment_info":0,"uagb_excerpt":"The Big - Faced Cat Infant Pillow is a delightful sleep essential designed for children aged 1 - 3 years. Its design is inspired by a cute big - faced cat, featuring large, round eyes, adorable ears, and a charming expression that exudes cuteness. Measuring 40*24*3CM, it offers proper support for a child's head and&hellip;","jetpack_sharing_enabled":true,"_links":{"self":[{"href":"https:\/\/babypillowwholesale.com\/de\/wp-json\/wp\/v2\/product\/3336","targetHints":{"allow":["GET"]}}],"collection":[{"href":"https:\/\/babypillowwholesale.com\/de\/wp-json\/wp\/v2\/product"}],"about":[{"href":"https:\/\/babypillowwholesale.com\/de\/wp-json\/wp\/v2\/types\/product"}],"replies":[{"embeddable":true,"href":"https:\/\/babypillowwholesale.com\/de\/wp-json\/wp\/v2\/comments?post=3336"}],"wp:featuredmedia":[{"embeddable":true,"href":"https:\/\/babypillowwholesale.com\/de\/wp-json\/wp\/v2\/media\/3337"}],"wp:attachment":[{"href":"https:\/\/babypillowwholesale.com\/de\/wp-json\/wp\/v2\/media?parent=3336"}],"wp:term":[{"taxonomy":"product_brand","embeddable":true,"href":"https:\/\/babypillowwholesale.com\/de\/wp-json\/wp\/v2\/product_brand?post=3336"},{"taxonomy":"product_cat","embeddable":true,"href":"https:\/\/babypillowwholesale.com\/de\/wp-json\/wp\/v2\/product_cat?post=3336"},{"taxonomy":"product_tag","embeddable":true,"href":"https:\/\/babypillowwholesale.com\/de\/wp-json\/wp\/v2\/product_tag?post=3336"}],"curies":[{"name":"wp","href":"https:\/\/api.w.org\/{rel}","templated":true}]}}