{"id":3817,"date":"2025-06-19T09:36:12","date_gmt":"2025-06-19T09:36:12","guid":{"rendered":"https:\/\/babypillowwholesale.com\/?page_id=3817"},"modified":"2025-06-19T09:39:12","modified_gmt":"2025-06-19T09:39:12","slug":"faq","status":"publish","type":"page","link":"https:\/\/babypillowwholesale.com\/de\/faq\/","title":{"rendered":"FAQ"},"content":{"rendered":"<div class=\"wp-block-uagb-container uagb-block-djuvsd01 alignfull uagb-is-root-container\"><div class=\"uagb-container-inner-blocks-wrap\">\n<div class=\"wp-block-uagb-advanced-heading uagb-block-ye0z68xi\"><h2 class=\"uagb-heading-text\">H\u00e4ufig gestellte Fragen<\/h2><p class=\"uagb-desc-text\">Hier finden Sie Antworten auf h\u00e4ufig gestellte Fragen zur Schlafwissenschaft f\u00fcr Kinder, zur Entwicklung der Kopfform und zum Flachkopfsyndrom, zu den Eigenschaften und der Auswahl von Kopfkissen sowie zum Stand des elektronischen Handels in der globalen Kissenindustrie.<\/p><\/div>\n\n\n\n<div class=\"wp-block-uagb-info-box uagb-block-24212476 uagb-infobox__content-wrap  uagb-infobox-icon-above-title uagb-infobox-image-valign-top\"><div class=\"uagb-ifb-content\"><div class=\"uagb-ifb-title-wrap\"><h3 class=\"uagb-ifb-title\">Was ist ein Memory-Foam-Kissen?<\/h3><\/div><div class=\"uagb-ifb-separator\"><\/div><p class=\"uagb-ifb-desc\">Memory-Foam-Kissen werden aus viskoelastischem Polyurethanschaum hergestellt, einem Material, das sich der Form Ihres Kopfes und Ihres Nackens anpasst und eine individuelle Unterst\u00fctzung bietet. Im Gegensatz zu herk\u00f6mmlichen Kissen behalten Memory Foam-Kissen ihre Form und bieten die ganze Nacht hindurch gleichm\u00e4\u00dfige Unterst\u00fctzung.<\/p><div class=\"uagb-ifb-button-wrapper wp-block-button\"><a href=\"#\" class=\"uagb-infobox-cta-link wp-block-button__link\" target=\"_self\" rel=\"noopener noreferrer\" onclick=\"return false;\"><span class=\"uagb-inline-editing\">Mehr lesen<\/span><svg xmlns=\"https:\/\/www.w3.org\/2000\/svg\" viewbox=\"0 0 512 512\"><path d=\"M504.3 273.6l-112.1 104c-6.992 6.484-17.18 8.218-25.94 4.406c-8.758-3.812-14.42-12.45-14.42-21.1L351.9 288H32C14.33 288 .0002 273.7 .0002 255.1S14.33 224 32 224h319.9l0-72c0-9.547 5.66-18.19 14.42-22c8.754-3.809 18.95-2.075 25.94 4.41l112.1 104C514.6 247.9 514.6 264.1 504.3 273.6z\"><\/path><\/svg><\/a><\/div><\/div><\/div>\n\n\n\n<div class=\"wp-block-uagb-advanced-heading uagb-block-dko86bja\"><p class=\"uagb-heading-text\">Haben Sie noch eine Frage?<\/p><p class=\"uagb-desc-text\">Wenn Sie weitere Fragen haben, k\u00f6nnen Sie sich gerne an uns wenden. Unser sachkundiges Team ist f\u00fcr Sie da!<\/p><\/div>\n\n\n\n<div class=\"wp-block-uagb-buttons uagb-buttons__outer-wrap uagb-btn__default-btn uagb-btn-tablet__default-btn uagb-btn-mobile__default-btn uagb-block-kvytui37\"><div class=\"uagb-buttons__wrap uagb-buttons-layout-wrap\">\n<div class=\"wp-block-uagb-buttons-child uagb-buttons__outer-wrap uagb-block-o3bsd6xx wp-block-button\"><div class=\"uagb-button__wrapper\"><a class=\"uagb-buttons-repeater ast-outline-button\" aria-label=\"\" style=\"border-width:revert-layer\" href=\"https:\/\/babypillowwholesale.com\/de\/contact-us\/\" rel=\"follow noopener\" target=\"_self\" role=\"button\"><div class=\"uagb-button__link\">Kontakt<\/div><\/a><\/div><\/div>\n<\/div><\/div>\n<\/div><\/div>","protected":false},"excerpt":{"rendered":"<p>Frequently Asked Questions Find answers to frequently asked questions about children&#8217;s sleep science, head shape development and flat head syndrome, pillow features and selection, and the state of e-commerce in the global pillow industry. Still have a question? If you have any other queries, feel free to reach out to us. Our knowledgeable team is [&hellip;]<\/p>","protected":false},"author":1,"featured_media":0,"parent":0,"menu_order":0,"comment_status":"closed","ping_status":"closed","template":"","meta":{"_uag_custom_page_level_css":"","site-sidebar-layout":"default","site-content-layout":"","ast-site-content-layout":"default","site-content-style":"default","site-sidebar-style":"default","ast-global-header-display":"","ast-banner-title-visibility":"","ast-main-header-display":"","ast-hfb-above-header-display":"","ast-hfb-below-header-display":"","ast-hfb-mobile-header-display":"","site-post-title":"disabled","ast-breadcrumbs-content":"","ast-featured-img":"","footer-sml-layout":"","ast-disable-related-posts":"","theme-transparent-header-meta":"","adv-header-id-meta":"","stick-header-meta":"","header-above-stick-meta":"","header-main-stick-meta":"","header-below-stick-meta":"","astra-migrate-meta-layouts":"set","ast-page-background-enabled":"default","ast-page-background-meta":{"desktop":{"background-color":"","background-image":"","background-repeat":"repeat","background-position":"center center","background-size":"auto","background-attachment":"scroll","background-type":"","background-media":"","overlay-type":"","overlay-color":"","overlay-opacity":"","overlay-gradient":""},"tablet":{"background-color":"","background-image":"","background-repeat":"repeat","background-position":"center center","background-size":"auto","background-attachment":"scroll","background-type":"","background-media":"","overlay-type":"","overlay-color":"","overlay-opacity":"","overlay-gradient":""},"mobile":{"background-color":"","background-image":"","background-repeat":"repeat","background-position":"center center","background-size":"auto","background-attachment":"scroll","background-type":"","background-media":"","overlay-type":"","overlay-color":"","overlay-opacity":"","overlay-gradient":""}},"ast-content-background-meta":{"desktop":{"background-color":"var(--ast-global-color-5)","background-image":"","background-repeat":"repeat","background-position":"center center","background-size":"auto","background-attachment":"scroll","background-type":"","background-media":"","overlay-type":"","overlay-color":"","overlay-opacity":"","overlay-gradient":""},"tablet":{"background-color":"var(--ast-global-color-5)","background-image":"","background-repeat":"repeat","background-position":"center center","background-size":"auto","background-attachment":"scroll","background-type":"","background-media":"","overlay-type":"","overlay-color":"","overlay-opacity":"","overlay-gradient":""},"mobile":{"background-color":"var(--ast-global-color-5)","background-image":"","background-repeat":"repeat","background-position":"center center","background-size":"auto","background-attachment":"scroll","background-type":"","background-media":"","overlay-type":"","overlay-color":"","overlay-opacity":"","overlay-gradient":""}},"footnotes":""},"class_list":["post-3817","page","type-page","status-publish","hentry"],"aioseo_notices":[],"uagb_featured_image_src":{"full":false,"thumbnail":false,"medium":false,"medium_large":false,"large":false,"1536x1536":false,"2048x2048":false,"trp-custom-language-flag":false,"woocommerce_thumbnail":false,"woocommerce_single":false,"woocommerce_gallery_thumbnail":false},"uagb_author_info":{"display_name":"Etnen zhong","author_link":"https:\/\/babypillowwholesale.com\/de\/author\/qq399438967gmail-com\/"},"uagb_comment_info":0,"uagb_excerpt":"Frequently Asked Questions Find answers to frequently asked questions about children&#8217;s sleep science, head shape development and flat head syndrome, pillow features and selection, and the state of e-commerce in the global pillow industry. Still have a question? If you have any other queries, feel free to reach out to us. Our knowledgeable team is&hellip;","jetpack_sharing_enabled":true,"_links":{"self":[{"href":"https:\/\/babypillowwholesale.com\/de\/wp-json\/wp\/v2\/pages\/3817","targetHints":{"allow":["GET"]}}],"collection":[{"href":"https:\/\/babypillowwholesale.com\/de\/wp-json\/wp\/v2\/pages"}],"about":[{"href":"https:\/\/babypillowwholesale.com\/de\/wp-json\/wp\/v2\/types\/page"}],"author":[{"embeddable":true,"href":"https:\/\/babypillowwholesale.com\/de\/wp-json\/wp\/v2\/users\/1"}],"replies":[{"embeddable":true,"href":"https:\/\/babypillowwholesale.com\/de\/wp-json\/wp\/v2\/comments?post=3817"}],"version-history":[{"count":7,"href":"https:\/\/babypillowwholesale.com\/de\/wp-json\/wp\/v2\/pages\/3817\/revisions"}],"predecessor-version":[{"id":3828,"href":"https:\/\/babypillowwholesale.com\/de\/wp-json\/wp\/v2\/pages\/3817\/revisions\/3828"}],"wp:attachment":[{"href":"https:\/\/babypillowwholesale.com\/de\/wp-json\/wp\/v2\/media?parent=3817"}],"curies":[{"name":"wp","href":"https:\/\/api.w.org\/{rel}","templated":true}]}}