{"id":3531,"date":"2025-04-21T14:11:14","date_gmt":"2025-04-21T14:11:14","guid":{"rendered":"https:\/\/babypillowwholesale.com\/?post_type=product&#038;p=3531"},"modified":"2025-06-04T16:12:10","modified_gmt":"2025-06-04T16:12:10","slug":"memory-foam-pillow-lumbar-and-hip-pillow-core","status":"publish","type":"product","link":"https:\/\/babypillowwholesale.com\/da\/product\/memory-foam-pillow-lumbar-and-hip-pillow-core\/","title":{"rendered":"Memory Foam Pillow - L\u00e6ndepude og hoftepude Core"},"content":{"rendered":"<div class=\"auto-hide-last-sibling-br paragraph-qzbcQC paragraph-element br-paragraph-space\">\n<div class=\"auto-hide-last-sibling-br paragraph-qzbcQC paragraph-element br-paragraph-space\">\n<div class=\"auto-hide-last-sibling-br paragraph-qzbcQC paragraph-element br-paragraph-space\">\n<div class=\"auto-hide-last-sibling-br paragraph-qzbcQC paragraph-element br-paragraph-space\">\n<div class=\"inter-wlTS5w\" data-immersive-translate-walked=\"d12d8f94-b8ff-4d99-b7de-4fecb356978f\">\n<div class=\"container-QE4ayg\">\n<div class=\"item-jU10IN\">\n<div class=\"container-jODEnh chrome70-container\">\n<div class=\"inner-eE95c9 inner-item-aL3Ui_\" data-target-id=\"message-box-target-id\" data-testid=\"union_message\">\n<div class=\"message-block-container-liuetz\" data-testid=\"message-block-container\">\n<div class=\"message-box-ZWbBdF\" data-testid=\"receive_message\" data-message-id=\"3380063449561346\">\n<div class=\"message-box-content-wrapper-srHdUj\">\n<div class=\"message-content message-box-content-otxGGw receive-message-box-content-_lREFj samantha-message-box-content-Qjmpja\" data-testid=\"message_content\">\n<div class=\"container-hfX5E8 flow-markdown-body theme-samantha-yJEgBp\" dir=\"ltr\" data-testid=\"message_text_content\" data-show-indicator=\"false\">\n<div class=\"auto-hide-last-sibling-br paragraph-qzbcQC paragraph-element br-paragraph-space\">\n<div class=\"auto-hide-last-sibling-br paragraph-qzbcQC paragraph-element br-paragraph-space\">\n<div class=\"auto-hide-last-sibling-br paragraph-qzbcQC paragraph-element br-paragraph-space\">\n<div class=\"inter-wlTS5w\" data-immersive-translate-walked=\"77882c95-9b81-4aae-b0d0-5a9dcc5f81ae\">\n<div class=\"container-QE4ayg\">\n<div class=\"item-jU10IN\">\n<div class=\"container-jODEnh chrome70-container\">\n<div class=\"inner-eE95c9 inner-item-aL3Ui_\" data-target-id=\"message-box-target-id\" data-testid=\"union_message\">\n<div class=\"message-block-container-liuetz\" data-testid=\"message-block-container\">\n<div class=\"message-box-ZWbBdF\" data-testid=\"receive_message\" data-message-id=\"3380868125114114\">\n<div class=\"message-box-content-wrapper-srHdUj\">\n<div class=\"message-content message-box-content-otxGGw receive-message-box-content-_lREFj samantha-message-box-content-Qjmpja\" data-testid=\"message_content\">\n<div class=\"container-hfX5E8 flow-markdown-body theme-samantha-yJEgBp\" dir=\"ltr\" data-testid=\"message_text_content\" data-show-indicator=\"false\">\n<div class=\"auto-hide-last-sibling-br paragraph-qzbcQC paragraph-element br-paragraph-space\">\n<div class=\"inter-wlTS5w\" data-immersive-translate-walked=\"ae741d9a-c7b7-4553-8b9c-89d410298392\">\n<div class=\"container-QE4ayg\">\n<div class=\"item-jU10IN\">\n<div class=\"container-jODEnh chrome70-container\">\n<div class=\"inner-eE95c9 inner-item-aL3Ui_\" data-target-id=\"message-box-target-id\" data-testid=\"union_message\">\n<div class=\"message-block-container-liuetz\" data-testid=\"message-block-container\">\n<div class=\"message-box-ZWbBdF\" data-testid=\"receive_message\" data-message-id=\"3440923554912770\">\n<div class=\"message-box-content-wrapper-srHdUj\">\n<div class=\"message-content message-box-content-otxGGw receive-message-box-content-_lREFj samantha-message-box-content-Qjmpja\" data-testid=\"message_content\">\n<div class=\"container-hfX5E8 flow-markdown-body theme-samantha-yJEgBp\" dir=\"ltr\" data-testid=\"message_text_content\" data-show-indicator=\"false\">\n<div class=\"auto-hide-last-sibling-br paragraph-qzbcQC paragraph-element br-paragraph-space\">\n<div class=\"auto-hide-last-sibling-br paragraph-qzbcQC paragraph-element br-paragraph-space\">\n<div class=\"auto-hide-last-sibling-br paragraph-qzbcQC paragraph-element br-paragraph-space\">\n<div class=\"inter-wlTS5w\" data-immersive-translate-walked=\"ae741d9a-c7b7-4553-8b9c-89d410298392\">\n<div class=\"container-QE4ayg\">\n<div class=\"item-jU10IN\">\n<div class=\"container-jODEnh chrome70-container\">\n<div class=\"inner-eE95c9 inner-item-aL3Ui_\" data-target-id=\"message-box-target-id\" data-testid=\"union_message\">\n<div class=\"message-block-container-liuetz\" data-testid=\"message-block-container\">\n<div class=\"message-box-ZWbBdF\" data-testid=\"receive_message\" data-message-id=\"3530982425931266\">\n<div class=\"message-box-content-wrapper-srHdUj\">\n<div class=\"message-content message-box-content-otxGGw receive-message-box-content-_lREFj samantha-message-box-content-Qjmpja\" data-testid=\"message_content\">\n<div class=\"container-hfX5E8 flow-markdown-body theme-samantha-yJEgBp\" dir=\"ltr\" data-testid=\"message_text_content\" data-show-indicator=\"false\">\n<div class=\"auto-hide-last-sibling-br paragraph-qzbcQC paragraph-element br-paragraph-space\">\n<div class=\"auto-hide-last-sibling-br paragraph-qzbcQC paragraph-element br-paragraph-space\">\n<div class=\"auto-hide-last-sibling-br paragraph-qzbcQC paragraph-element br-paragraph-space\">\n<div class=\"auto-hide-last-sibling-br paragraph-qzbcQC paragraph-element br-paragraph-space\">\n<div class=\"inter-wlTS5w\" data-immersive-translate-walked=\"ae741d9a-c7b7-4553-8b9c-89d410298392\">\n<div class=\"container-QE4ayg\">\n<div class=\"item-jU10IN\">\n<div class=\"container-jODEnh chrome70-container\">\n<div class=\"inner-eE95c9 inner-item-aL3Ui_\" data-target-id=\"message-box-target-id\" data-testid=\"union_message\">\n<div class=\"message-block-container-liuetz\" data-testid=\"message-block-container\">\n<div class=\"message-box-ZWbBdF\" data-testid=\"receive_message\" data-message-id=\"3554123368155650\">\n<div class=\"message-box-content-wrapper-srHdUj\">\n<div class=\"message-content message-box-content-otxGGw receive-message-box-content-_lREFj samantha-message-box-content-Qjmpja\" data-testid=\"message_content\">\n<div class=\"container-hfX5E8 flow-markdown-body theme-samantha-yJEgBp\" dir=\"ltr\" data-testid=\"message_text_content\" data-show-indicator=\"false\">\n<div class=\"auto-hide-last-sibling-br paragraph-qzbcQC paragraph-element br-paragraph-space\">\n<div class=\"auto-hide-last-sibling-br paragraph-qzbcQC paragraph-element br-paragraph-space\">\n<div class=\"auto-hide-last-sibling-br paragraph-qzbcQC paragraph-element br-paragraph-space\">\n<div class=\"auto-hide-last-sibling-br paragraph-qzbcQC paragraph-element br-paragraph-space\">Vi pr\u00e6senterer vores Memory Foam Pillow - Lumbar and Hip Pillow Core, som er uundv\u00e6rlig for babyer i alderen 5 m\u00e5neder til 1 \u00e5r. Det, der virkelig adskiller den fra andre, er vores uovertrufne tilpasningsservice.<\/div>\n<p>&nbsp;<\/p>\n<div class=\"auto-hide-last-sibling-br paragraph-qzbcQC paragraph-element br-paragraph-space\">For dem, der elsker et strejf af eventyr, kan vi forvandle pudekernen til en mini-jungle. Forestil dig en stolt l\u00f8ve, der br\u00f8ler fra savannen, med legesyge aber, der svinger sig fra tr\u00e6ernes grene, og farverige papeg\u00f8jer, der flagrer rundt. Hvert element er omhyggeligt detaljeret og skaber en levende og engagerende scene, der stimulerer barnets sanser.<\/div>\n<p>&nbsp;<\/p>\n<div class=\"auto-hide-last-sibling-br paragraph-qzbcQC paragraph-element br-paragraph-space\">Hvis du \u00f8nsker en mere beroligende og elegant \u00e6stetik, kan vi skabe et m\u00f8nster, der er inspireret af en fredfyldt eng. Delikate vilde blomster i bl\u00f8de pastelfarver som lavendel, tusindfryd og glem-mig-ikke kan trykkes p\u00e5 overfladen. Der kan tilf\u00f8jes sommerfugle, som flakser rundt mellem blomsterne for at give en f\u00f8lelse af ro og sk\u00f8nhed.<\/div>\n<p>&nbsp;<\/p>\n<div class=\"auto-hide-last-sibling-br paragraph-qzbcQC paragraph-element br-paragraph-space\">For et moderne og minimalistisk look kan vi bruge enkle geometriske former i neutrale toner. Trekanter, rektangler og cirkler kan arrangeres i en afbalanceret komposition, hvilket giver pudekernen et slankt, moderne udtryk, samtidig med at den bevarer sin funktionalitet.<\/div>\n<p>&nbsp;<\/p>\n<div class=\"auto-hide-last-sibling-br paragraph-qzbcQC paragraph-element br-paragraph-space\">Disse specialfremstillede designs forbedrer ikke bare pudekernens udseende; de g\u00f8r den til noget s\u00e6rligt p\u00e5 markedet. Ved at skr\u00e6ddersy m\u00f8nstrene til din specifikke vision hj\u00e6lper vi dig med at tiltr\u00e6kke flere kunder og \u00f8ge salget, hvilket sikrer, at denne l\u00e6nde- og hoftepude bliver et must for alle babyer i denne aldersgruppe.<\/div>\n<\/div>\n<\/div>\n<\/div>\n<\/div>\n<\/div>\n<\/div>\n<\/div>\n<\/div>\n<\/div>\n<\/div>\n<\/div>\n<\/div>\n<\/div>\n<\/div>\n<\/div>\n<\/div>\n<\/div>\n<\/div>\n<\/div>\n<\/div>\n<\/div>\n<\/div>\n<\/div>\n<\/div>\n<\/div>\n<\/div>\n<\/div>\n<\/div>\n<\/div>\n<\/div>\n<\/div>\n<\/div>\n<\/div>\n<\/div>\n<\/div>\n<\/div>\n<\/div>\n<\/div>\n<\/div>\n<\/div>\n<\/div>\n<\/div>\n<\/div>\n<\/div>\n<\/div>\n<\/div>\n<\/div>\n<\/div>\n<\/div>\n<\/div>\n<\/div>\n<\/div>\n<\/div>\n<\/div>\n<\/div>\n<\/div>\n<\/div>\n<\/div>\n<\/div>\n<\/div>\n<\/div>\n<\/div>\n<\/div>\n<\/div>\n<\/div>\n<\/div>\n<\/div>\n<\/div>","protected":false},"excerpt":{"rendered":"<div class=\"auto-hide-last-sibling-br paragraph-qzbcQC paragraph-element br-paragraph-space\">\n<div class=\"message-box-content-wrapper-srHdUj\">\n<div class=\"message-content message-box-content-otxGGw receive-message-box-content-_lREFj samantha-message-box-content-Qjmpja\" data-testid=\"message_content\">\n<div class=\"container-hfX5E8 flow-markdown-body theme-samantha-yJEgBp\" dir=\"ltr\" data-testid=\"message_text_content\" data-show-indicator=\"false\">\n<div class=\"auto-hide-last-sibling-br paragraph-qzbcQC paragraph-element br-paragraph-space\">Vores Memory Foam Pillow - Lumbar and Hip Pillow Core, der er velegnet til babyer i alderen 5 m\u00e5neder til 1 \u00e5r, tilbyder et bem\u00e6rkelsesv\u00e6rdigt tilpasningspotentiale. Vi kan skabe smukke m\u00f8nstre baseret p\u00e5 dine behov. Uanset om det er et m\u00f8nster med venlige jungledyr, der giver en eventyrlig stemning, eller et bl\u00f8dt pastelfarvet blomsterdesign, der giver et beroligende look, s\u00e5 har vi det, du skal bruge. Disse unikke designs vil f\u00e5 dit produkt til at skille sig ud p\u00e5 markedet, tiltr\u00e6kke flere kunder og \u00f8ge salget.<\/div>\n<\/div>\n<\/div>\n<\/div>\n<\/div>","protected":false},"featured_media":3532,"comment_status":"open","ping_status":"closed","template":"","meta":{"_uag_custom_page_level_css":"","site-sidebar-layout":"default","site-content-layout":"","ast-site-content-layout":"default","site-content-style":"default","site-sidebar-style":"default","ast-global-header-display":"","ast-banner-title-visibility":"","ast-main-header-display":"","ast-hfb-above-header-display":"","ast-hfb-below-header-display":"","ast-hfb-mobile-header-display":"","site-post-title":"","ast-breadcrumbs-content":"","ast-featured-img":"","footer-sml-layout":"","ast-disable-related-posts":"","theme-transparent-header-meta":"default","adv-header-id-meta":"","stick-header-meta":"","header-above-stick-meta":"","header-main-stick-meta":"","header-below-stick-meta":"","astra-migrate-meta-layouts":"set","ast-page-background-enabled":"default","ast-page-background-meta":{"desktop":{"background-color":"","background-image":"","background-repeat":"repeat","background-position":"center center","background-size":"auto","background-attachment":"scroll","background-type":"","background-media":"","overlay-type":"","overlay-color":"","overlay-opacity":"","overlay-gradient":""},"tablet":{"background-color":"","background-image":"","background-repeat":"repeat","background-position":"center center","background-size":"auto","background-attachment":"scroll","background-type":"","background-media":"","overlay-type":"","overlay-color":"","overlay-opacity":"","overlay-gradient":""},"mobile":{"background-color":"","background-image":"","background-repeat":"repeat","background-position":"center center","background-size":"auto","background-attachment":"scroll","background-type":"","background-media":"","overlay-type":"","overlay-color":"","overlay-opacity":"","overlay-gradient":""}},"ast-content-background-meta":{"desktop":{"background-color":"var(--ast-global-color-5)","background-image":"","background-repeat":"repeat","background-position":"center center","background-size":"auto","background-attachment":"scroll","background-type":"","background-media":"","overlay-type":"","overlay-color":"","overlay-opacity":"","overlay-gradient":""},"tablet":{"background-color":"var(--ast-global-color-5)","background-image":"","background-repeat":"repeat","background-position":"center center","background-size":"auto","background-attachment":"scroll","background-type":"","background-media":"","overlay-type":"","overlay-color":"","overlay-opacity":"","overlay-gradient":""},"mobile":{"background-color":"var(--ast-global-color-5)","background-image":"","background-repeat":"repeat","background-position":"center center","background-size":"auto","background-attachment":"scroll","background-type":"","background-media":"","overlay-type":"","overlay-color":"","overlay-opacity":"","overlay-gradient":""}}},"product_brand":[],"product_cat":[64,32],"product_tag":[70,68,71,69],"class_list":{"0":"post-3531","1":"product","2":"type-product","3":"status-publish","4":"has-post-thumbnail","6":"product_cat-0-to-1-year-oem","7":"product_cat-customize","8":"product_tag-babypillow","9":"product_tag-cuteanimalpillow","10":"product_tag-headshapesupport","11":"product_tag-kouniushapingpillow","12":"desktop-align-left","13":"tablet-align-left","14":"mobile-align-left","16":"first","17":"instock","18":"shipping-taxable","19":"product-type-simple"},"aioseo_notices":[],"uagb_featured_image_src":{"full":["https:\/\/babypillowwholesale.com\/wp-content\/uploads\/2025\/04\/0039.jpg",1000,1000,false],"thumbnail":["https:\/\/babypillowwholesale.com\/wp-content\/uploads\/2025\/04\/0039-150x150.jpg",150,150,true],"medium":["https:\/\/babypillowwholesale.com\/wp-content\/uploads\/2025\/04\/0039-300x300.jpg",300,300,true],"medium_large":["https:\/\/babypillowwholesale.com\/wp-content\/uploads\/2025\/04\/0039-768x768.jpg",768,768,true],"large":["https:\/\/babypillowwholesale.com\/wp-content\/uploads\/2025\/04\/0039.jpg",1000,1000,false],"1536x1536":["https:\/\/babypillowwholesale.com\/wp-content\/uploads\/2025\/04\/0039.jpg",1000,1000,false],"2048x2048":["https:\/\/babypillowwholesale.com\/wp-content\/uploads\/2025\/04\/0039.jpg",1000,1000,false],"trp-custom-language-flag":["https:\/\/babypillowwholesale.com\/wp-content\/uploads\/2025\/04\/0039.jpg",12,12,false],"woocommerce_thumbnail":["https:\/\/babypillowwholesale.com\/wp-content\/uploads\/2025\/04\/0039-300x300.jpg",300,300,true],"woocommerce_single":["https:\/\/babypillowwholesale.com\/wp-content\/uploads\/2025\/04\/0039-600x600.jpg",600,600,true],"woocommerce_gallery_thumbnail":["https:\/\/babypillowwholesale.com\/wp-content\/uploads\/2025\/04\/0039-100x100.jpg",100,100,true]},"uagb_author_info":{"display_name":"Etnen zhong","author_link":"https:\/\/babypillowwholesale.com\/da\/author\/"},"uagb_comment_info":0,"uagb_excerpt":"Our Memory Foam Pillow - Lumbar and Hip Pillow Core, suitable for babies aged 5 months to 1 year, offers remarkable customization potential. We can create beautiful patterns based on your needs. Whether it's a pattern of friendly jungle animals for an adventurous vibe, or a soft pastel - colored floral design for a soothing&hellip;","jetpack_sharing_enabled":true,"_links":{"self":[{"href":"https:\/\/babypillowwholesale.com\/da\/wp-json\/wp\/v2\/product\/3531","targetHints":{"allow":["GET"]}}],"collection":[{"href":"https:\/\/babypillowwholesale.com\/da\/wp-json\/wp\/v2\/product"}],"about":[{"href":"https:\/\/babypillowwholesale.com\/da\/wp-json\/wp\/v2\/types\/product"}],"replies":[{"embeddable":true,"href":"https:\/\/babypillowwholesale.com\/da\/wp-json\/wp\/v2\/comments?post=3531"}],"wp:featuredmedia":[{"embeddable":true,"href":"https:\/\/babypillowwholesale.com\/da\/wp-json\/wp\/v2\/media\/3532"}],"wp:attachment":[{"href":"https:\/\/babypillowwholesale.com\/da\/wp-json\/wp\/v2\/media?parent=3531"}],"wp:term":[{"taxonomy":"product_brand","embeddable":true,"href":"https:\/\/babypillowwholesale.com\/da\/wp-json\/wp\/v2\/product_brand?post=3531"},{"taxonomy":"product_cat","embeddable":true,"href":"https:\/\/babypillowwholesale.com\/da\/wp-json\/wp\/v2\/product_cat?post=3531"},{"taxonomy":"product_tag","embeddable":true,"href":"https:\/\/babypillowwholesale.com\/da\/wp-json\/wp\/v2\/product_tag?post=3531"}],"curies":[{"name":"wp","href":"https:\/\/api.w.org\/{rel}","templated":true}]}}