{"id":3488,"date":"2025-04-19T02:55:35","date_gmt":"2025-04-19T02:55:35","guid":{"rendered":"https:\/\/babypillowwholesale.com\/?post_type=product&#038;p=3488"},"modified":"2025-06-05T14:47:34","modified_gmt":"2025-06-05T14:47:34","slug":"memory-foam-pillow-thin-bear-shaped-pillow-core","status":"publish","type":"product","link":"https:\/\/babypillowwholesale.com\/da\/product\/memory-foam-pillow-thin-bear-shaped-pillow-core\/","title":{"rendered":"Hukommelsesskumpude - Tynd bj\u00f8rn - formet pudekerne"},"content":{"rendered":"<div class=\"auto-hide-last-sibling-br paragraph-qzbcQC paragraph-element br-paragraph-space\">\n<div class=\"auto-hide-last-sibling-br paragraph-qzbcQC paragraph-element br-paragraph-space\">\n<div class=\"auto-hide-last-sibling-br paragraph-qzbcQC paragraph-element br-paragraph-space\">Se Memory Foam Pillow - Thin Bear - shaped Pillow Core, et mesterv\u00e6rk, der er skabt specielt til de mindste s\u00f8vng\u00e6ngere i alderen 0-6 m\u00e5neder. Dens forf\u00f8rende bj\u00f8rnelignende silhuet er ikke bare et \u00e6stetisk valg; den er en portal til et univers af skr\u00e6ddersyede muligheder.<\/div>\n<p>&nbsp;<\/p>\n<div class=\"auto-hide-last-sibling-br paragraph-qzbcQC paragraph-element br-paragraph-space\">Vi forst\u00e5r, at komfort er lige s\u00e5 individuel som dit barns s\u00f8de smil. Det er derfor, vi tilbyder muligheden for at finjustere bl\u00f8dheden i det hydrofile skum. Uanset om du \u00f8nsker en skylignende bl\u00f8dhed til de mest sarte hoveder eller en smule mere fasthed for ekstra st\u00f8tte, s\u00e5 har vi det til dig. Det er et niveau af tilpasning, der forvandler denne pudekerne fra et simpelt tilbeh\u00f8r til et personligt hvilested.<\/div>\n<p>&nbsp;<\/p>\n<div class=\"auto-hide-last-sibling-br paragraph-qzbcQC paragraph-element br-paragraph-space\">Overfladen p\u00e5 dette bj\u00f8rneformede vidunder er et tomt l\u00e6rred, der venter p\u00e5 kunstnerisk udtryk. Ved kun at bruge de sikreste, giftfri farver kan vi pryde den med fortryllende tryk. Forestil dig en konstellation af fine margueritter, hvis kronblade tilsyneladende svajer i en let brise, eller et spor af s\u00f8de kaninfodspor, som om de f\u00f8rer din baby ind i en verden af dr\u00f8mme. Disse aftryk er ikke bare dekorationer; de er historier, der venter p\u00e5 at blive fortalt, og tilf\u00f8jer et lag af magi til hver eneste lur.<\/div>\n<p>&nbsp;<\/p>\n<div class=\"auto-hide-last-sibling-br paragraph-qzbcQC paragraph-element br-paragraph-space\">Og s\u00e5 er der den centrale fordybning, en vigtig funktion, der er nyt\u00e6nkt for din babys komfort. Vi kan justere dens st\u00f8rrelse og dybde med kirurgisk pr\u00e6cision og sikre, at den vugger dit barns hoved som en k\u00e6rlig omfavnelse. Det er denne opm\u00e6rksomhed p\u00e5 detaljer, dette engagement i det unikke, der g\u00f8r vores Memory Foam Pillow - Thin Bear - formet Pillow Core ikke bare til et produkt, men til et elsket minde, en enest\u00e5ende vuggevise til din lilles s\u00f8vn.<\/div>\n<\/div>\n<\/div>","protected":false},"excerpt":{"rendered":"<p>Denne Memory Foam Pillow - Thin Bear - shaped Pillow Core, der er designet til babyer i alderen 0-6 m\u00e5neder, tilbyder en verden af tilpasnings- og designmuligheder. Dens k\u00e6rlige bj\u00f8rneform er det perfekte l\u00e6rred for kreativitet. Vi kan tilpasse bl\u00f8dhedsniveauet i det hydrofile skum efter dine pr\u00e6ferencer, s\u00e5 du sikrer den ideelle komfort for din lille. Overfladen kan udsmykkes med giftfri, babysikre tryk, f.eks. sm\u00e5 blomsterm\u00f8nstre eller s\u00f8de dyrefodaftryk, som giver et unikt og charmerende pr\u00e6g. Desuden kan st\u00f8rrelsen og dybden af den centrale fordybning justeres, s\u00e5 den bedre underst\u00f8tter barnets hovedform. Det giver dig mulighed for at skabe en helt personlig pudekerne, der ikke kun opfylder dit barns komfortbehov, men ogs\u00e5 skiller sig ud som et s\u00e6rligt, unikt produkt.<\/p>","protected":false},"featured_media":3489,"comment_status":"open","ping_status":"closed","template":"","meta":{"_uag_custom_page_level_css":"","site-sidebar-layout":"default","site-content-layout":"","ast-site-content-layout":"default","site-content-style":"default","site-sidebar-style":"default","ast-global-header-display":"","ast-banner-title-visibility":"","ast-main-header-display":"","ast-hfb-above-header-display":"","ast-hfb-below-header-display":"","ast-hfb-mobile-header-display":"","site-post-title":"","ast-breadcrumbs-content":"","ast-featured-img":"","footer-sml-layout":"","ast-disable-related-posts":"","theme-transparent-header-meta":"default","adv-header-id-meta":"","stick-header-meta":"","header-above-stick-meta":"","header-main-stick-meta":"","header-below-stick-meta":"","astra-migrate-meta-layouts":"set","ast-page-background-enabled":"default","ast-page-background-meta":{"desktop":{"background-color":"","background-image":"","background-repeat":"repeat","background-position":"center center","background-size":"auto","background-attachment":"scroll","background-type":"","background-media":"","overlay-type":"","overlay-color":"","overlay-opacity":"","overlay-gradient":""},"tablet":{"background-color":"","background-image":"","background-repeat":"repeat","background-position":"center center","background-size":"auto","background-attachment":"scroll","background-type":"","background-media":"","overlay-type":"","overlay-color":"","overlay-opacity":"","overlay-gradient":""},"mobile":{"background-color":"","background-image":"","background-repeat":"repeat","background-position":"center center","background-size":"auto","background-attachment":"scroll","background-type":"","background-media":"","overlay-type":"","overlay-color":"","overlay-opacity":"","overlay-gradient":""}},"ast-content-background-meta":{"desktop":{"background-color":"var(--ast-global-color-5)","background-image":"","background-repeat":"repeat","background-position":"center center","background-size":"auto","background-attachment":"scroll","background-type":"","background-media":"","overlay-type":"","overlay-color":"","overlay-opacity":"","overlay-gradient":""},"tablet":{"background-color":"var(--ast-global-color-5)","background-image":"","background-repeat":"repeat","background-position":"center center","background-size":"auto","background-attachment":"scroll","background-type":"","background-media":"","overlay-type":"","overlay-color":"","overlay-opacity":"","overlay-gradient":""},"mobile":{"background-color":"var(--ast-global-color-5)","background-image":"","background-repeat":"repeat","background-position":"center center","background-size":"auto","background-attachment":"scroll","background-type":"","background-media":"","overlay-type":"","overlay-color":"","overlay-opacity":"","overlay-gradient":""}}},"product_brand":[],"product_cat":[65,32],"product_tag":[70,68,71,69],"class_list":{"0":"post-3488","1":"product","2":"type-product","3":"status-publish","4":"has-post-thumbnail","6":"product_cat-0-to-6months-oem","7":"product_cat-customize","8":"product_tag-babypillow","9":"product_tag-cuteanimalpillow","10":"product_tag-headshapesupport","11":"product_tag-kouniushapingpillow","12":"desktop-align-left","13":"tablet-align-left","14":"mobile-align-left","16":"first","17":"instock","18":"shipping-taxable","19":"product-type-simple"},"aioseo_notices":[],"uagb_featured_image_src":{"full":["https:\/\/babypillowwholesale.com\/wp-content\/uploads\/2025\/04\/0003.jpg",1000,1000,false],"thumbnail":["https:\/\/babypillowwholesale.com\/wp-content\/uploads\/2025\/04\/0003-150x150.jpg",150,150,true],"medium":["https:\/\/babypillowwholesale.com\/wp-content\/uploads\/2025\/04\/0003-300x300.jpg",300,300,true],"medium_large":["https:\/\/babypillowwholesale.com\/wp-content\/uploads\/2025\/04\/0003-768x768.jpg",768,768,true],"large":["https:\/\/babypillowwholesale.com\/wp-content\/uploads\/2025\/04\/0003.jpg",1000,1000,false],"1536x1536":["https:\/\/babypillowwholesale.com\/wp-content\/uploads\/2025\/04\/0003.jpg",1000,1000,false],"2048x2048":["https:\/\/babypillowwholesale.com\/wp-content\/uploads\/2025\/04\/0003.jpg",1000,1000,false],"trp-custom-language-flag":["https:\/\/babypillowwholesale.com\/wp-content\/uploads\/2025\/04\/0003.jpg",12,12,false],"woocommerce_thumbnail":["https:\/\/babypillowwholesale.com\/wp-content\/uploads\/2025\/04\/0003-300x300.jpg",300,300,true],"woocommerce_single":["https:\/\/babypillowwholesale.com\/wp-content\/uploads\/2025\/04\/0003-600x600.jpg",600,600,true],"woocommerce_gallery_thumbnail":["https:\/\/babypillowwholesale.com\/wp-content\/uploads\/2025\/04\/0003-100x100.jpg",100,100,true]},"uagb_author_info":{"display_name":"Etnen zhong","author_link":"https:\/\/babypillowwholesale.com\/da\/author\/"},"uagb_comment_info":0,"uagb_excerpt":"This Memory Foam Pillow - Thin Bear - shaped Pillow Core, designed for babies aged 0 - 6 months, offers a world of customization and design opportunities. Its endearing bear - shaped form is the perfect canvas for creativity. We can customize the softness level of the hydrophilic foam according to your preference, ensuring the&hellip;","jetpack_sharing_enabled":true,"_links":{"self":[{"href":"https:\/\/babypillowwholesale.com\/da\/wp-json\/wp\/v2\/product\/3488","targetHints":{"allow":["GET"]}}],"collection":[{"href":"https:\/\/babypillowwholesale.com\/da\/wp-json\/wp\/v2\/product"}],"about":[{"href":"https:\/\/babypillowwholesale.com\/da\/wp-json\/wp\/v2\/types\/product"}],"replies":[{"embeddable":true,"href":"https:\/\/babypillowwholesale.com\/da\/wp-json\/wp\/v2\/comments?post=3488"}],"wp:featuredmedia":[{"embeddable":true,"href":"https:\/\/babypillowwholesale.com\/da\/wp-json\/wp\/v2\/media\/3489"}],"wp:attachment":[{"href":"https:\/\/babypillowwholesale.com\/da\/wp-json\/wp\/v2\/media?parent=3488"}],"wp:term":[{"taxonomy":"product_brand","embeddable":true,"href":"https:\/\/babypillowwholesale.com\/da\/wp-json\/wp\/v2\/product_brand?post=3488"},{"taxonomy":"product_cat","embeddable":true,"href":"https:\/\/babypillowwholesale.com\/da\/wp-json\/wp\/v2\/product_cat?post=3488"},{"taxonomy":"product_tag","embeddable":true,"href":"https:\/\/babypillowwholesale.com\/da\/wp-json\/wp\/v2\/product_tag?post=3488"}],"curies":[{"name":"wp","href":"https:\/\/api.w.org\/{rel}","templated":true}]}}