{"id":3485,"date":"2025-04-19T02:35:27","date_gmt":"2025-04-19T02:35:27","guid":{"rendered":"https:\/\/babypillowwholesale.com\/?post_type=product&#038;p=3485"},"modified":"2025-06-05T14:53:09","modified_gmt":"2025-06-05T14:53:09","slug":"memory-foam-pillow-thick-bear-shaped-pillow-core","status":"publish","type":"product","link":"https:\/\/babypillowwholesale.com\/da\/product\/memory-foam-pillow-thick-bear-shaped-pillow-core\/","title":{"rendered":"Hukommelsesskumpude - tyk bj\u00f8rn - formet pudekerne"},"content":{"rendered":"<div class=\"auto-hide-last-sibling-br paragraph-qzbcQC paragraph-element br-paragraph-space\">\n<div class=\"auto-hide-last-sibling-br paragraph-qzbcQC paragraph-element br-paragraph-space\">Denne Memory Foam Pillow - Thick Bear - shaped Pillow Core, der er fremstillet specielt til babyer i alderen 0 - 6 m\u00e5neder, er et eksempel p\u00e5 unikhed og tilpasningspotentiale. Dens iboende charmerende bj\u00f8rnelignende silhuet er ikke bare et s\u00f8dt designvalg; det er et udgangspunkt for at skabe en helt unik babypude.<\/div>\n<p>&nbsp;<\/p>\n<div class=\"auto-hide-last-sibling-br paragraph-qzbcQC paragraph-element br-paragraph-space\">Ventilationshullerne, som er en vigtig funktion, er ikke hugget i sten. Vi kan omhyggeligt justere deres antal og dimensioner og finjustere pudens \u00e5ndbarhed, s\u00e5 den opfylder dit barns specifikke komfortbehov. Det er et niveau af tilpasning, der g\u00e5r ud over det s\u00e6dvanlige, og som sikrer optimal luftcirkulation for dit barns fredelige s\u00f8vn.<\/div>\n<p>&nbsp;<\/p>\n<div class=\"auto-hide-last-sibling-br paragraph-qzbcQC paragraph-element br-paragraph-space\">N\u00e5r det g\u00e6lder udseende, er mulighederne lige s\u00e5 gr\u00e6nsel\u00f8se som din fantasi. Ved kun at bruge de sikreste, ikke-giftige pigmenter kan vi forvandle bj\u00f8rnens \"pels\" til et v\u00e6ld af farver. Forestil dig en bj\u00f8rn med en pels i de bl\u00f8deste pastelfarver, der giver en f\u00f8lelse af ro, eller en, der er udsmykket med lyse, muntre nuancer for at v\u00e6kke din babys nysgerrighed. Det handler ikke kun om \u00e6stetik; det handler om at skabe en visuel oplevelse, der beroliger og stimulerer i lige h\u00f8j grad.<\/div>\n<p>&nbsp;<\/p>\n<div class=\"auto-hide-last-sibling-br paragraph-qzbcQC paragraph-element br-paragraph-space\">Men tilpasningen stopper ikke der. Vi kan tilf\u00f8je dejlige udsmykninger som h\u00e5ndbroderede \u00f8jne, der ser ud til at glimte af varme, eller en p\u00e5syet n\u00e6se, der giver bj\u00f8rnen et strejf af livagtig charme. Disse sm\u00e5 detaljer er ikke bare dekorative; de forvandler pudekernen fra et simpelt tilbeh\u00f8r til en elsket f\u00f8lgesvend for din baby.<\/div>\n<p>&nbsp;<\/p>\n<div class=\"auto-hide-last-sibling-br paragraph-qzbcQC paragraph-element br-paragraph-space\">Med denne Memory Foam Pillow - Thick Bear - formede pudekerne f\u00e5r du ikke bare et produkt; du skaber en personlig oase af komfort og nuttethed, et minde, der vil have en s\u00e6rlig plads i dit barns tidlige minder.<\/div>\n<\/div>","protected":false},"excerpt":{"rendered":"<p>Denne Memory Foam Pillow - Thick Bear - shaped Pillow Core, der er designet til babyer i alderen 0-6 m\u00e5neder, tilbyder omfattende tilpasnings- og designpotentiale. Dens bed\u00e5rende bj\u00f8rnelignende form fungerer som en charmerende base for yderligere personalisering. Antallet og st\u00f8rrelsen af ventilationshullerne kan justeres efter specifikke behov, hvilket optimerer \u00e5ndbarheden. Hvad ang\u00e5r udseendet, kan der bruges ikke-giftige, babysikre farver til at male bj\u00f8rnens \"pels\", hvilket skaber en r\u00e6kke s\u00f8de farveskemaer, som en bl\u00f8d pastelfarvet bj\u00f8rn for et blidt look eller en mere livlig for et legende touch. Derudover kan man tilf\u00f8je sm\u00e5 udsmykninger som broderede \u00f8jne eller en syet n\u00e6se for at g\u00f8re bj\u00f8rneformen mere levende og indtagende. Denne tilpasning giver for\u00e6ldre mulighed for at skabe en unik og speciel pudekerne, der ikke kun opfylder funktionelle krav, men ogs\u00e5 bliver et elsket minde for deres sm\u00e5.<\/p>","protected":false},"featured_media":3486,"comment_status":"open","ping_status":"closed","template":"","meta":{"_uag_custom_page_level_css":"","site-sidebar-layout":"default","site-content-layout":"","ast-site-content-layout":"default","site-content-style":"default","site-sidebar-style":"default","ast-global-header-display":"","ast-banner-title-visibility":"","ast-main-header-display":"","ast-hfb-above-header-display":"","ast-hfb-below-header-display":"","ast-hfb-mobile-header-display":"","site-post-title":"","ast-breadcrumbs-content":"","ast-featured-img":"","footer-sml-layout":"","ast-disable-related-posts":"","theme-transparent-header-meta":"default","adv-header-id-meta":"","stick-header-meta":"","header-above-stick-meta":"","header-main-stick-meta":"","header-below-stick-meta":"","astra-migrate-meta-layouts":"set","ast-page-background-enabled":"default","ast-page-background-meta":{"desktop":{"background-color":"","background-image":"","background-repeat":"repeat","background-position":"center center","background-size":"auto","background-attachment":"scroll","background-type":"","background-media":"","overlay-type":"","overlay-color":"","overlay-opacity":"","overlay-gradient":""},"tablet":{"background-color":"","background-image":"","background-repeat":"repeat","background-position":"center center","background-size":"auto","background-attachment":"scroll","background-type":"","background-media":"","overlay-type":"","overlay-color":"","overlay-opacity":"","overlay-gradient":""},"mobile":{"background-color":"","background-image":"","background-repeat":"repeat","background-position":"center center","background-size":"auto","background-attachment":"scroll","background-type":"","background-media":"","overlay-type":"","overlay-color":"","overlay-opacity":"","overlay-gradient":""}},"ast-content-background-meta":{"desktop":{"background-color":"var(--ast-global-color-5)","background-image":"","background-repeat":"repeat","background-position":"center center","background-size":"auto","background-attachment":"scroll","background-type":"","background-media":"","overlay-type":"","overlay-color":"","overlay-opacity":"","overlay-gradient":""},"tablet":{"background-color":"var(--ast-global-color-5)","background-image":"","background-repeat":"repeat","background-position":"center center","background-size":"auto","background-attachment":"scroll","background-type":"","background-media":"","overlay-type":"","overlay-color":"","overlay-opacity":"","overlay-gradient":""},"mobile":{"background-color":"var(--ast-global-color-5)","background-image":"","background-repeat":"repeat","background-position":"center center","background-size":"auto","background-attachment":"scroll","background-type":"","background-media":"","overlay-type":"","overlay-color":"","overlay-opacity":"","overlay-gradient":""}}},"product_brand":[],"product_cat":[65,32],"product_tag":[70,68,71,69],"class_list":{"0":"post-3485","1":"product","2":"type-product","3":"status-publish","4":"has-post-thumbnail","6":"product_cat-0-to-6months-oem","7":"product_cat-customize","8":"product_tag-babypillow","9":"product_tag-cuteanimalpillow","10":"product_tag-headshapesupport","11":"product_tag-kouniushapingpillow","12":"desktop-align-left","13":"tablet-align-left","14":"mobile-align-left","16":"first","17":"instock","18":"shipping-taxable","19":"product-type-simple"},"aioseo_notices":[],"uagb_featured_image_src":{"full":["https:\/\/babypillowwholesale.com\/wp-content\/uploads\/2025\/04\/0002.jpg",1000,1000,false],"thumbnail":["https:\/\/babypillowwholesale.com\/wp-content\/uploads\/2025\/04\/0002-150x150.jpg",150,150,true],"medium":["https:\/\/babypillowwholesale.com\/wp-content\/uploads\/2025\/04\/0002-300x300.jpg",300,300,true],"medium_large":["https:\/\/babypillowwholesale.com\/wp-content\/uploads\/2025\/04\/0002-768x768.jpg",768,768,true],"large":["https:\/\/babypillowwholesale.com\/wp-content\/uploads\/2025\/04\/0002.jpg",1000,1000,false],"1536x1536":["https:\/\/babypillowwholesale.com\/wp-content\/uploads\/2025\/04\/0002.jpg",1000,1000,false],"2048x2048":["https:\/\/babypillowwholesale.com\/wp-content\/uploads\/2025\/04\/0002.jpg",1000,1000,false],"trp-custom-language-flag":["https:\/\/babypillowwholesale.com\/wp-content\/uploads\/2025\/04\/0002.jpg",12,12,false],"woocommerce_thumbnail":["https:\/\/babypillowwholesale.com\/wp-content\/uploads\/2025\/04\/0002-300x300.jpg",300,300,true],"woocommerce_single":["https:\/\/babypillowwholesale.com\/wp-content\/uploads\/2025\/04\/0002-600x600.jpg",600,600,true],"woocommerce_gallery_thumbnail":["https:\/\/babypillowwholesale.com\/wp-content\/uploads\/2025\/04\/0002-100x100.jpg",100,100,true]},"uagb_author_info":{"display_name":"Etnen zhong","author_link":"https:\/\/babypillowwholesale.com\/da\/author\/"},"uagb_comment_info":0,"uagb_excerpt":"This Memory Foam Pillow - Thick Bear - shaped Pillow Core, designed for babies aged 0 - 6 months, offers extensive customization and design potential. Its adorable bear - like form serves as a charming base for further personalization. The number and size of the ventilation holes can be adjusted according to specific needs, optimizing&hellip;","jetpack_sharing_enabled":true,"_links":{"self":[{"href":"https:\/\/babypillowwholesale.com\/da\/wp-json\/wp\/v2\/product\/3485","targetHints":{"allow":["GET"]}}],"collection":[{"href":"https:\/\/babypillowwholesale.com\/da\/wp-json\/wp\/v2\/product"}],"about":[{"href":"https:\/\/babypillowwholesale.com\/da\/wp-json\/wp\/v2\/types\/product"}],"replies":[{"embeddable":true,"href":"https:\/\/babypillowwholesale.com\/da\/wp-json\/wp\/v2\/comments?post=3485"}],"wp:featuredmedia":[{"embeddable":true,"href":"https:\/\/babypillowwholesale.com\/da\/wp-json\/wp\/v2\/media\/3486"}],"wp:attachment":[{"href":"https:\/\/babypillowwholesale.com\/da\/wp-json\/wp\/v2\/media?parent=3485"}],"wp:term":[{"taxonomy":"product_brand","embeddable":true,"href":"https:\/\/babypillowwholesale.com\/da\/wp-json\/wp\/v2\/product_brand?post=3485"},{"taxonomy":"product_cat","embeddable":true,"href":"https:\/\/babypillowwholesale.com\/da\/wp-json\/wp\/v2\/product_cat?post=3485"},{"taxonomy":"product_tag","embeddable":true,"href":"https:\/\/babypillowwholesale.com\/da\/wp-json\/wp\/v2\/product_tag?post=3485"}],"curies":[{"name":"wp","href":"https:\/\/api.w.org\/{rel}","templated":true}]}}