{"id":3474,"date":"2025-04-18T16:21:06","date_gmt":"2025-04-18T16:21:06","guid":{"rendered":"https:\/\/babypillowwholesale.com\/?post_type=product&#038;p=3474"},"modified":"2025-06-05T14:55:58","modified_gmt":"2025-06-05T14:55:58","slug":"memory-foam-pillow-round-pillow-core","status":"publish","type":"product","link":"https:\/\/babypillowwholesale.com\/da\/product\/memory-foam-pillow-round-pillow-core\/","title":{"rendered":"Hukommelsesskumpude - rund pudekerne"},"content":{"rendered":"<div class=\"auto-hide-last-sibling-br paragraph-qzbcQC paragraph-element br-paragraph-space\">Denne Memory Foam Pillow - Round Pillow Core, der er skr\u00e6ddersyet til babyer i alderen 0-6 m\u00e5neder, er et l\u00e6rred med uendelige muligheder, n\u00e5r det g\u00e6lder tilpasning af m\u00f8nstre og design. Dens slanke overflade er klar til forvandling og giver en eksklusiv mulighed for at skabe et unikt produkt.<\/div>\n<p>&nbsp;<\/p>\n<div class=\"auto-hide-last-sibling-br paragraph-qzbcQC paragraph-element br-paragraph-space\">Forestil dig at pryde det med fortryllende motiver, der ikke kun er visuelt f\u00e6ngslende, men ogs\u00e5 giver genlyd af sp\u00e6dbarnets uskyld. Fine tryk af skovdyr som blide hjorte eller nysgerrige egern kan give et strejf af naturens charme. Eller m\u00e5ske et drys af dr\u00f8mmende konstellationer med blinkende stjerner og en smilende m\u00e5ne, som kan lulle den lille ind i en himmelsk s\u00f8vn. Disse m\u00f8nstre er ikke bare tilf\u00e6ldigt valgt; de er n\u00f8je udvalgt for at skabe en beroligende visuel oplevelse for din baby.<\/div>\n<p>&nbsp;<\/p>\n<div class=\"auto-hide-last-sibling-br paragraph-qzbcQC paragraph-element br-paragraph-space\">Ved hj\u00e6lp af de nyeste, giftfri trykteknikker sikrer vi, at hvert design ikke kun er en fryd for \u00f8jet, men ogs\u00e5 helt sikkert for din babys f\u00f8lsomme hud. Denne grad af tilpasning er mere end blot \u00e6stetik; den giver for\u00e6ldre mulighed for at tilf\u00f8re deres personlige stil og b\u00f8rnev\u00e6relsets unikke atmosf\u00e6re til denne vigtige genstand. Uanset om du sigter efter et moderne, minimalistisk look eller et finurligt, eventyrinspireret tema, kan denne pudekerne skr\u00e6ddersys til at v\u00e6re en enest\u00e5ende, skr\u00e6ddersyet tilf\u00f8jelse til din babys verden.<\/div>","protected":false},"excerpt":{"rendered":"<p>Denne Memory Foam Pillow - Round Pillow Core, der passer til babyer fra 0 til 6 m\u00e5neder, giver store muligheder for tilpasning af m\u00f8nstre og design. Pudekernens glatte overflade giver et ideelt l\u00e6rred til forskellige designs. Der kan tilf\u00f8jes blide, babyvenlige motiver som s\u00f8de dyreprint, bl\u00f8de blomsterm\u00f8nstre eller finurlige himmelske elementer som stjerner og m\u00e5ner. Disse m\u00f8nstre kan p\u00e5f\u00f8res ved hj\u00e6lp af giftfri, babysikre trykteknikker for at sikre, at de er sikre for barnets sarte hud. Brugerdefinerede m\u00f8nstre kan ikke kun g\u00f8re puden mere visuelt tiltalende, men giver ogs\u00e5 for\u00e6ldrene mulighed for at v\u00e6lge design, der passer til deres b\u00f8rnev\u00e6relse eller personlige pr\u00e6ferencer, hvilket giver et unikt pr\u00e6g p\u00e5 denne vigtige babyartikel.<\/p>","protected":false},"featured_media":3484,"comment_status":"open","ping_status":"closed","template":"","meta":{"_uag_custom_page_level_css":"","site-sidebar-layout":"default","site-content-layout":"","ast-site-content-layout":"default","site-content-style":"default","site-sidebar-style":"default","ast-global-header-display":"","ast-banner-title-visibility":"","ast-main-header-display":"","ast-hfb-above-header-display":"","ast-hfb-below-header-display":"","ast-hfb-mobile-header-display":"","site-post-title":"","ast-breadcrumbs-content":"","ast-featured-img":"","footer-sml-layout":"","ast-disable-related-posts":"","theme-transparent-header-meta":"default","adv-header-id-meta":"","stick-header-meta":"","header-above-stick-meta":"","header-main-stick-meta":"","header-below-stick-meta":"","astra-migrate-meta-layouts":"set","ast-page-background-enabled":"default","ast-page-background-meta":{"desktop":{"background-color":"","background-image":"","background-repeat":"repeat","background-position":"center center","background-size":"auto","background-attachment":"scroll","background-type":"","background-media":"","overlay-type":"","overlay-color":"","overlay-opacity":"","overlay-gradient":""},"tablet":{"background-color":"","background-image":"","background-repeat":"repeat","background-position":"center center","background-size":"auto","background-attachment":"scroll","background-type":"","background-media":"","overlay-type":"","overlay-color":"","overlay-opacity":"","overlay-gradient":""},"mobile":{"background-color":"","background-image":"","background-repeat":"repeat","background-position":"center center","background-size":"auto","background-attachment":"scroll","background-type":"","background-media":"","overlay-type":"","overlay-color":"","overlay-opacity":"","overlay-gradient":""}},"ast-content-background-meta":{"desktop":{"background-color":"var(--ast-global-color-5)","background-image":"","background-repeat":"repeat","background-position":"center center","background-size":"auto","background-attachment":"scroll","background-type":"","background-media":"","overlay-type":"","overlay-color":"","overlay-opacity":"","overlay-gradient":""},"tablet":{"background-color":"var(--ast-global-color-5)","background-image":"","background-repeat":"repeat","background-position":"center center","background-size":"auto","background-attachment":"scroll","background-type":"","background-media":"","overlay-type":"","overlay-color":"","overlay-opacity":"","overlay-gradient":""},"mobile":{"background-color":"var(--ast-global-color-5)","background-image":"","background-repeat":"repeat","background-position":"center center","background-size":"auto","background-attachment":"scroll","background-type":"","background-media":"","overlay-type":"","overlay-color":"","overlay-opacity":"","overlay-gradient":""}}},"product_brand":[],"product_cat":[65,32],"product_tag":[70,68,71,69],"class_list":{"0":"post-3474","1":"product","2":"type-product","3":"status-publish","4":"has-post-thumbnail","6":"product_cat-0-to-6months-oem","7":"product_cat-customize","8":"product_tag-babypillow","9":"product_tag-cuteanimalpillow","10":"product_tag-headshapesupport","11":"product_tag-kouniushapingpillow","12":"desktop-align-left","13":"tablet-align-left","14":"mobile-align-left","16":"first","17":"instock","18":"shipping-taxable","19":"product-type-simple"},"aioseo_notices":[],"uagb_featured_image_src":{"full":["https:\/\/babypillowwholesale.com\/wp-content\/uploads\/2025\/04\/0001.jpg",1000,1000,false],"thumbnail":["https:\/\/babypillowwholesale.com\/wp-content\/uploads\/2025\/04\/0001-150x150.jpg",150,150,true],"medium":["https:\/\/babypillowwholesale.com\/wp-content\/uploads\/2025\/04\/0001-300x300.jpg",300,300,true],"medium_large":["https:\/\/babypillowwholesale.com\/wp-content\/uploads\/2025\/04\/0001-768x768.jpg",768,768,true],"large":["https:\/\/babypillowwholesale.com\/wp-content\/uploads\/2025\/04\/0001.jpg",1000,1000,false],"1536x1536":["https:\/\/babypillowwholesale.com\/wp-content\/uploads\/2025\/04\/0001.jpg",1000,1000,false],"2048x2048":["https:\/\/babypillowwholesale.com\/wp-content\/uploads\/2025\/04\/0001.jpg",1000,1000,false],"trp-custom-language-flag":["https:\/\/babypillowwholesale.com\/wp-content\/uploads\/2025\/04\/0001.jpg",12,12,false],"woocommerce_thumbnail":["https:\/\/babypillowwholesale.com\/wp-content\/uploads\/2025\/04\/0001-300x300.jpg",300,300,true],"woocommerce_single":["https:\/\/babypillowwholesale.com\/wp-content\/uploads\/2025\/04\/0001-600x600.jpg",600,600,true],"woocommerce_gallery_thumbnail":["https:\/\/babypillowwholesale.com\/wp-content\/uploads\/2025\/04\/0001-100x100.jpg",100,100,true]},"uagb_author_info":{"display_name":"Etnen zhong","author_link":"https:\/\/babypillowwholesale.com\/da\/author\/"},"uagb_comment_info":0,"uagb_excerpt":"This Memory Foam Pillow - Round Pillow Core, suitable for babies from 0 - 6 months, offers great potential for pattern customization and design. The smooth surface of the pillow core provides an ideal canvas for various designs. Gentle, baby - friendly motifs such as cute animal prints, soft floral patterns, or whimsical celestial elements&hellip;","jetpack_sharing_enabled":true,"_links":{"self":[{"href":"https:\/\/babypillowwholesale.com\/da\/wp-json\/wp\/v2\/product\/3474","targetHints":{"allow":["GET"]}}],"collection":[{"href":"https:\/\/babypillowwholesale.com\/da\/wp-json\/wp\/v2\/product"}],"about":[{"href":"https:\/\/babypillowwholesale.com\/da\/wp-json\/wp\/v2\/types\/product"}],"replies":[{"embeddable":true,"href":"https:\/\/babypillowwholesale.com\/da\/wp-json\/wp\/v2\/comments?post=3474"}],"wp:featuredmedia":[{"embeddable":true,"href":"https:\/\/babypillowwholesale.com\/da\/wp-json\/wp\/v2\/media\/3484"}],"wp:attachment":[{"href":"https:\/\/babypillowwholesale.com\/da\/wp-json\/wp\/v2\/media?parent=3474"}],"wp:term":[{"taxonomy":"product_brand","embeddable":true,"href":"https:\/\/babypillowwholesale.com\/da\/wp-json\/wp\/v2\/product_brand?post=3474"},{"taxonomy":"product_cat","embeddable":true,"href":"https:\/\/babypillowwholesale.com\/da\/wp-json\/wp\/v2\/product_cat?post=3474"},{"taxonomy":"product_tag","embeddable":true,"href":"https:\/\/babypillowwholesale.com\/da\/wp-json\/wp\/v2\/product_tag?post=3474"}],"curies":[{"name":"wp","href":"https:\/\/api.w.org\/{rel}","templated":true}]}}