{"id":3383,"date":"2025-04-11T07:55:31","date_gmt":"2025-04-11T07:55:31","guid":{"rendered":"https:\/\/babypillowwholesale.com\/?post_type=product&#038;p=3383"},"modified":"2025-06-08T08:07:13","modified_gmt":"2025-06-08T08:07:13","slug":"little-apple-memory-pillow","status":"publish","type":"product","link":"https:\/\/babypillowwholesale.com\/da\/product\/little-apple-memory-pillow\/","title":{"rendered":"Lille \u00e6ble-hukommelsespude"},"content":{"rendered":"<div class=\"auto-hide-last-sibling-br paragraph-qzbcQC paragraph-element br-paragraph-space\" data-immersive-translate-walked=\"8e61f2e7-6af2-46e5-9672-3b9e4f4033d9\" data-immersive-translate-paragraph=\"1\">\n<div class=\"auto-hide-last-sibling-br paragraph-qzbcQC paragraph-element br-paragraph-space\">\n<div class=\"auto-hide-last-sibling-br paragraph-qzbcQC paragraph-element br-paragraph-space\">\n<div class=\"auto-hide-last-sibling-br paragraph-qzbcQC paragraph-element br-paragraph-space\">Vi pr\u00e6senterer Little Apple Memory Pillow, en k\u00e6r og uundv\u00e6rlig s\u00f8vnkammerat, der er lavet specielt til sp\u00e6db\u00f8rn i den sp\u00e6de 0-3-m\u00e5neders periode. Denne pude er med sin charmerende \u00e6bleformede silhuet et \u00f8jeblikkeligt blikfang, der udstr\u00e5ler en f\u00f8lelse af s\u00f8dme og legesyge lige fra starten.<\/div>\n<p>&nbsp;<\/p>\n<div class=\"auto-hide-last-sibling-br paragraph-qzbcQC paragraph-element br-paragraph-space\">Den er fremstillet af f\u00f8rsteklasses memoryskum og er et eksempel p\u00e5 komfort. Forsigtigt og problemfrit former den sig efter de unikke konturer af dit barns hoved og giver en skr\u00e6ddersyet st\u00f8tte, der er b\u00e5de blid og beroligende. Pudens overflade er et l\u00e6rred af charme, prydet med dejlige tilf\u00e6ldige print, der tilf\u00f8jer et drys af lune og varme. Hvert print er som en lille historie, der bidrager til pudens samlede sk\u00f8nhed.<\/div>\n<p>&nbsp;<\/p>\n<div class=\"auto-hide-last-sibling-br paragraph-qzbcQC paragraph-element br-paragraph-space\">M\u00e5ler beskedne 20*.<em>22*<\/em>1,5 cm, ligger den perfekt i babyens krybbe og skaber en hyggelig oase for den lille. Forestil dig dit dyrebare sp\u00e6dbarn ligge i sin tremmeseng med hovedet blidt vugget af denne lille \u00e6bleformede pude. Det bliver et bl\u00f8dt, sikkert sted, hvor de kan glide ind i en fredelig s\u00f8vn, omgivet af memoryskummets blide omfavnelse og de s\u00f8de prints.<\/div>\n<p>&nbsp;<\/p>\n<div class=\"auto-hide-last-sibling-br paragraph-qzbcQC paragraph-element br-paragraph-space\">I de f\u00f8rste dage, hvor din baby bruger meget af sin tid p\u00e5 at sove, er Little Apple Memory Pillow en konstant kilde til komfort. Uanset om det er en kort lur om dagen eller et l\u00e6ngere str\u00e6k om natten, giver denne pude en ensartet og beroligende overflade. Den bliver ogs\u00e5 et fokuspunkt p\u00e5 b\u00f8rnev\u00e6relset og tilf\u00f8jer et strejf af nuttethed til den overordnede indretning.<\/div>\n<p>&nbsp;<\/p>\n<div class=\"auto-hide-last-sibling-br paragraph-qzbcQC paragraph-element br-paragraph-space\">For\u00e6ldre har v\u00e6ret overstr\u00f8mmende i deres lovprisning af denne dejlige pude. \"Jeg er forelsket i Little Apple Memory Pillow! Den er s\u00e5 s\u00f8d, og min nyf\u00f8dte virker s\u00e5 meget mere komfortabel. Hukommelsesskummet \u00e6ndrer alt,\" udbr\u00f8d en nybagt mor. En far tilf\u00f8jede: \"Vi elsker, hvordan den tilf\u00f8jer lidt charme til b\u00f8rnev\u00e6relset. Den har holdt sig godt, og det ser virkelig ud til, at den hj\u00e6lper vores baby med at sove bedre.\"<\/div>\n<p>&nbsp;<\/p>\n<div class=\"auto-hide-last-sibling-br paragraph-qzbcQC paragraph-element br-paragraph-space\">I bund og grund er Little Apple Memory Pillow en harmonisk blanding af komfort, nuttethed og funktionalitet. Det er ikke bare et stykke senget\u00f8j; det er en v\u00e6rdsat del af din babys tidlige liv, der tilf\u00f8rer hvert s\u00f8vnfyldt \u00f8jeblik en f\u00f8lelse af ro og \u00f8mhed.<\/div>\n<\/div>\n<\/div>\n<\/div>","protected":false},"excerpt":{"rendered":"<p>Little Apple Memory Pillow er en s\u00f8d og praktisk sovepude, der er designet til sp\u00e6db\u00f8rn i alderen 0-3 m\u00e5neder. Den er formet som et s\u00f8dt \u00e6ble og falder straks i \u00f8jnene med sin yndige form. Den er lavet af memoryskum og former sig bl\u00f8dt efter barnets hoved, s\u00e5 det f\u00e5r en blid og tilpasset st\u00f8tte. Overfladen er dekoreret med charmerende, tilf\u00e6ldige print, som tilf\u00f8jer et strejf af sk\u00f8nhed. Med en kompakt st\u00f8rrelse p\u00e5 20*<em>22*<\/em>1,5 cm, passer den perfekt i babyens vugge. Denne pude hj\u00e6lper ikke kun med at bevare barnets hovedform, men tilbyder ogs\u00e5 et hyggeligt og behageligt hvilested, der skaber et roligt milj\u00f8 for barnets fredelige s\u00f8vn.<\/p>","protected":false},"featured_media":3384,"comment_status":"open","ping_status":"closed","template":"","meta":{"_uag_custom_page_level_css":"","site-sidebar-layout":"default","site-content-layout":"","ast-site-content-layout":"default","site-content-style":"default","site-sidebar-style":"default","ast-global-header-display":"","ast-banner-title-visibility":"","ast-main-header-display":"","ast-hfb-above-header-display":"","ast-hfb-below-header-display":"","ast-hfb-mobile-header-display":"","site-post-title":"","ast-breadcrumbs-content":"","ast-featured-img":"","footer-sml-layout":"","ast-disable-related-posts":"","theme-transparent-header-meta":"default","adv-header-id-meta":"","stick-header-meta":"","header-above-stick-meta":"","header-main-stick-meta":"","header-below-stick-meta":"","astra-migrate-meta-layouts":"set","ast-page-background-enabled":"default","ast-page-background-meta":{"desktop":{"background-color":"","background-image":"","background-repeat":"repeat","background-position":"center center","background-size":"auto","background-attachment":"scroll","background-type":"","background-media":"","overlay-type":"","overlay-color":"","overlay-opacity":"","overlay-gradient":""},"tablet":{"background-color":"","background-image":"","background-repeat":"repeat","background-position":"center center","background-size":"auto","background-attachment":"scroll","background-type":"","background-media":"","overlay-type":"","overlay-color":"","overlay-opacity":"","overlay-gradient":""},"mobile":{"background-color":"","background-image":"","background-repeat":"repeat","background-position":"center center","background-size":"auto","background-attachment":"scroll","background-type":"","background-media":"","overlay-type":"","overlay-color":"","overlay-opacity":"","overlay-gradient":""}},"ast-content-background-meta":{"desktop":{"background-color":"var(--ast-global-color-5)","background-image":"","background-repeat":"repeat","background-position":"center center","background-size":"auto","background-attachment":"scroll","background-type":"","background-media":"","overlay-type":"","overlay-color":"","overlay-opacity":"","overlay-gradient":""},"tablet":{"background-color":"var(--ast-global-color-5)","background-image":"","background-repeat":"repeat","background-position":"center center","background-size":"auto","background-attachment":"scroll","background-type":"","background-media":"","overlay-type":"","overlay-color":"","overlay-opacity":"","overlay-gradient":""},"mobile":{"background-color":"var(--ast-global-color-5)","background-image":"","background-repeat":"repeat","background-position":"center center","background-size":"auto","background-attachment":"scroll","background-type":"","background-media":"","overlay-type":"","overlay-color":"","overlay-opacity":"","overlay-gradient":""}}},"product_brand":[],"product_cat":[54,42],"product_tag":[70,68,71,69],"class_list":{"0":"post-3383","1":"product","2":"type-product","3":"status-publish","4":"has-post-thumbnail","6":"product_cat-0-to-6months","7":"product_cat-merchandise","8":"product_tag-babypillow","9":"product_tag-cuteanimalpillow","10":"product_tag-headshapesupport","11":"product_tag-kouniushapingpillow","12":"desktop-align-left","13":"tablet-align-left","14":"mobile-align-left","16":"first","17":"instock","18":"shipping-taxable","19":"product-type-simple"},"aioseo_notices":[],"uagb_featured_image_src":{"full":["https:\/\/babypillowwholesale.com\/wp-content\/uploads\/2025\/04\/1003.jpg",1000,1000,false],"thumbnail":["https:\/\/babypillowwholesale.com\/wp-content\/uploads\/2025\/04\/1003-150x150.jpg",150,150,true],"medium":["https:\/\/babypillowwholesale.com\/wp-content\/uploads\/2025\/04\/1003-300x300.jpg",300,300,true],"medium_large":["https:\/\/babypillowwholesale.com\/wp-content\/uploads\/2025\/04\/1003-768x768.jpg",768,768,true],"large":["https:\/\/babypillowwholesale.com\/wp-content\/uploads\/2025\/04\/1003.jpg",1000,1000,false],"1536x1536":["https:\/\/babypillowwholesale.com\/wp-content\/uploads\/2025\/04\/1003.jpg",1000,1000,false],"2048x2048":["https:\/\/babypillowwholesale.com\/wp-content\/uploads\/2025\/04\/1003.jpg",1000,1000,false],"trp-custom-language-flag":["https:\/\/babypillowwholesale.com\/wp-content\/uploads\/2025\/04\/1003.jpg",12,12,false],"woocommerce_thumbnail":["https:\/\/babypillowwholesale.com\/wp-content\/uploads\/2025\/04\/1003-300x300.jpg",300,300,true],"woocommerce_single":["https:\/\/babypillowwholesale.com\/wp-content\/uploads\/2025\/04\/1003-600x600.jpg",600,600,true],"woocommerce_gallery_thumbnail":["https:\/\/babypillowwholesale.com\/wp-content\/uploads\/2025\/04\/1003-100x100.jpg",100,100,true]},"uagb_author_info":{"display_name":"Etnen zhong","author_link":"https:\/\/babypillowwholesale.com\/da\/author\/"},"uagb_comment_info":0,"uagb_excerpt":"The Little Apple Memory Pillow is a sweet and practical sleep essential designed for infants aged 0 - 3 months. Shaped like a cute apple, it immediately catches the eye with its adorable form. Made of memory foam, it softly conforms to the baby's head, providing gentle and customized support. The surface is decorated with&hellip;","jetpack_sharing_enabled":true,"_links":{"self":[{"href":"https:\/\/babypillowwholesale.com\/da\/wp-json\/wp\/v2\/product\/3383","targetHints":{"allow":["GET"]}}],"collection":[{"href":"https:\/\/babypillowwholesale.com\/da\/wp-json\/wp\/v2\/product"}],"about":[{"href":"https:\/\/babypillowwholesale.com\/da\/wp-json\/wp\/v2\/types\/product"}],"replies":[{"embeddable":true,"href":"https:\/\/babypillowwholesale.com\/da\/wp-json\/wp\/v2\/comments?post=3383"}],"wp:featuredmedia":[{"embeddable":true,"href":"https:\/\/babypillowwholesale.com\/da\/wp-json\/wp\/v2\/media\/3384"}],"wp:attachment":[{"href":"https:\/\/babypillowwholesale.com\/da\/wp-json\/wp\/v2\/media?parent=3383"}],"wp:term":[{"taxonomy":"product_brand","embeddable":true,"href":"https:\/\/babypillowwholesale.com\/da\/wp-json\/wp\/v2\/product_brand?post=3383"},{"taxonomy":"product_cat","embeddable":true,"href":"https:\/\/babypillowwholesale.com\/da\/wp-json\/wp\/v2\/product_cat?post=3383"},{"taxonomy":"product_tag","embeddable":true,"href":"https:\/\/babypillowwholesale.com\/da\/wp-json\/wp\/v2\/product_tag?post=3383"}],"curies":[{"name":"wp","href":"https:\/\/api.w.org\/{rel}","templated":true}]}}