{"id":3380,"date":"2025-04-11T07:23:24","date_gmt":"2025-04-11T07:23:24","guid":{"rendered":"https:\/\/babypillowwholesale.com\/?post_type=product&#038;p=3380"},"modified":"2025-06-08T08:11:45","modified_gmt":"2025-06-08T08:11:45","slug":"little-bear-memory-pillow","status":"publish","type":"product","link":"https:\/\/babypillowwholesale.com\/da\/product\/little-bear-memory-pillow\/","title":{"rendered":"Lille bj\u00f8rn-pude med hukommelse"},"content":{"rendered":"<div class=\"auto-hide-last-sibling-br paragraph-qzbcQC paragraph-element br-paragraph-space\" data-immersive-translate-walked=\"8e61f2e7-6af2-46e5-9672-3b9e4f4033d9\" data-immersive-translate-paragraph=\"1\">\n<div class=\"auto-hide-last-sibling-br paragraph-qzbcQC paragraph-element br-paragraph-space\">\n<div class=\"auto-hide-last-sibling-br paragraph-qzbcQC paragraph-element br-paragraph-space\">Vi pr\u00e6senterer Little Bear Memory Pillow, en n\u00e6nsom og vigtig s\u00f8vnkammerat, der er omhyggeligt udformet til sp\u00e6db\u00f8rn i 0-6-m\u00e5neders-stadiet. Denne pude er et pragteksemplar af komfort, fremstillet af f\u00f8rsteklasses memoryskum, der elegant former sig efter konturerne af dit barns hoved. Den giver en skr\u00e6ddersyet omfavnelse, der sikrer blid, men st\u00f8ttende komfort, hvilket er afg\u00f8rende for dit barns hovedform, der er under udvikling.<\/div>\n<p>&nbsp;<\/p>\n<div class=\"auto-hide-last-sibling-br paragraph-qzbcQC paragraph-element br-paragraph-space\">Pudens overflade er et l\u00e6rred af nuttethed, prydet med en r\u00e6kke dejlige tilf\u00e6ldige tryk med charmerende sm\u00e5 bj\u00f8rnemotiver. Hver bj\u00f8rn med sit k\u00e6rlige udtryk og legesyge opf\u00f8rsel tilf\u00f8jer et strejf af lune og varme, s\u00e5 puden ikke bare er en funktionel genstand, men en kilde til visuel gl\u00e6de.<\/div>\n<p>&nbsp;<\/p>\n<div class=\"auto-hide-last-sibling-br paragraph-qzbcQC paragraph-element br-paragraph-space\">M\u00e5ling af en kompakt 25*.<em>20*<\/em>1,5 cm, passer den perfekt til en babys krybbe eller vugge. Forestil dig dit dyrebare sp\u00e6dbarn i sin hyggelige soveplads med det lille hoved hvilende blidt p\u00e5 denne pude. Det bliver en oase af bl\u00f8dhed, et sted, hvor de kan glide ind i en fredelig s\u00f8vn, omgivet af de sm\u00e5 bj\u00f8rneaftryks tr\u00f8stende tilstedev\u00e6relse.<\/div>\n<p>&nbsp;<\/p>\n<div class=\"auto-hide-last-sibling-br paragraph-qzbcQC paragraph-element br-paragraph-space\">I de f\u00f8rste dage, hvor din baby tager korte lure i l\u00f8bet af dagen, giver Little Bear Memory Pillow et ensartet og behageligt sted. Den er ogs\u00e5 en betryggende tilf\u00f8jelse til nattes\u00f8vnen og hj\u00e6lper din baby med at f\u00f8le sig tryg og godt tilpas.<\/div>\n<p>&nbsp;<\/p>\n<div class=\"auto-hide-last-sibling-br paragraph-qzbcQC paragraph-element br-paragraph-space\">For\u00e6ldre har v\u00e6ret meget begejstrede for dette produkt. \"Denne Little Bear Memory Pillow \u00e6ndrer alt! Min nyf\u00f8dte virker s\u00e5 meget mere komfortabel, og jeg elsker det s\u00f8de bj\u00f8rnetryk. Det giver mig ro i sindet at vide, at den ogs\u00e5 hj\u00e6lper med hovedformen,\" l\u00f8d det fra en nybagt mor. En far tilf\u00f8jede: \"Vi er virkelig imponerede over kvaliteten. Den har holdt godt, og den er blevet en vigtig del af vores babys soves\u00e6t.\"<\/div>\n<p>&nbsp;<\/p>\n<div class=\"auto-hide-last-sibling-br paragraph-qzbcQC paragraph-element br-paragraph-space\">I bund og grund er Little Bear Memory Pillow en harmonisk blanding af komfort, nuttethed og funktionalitet. Den er ikke bare et stykke senget\u00f8j; den er en v\u00e6rdsat del af din babys f\u00f8rste tid, og den tilf\u00f8rer hvert s\u00f8vnfyldt \u00f8jeblik en f\u00f8lelse af tryghed og \u00f8mhed.<\/div>\n<\/div>\n<\/div>","protected":false},"excerpt":{"rendered":"<p>Little Bear Memory Pillow er et fint og funktionelt sovetilbeh\u00f8r, der er designet til sp\u00e6db\u00f8rn i alderen 0-6 m\u00e5neder. Den er lavet af memory-skum og tilpasser sig forsigtigt formen p\u00e5 barnets hoved og giver tilpasset st\u00f8tte. Overfladen er prydet med s\u00f8de, tilf\u00e6ldige print af sm\u00e5 bj\u00f8rnemotiver, som tilf\u00f8jer et element af charme. Med en kompakt st\u00f8rrelse p\u00e5 25*<em>20*<\/em>1,5 cm, er den velegnet til en babys krybbe eller vugge. Denne pude hj\u00e6lper ikke kun med at bevare barnets hovedform, men tilbyder ogs\u00e5 et bl\u00f8dt og behageligt hvilested, der skaber et hyggeligt milj\u00f8 for barnets s\u00f8vn.<\/p>","protected":false},"featured_media":3381,"comment_status":"open","ping_status":"closed","template":"","meta":{"_uag_custom_page_level_css":"","site-sidebar-layout":"default","site-content-layout":"","ast-site-content-layout":"default","site-content-style":"default","site-sidebar-style":"default","ast-global-header-display":"","ast-banner-title-visibility":"","ast-main-header-display":"","ast-hfb-above-header-display":"","ast-hfb-below-header-display":"","ast-hfb-mobile-header-display":"","site-post-title":"","ast-breadcrumbs-content":"","ast-featured-img":"","footer-sml-layout":"","ast-disable-related-posts":"","theme-transparent-header-meta":"default","adv-header-id-meta":"","stick-header-meta":"","header-above-stick-meta":"","header-main-stick-meta":"","header-below-stick-meta":"","astra-migrate-meta-layouts":"set","ast-page-background-enabled":"default","ast-page-background-meta":{"desktop":{"background-color":"","background-image":"","background-repeat":"repeat","background-position":"center center","background-size":"auto","background-attachment":"scroll","background-type":"","background-media":"","overlay-type":"","overlay-color":"","overlay-opacity":"","overlay-gradient":""},"tablet":{"background-color":"","background-image":"","background-repeat":"repeat","background-position":"center center","background-size":"auto","background-attachment":"scroll","background-type":"","background-media":"","overlay-type":"","overlay-color":"","overlay-opacity":"","overlay-gradient":""},"mobile":{"background-color":"","background-image":"","background-repeat":"repeat","background-position":"center center","background-size":"auto","background-attachment":"scroll","background-type":"","background-media":"","overlay-type":"","overlay-color":"","overlay-opacity":"","overlay-gradient":""}},"ast-content-background-meta":{"desktop":{"background-color":"var(--ast-global-color-5)","background-image":"","background-repeat":"repeat","background-position":"center center","background-size":"auto","background-attachment":"scroll","background-type":"","background-media":"","overlay-type":"","overlay-color":"","overlay-opacity":"","overlay-gradient":""},"tablet":{"background-color":"var(--ast-global-color-5)","background-image":"","background-repeat":"repeat","background-position":"center center","background-size":"auto","background-attachment":"scroll","background-type":"","background-media":"","overlay-type":"","overlay-color":"","overlay-opacity":"","overlay-gradient":""},"mobile":{"background-color":"var(--ast-global-color-5)","background-image":"","background-repeat":"repeat","background-position":"center center","background-size":"auto","background-attachment":"scroll","background-type":"","background-media":"","overlay-type":"","overlay-color":"","overlay-opacity":"","overlay-gradient":""}}},"product_brand":[],"product_cat":[54,42],"product_tag":[70,68,71,69],"class_list":{"0":"post-3380","1":"product","2":"type-product","3":"status-publish","4":"has-post-thumbnail","6":"product_cat-0-to-6months","7":"product_cat-merchandise","8":"product_tag-babypillow","9":"product_tag-cuteanimalpillow","10":"product_tag-headshapesupport","11":"product_tag-kouniushapingpillow","12":"desktop-align-left","13":"tablet-align-left","14":"mobile-align-left","16":"first","17":"instock","18":"shipping-taxable","19":"product-type-simple"},"aioseo_notices":[],"uagb_featured_image_src":{"full":["https:\/\/babypillowwholesale.com\/wp-content\/uploads\/2025\/04\/1002.jpg",1000,1000,false],"thumbnail":["https:\/\/babypillowwholesale.com\/wp-content\/uploads\/2025\/04\/1002-150x150.jpg",150,150,true],"medium":["https:\/\/babypillowwholesale.com\/wp-content\/uploads\/2025\/04\/1002-300x300.jpg",300,300,true],"medium_large":["https:\/\/babypillowwholesale.com\/wp-content\/uploads\/2025\/04\/1002-768x768.jpg",768,768,true],"large":["https:\/\/babypillowwholesale.com\/wp-content\/uploads\/2025\/04\/1002.jpg",1000,1000,false],"1536x1536":["https:\/\/babypillowwholesale.com\/wp-content\/uploads\/2025\/04\/1002.jpg",1000,1000,false],"2048x2048":["https:\/\/babypillowwholesale.com\/wp-content\/uploads\/2025\/04\/1002.jpg",1000,1000,false],"trp-custom-language-flag":["https:\/\/babypillowwholesale.com\/wp-content\/uploads\/2025\/04\/1002.jpg",12,12,false],"woocommerce_thumbnail":["https:\/\/babypillowwholesale.com\/wp-content\/uploads\/2025\/04\/1002-300x300.jpg",300,300,true],"woocommerce_single":["https:\/\/babypillowwholesale.com\/wp-content\/uploads\/2025\/04\/1002-600x600.jpg",600,600,true],"woocommerce_gallery_thumbnail":["https:\/\/babypillowwholesale.com\/wp-content\/uploads\/2025\/04\/1002-100x100.jpg",100,100,true]},"uagb_author_info":{"display_name":"Etnen zhong","author_link":"https:\/\/babypillowwholesale.com\/da\/author\/"},"uagb_comment_info":0,"uagb_excerpt":"The Little Bear Memory Pillow is a delicate and functional sleep accessory designed for infants aged 0 - 6 months. Made with memory foam, it gently conforms to the shape of the baby's head, providing customized support. Its surface is adorned with cute random prints of little bear motifs, adding an element of charm. With&hellip;","jetpack_sharing_enabled":true,"_links":{"self":[{"href":"https:\/\/babypillowwholesale.com\/da\/wp-json\/wp\/v2\/product\/3380","targetHints":{"allow":["GET"]}}],"collection":[{"href":"https:\/\/babypillowwholesale.com\/da\/wp-json\/wp\/v2\/product"}],"about":[{"href":"https:\/\/babypillowwholesale.com\/da\/wp-json\/wp\/v2\/types\/product"}],"replies":[{"embeddable":true,"href":"https:\/\/babypillowwholesale.com\/da\/wp-json\/wp\/v2\/comments?post=3380"}],"wp:featuredmedia":[{"embeddable":true,"href":"https:\/\/babypillowwholesale.com\/da\/wp-json\/wp\/v2\/media\/3381"}],"wp:attachment":[{"href":"https:\/\/babypillowwholesale.com\/da\/wp-json\/wp\/v2\/media?parent=3380"}],"wp:term":[{"taxonomy":"product_brand","embeddable":true,"href":"https:\/\/babypillowwholesale.com\/da\/wp-json\/wp\/v2\/product_brand?post=3380"},{"taxonomy":"product_cat","embeddable":true,"href":"https:\/\/babypillowwholesale.com\/da\/wp-json\/wp\/v2\/product_cat?post=3380"},{"taxonomy":"product_tag","embeddable":true,"href":"https:\/\/babypillowwholesale.com\/da\/wp-json\/wp\/v2\/product_tag?post=3380"}],"curies":[{"name":"wp","href":"https:\/\/api.w.org\/{rel}","templated":true}]}}