{"id":3333,"date":"2025-04-04T08:28:31","date_gmt":"2025-04-04T08:28:31","guid":{"rendered":"https:\/\/babypillowwholesale.com\/?post_type=product&#038;p=3333"},"modified":"2025-06-08T14:08:50","modified_gmt":"2025-06-08T14:08:50","slug":"pikachu-infant-pillow","status":"publish","type":"product","link":"https:\/\/babypillowwholesale.com\/da\/product\/pikachu-infant-pillow\/","title":{"rendered":"Pikachu-pude til sp\u00e6db\u00f8rn"},"content":{"rendered":"<div class=\"auto-hide-last-sibling-br paragraph-qzbcQC paragraph-element br-paragraph-space\" data-immersive-translate-walked=\"8e61f2e7-6af2-46e5-9672-3b9e4f4033d9\" data-immersive-translate-paragraph=\"1\">\n<div class=\"auto-hide-last-sibling-br paragraph-qzbcQC paragraph-element br-paragraph-space\">\n<div class=\"auto-hide-last-sibling-br paragraph-qzbcQC paragraph-element br-paragraph-space\">\n<div class=\"auto-hide-last-sibling-br paragraph-qzbcQC paragraph-element br-paragraph-space\">\n<div class=\"auto-hide-last-sibling-br paragraph-qzbcQC paragraph-element br-paragraph-space\">\n<div class=\"auto-hide-last-sibling-br paragraph-qzbcQC paragraph-element br-paragraph-space\">\n<div class=\"auto-hide-last-sibling-br paragraph-qzbcQC paragraph-element br-paragraph-space\">\n<div class=\"auto-hide-last-sibling-br paragraph-qzbcQC paragraph-element br-paragraph-space\">\n<div class=\"auto-hide-last-sibling-br paragraph-qzbcQC paragraph-element br-paragraph-space\">\n<div class=\"auto-hide-last-sibling-br paragraph-qzbcQC paragraph-element br-paragraph-space\">\n<div class=\"auto-hide-last-sibling-br paragraph-qzbcQC paragraph-element br-paragraph-space\">Se Pikachu-sp\u00e6db\u00f8rnspuden, en f\u00e6ngslende s\u00f8vnkammerat, der er skr\u00e6ddersyet til b\u00f8rn i 1-3-\u00e5rsalderen. Inspireret af den ikoniske og elskede Pikachu indfanger denne pude p\u00e5 mesterlig vis dens essens med lange, spidse \u00f8rer, store, udtryksfulde \u00f8jne og de uimodst\u00e5eligt s\u00f8de r\u00f8dmende kinder, der er \u00f8jeblikkeligt genkendelige.<\/div>\n<p>&nbsp;<\/p>\n<div class=\"auto-hide-last-sibling-br paragraph-qzbcQC paragraph-element br-paragraph-space\">M\u00e5ling 40*<em>24*<\/em>3 cm, er den ergonomisk designet til at give optimal st\u00f8tte til dit barns hoved og nakke. N\u00e5r dit barn falder i s\u00f8vn, vugger puden det blidt og fremmer en behagelig og sund sovestilling. Den er fremstillet af bl\u00f8de, hudvenlige materialer og har en fl\u00f8jlsbl\u00f8d fornemmelse som en blid omfavnelse, der sikrer, at dit barn f\u00f8ler sig trygt og godt tilpas hele natten.<\/div>\n<p>&nbsp;<\/p>\n<div class=\"auto-hide-last-sibling-br paragraph-qzbcQC paragraph-element br-paragraph-space\">Den f\u00e5s i de beroligende nuancer af pink og bl\u00e5 og supplerer ubesv\u00e6ret enhver b\u00f8rnev\u00e6relseindretning og tilf\u00f8jer et st\u00e6nk af farve og charme. Forestil dig magien ved sengetid, n\u00e5r dit barn putter sig op ad Pikachu-sp\u00e6db\u00f8rnspuden. Den bliver mere end bare en pude; den er en portal til en verden af fantasi, hvor dr\u00f8mmene er fyldt med elektriske eventyr. I l\u00f8bet af dagen kan den v\u00e6re en trofast f\u00f8lgesvend i deres legeeskapader, uanset om de genopf\u00f8rer Pikachus sp\u00e6ndende kampe eller bare bruger den som et bl\u00f8dt sted at hvile sig i en pause fra legen.<\/div>\n<p>&nbsp;<\/p>\n<div class=\"auto-hide-last-sibling-br paragraph-qzbcQC paragraph-element br-paragraph-space\">For\u00e6ldrene er begejstrede for denne dejlige pude. \"Min 2-\u00e5rige er besat af Pikachu-puden! Det er det f\u00f8rste, de r\u00e6kker ud efter ved sengetid. Den er fantastisk bl\u00f8d, og det er s\u00e5 s\u00f8dt at se dem k\u00e6le for den,\" udbr\u00f8d en glad mor. En far sagde: \"Vi elsker, hvordan den har gjort det endnu sjovere at g\u00e5 i seng. Den er ogs\u00e5 holdbar og overlever alle kram og kast. Helt sikkert et godt k\u00f8b!\"<\/div>\n<p>&nbsp;<\/p>\n<div class=\"auto-hide-last-sibling-br paragraph-qzbcQC paragraph-element br-paragraph-space\">Kort sagt er Pikachu-sp\u00e6db\u00f8rnspuden en harmonisk blanding af komfort, nuttethed og funktionalitet. Det er ikke bare et tilbeh\u00f8r til s\u00f8vnen; det er en v\u00e6rdsat del af dit barns hverdag, der tilf\u00f8rer hvert \u00f8jeblik et strejf af Pikachu-inspireret magi.<\/div>\n<\/div>\n<\/div>\n<\/div>\n<\/div>\n<\/div>\n<\/div>\n<\/div>\n<\/div>\n<\/div>\n<\/div>","protected":false},"excerpt":{"rendered":"<div class=\"container-QE4ayg\">\n<div class=\"item-jU10IN\">\n<div class=\"container-jODEnh chrome70-container\">\n<div class=\"inner-eE95c9 inner-item-aL3Ui_\" data-target-id=\"message-box-target-id\" data-testid=\"union_message\">\n<div class=\"message-block-container-liuetz\" data-testid=\"message-block-container\">\n<div class=\"message-box-ZWbBdF\" data-testid=\"receive_message\">\n<div class=\"message-box-content-wrapper-srHdUj\">\n<div class=\"message-content message-box-content-otxGGw receive-message-box-content-_lREFj samantha-message-box-content-Qjmpja\" data-testid=\"message_content\">\n<div class=\"container-hfX5E8 flow-markdown-body theme-samantha-yJEgBp\" dir=\"ltr\" data-testid=\"message_text_content\" data-show-indicator=\"false\">\n<div class=\"auto-hide-last-sibling-br paragraph-qzbcQC paragraph-element br-paragraph-space\">Pikachu-sp\u00e6db\u00f8rnspuden er en charmerende sovepude til b\u00f8rn i alderen 1 - 3 \u00e5r. Den er inspireret af den elskede Pikachu og har ikoniske tr\u00e6k som lange \u00f8rer, klare \u00f8jne og s\u00f8de, r\u00f8dmende kinder. Den m\u00e5ler 40*.<em>24*<\/em>3 cm, giver den den helt rigtige st\u00f8tte til barnets hoved og nakke og sikrer en behagelig s\u00f8vn. Den er lavet af bl\u00f8de og behagelige materialer og f\u00f8les blid mod huden. Den f\u00e5s i pink og bl\u00e5 og passer nemt ind i ethvert b\u00f8rnev\u00e6relse. Denne pude fremmer ikke kun en god nats s\u00f8vn, men tilf\u00f8jer ogs\u00e5 et strejf af sjov og fantasi til barnets sengetid, hvilket g\u00f8r den til en dejlig tilf\u00f8jelse til deres s\u00f8vnrutine.<\/div>\n<\/div>\n<\/div>\n<\/div>\n<\/div>\n<\/div>\n<\/div>\n<\/div>\n<\/div>\n<\/div>","protected":false},"featured_media":3334,"comment_status":"open","ping_status":"closed","template":"","meta":{"_uag_custom_page_level_css":"","site-sidebar-layout":"default","site-content-layout":"","ast-site-content-layout":"default","site-content-style":"default","site-sidebar-style":"default","ast-global-header-display":"","ast-banner-title-visibility":"","ast-main-header-display":"","ast-hfb-above-header-display":"","ast-hfb-below-header-display":"","ast-hfb-mobile-header-display":"","site-post-title":"","ast-breadcrumbs-content":"","ast-featured-img":"","footer-sml-layout":"","ast-disable-related-posts":"","theme-transparent-header-meta":"default","adv-header-id-meta":"","stick-header-meta":"","header-above-stick-meta":"","header-main-stick-meta":"","header-below-stick-meta":"","astra-migrate-meta-layouts":"set","ast-page-background-enabled":"default","ast-page-background-meta":{"desktop":{"background-color":"","background-image":"","background-repeat":"repeat","background-position":"center center","background-size":"auto","background-attachment":"scroll","background-type":"","background-media":"","overlay-type":"","overlay-color":"","overlay-opacity":"","overlay-gradient":""},"tablet":{"background-color":"","background-image":"","background-repeat":"repeat","background-position":"center center","background-size":"auto","background-attachment":"scroll","background-type":"","background-media":"","overlay-type":"","overlay-color":"","overlay-opacity":"","overlay-gradient":""},"mobile":{"background-color":"","background-image":"","background-repeat":"repeat","background-position":"center center","background-size":"auto","background-attachment":"scroll","background-type":"","background-media":"","overlay-type":"","overlay-color":"","overlay-opacity":"","overlay-gradient":""}},"ast-content-background-meta":{"desktop":{"background-color":"var(--ast-global-color-5)","background-image":"","background-repeat":"repeat","background-position":"center center","background-size":"auto","background-attachment":"scroll","background-type":"","background-media":"","overlay-type":"","overlay-color":"","overlay-opacity":"","overlay-gradient":""},"tablet":{"background-color":"var(--ast-global-color-5)","background-image":"","background-repeat":"repeat","background-position":"center center","background-size":"auto","background-attachment":"scroll","background-type":"","background-media":"","overlay-type":"","overlay-color":"","overlay-opacity":"","overlay-gradient":""},"mobile":{"background-color":"var(--ast-global-color-5)","background-image":"","background-repeat":"repeat","background-position":"center center","background-size":"auto","background-attachment":"scroll","background-type":"","background-media":"","overlay-type":"","overlay-color":"","overlay-opacity":"","overlay-gradient":""}}},"product_brand":[],"product_cat":[56,42],"product_tag":[70,68,71,69],"class_list":{"0":"post-3333","1":"product","2":"type-product","3":"status-publish","4":"has-post-thumbnail","6":"product_cat-1-to-3-years","7":"product_cat-merchandise","8":"product_tag-babypillow","9":"product_tag-cuteanimalpillow","10":"product_tag-headshapesupport","11":"product_tag-kouniushapingpillow","12":"desktop-align-left","13":"tablet-align-left","14":"mobile-align-left","16":"first","17":"instock","18":"featured","19":"shipping-taxable","20":"product-type-simple"},"aioseo_notices":[],"uagb_featured_image_src":{"full":["https:\/\/babypillowwholesale.com\/wp-content\/uploads\/2025\/04\/1527.jpg",1000,1000,false],"thumbnail":["https:\/\/babypillowwholesale.com\/wp-content\/uploads\/2025\/04\/1527-150x150.jpg",150,150,true],"medium":["https:\/\/babypillowwholesale.com\/wp-content\/uploads\/2025\/04\/1527-300x300.jpg",300,300,true],"medium_large":["https:\/\/babypillowwholesale.com\/wp-content\/uploads\/2025\/04\/1527-768x768.jpg",768,768,true],"large":["https:\/\/babypillowwholesale.com\/wp-content\/uploads\/2025\/04\/1527.jpg",1000,1000,false],"1536x1536":["https:\/\/babypillowwholesale.com\/wp-content\/uploads\/2025\/04\/1527.jpg",1000,1000,false],"2048x2048":["https:\/\/babypillowwholesale.com\/wp-content\/uploads\/2025\/04\/1527.jpg",1000,1000,false],"trp-custom-language-flag":["https:\/\/babypillowwholesale.com\/wp-content\/uploads\/2025\/04\/1527.jpg",12,12,false],"woocommerce_thumbnail":["https:\/\/babypillowwholesale.com\/wp-content\/uploads\/2025\/04\/1527-300x300.jpg",300,300,true],"woocommerce_single":["https:\/\/babypillowwholesale.com\/wp-content\/uploads\/2025\/04\/1527-600x600.jpg",600,600,true],"woocommerce_gallery_thumbnail":["https:\/\/babypillowwholesale.com\/wp-content\/uploads\/2025\/04\/1527-100x100.jpg",100,100,true]},"uagb_author_info":{"display_name":"Etnen zhong","author_link":"https:\/\/babypillowwholesale.com\/da\/author\/"},"uagb_comment_info":0,"uagb_excerpt":"The Pikachu Infant Pillow is a charming sleep essential for children aged 1 - 3 years. Inspired by the beloved Pikachu, it showcases iconic features like long ears, bright eyes, and cute blushing cheeks. Measuring 40*24*3CM, it provides just the right support for a child's head and neck, ensuring a comfortable sleep. Made from soft&hellip;","jetpack_sharing_enabled":true,"_links":{"self":[{"href":"https:\/\/babypillowwholesale.com\/da\/wp-json\/wp\/v2\/product\/3333","targetHints":{"allow":["GET"]}}],"collection":[{"href":"https:\/\/babypillowwholesale.com\/da\/wp-json\/wp\/v2\/product"}],"about":[{"href":"https:\/\/babypillowwholesale.com\/da\/wp-json\/wp\/v2\/types\/product"}],"replies":[{"embeddable":true,"href":"https:\/\/babypillowwholesale.com\/da\/wp-json\/wp\/v2\/comments?post=3333"}],"wp:featuredmedia":[{"embeddable":true,"href":"https:\/\/babypillowwholesale.com\/da\/wp-json\/wp\/v2\/media\/3334"}],"wp:attachment":[{"href":"https:\/\/babypillowwholesale.com\/da\/wp-json\/wp\/v2\/media?parent=3333"}],"wp:term":[{"taxonomy":"product_brand","embeddable":true,"href":"https:\/\/babypillowwholesale.com\/da\/wp-json\/wp\/v2\/product_brand?post=3333"},{"taxonomy":"product_cat","embeddable":true,"href":"https:\/\/babypillowwholesale.com\/da\/wp-json\/wp\/v2\/product_cat?post=3333"},{"taxonomy":"product_tag","embeddable":true,"href":"https:\/\/babypillowwholesale.com\/da\/wp-json\/wp\/v2\/product_tag?post=3333"}],"curies":[{"name":"wp","href":"https:\/\/api.w.org\/{rel}","templated":true}]}}