{"id":3323,"date":"2025-04-02T16:47:01","date_gmt":"2025-04-02T16:47:01","guid":{"rendered":"https:\/\/babypillowwholesale.com\/?post_type=product&#038;p=3323"},"modified":"2025-06-08T15:14:33","modified_gmt":"2025-06-08T15:14:33","slug":"hydrophilic-sponge-soothing-cloud-shaped-pillow","status":"publish","type":"product","link":"https:\/\/babypillowwholesale.com\/da\/product\/hydrophilic-sponge-soothing-cloud-shaped-pillow\/","title":{"rendered":"Hydrofil svamp beroligende skyformet pude"},"content":{"rendered":"<div class=\"auto-hide-last-sibling-br paragraph-qzbcQC paragraph-element br-paragraph-space\" data-immersive-translate-walked=\"8e61f2e7-6af2-46e5-9672-3b9e4f4033d9\" data-immersive-translate-paragraph=\"1\">\n<div class=\"auto-hide-last-sibling-br paragraph-qzbcQC paragraph-element br-paragraph-space\">\n<div class=\"auto-hide-last-sibling-br paragraph-qzbcQC paragraph-element br-paragraph-space\">\n<div class=\"auto-hide-last-sibling-br paragraph-qzbcQC paragraph-element br-paragraph-space\">\n<div class=\"auto-hide-last-sibling-br paragraph-qzbcQC paragraph-element br-paragraph-space\">\n<div class=\"auto-hide-last-sibling-br paragraph-qzbcQC paragraph-element br-paragraph-space\">\n<div class=\"auto-hide-last-sibling-br paragraph-qzbcQC paragraph-element br-paragraph-space\">\n<div class=\"auto-hide-last-sibling-br paragraph-qzbcQC paragraph-element br-paragraph-space\">Vi pr\u00e6senterer Hydrophilic Sponge Soothing Cloud - Shaped Pillow, en \u00f8m omfavnelse til babyer i deres f\u00f8rste leve\u00e5r. Den er udformet til at efterligne den bl\u00f8de, beroligende form af en sky og indhyller straks den lille i en f\u00f8lelse af tryghed og varme. Puden er lavet af f\u00f8rsteklasses hydrofil svamp, der giver et fl\u00f8jlsbl\u00f8dt touch, som er uds\u00f8gt sk\u00e5nsomt mod babyens sarte hud.<\/div>\n<p>&nbsp;<\/p>\n<div class=\"auto-hide-last-sibling-br paragraph-qzbcQC paragraph-element br-paragraph-space\">Denne pude er udsmykket med en r\u00e6kke bed\u00e5rende dyreprint, der er fordelt tilf\u00e6ldigt over hele overfladen, og den er en visuel fryd, der v\u00e6kker nysgerrighed og gl\u00e6de i din babys verden. M\u00e5ler 45<em>28<\/em>1,5 cm, giver den god plads til at vugge dit barns hoved og krop under b\u00e5de lur og leg.<\/div>\n<p>&nbsp;<\/p>\n<div class=\"auto-hide-last-sibling-br paragraph-qzbcQC paragraph-element br-paragraph-space\">Forestil dig fredfyldte lure, hvor din baby putter sig i puden og glider ind i dr\u00f8mmeland, som om den var omfavnet af en bl\u00f8d sky. Eller forestil dig legende \u00f8jeblikke, hvor din baby r\u00e6kker ud, fascineret af de s\u00f8de dyreprint. Den er ogs\u00e5 perfekt til at berolige, n\u00e5r barnet er uroligt, og giver en velkendt og tr\u00f8stende ber\u00f8ring.<\/div>\n<p>&nbsp;<\/p>\n<div class=\"auto-hide-last-sibling-br paragraph-qzbcQC paragraph-element br-paragraph-space\">For\u00e6ldrene er overstr\u00f8mmende i deres ros. \"Denne skyformede pude er en livredder! Min baby falder til ro n\u00e6sten \u00f8jeblikkeligt, n\u00e5r han l\u00e6gges p\u00e5 den. Den hydrofile svamps bl\u00f8dhed og de s\u00f8de prints er bare vidunderlige,\" sagde en lettet mor. En far tilf\u00f8jede: \"Den er blevet en fast bestanddel af vores babys rutine. Uanset om det er til en hurtig lur eller bare en stille stund, er denne pude der altid og giver komfort og lidt sjov.\"<\/div>\n<p>&nbsp;<\/p>\n<div class=\"auto-hide-last-sibling-br paragraph-qzbcQC paragraph-element br-paragraph-space\">I bund og grund er Hydrophilic Sponge Soothing Cloud - Shaped Pillow mere end bare et stykke senget\u00f8j. Det er en blanding af funktionalitet, komfort og nuttethed, en uundv\u00e6rlig ledsager, der forbedrer hvert eneste dyrebare \u00f8jeblik i din babys f\u00f8rste tid.<\/div>\n<\/div>\n<\/div>\n<\/div>\n<\/div>\n<\/div>\n<\/div>\n<\/div>","protected":false},"excerpt":{"rendered":"<p>Hydrophilic Sponge Soothing Cloud - Shaped Pillow er en vidunderlig ledsager til babyer i alderen 0 - 1 \u00e5r. Dens design har form af en bl\u00f8d sky, der skaber en f\u00f8lelse af sikkerhed og komfort. Den er lavet af hydrofil svamp og har en blid og behagelig ber\u00f8ring, som er perfekt til babyens f\u00f8lsomme hud. Puden er udsmykket med s\u00f8de dyreprint, der er tilf\u00e6ldigt fordelt og tilf\u00f8jer et legende og charmerende element. Med en specifikation p\u00e5 45*.<em>28*<\/em>1,5 cm giver den rigelig plads til barnets hoved og krop. Denne pude er ikke kun god til lure, men fungerer ogs\u00e5 som et tr\u00f8stende objekt under leg, eller n\u00e5r barnet har brug for beroligelse. Den kombinerer funktionalitet, bl\u00f8dhed og en s\u00f8d \u00e6stetik, som g\u00f8r den til et uundv\u00e6rligt element i barnets f\u00f8rste tid.<\/p>","protected":false},"featured_media":3324,"comment_status":"open","ping_status":"closed","template":"","meta":{"_uag_custom_page_level_css":"","site-sidebar-layout":"default","site-content-layout":"","ast-site-content-layout":"default","site-content-style":"default","site-sidebar-style":"default","ast-global-header-display":"","ast-banner-title-visibility":"","ast-main-header-display":"","ast-hfb-above-header-display":"","ast-hfb-below-header-display":"","ast-hfb-mobile-header-display":"","site-post-title":"","ast-breadcrumbs-content":"","ast-featured-img":"","footer-sml-layout":"","ast-disable-related-posts":"","theme-transparent-header-meta":"default","adv-header-id-meta":"","stick-header-meta":"","header-above-stick-meta":"","header-main-stick-meta":"","header-below-stick-meta":"","astra-migrate-meta-layouts":"set","ast-page-background-enabled":"default","ast-page-background-meta":{"desktop":{"background-color":"","background-image":"","background-repeat":"repeat","background-position":"center center","background-size":"auto","background-attachment":"scroll","background-type":"","background-media":"","overlay-type":"","overlay-color":"","overlay-opacity":"","overlay-gradient":""},"tablet":{"background-color":"","background-image":"","background-repeat":"repeat","background-position":"center center","background-size":"auto","background-attachment":"scroll","background-type":"","background-media":"","overlay-type":"","overlay-color":"","overlay-opacity":"","overlay-gradient":""},"mobile":{"background-color":"","background-image":"","background-repeat":"repeat","background-position":"center center","background-size":"auto","background-attachment":"scroll","background-type":"","background-media":"","overlay-type":"","overlay-color":"","overlay-opacity":"","overlay-gradient":""}},"ast-content-background-meta":{"desktop":{"background-color":"var(--ast-global-color-5)","background-image":"","background-repeat":"repeat","background-position":"center center","background-size":"auto","background-attachment":"scroll","background-type":"","background-media":"","overlay-type":"","overlay-color":"","overlay-opacity":"","overlay-gradient":""},"tablet":{"background-color":"var(--ast-global-color-5)","background-image":"","background-repeat":"repeat","background-position":"center center","background-size":"auto","background-attachment":"scroll","background-type":"","background-media":"","overlay-type":"","overlay-color":"","overlay-opacity":"","overlay-gradient":""},"mobile":{"background-color":"var(--ast-global-color-5)","background-image":"","background-repeat":"repeat","background-position":"center center","background-size":"auto","background-attachment":"scroll","background-type":"","background-media":"","overlay-type":"","overlay-color":"","overlay-opacity":"","overlay-gradient":""}}},"product_brand":[],"product_cat":[55,42],"product_tag":[70,68,71,69],"class_list":{"0":"post-3323","1":"product","2":"type-product","3":"status-publish","4":"has-post-thumbnail","6":"product_cat-0-to-1-year","7":"product_cat-merchandise","8":"product_tag-babypillow","9":"product_tag-cuteanimalpillow","10":"product_tag-headshapesupport","11":"product_tag-kouniushapingpillow","12":"desktop-align-left","13":"tablet-align-left","14":"mobile-align-left","16":"first","17":"instock","18":"shipping-taxable","19":"product-type-simple"},"aioseo_notices":[],"uagb_featured_image_src":{"full":["https:\/\/babypillowwholesale.com\/wp-content\/uploads\/2025\/04\/1026.jpg",1000,1000,false],"thumbnail":["https:\/\/babypillowwholesale.com\/wp-content\/uploads\/2025\/04\/1026-150x150.jpg",150,150,true],"medium":["https:\/\/babypillowwholesale.com\/wp-content\/uploads\/2025\/04\/1026-300x300.jpg",300,300,true],"medium_large":["https:\/\/babypillowwholesale.com\/wp-content\/uploads\/2025\/04\/1026-768x768.jpg",768,768,true],"large":["https:\/\/babypillowwholesale.com\/wp-content\/uploads\/2025\/04\/1026.jpg",1000,1000,false],"1536x1536":["https:\/\/babypillowwholesale.com\/wp-content\/uploads\/2025\/04\/1026.jpg",1000,1000,false],"2048x2048":["https:\/\/babypillowwholesale.com\/wp-content\/uploads\/2025\/04\/1026.jpg",1000,1000,false],"trp-custom-language-flag":["https:\/\/babypillowwholesale.com\/wp-content\/uploads\/2025\/04\/1026.jpg",12,12,false],"woocommerce_thumbnail":["https:\/\/babypillowwholesale.com\/wp-content\/uploads\/2025\/04\/1026-300x300.jpg",300,300,true],"woocommerce_single":["https:\/\/babypillowwholesale.com\/wp-content\/uploads\/2025\/04\/1026-600x600.jpg",600,600,true],"woocommerce_gallery_thumbnail":["https:\/\/babypillowwholesale.com\/wp-content\/uploads\/2025\/04\/1026-100x100.jpg",100,100,true]},"uagb_author_info":{"display_name":"Etnen zhong","author_link":"https:\/\/babypillowwholesale.com\/da\/author\/"},"uagb_comment_info":0,"uagb_excerpt":"The Hydrophilic Sponge Soothing Cloud - Shaped Pillow is a wonderful companion for babies aged 0 - 1 year. Its design takes the form of a soft cloud, creating a sense of security and comfort. Made from hydrophilic sponge, it offers a gentle and pleasant touch, perfect for a baby's sensitive skin. The pillow is&hellip;","jetpack_sharing_enabled":true,"_links":{"self":[{"href":"https:\/\/babypillowwholesale.com\/da\/wp-json\/wp\/v2\/product\/3323","targetHints":{"allow":["GET"]}}],"collection":[{"href":"https:\/\/babypillowwholesale.com\/da\/wp-json\/wp\/v2\/product"}],"about":[{"href":"https:\/\/babypillowwholesale.com\/da\/wp-json\/wp\/v2\/types\/product"}],"replies":[{"embeddable":true,"href":"https:\/\/babypillowwholesale.com\/da\/wp-json\/wp\/v2\/comments?post=3323"}],"wp:featuredmedia":[{"embeddable":true,"href":"https:\/\/babypillowwholesale.com\/da\/wp-json\/wp\/v2\/media\/3324"}],"wp:attachment":[{"href":"https:\/\/babypillowwholesale.com\/da\/wp-json\/wp\/v2\/media?parent=3323"}],"wp:term":[{"taxonomy":"product_brand","embeddable":true,"href":"https:\/\/babypillowwholesale.com\/da\/wp-json\/wp\/v2\/product_brand?post=3323"},{"taxonomy":"product_cat","embeddable":true,"href":"https:\/\/babypillowwholesale.com\/da\/wp-json\/wp\/v2\/product_cat?post=3323"},{"taxonomy":"product_tag","embeddable":true,"href":"https:\/\/babypillowwholesale.com\/da\/wp-json\/wp\/v2\/product_tag?post=3323"}],"curies":[{"name":"wp","href":"https:\/\/api.w.org\/{rel}","templated":true}]}}