{"id":3317,"date":"2025-03-31T02:51:30","date_gmt":"2025-03-31T02:51:30","guid":{"rendered":"https:\/\/babypillowwholesale.com\/?post_type=product&#038;p=3317"},"modified":"2025-06-08T15:19:36","modified_gmt":"2025-06-08T15:19:36","slug":"obedient-bear-contour-pillow","status":"publish","type":"product","link":"https:\/\/babypillowwholesale.com\/da\/product\/obedient-bear-contour-pillow\/","title":{"rendered":"Obedient Bear-konturpude"},"content":{"rendered":"<div class=\"auto-hide-last-sibling-br paragraph-qzbcQC paragraph-element br-paragraph-space\" data-immersive-translate-walked=\"8e61f2e7-6af2-46e5-9672-3b9e4f4033d9\" data-immersive-translate-paragraph=\"1\">\n<div class=\"auto-hide-last-sibling-br paragraph-qzbcQC paragraph-element br-paragraph-space\">\n<div class=\"auto-hide-last-sibling-br paragraph-qzbcQC paragraph-element br-paragraph-space\">\n<div class=\"auto-hide-last-sibling-br paragraph-qzbcQC paragraph-element br-paragraph-space\">\n<div class=\"auto-hide-last-sibling-br paragraph-qzbcQC paragraph-element br-paragraph-space\">\n<div class=\"auto-hide-last-sibling-br paragraph-qzbcQC paragraph-element br-paragraph-space\">Vi pr\u00e6senterer Obedient Bear Contour Pillow, en perfekt blanding af nuttethed og funktionalitet, designet specielt til dyrebare sp\u00e6db\u00f8rn i alderen 0-12 m\u00e5neder. Denne pude har et uimodst\u00e5eligt charmerende bj\u00f8rnedesign, komplet med bl\u00f8de \u00f8rer, store, sj\u00e6lfulde \u00f8jne og bed\u00e5rende r\u00f8dmende kinder, der helt sikkert vil f\u00e5 dit hjerte til at smelte ved f\u00f8rste \u00f8jekast.<\/div>\n<p>&nbsp;<\/p>\n<div class=\"auto-hide-last-sibling-br paragraph-qzbcQC paragraph-element br-paragraph-space\">Pudens konturdesign er et mesterv\u00e6rk inden for ergonomisk teknik. Den former sig forsigtigt efter din babys hoved og giver n\u00e6nsom og pr\u00e6cis st\u00f8tte, hvilket er afg\u00f8rende for at fremme en sund hovedform i de f\u00f8rste vigtige m\u00e5neder. M\u00e5ler 29* cm<em>21*<\/em>1,5 cm passer den problemfrit ind i forskellige omgivelser. Uanset om den ligger i en hyggelig krybbe til en fredelig middagslur, f\u00f8lger den lille i barnevognen under en afslappet g\u00e5tur i parken eller placeres p\u00e5 et bl\u00f8dt leget\u00e6ppe til sjove legesessioner derhjemme, er denne pude en konstant kilde til komfort.<\/div>\n<p>&nbsp;<\/p>\n<div class=\"auto-hide-last-sibling-br paragraph-qzbcQC paragraph-element br-paragraph-space\">For\u00e6ldrene er helt vilde med Obedient Bear Contour Pillow. \"Min baby er helt vild med denne pude! Den er s\u00e5 bl\u00f8d, og bj\u00f8rnedesignet er bare for s\u00f8dt. Jeg har bem\u00e6rket, at den virkelig hj\u00e6lper med at holde hendes hoved i en god position,\" siger en glad mor. En far fortalte: \"Vi tager denne pude med overalt. Den er holdbar, nem at reng\u00f8re, og farvevalget er fantastisk. Den er blevet en vigtig del af vores babys hverdag.\"<\/div>\n<p>&nbsp;<\/p>\n<div class=\"auto-hide-last-sibling-br paragraph-qzbcQC paragraph-element br-paragraph-space\">Obedient Bear Contour Pillow f\u00e5s i de charmerende farver pink og bl\u00e5 og er ikke bare et babytilbeh\u00f8r; det er en elsket f\u00f8lgesvend, der kombinerer den k\u00e6rlige appel fra et bj\u00f8rnetema med professionel hovedformende st\u00f8tte og sikrer, at dit barn nyder hvert eneste dyrebare \u00f8jeblik i sine f\u00f8rste dage med den st\u00f8rste komfort og omsorg.<\/div>\n<\/div>\n<\/div>\n<\/div>\n<\/div>\n<\/div>","protected":false},"excerpt":{"rendered":"<p>Obedient Bear Contour Pillow er et ideelt valg til sp\u00e6db\u00f8rn i alderen 0-12 m\u00e5neder. Dens design er inspireret af en bed\u00e5rende bj\u00f8rn med s\u00f8de \u00f8rer, store \u00f8jne og r\u00f8dmende kinder, hvilket g\u00f8r den uimodst\u00e5eligt charmerende. Pudens konturdesign er ikke kun visuelt tiltalende, men tjener ogs\u00e5 et praktisk form\u00e5l. Den giver ergonomisk st\u00f8tte og tilpasser sig forsigtigt barnets hovedform for at hj\u00e6lpe med at opretholde en sund hovedform. M\u00e5ler 29*.<em>21*<\/em>1,5 cm, den passer godt i krybber, barnevogne eller andre steder, hvor barnet hviler. Den f\u00e5s i pink og bl\u00e5 og passer til forskellige b\u00f8rnev\u00e6relsesdekorationer. Denne pude kombinerer et smukt design med bj\u00f8rnetema med professionel st\u00f8tte til hovedet og giver komfort og omsorg i den lilles f\u00f8rste tid.<\/p>","protected":false},"featured_media":3318,"comment_status":"open","ping_status":"closed","template":"","meta":{"_uag_custom_page_level_css":"","site-sidebar-layout":"default","site-content-layout":"","ast-site-content-layout":"default","site-content-style":"default","site-sidebar-style":"default","ast-global-header-display":"","ast-banner-title-visibility":"","ast-main-header-display":"","ast-hfb-above-header-display":"","ast-hfb-below-header-display":"","ast-hfb-mobile-header-display":"","site-post-title":"","ast-breadcrumbs-content":"","ast-featured-img":"","footer-sml-layout":"","ast-disable-related-posts":"","theme-transparent-header-meta":"default","adv-header-id-meta":"","stick-header-meta":"","header-above-stick-meta":"","header-main-stick-meta":"","header-below-stick-meta":"","astra-migrate-meta-layouts":"set","ast-page-background-enabled":"default","ast-page-background-meta":{"desktop":{"background-color":"","background-image":"","background-repeat":"repeat","background-position":"center center","background-size":"auto","background-attachment":"scroll","background-type":"","background-media":"","overlay-type":"","overlay-color":"","overlay-opacity":"","overlay-gradient":""},"tablet":{"background-color":"","background-image":"","background-repeat":"repeat","background-position":"center center","background-size":"auto","background-attachment":"scroll","background-type":"","background-media":"","overlay-type":"","overlay-color":"","overlay-opacity":"","overlay-gradient":""},"mobile":{"background-color":"","background-image":"","background-repeat":"repeat","background-position":"center center","background-size":"auto","background-attachment":"scroll","background-type":"","background-media":"","overlay-type":"","overlay-color":"","overlay-opacity":"","overlay-gradient":""}},"ast-content-background-meta":{"desktop":{"background-color":"var(--ast-global-color-5)","background-image":"","background-repeat":"repeat","background-position":"center center","background-size":"auto","background-attachment":"scroll","background-type":"","background-media":"","overlay-type":"","overlay-color":"","overlay-opacity":"","overlay-gradient":""},"tablet":{"background-color":"var(--ast-global-color-5)","background-image":"","background-repeat":"repeat","background-position":"center center","background-size":"auto","background-attachment":"scroll","background-type":"","background-media":"","overlay-type":"","overlay-color":"","overlay-opacity":"","overlay-gradient":""},"mobile":{"background-color":"var(--ast-global-color-5)","background-image":"","background-repeat":"repeat","background-position":"center center","background-size":"auto","background-attachment":"scroll","background-type":"","background-media":"","overlay-type":"","overlay-color":"","overlay-opacity":"","overlay-gradient":""}}},"product_brand":[],"product_cat":[55,42],"product_tag":[70,68,71,69],"class_list":{"0":"post-3317","1":"product","2":"type-product","3":"status-publish","4":"has-post-thumbnail","6":"product_cat-0-to-1-year","7":"product_cat-merchandise","8":"product_tag-babypillow","9":"product_tag-cuteanimalpillow","10":"product_tag-headshapesupport","11":"product_tag-kouniushapingpillow","12":"desktop-align-left","13":"tablet-align-left","14":"mobile-align-left","16":"first","17":"instock","18":"shipping-taxable","19":"product-type-simple"},"aioseo_notices":[],"uagb_featured_image_src":{"full":["https:\/\/babypillowwholesale.com\/wp-content\/uploads\/2025\/03\/1066.jpg",1000,1000,false],"thumbnail":["https:\/\/babypillowwholesale.com\/wp-content\/uploads\/2025\/03\/1066-150x150.jpg",150,150,true],"medium":["https:\/\/babypillowwholesale.com\/wp-content\/uploads\/2025\/03\/1066-300x300.jpg",300,300,true],"medium_large":["https:\/\/babypillowwholesale.com\/wp-content\/uploads\/2025\/03\/1066-768x768.jpg",768,768,true],"large":["https:\/\/babypillowwholesale.com\/wp-content\/uploads\/2025\/03\/1066.jpg",1000,1000,false],"1536x1536":["https:\/\/babypillowwholesale.com\/wp-content\/uploads\/2025\/03\/1066.jpg",1000,1000,false],"2048x2048":["https:\/\/babypillowwholesale.com\/wp-content\/uploads\/2025\/03\/1066.jpg",1000,1000,false],"trp-custom-language-flag":["https:\/\/babypillowwholesale.com\/wp-content\/uploads\/2025\/03\/1066.jpg",12,12,false],"woocommerce_thumbnail":["https:\/\/babypillowwholesale.com\/wp-content\/uploads\/2025\/03\/1066-300x300.jpg",300,300,true],"woocommerce_single":["https:\/\/babypillowwholesale.com\/wp-content\/uploads\/2025\/03\/1066-600x600.jpg",600,600,true],"woocommerce_gallery_thumbnail":["https:\/\/babypillowwholesale.com\/wp-content\/uploads\/2025\/03\/1066-100x100.jpg",100,100,true]},"uagb_author_info":{"display_name":"Etnen zhong","author_link":"https:\/\/babypillowwholesale.com\/da\/author\/"},"uagb_comment_info":0,"uagb_excerpt":"The Obedient Bear Contour Pillow is an ideal choice for infants aged 0 - 12 months. Its design is inspired by an adorable bear, with cute ears, big eyes, and blushing cheeks, which makes it irresistibly charming. The pillow's contour design is not only visually appealing but also serves a practical purpose. It provides ergonomic&hellip;","jetpack_sharing_enabled":true,"_links":{"self":[{"href":"https:\/\/babypillowwholesale.com\/da\/wp-json\/wp\/v2\/product\/3317","targetHints":{"allow":["GET"]}}],"collection":[{"href":"https:\/\/babypillowwholesale.com\/da\/wp-json\/wp\/v2\/product"}],"about":[{"href":"https:\/\/babypillowwholesale.com\/da\/wp-json\/wp\/v2\/types\/product"}],"replies":[{"embeddable":true,"href":"https:\/\/babypillowwholesale.com\/da\/wp-json\/wp\/v2\/comments?post=3317"}],"wp:featuredmedia":[{"embeddable":true,"href":"https:\/\/babypillowwholesale.com\/da\/wp-json\/wp\/v2\/media\/3318"}],"wp:attachment":[{"href":"https:\/\/babypillowwholesale.com\/da\/wp-json\/wp\/v2\/media?parent=3317"}],"wp:term":[{"taxonomy":"product_brand","embeddable":true,"href":"https:\/\/babypillowwholesale.com\/da\/wp-json\/wp\/v2\/product_brand?post=3317"},{"taxonomy":"product_cat","embeddable":true,"href":"https:\/\/babypillowwholesale.com\/da\/wp-json\/wp\/v2\/product_cat?post=3317"},{"taxonomy":"product_tag","embeddable":true,"href":"https:\/\/babypillowwholesale.com\/da\/wp-json\/wp\/v2\/product_tag?post=3317"}],"curies":[{"name":"wp","href":"https:\/\/api.w.org\/{rel}","templated":true}]}}