{"id":3313,"date":"2025-03-26T08:34:46","date_gmt":"2025-03-26T08:34:46","guid":{"rendered":"https:\/\/babypillowwholesale.com\/?post_type=product&#038;p=3313"},"modified":"2025-06-08T15:21:39","modified_gmt":"2025-06-08T15:21:39","slug":"little-raccoon-contour-pillow","status":"publish","type":"product","link":"https:\/\/babypillowwholesale.com\/da\/product\/little-raccoon-contour-pillow\/","title":{"rendered":"Lille vaskebj\u00f8rn-konturpude"},"content":{"rendered":"<div class=\"auto-hide-last-sibling-br paragraph-qzbcQC paragraph-element br-paragraph-space\" data-immersive-translate-walked=\"8e61f2e7-6af2-46e5-9672-3b9e4f4033d9\" data-immersive-translate-paragraph=\"1\">\n<div class=\"auto-hide-last-sibling-br paragraph-qzbcQC paragraph-element br-paragraph-space\">\n<div class=\"auto-hide-last-sibling-br paragraph-qzbcQC paragraph-element br-paragraph-space\">\n<div class=\"auto-hide-last-sibling-br paragraph-qzbcQC paragraph-element br-paragraph-space\">\n<div class=\"auto-hide-last-sibling-br paragraph-qzbcQC paragraph-element br-paragraph-space\">Vi pr\u00e6senterer Little Raccoon Contour Pillow, en sk\u00f8n blanding af s\u00f8dt design og professionel pleje, omhyggeligt udformet til sp\u00e6db\u00f8rn i alderen 0-12 m\u00e5neder. Dens charmerende design - med en nuttet vaskebj\u00f8rn med runde \u00f8rer i plys og et roligt udtryk - giver varme til babyens vigtigste ting. Ud over at v\u00e6re nuttet giver pudens konturerede struktur videnskabelig, ergonomisk st\u00f8tte, der n\u00e6nsomt vugger dit barns hoved for at fremme en sund udvikling af hovedformen.<\/div>\n<p>&nbsp;<\/p>\n<div class=\"auto-hide-last-sibling-br paragraph-qzbcQC paragraph-element br-paragraph-space\">I dagligdagen passer den problemfrit ind i forskellige scener. I hjemmet kan du placere den i tremmesengen: N\u00e5r dit barn falder i s\u00f8vn, skaber pudens bl\u00f8de konturer en rolig oase. Under udend\u00f8rs udflugter - uanset om det er en tur i parken eller et bes\u00f8g hos familien - ligger den perfekt i barnevognen og giver konstant komfort. Selv under legende \u00f8jeblikke p\u00e5 en bl\u00f8d m\u00e5tte st\u00f8tter puden dit barns hoved og sikrer hygge under enhver aktivitet.<\/div>\n<p>&nbsp;<\/p>\n<div class=\"auto-hide-last-sibling-br paragraph-qzbcQC paragraph-element br-paragraph-space\">For\u00e6ldre er begejstrede for denne pude. \"Min baby ser s\u00e5 godt ud p\u00e5 Little Raccoon Contour Pillow! Den er utrolig bl\u00f8d, og jeg er vild med, hvordan det konturformede design blidt st\u00f8tter deres hoved. Den lyser\u00f8de farve lyser ogs\u00e5 op p\u00e5 b\u00f8rnev\u00e6relset,\" fort\u00e6ller en glad mor. En far tilf\u00f8jede: \"Vi tager denne pude med overalt. Den er holdbar, nem at reng\u00f8re, og den bl\u00e5 variant passer perfekt til vores babys ting. Et must - have for b\u00e5de komfort og hovedformende fordele!\"<\/div>\n<p>&nbsp;<\/p>\n<div class=\"auto-hide-last-sibling-br paragraph-qzbcQC paragraph-element br-paragraph-space\">Little Raccoon Contour Pillow f\u00e5s i bl\u00f8d pink eller beroligende bl\u00e5 og er mere end bare et babytilbeh\u00f8r. Den er en hengiven f\u00f8lgesvend, der forener indtagende \u00e6stetik med professionel hovedformende st\u00f8tte og sikrer, at den lille nyder godt af komfort og omsorg i hvert eneste dyrebare \u00f8jeblik af sin tidlige v\u00e6kst.<\/div>\n<\/div>\n<\/div>\n<\/div>\n<\/div>","protected":false},"excerpt":{"rendered":"<p>Little Raccoon Contour Pillow, der er skr\u00e6ddersyet til sp\u00e6db\u00f8rn i alderen 0-12 m\u00e5neder, forener nuttethed med professionel pleje. Dens design, der er inspireret af en nuttet lille vaskebj\u00f8rn med runde \u00f8rer og et roligt udtryk, giver babyudstyret et k\u00e6rligt pr\u00e6g. Pudens konturstruktur giver videnskabelig, ergonomisk st\u00f8tte og omfavner blidt barnets hoved for at fremme en sund udvikling af hovedformen. St\u00f8rrelse p\u00e5 29*.<em>21*<\/em>Med sine 1,5 cm passer den perfekt til krybber til afslappende lure, klapvogne til udflugter eller til leg i hjemmet. Denne pude, der f\u00e5s i bl\u00f8d pink eller beroligende bl\u00e5, er ikke bare en funktionel hovedst\u00f8tte - den er en varm f\u00f8lgesvend, der sikrer komfort og charme i dit barns dyrebare tidlige v\u00e6kstfaser.<\/p>","protected":false},"featured_media":3314,"comment_status":"open","ping_status":"closed","template":"","meta":{"_uag_custom_page_level_css":"","site-sidebar-layout":"default","site-content-layout":"","ast-site-content-layout":"default","site-content-style":"default","site-sidebar-style":"default","ast-global-header-display":"","ast-banner-title-visibility":"","ast-main-header-display":"","ast-hfb-above-header-display":"","ast-hfb-below-header-display":"","ast-hfb-mobile-header-display":"","site-post-title":"","ast-breadcrumbs-content":"","ast-featured-img":"","footer-sml-layout":"","ast-disable-related-posts":"","theme-transparent-header-meta":"default","adv-header-id-meta":"","stick-header-meta":"","header-above-stick-meta":"","header-main-stick-meta":"","header-below-stick-meta":"","astra-migrate-meta-layouts":"set","ast-page-background-enabled":"default","ast-page-background-meta":{"desktop":{"background-color":"","background-image":"","background-repeat":"repeat","background-position":"center center","background-size":"auto","background-attachment":"scroll","background-type":"","background-media":"","overlay-type":"","overlay-color":"","overlay-opacity":"","overlay-gradient":""},"tablet":{"background-color":"","background-image":"","background-repeat":"repeat","background-position":"center center","background-size":"auto","background-attachment":"scroll","background-type":"","background-media":"","overlay-type":"","overlay-color":"","overlay-opacity":"","overlay-gradient":""},"mobile":{"background-color":"","background-image":"","background-repeat":"repeat","background-position":"center center","background-size":"auto","background-attachment":"scroll","background-type":"","background-media":"","overlay-type":"","overlay-color":"","overlay-opacity":"","overlay-gradient":""}},"ast-content-background-meta":{"desktop":{"background-color":"var(--ast-global-color-5)","background-image":"","background-repeat":"repeat","background-position":"center center","background-size":"auto","background-attachment":"scroll","background-type":"","background-media":"","overlay-type":"","overlay-color":"","overlay-opacity":"","overlay-gradient":""},"tablet":{"background-color":"var(--ast-global-color-5)","background-image":"","background-repeat":"repeat","background-position":"center center","background-size":"auto","background-attachment":"scroll","background-type":"","background-media":"","overlay-type":"","overlay-color":"","overlay-opacity":"","overlay-gradient":""},"mobile":{"background-color":"var(--ast-global-color-5)","background-image":"","background-repeat":"repeat","background-position":"center center","background-size":"auto","background-attachment":"scroll","background-type":"","background-media":"","overlay-type":"","overlay-color":"","overlay-opacity":"","overlay-gradient":""}}},"product_brand":[],"product_cat":[55,42],"product_tag":[70,68,71,69],"class_list":{"0":"post-3313","1":"product","2":"type-product","3":"status-publish","4":"has-post-thumbnail","6":"product_cat-0-to-1-year","7":"product_cat-merchandise","8":"product_tag-babypillow","9":"product_tag-cuteanimalpillow","10":"product_tag-headshapesupport","11":"product_tag-kouniushapingpillow","12":"desktop-align-left","13":"tablet-align-left","14":"mobile-align-left","16":"first","17":"instock","18":"featured","19":"shipping-taxable","20":"product-type-simple"},"aioseo_notices":[],"uagb_featured_image_src":{"full":["https:\/\/babypillowwholesale.com\/wp-content\/uploads\/2025\/03\/1520.jpg",1000,1000,false],"thumbnail":["https:\/\/babypillowwholesale.com\/wp-content\/uploads\/2025\/03\/1520-150x150.jpg",150,150,true],"medium":["https:\/\/babypillowwholesale.com\/wp-content\/uploads\/2025\/03\/1520-300x300.jpg",300,300,true],"medium_large":["https:\/\/babypillowwholesale.com\/wp-content\/uploads\/2025\/03\/1520-768x768.jpg",768,768,true],"large":["https:\/\/babypillowwholesale.com\/wp-content\/uploads\/2025\/03\/1520.jpg",1000,1000,false],"1536x1536":["https:\/\/babypillowwholesale.com\/wp-content\/uploads\/2025\/03\/1520.jpg",1000,1000,false],"2048x2048":["https:\/\/babypillowwholesale.com\/wp-content\/uploads\/2025\/03\/1520.jpg",1000,1000,false],"trp-custom-language-flag":["https:\/\/babypillowwholesale.com\/wp-content\/uploads\/2025\/03\/1520.jpg",12,12,false],"woocommerce_thumbnail":["https:\/\/babypillowwholesale.com\/wp-content\/uploads\/2025\/03\/1520-300x300.jpg",300,300,true],"woocommerce_single":["https:\/\/babypillowwholesale.com\/wp-content\/uploads\/2025\/03\/1520-600x600.jpg",600,600,true],"woocommerce_gallery_thumbnail":["https:\/\/babypillowwholesale.com\/wp-content\/uploads\/2025\/03\/1520-100x100.jpg",100,100,true]},"uagb_author_info":{"display_name":"Etnen zhong","author_link":"https:\/\/babypillowwholesale.com\/da\/author\/"},"uagb_comment_info":0,"uagb_excerpt":"The Little Raccoon Contour Pillow, tailored for infants aged 0\u201312 months, harmonizes cuteness with professional care. Its design, inspired by a cuddly little raccoon with round ears and a serene expression, adds an endearing touch to baby essentials. The pillow\u2019s contour structure offers scientific, ergonomic support, gently embracing the baby\u2019s head to nurture healthy head&hellip;","jetpack_sharing_enabled":true,"_links":{"self":[{"href":"https:\/\/babypillowwholesale.com\/da\/wp-json\/wp\/v2\/product\/3313","targetHints":{"allow":["GET"]}}],"collection":[{"href":"https:\/\/babypillowwholesale.com\/da\/wp-json\/wp\/v2\/product"}],"about":[{"href":"https:\/\/babypillowwholesale.com\/da\/wp-json\/wp\/v2\/types\/product"}],"replies":[{"embeddable":true,"href":"https:\/\/babypillowwholesale.com\/da\/wp-json\/wp\/v2\/comments?post=3313"}],"wp:featuredmedia":[{"embeddable":true,"href":"https:\/\/babypillowwholesale.com\/da\/wp-json\/wp\/v2\/media\/3314"}],"wp:attachment":[{"href":"https:\/\/babypillowwholesale.com\/da\/wp-json\/wp\/v2\/media?parent=3313"}],"wp:term":[{"taxonomy":"product_brand","embeddable":true,"href":"https:\/\/babypillowwholesale.com\/da\/wp-json\/wp\/v2\/product_brand?post=3313"},{"taxonomy":"product_cat","embeddable":true,"href":"https:\/\/babypillowwholesale.com\/da\/wp-json\/wp\/v2\/product_cat?post=3313"},{"taxonomy":"product_tag","embeddable":true,"href":"https:\/\/babypillowwholesale.com\/da\/wp-json\/wp\/v2\/product_tag?post=3313"}],"curies":[{"name":"wp","href":"https:\/\/api.w.org\/{rel}","templated":true}]}}