{"id":3306,"date":"2025-03-24T15:28:09","date_gmt":"2025-03-24T15:28:09","guid":{"rendered":"https:\/\/babypillowwholesale.com\/?post_type=product&#038;p=3306"},"modified":"2025-06-08T15:34:36","modified_gmt":"2025-06-08T15:34:36","slug":"bear-shaping-pillow","status":"publish","type":"product","link":"https:\/\/babypillowwholesale.com\/da\/product\/bear-shaping-pillow\/","title":{"rendered":"Pude til bj\u00f8rneformning"},"content":{"rendered":"<div class=\"auto-hide-last-sibling-br paragraph-qzbcQC paragraph-element br-paragraph-space\" data-immersive-translate-walked=\"8e61f2e7-6af2-46e5-9672-3b9e4f4033d9\" data-immersive-translate-paragraph=\"1\">\n<div class=\"auto-hide-last-sibling-br paragraph-qzbcQC paragraph-element br-paragraph-space\">\n<div class=\"auto-hide-last-sibling-br paragraph-qzbcQC paragraph-element br-paragraph-space\">Oplev Bear Shaping Pillow, en f\u00e6ngslende blanding af charme og funktionalitet designet til sp\u00e6db\u00f8rn i alderen 0 til 6 m\u00e5neder. Dens finurlige design viser en s\u00f8d bj\u00f8rn, der holder om en stjerne, parret med r\u00f8de kinder og en dr\u00f8mmescene, der straks v\u00e6kker gl\u00e6de. Ud over sit nuttede udseende er denne 25*...<em>20*<\/em>1,5 cm pude st\u00f8tter dit barns hoved ergonomisk og fremmer forsigtigt en sund hovedudvikling i de kritiske tidlige stadier.<\/div>\n<p>&nbsp;<\/p>\n<div class=\"auto-hide-last-sibling-br paragraph-qzbcQC paragraph-element br-paragraph-space\">I dagligdagen passer den problemfrit ind i forskellige scenarier: lagt i en tremmeseng for at skabe en rolig lur i hjemmet, placeret i en klapvogn til behagelige udflugter - uanset om det er en tur i parken eller et bes\u00f8g hos bedstefor\u00e6ldrene - eller lagt p\u00e5 et leget\u00e6ppe til hyggelige stunder under leg.<\/div>\n<p>&nbsp;<\/p>\n<div class=\"auto-hide-last-sibling-br paragraph-qzbcQC paragraph-element br-paragraph-space\">For\u00e6ldre roser den helhjertet. \"Min baby lyser op over bj\u00f8rnens s\u00f8de design! Puden er utrolig bl\u00f8d, og jeg har set m\u00e6rkbare forbedringer i hovedformen. Little Dinosaur-farven passer ogs\u00e5 perfekt til vores b\u00f8rnev\u00e6relse,\" siger en glad mor. En far tilf\u00f8jede: \"Den er blevet uundv\u00e6rlig p\u00e5 alle ture. Den er nem at have med, og de tematiserede farver er sjove. Vi kan ikke anbefale den nok!\"<\/div>\n<div><\/div>\n<div class=\"auto-hide-last-sibling-br paragraph-qzbcQC paragraph-element br-paragraph-space\">Med farvevalg som Pink Rabbit, Little Dinosaur og Little Lion blander Bear Shaping Pillow funktionel st\u00f8tte med fantasifuldt design. Det er mere end et babytilbeh\u00f8r - det er en k\u00e6rlig f\u00f8lgesvend, der pakker den lille ind i komfort, nuttethed og omsorg i hvert eneste dyrebare \u00f8jeblik i den f\u00f8rste tid.<\/div>\n<\/div>\n<\/div>","protected":false},"excerpt":{"rendered":"<p>Bear Shaping Pillow er et dejligt uundv\u00e6rligt produkt til sp\u00e6db\u00f8rn i alderen 0 til 6 m\u00e5neder. Dens design viser et charmerende bj\u00f8rnemotiv - yndigt med detaljer som en stjernesvingende positur, r\u00f8dmende kinder og finurlige omgivelser. M\u00e5ler 25* cm<em>20*<\/em>1,5 cm, st\u00f8tter puden barnets hoved ergonomisk og hj\u00e6lper forsigtigt til en sund hovedformning under den tidlige v\u00e6kst. Den passer perfekt ind i forskellige situationer: i tremmesengen til en rolig lur, i klapvognen til udend\u00f8rs eventyr eller p\u00e5 en bl\u00f8d m\u00e5tte derhjemme. Med farvemulighederne Pink Rabbit, Little Dinosaur og Little Lion blander den funktionalitet med fantasi og giver n\u00e6nsom st\u00f8tte, samtidig med at den tilf\u00f8jer et legende, s\u00f8dt strejf til babyplejen og tilfredsstiller b\u00e5de praktiske behov og \u00e6stetisk smag.<\/p>","protected":false},"featured_media":3307,"comment_status":"open","ping_status":"closed","template":"","meta":{"_uag_custom_page_level_css":"","site-sidebar-layout":"default","site-content-layout":"","ast-site-content-layout":"default","site-content-style":"default","site-sidebar-style":"default","ast-global-header-display":"","ast-banner-title-visibility":"","ast-main-header-display":"","ast-hfb-above-header-display":"","ast-hfb-below-header-display":"","ast-hfb-mobile-header-display":"","site-post-title":"","ast-breadcrumbs-content":"","ast-featured-img":"","footer-sml-layout":"","ast-disable-related-posts":"","theme-transparent-header-meta":"default","adv-header-id-meta":"","stick-header-meta":"","header-above-stick-meta":"","header-main-stick-meta":"","header-below-stick-meta":"","astra-migrate-meta-layouts":"set","ast-page-background-enabled":"default","ast-page-background-meta":{"desktop":{"background-color":"","background-image":"","background-repeat":"repeat","background-position":"center center","background-size":"auto","background-attachment":"scroll","background-type":"","background-media":"","overlay-type":"","overlay-color":"","overlay-opacity":"","overlay-gradient":""},"tablet":{"background-color":"","background-image":"","background-repeat":"repeat","background-position":"center center","background-size":"auto","background-attachment":"scroll","background-type":"","background-media":"","overlay-type":"","overlay-color":"","overlay-opacity":"","overlay-gradient":""},"mobile":{"background-color":"","background-image":"","background-repeat":"repeat","background-position":"center center","background-size":"auto","background-attachment":"scroll","background-type":"","background-media":"","overlay-type":"","overlay-color":"","overlay-opacity":"","overlay-gradient":""}},"ast-content-background-meta":{"desktop":{"background-color":"var(--ast-global-color-5)","background-image":"","background-repeat":"repeat","background-position":"center center","background-size":"auto","background-attachment":"scroll","background-type":"","background-media":"","overlay-type":"","overlay-color":"","overlay-opacity":"","overlay-gradient":""},"tablet":{"background-color":"var(--ast-global-color-5)","background-image":"","background-repeat":"repeat","background-position":"center center","background-size":"auto","background-attachment":"scroll","background-type":"","background-media":"","overlay-type":"","overlay-color":"","overlay-opacity":"","overlay-gradient":""},"mobile":{"background-color":"var(--ast-global-color-5)","background-image":"","background-repeat":"repeat","background-position":"center center","background-size":"auto","background-attachment":"scroll","background-type":"","background-media":"","overlay-type":"","overlay-color":"","overlay-opacity":"","overlay-gradient":""}}},"product_brand":[],"product_cat":[54,42],"product_tag":[70,68,71,69],"class_list":{"0":"post-3306","1":"product","2":"type-product","3":"status-publish","4":"has-post-thumbnail","6":"product_cat-0-to-6months","7":"product_cat-merchandise","8":"product_tag-babypillow","9":"product_tag-cuteanimalpillow","10":"product_tag-headshapesupport","11":"product_tag-kouniushapingpillow","12":"desktop-align-left","13":"tablet-align-left","14":"mobile-align-left","16":"first","17":"instock","18":"shipping-taxable","19":"product-type-simple"},"aioseo_notices":[],"uagb_featured_image_src":{"full":["https:\/\/babypillowwholesale.com\/wp-content\/uploads\/2025\/03\/1137.jpg",1000,1000,false],"thumbnail":["https:\/\/babypillowwholesale.com\/wp-content\/uploads\/2025\/03\/1137-150x150.jpg",150,150,true],"medium":["https:\/\/babypillowwholesale.com\/wp-content\/uploads\/2025\/03\/1137-300x300.jpg",300,300,true],"medium_large":["https:\/\/babypillowwholesale.com\/wp-content\/uploads\/2025\/03\/1137-768x768.jpg",768,768,true],"large":["https:\/\/babypillowwholesale.com\/wp-content\/uploads\/2025\/03\/1137.jpg",1000,1000,false],"1536x1536":["https:\/\/babypillowwholesale.com\/wp-content\/uploads\/2025\/03\/1137.jpg",1000,1000,false],"2048x2048":["https:\/\/babypillowwholesale.com\/wp-content\/uploads\/2025\/03\/1137.jpg",1000,1000,false],"trp-custom-language-flag":["https:\/\/babypillowwholesale.com\/wp-content\/uploads\/2025\/03\/1137.jpg",12,12,false],"woocommerce_thumbnail":["https:\/\/babypillowwholesale.com\/wp-content\/uploads\/2025\/03\/1137-300x300.jpg",300,300,true],"woocommerce_single":["https:\/\/babypillowwholesale.com\/wp-content\/uploads\/2025\/03\/1137-600x600.jpg",600,600,true],"woocommerce_gallery_thumbnail":["https:\/\/babypillowwholesale.com\/wp-content\/uploads\/2025\/03\/1137-100x100.jpg",100,100,true]},"uagb_author_info":{"display_name":"Etnen zhong","author_link":"https:\/\/babypillowwholesale.com\/da\/author\/"},"uagb_comment_info":0,"uagb_excerpt":"The Bear Shaping Pillow is a delightful essential for infants aged 0 to 6 months. Its design showcases a charming bear motif\u2014adorable with details like a star - wielding pose, blushing cheeks, and whimsical surroundings. Measuring 25*20*1.5CM, the pillow ergonomically supports a baby\u2019s head, gently guiding healthy head shaping during early growth. It fits seamlessly&hellip;","jetpack_sharing_enabled":true,"_links":{"self":[{"href":"https:\/\/babypillowwholesale.com\/da\/wp-json\/wp\/v2\/product\/3306","targetHints":{"allow":["GET"]}}],"collection":[{"href":"https:\/\/babypillowwholesale.com\/da\/wp-json\/wp\/v2\/product"}],"about":[{"href":"https:\/\/babypillowwholesale.com\/da\/wp-json\/wp\/v2\/types\/product"}],"replies":[{"embeddable":true,"href":"https:\/\/babypillowwholesale.com\/da\/wp-json\/wp\/v2\/comments?post=3306"}],"wp:featuredmedia":[{"embeddable":true,"href":"https:\/\/babypillowwholesale.com\/da\/wp-json\/wp\/v2\/media\/3307"}],"wp:attachment":[{"href":"https:\/\/babypillowwholesale.com\/da\/wp-json\/wp\/v2\/media?parent=3306"}],"wp:term":[{"taxonomy":"product_brand","embeddable":true,"href":"https:\/\/babypillowwholesale.com\/da\/wp-json\/wp\/v2\/product_brand?post=3306"},{"taxonomy":"product_cat","embeddable":true,"href":"https:\/\/babypillowwholesale.com\/da\/wp-json\/wp\/v2\/product_cat?post=3306"},{"taxonomy":"product_tag","embeddable":true,"href":"https:\/\/babypillowwholesale.com\/da\/wp-json\/wp\/v2\/product_tag?post=3306"}],"curies":[{"name":"wp","href":"https:\/\/api.w.org\/{rel}","templated":true}]}}