{"id":3297,"date":"2025-03-22T02:36:47","date_gmt":"2025-03-22T02:36:47","guid":{"rendered":"https:\/\/babypillowwholesale.com\/?post_type=product&#038;p=3297"},"modified":"2025-06-08T16:05:37","modified_gmt":"2025-06-08T16:05:37","slug":"snotty-elephant-shaping-pillow","status":"publish","type":"product","link":"https:\/\/babypillowwholesale.com\/da\/product\/snotty-elephant-shaping-pillow\/","title":{"rendered":"Snotty Elephant Shaping Pillow"},"content":{"rendered":"<div class=\"auto-hide-last-sibling-br paragraph-qzbcQC paragraph-element br-paragraph-space\" data-immersive-translate-walked=\"8e61f2e7-6af2-46e5-9672-3b9e4f4033d9\" data-immersive-translate-paragraph=\"1\">\n<div class=\"auto-hide-last-sibling-br paragraph-qzbcQC paragraph-element br-paragraph-space\">Dyk ned i en verden af komfort og nuttethed med vores Snotty Elephant Shaping Pillow, en dr\u00f8mmende uundv\u00e6rlig pude, der er designet specielt til de mindste skatte i alderen 0 til 6 m\u00e5neder. Dens fortryllende design, der er inspireret af den blide Snotty-elefant, har store, slappe \u00f8rer og et s\u00f8dt, minimalistisk ansigt, der \u00f8jeblikkeligt tilf\u00f8jer et st\u00e6nk af oceanisk charme til dit barns b\u00f8rnev\u00e6relse. Denne pude handler ikke kun om sit nuttede udseende; den er et kraftv\u00e6rk af st\u00f8tte. Den pr\u00e6cist konturerede centrale udsk\u00e6ring giver en blid, beroligende omfavnelse af dit barns sarte hoved og leder det elegant mod en perfekt form, mens det udforsker de f\u00f8rste dages vidundere. Den m\u00e5ler 26,5*25*1,5 cm og er utrolig alsidig. P\u00e5 de fredelige eftermiddage derhjemme kan du placere den i barnets vugge og se, hvordan den forvandler middagsluren til et fredfyldt eventyr i havet. N\u00e5r I er p\u00e5 familieudflugt, hvad enten det er en tur til stranden eller et bes\u00f8g i akvariet, passer puden perfekt i barnevognen og sikrer, at den lille f\u00e5r en behagelig rejse omgivet af den snottede elefants velkendte charme. For\u00e6ldrene er vilde med denne pude! \"Min baby elsker at putte sig op ad denne Snotty-elefantpude. Den er s\u00e5 bl\u00f8d, og designet er unikt. Jeg har ogs\u00e5 bem\u00e6rket, at den er god til at opretholde en god hovedform,\" sagde en glad mor. En far fortalte: \"Den er blevet et must for os. Den er nem at b\u00e6re rundt p\u00e5, og farvemulighederne er virkelig gode. Vores baby virker altid s\u00e5 tilfreds, n\u00e5r han bruger den.\" Ocean Elephant Shaping Pillow f\u00e5s i de charmerende nuancer pink og bl\u00e5 og er mere end bare et babytilbeh\u00f8r; det er en elsket f\u00f8lgesvend, der lover komfort, st\u00f8tte og en hel masse oceanisk charme til din babys dyrebare f\u00f8rste m\u00e5neder.<\/div>\n<\/div>","protected":false},"excerpt":{"rendered":"<p>Snotty Elephant Shaping Pillow er et tiltalende og praktisk valg til sp\u00e6db\u00f8rn i alderen 0 til 6 m\u00e5neder. Dens design, der er modelleret efter en elefant med havtema med store \u00f8rer og et enkelt, s\u00f8dt ansigt, er i\u00f8jnefaldende. Pudens centrale udsk\u00e6ring er omhyggeligt formet, s\u00e5 den giver blid st\u00f8tte til barnets hoved og hj\u00e6lper med at opretholde en korrekt hovedform under den tidlige udvikling. M\u00e5ler 26,5*<em>25*<\/em>1,5 cm passer den godt i krybber, barnevogne, eller n\u00e5r barnet slapper af p\u00e5 et leget\u00e6ppe. Den f\u00e5s i pink og bl\u00e5 og giver for\u00e6ldre mulighed for at v\u00e6lge en farve, der passer til deres smag eller b\u00f8rnev\u00e6relsesindretning, og kombinerer b\u00e5de charme og funktionalitet til babypleje.<\/p>","protected":false},"featured_media":3298,"comment_status":"open","ping_status":"closed","template":"","meta":{"_uag_custom_page_level_css":"","site-sidebar-layout":"default","site-content-layout":"","ast-site-content-layout":"default","site-content-style":"default","site-sidebar-style":"default","ast-global-header-display":"","ast-banner-title-visibility":"","ast-main-header-display":"","ast-hfb-above-header-display":"","ast-hfb-below-header-display":"","ast-hfb-mobile-header-display":"","site-post-title":"","ast-breadcrumbs-content":"","ast-featured-img":"","footer-sml-layout":"","ast-disable-related-posts":"","theme-transparent-header-meta":"default","adv-header-id-meta":"","stick-header-meta":"","header-above-stick-meta":"","header-main-stick-meta":"","header-below-stick-meta":"","astra-migrate-meta-layouts":"set","ast-page-background-enabled":"default","ast-page-background-meta":{"desktop":{"background-color":"","background-image":"","background-repeat":"repeat","background-position":"center center","background-size":"auto","background-attachment":"scroll","background-type":"","background-media":"","overlay-type":"","overlay-color":"","overlay-opacity":"","overlay-gradient":""},"tablet":{"background-color":"","background-image":"","background-repeat":"repeat","background-position":"center center","background-size":"auto","background-attachment":"scroll","background-type":"","background-media":"","overlay-type":"","overlay-color":"","overlay-opacity":"","overlay-gradient":""},"mobile":{"background-color":"","background-image":"","background-repeat":"repeat","background-position":"center center","background-size":"auto","background-attachment":"scroll","background-type":"","background-media":"","overlay-type":"","overlay-color":"","overlay-opacity":"","overlay-gradient":""}},"ast-content-background-meta":{"desktop":{"background-color":"var(--ast-global-color-5)","background-image":"","background-repeat":"repeat","background-position":"center center","background-size":"auto","background-attachment":"scroll","background-type":"","background-media":"","overlay-type":"","overlay-color":"","overlay-opacity":"","overlay-gradient":""},"tablet":{"background-color":"var(--ast-global-color-5)","background-image":"","background-repeat":"repeat","background-position":"center center","background-size":"auto","background-attachment":"scroll","background-type":"","background-media":"","overlay-type":"","overlay-color":"","overlay-opacity":"","overlay-gradient":""},"mobile":{"background-color":"var(--ast-global-color-5)","background-image":"","background-repeat":"repeat","background-position":"center center","background-size":"auto","background-attachment":"scroll","background-type":"","background-media":"","overlay-type":"","overlay-color":"","overlay-opacity":"","overlay-gradient":""}}},"product_brand":[],"product_cat":[54,42],"product_tag":[70,68,71,69],"class_list":{"0":"post-3297","1":"product","2":"type-product","3":"status-publish","4":"has-post-thumbnail","6":"product_cat-0-to-6months","7":"product_cat-merchandise","8":"product_tag-babypillow","9":"product_tag-cuteanimalpillow","10":"product_tag-headshapesupport","11":"product_tag-kouniushapingpillow","12":"desktop-align-left","13":"tablet-align-left","14":"mobile-align-left","16":"first","17":"instock","18":"shipping-taxable","19":"product-type-simple"},"aioseo_notices":[],"uagb_featured_image_src":{"full":["https:\/\/babypillowwholesale.com\/wp-content\/uploads\/2025\/03\/1510.jpg",1000,1000,false],"thumbnail":["https:\/\/babypillowwholesale.com\/wp-content\/uploads\/2025\/03\/1510-150x150.jpg",150,150,true],"medium":["https:\/\/babypillowwholesale.com\/wp-content\/uploads\/2025\/03\/1510-300x300.jpg",300,300,true],"medium_large":["https:\/\/babypillowwholesale.com\/wp-content\/uploads\/2025\/03\/1510-768x768.jpg",768,768,true],"large":["https:\/\/babypillowwholesale.com\/wp-content\/uploads\/2025\/03\/1510.jpg",1000,1000,false],"1536x1536":["https:\/\/babypillowwholesale.com\/wp-content\/uploads\/2025\/03\/1510.jpg",1000,1000,false],"2048x2048":["https:\/\/babypillowwholesale.com\/wp-content\/uploads\/2025\/03\/1510.jpg",1000,1000,false],"trp-custom-language-flag":["https:\/\/babypillowwholesale.com\/wp-content\/uploads\/2025\/03\/1510.jpg",12,12,false],"woocommerce_thumbnail":["https:\/\/babypillowwholesale.com\/wp-content\/uploads\/2025\/03\/1510-300x300.jpg",300,300,true],"woocommerce_single":["https:\/\/babypillowwholesale.com\/wp-content\/uploads\/2025\/03\/1510-600x600.jpg",600,600,true],"woocommerce_gallery_thumbnail":["https:\/\/babypillowwholesale.com\/wp-content\/uploads\/2025\/03\/1510-100x100.jpg",100,100,true]},"uagb_author_info":{"display_name":"Etnen zhong","author_link":"https:\/\/babypillowwholesale.com\/da\/author\/"},"uagb_comment_info":1,"uagb_excerpt":"The Snotty Elephant Shaping Pillow is an appealing and practical choice for infants aged 0 to 6 months. Its design, modeled after an ocean - themed elephant with large ears and a simple, cute face, is eye - catching. The central cut - out of the pillow is carefully shaped to provide gentle support for&hellip;","jetpack_sharing_enabled":true,"_links":{"self":[{"href":"https:\/\/babypillowwholesale.com\/da\/wp-json\/wp\/v2\/product\/3297","targetHints":{"allow":["GET"]}}],"collection":[{"href":"https:\/\/babypillowwholesale.com\/da\/wp-json\/wp\/v2\/product"}],"about":[{"href":"https:\/\/babypillowwholesale.com\/da\/wp-json\/wp\/v2\/types\/product"}],"replies":[{"embeddable":true,"href":"https:\/\/babypillowwholesale.com\/da\/wp-json\/wp\/v2\/comments?post=3297"}],"wp:featuredmedia":[{"embeddable":true,"href":"https:\/\/babypillowwholesale.com\/da\/wp-json\/wp\/v2\/media\/3298"}],"wp:attachment":[{"href":"https:\/\/babypillowwholesale.com\/da\/wp-json\/wp\/v2\/media?parent=3297"}],"wp:term":[{"taxonomy":"product_brand","embeddable":true,"href":"https:\/\/babypillowwholesale.com\/da\/wp-json\/wp\/v2\/product_brand?post=3297"},{"taxonomy":"product_cat","embeddable":true,"href":"https:\/\/babypillowwholesale.com\/da\/wp-json\/wp\/v2\/product_cat?post=3297"},{"taxonomy":"product_tag","embeddable":true,"href":"https:\/\/babypillowwholesale.com\/da\/wp-json\/wp\/v2\/product_tag?post=3297"}],"curies":[{"name":"wp","href":"https:\/\/api.w.org\/{rel}","templated":true}]}}