{"id":3291,"date":"2025-03-22T01:54:48","date_gmt":"2025-03-22T01:54:48","guid":{"rendered":"https:\/\/babypillowwholesale.com\/?post_type=product&#038;p=3291"},"modified":"2025-06-08T16:08:25","modified_gmt":"2025-06-08T16:08:25","slug":"kitten-shaping-pillow","status":"publish","type":"product","link":"https:\/\/babypillowwholesale.com\/da\/product\/kitten-shaping-pillow\/","title":{"rendered":"Pude til at forme killinger"},"content":{"rendered":"<div class=\"auto-hide-last-sibling-br paragraph-qzbcQC paragraph-element br-paragraph-space\" data-immersive-translate-walked=\"8e61f2e7-6af2-46e5-9672-3b9e4f4033d9\" data-immersive-translate-paragraph=\"1\">\n<div class=\"auto-hide-last-sibling-br paragraph-qzbcQC paragraph-element br-paragraph-space\">Byd velkommen til den helt fortryllende Kitten Shaping Pillow, en oase af komfort, der er skr\u00e6ddersyet til de mindste guldklumper i alderen 0 til 6 m\u00e5neder. Dens design, der er inspireret af en yndig killing med k\u00e6kke \u00f8rer og et s\u00f8dt, indtagende udtryk, er en visuel forn\u00f8jelse, der tilf\u00f8jer et strejf af kattecharme til din babys verden. Denne pude er ikke bare en fryd for \u00f8jet, den er ogs\u00e5 et mesterv\u00e6rk af funktionalitet. Den strategisk placerede centrale udsk\u00e6ring giver en blid, ergonomisk omfavnelse af dit barns sarte hoved og leder det elegant mod en perfekt form, mens det oplever magien i sine f\u00f8rste dage. Med en st\u00f8rrelse p\u00e5 26,5*25*1,5 cm er den en alsidig f\u00f8lgesvend i forskellige sammenh\u00e6nge. P\u00e5 de dovne morgener derhjemme kan du placere den i barnets vugge og se, hvordan den forvandler rummet til et hyggeligt fristed med killingetema og luller den lille ind i en fredfyldt s\u00f8vn. N\u00e5r I er ude p\u00e5 familieeventyr, hvad enten det er en tur til akvariet eller et bes\u00f8g hos bedstefor\u00e6ldrene, passer puden perfekt i barnevognen og sikrer, at din baby har det behageligt under hele turen. For\u00e6ldrene er helt vilde med denne pude! En mor sagde: \"Min baby lyser op, n\u00e5r han ser denne kattepude. Den er superbl\u00f8d, og designet er bare for s\u00f8dt. Og s\u00e5 har den v\u00e6ret god til at holde deres hoved i en god position.\" En far tilf\u00f8jede: \"Jeg elsker, at den er s\u00e5 nem at b\u00e6re rundt p\u00e5. De forskellige farvemuligheder er et stort plus. Den er blevet en vigtig del af vores babys daglige rutine.\" Kitten Shaping Pillow f\u00e5s i de charmerende farver pink, bl\u00e5 og m\u00f8rkegr\u00f8n og er mere end bare et babytilbeh\u00f8r; den er en elsket f\u00f8lgesvend, der lover komfort, st\u00f8tte og en hel masse nuttethed i din babys dyrebare f\u00f8rste m\u00e5neder.<\/div>\n<\/div>","protected":false},"excerpt":{"rendered":"<p>Kitten Shaping Pillow er et charmerende og funktionelt produkt, der er designet til sp\u00e6db\u00f8rn i alderen 0 til 6 m\u00e5neder. Det s\u00f8de killingeinspirerede design med k\u00e6kke \u00f8rer og et s\u00f8dt ansigtsudtryk er visuelt tiltalende og vil helt sikkert fange b\u00e5de for\u00e6ldres og babyers hjerter. Pudens centrale udsk\u00e6ring giver blid og ergonomisk st\u00f8tte til barnets hoved og hj\u00e6lper med at opretholde en korrekt hovedform i den afg\u00f8rende tidlige udviklingsfase. M\u00e5ler 26,5*<em>25*<\/em>1,5 cm passer den komfortabelt i tremmesenge, klapvogne eller babyautostole og tilbyder et hyggeligt hvilested til den lille, uanset hvor han eller hun befinder sig. Den f\u00e5s i pink, bl\u00e5 og m\u00f8rkegr\u00f8n og giver for\u00e6ldrene mulighed for at v\u00e6lge en farve, der matcher deres pr\u00e6ferencer eller b\u00f8rnev\u00e6relsesindretning, og kombinerer nuttethed og funktionalitet for at forbedre babyplejen.<\/p>","protected":false},"featured_media":3292,"comment_status":"open","ping_status":"closed","template":"","meta":{"_uag_custom_page_level_css":"","site-sidebar-layout":"default","site-content-layout":"","ast-site-content-layout":"default","site-content-style":"default","site-sidebar-style":"default","ast-global-header-display":"","ast-banner-title-visibility":"","ast-main-header-display":"","ast-hfb-above-header-display":"","ast-hfb-below-header-display":"","ast-hfb-mobile-header-display":"","site-post-title":"","ast-breadcrumbs-content":"","ast-featured-img":"","footer-sml-layout":"","ast-disable-related-posts":"","theme-transparent-header-meta":"default","adv-header-id-meta":"","stick-header-meta":"","header-above-stick-meta":"","header-main-stick-meta":"","header-below-stick-meta":"","astra-migrate-meta-layouts":"set","ast-page-background-enabled":"default","ast-page-background-meta":{"desktop":{"background-color":"","background-image":"","background-repeat":"repeat","background-position":"center center","background-size":"auto","background-attachment":"scroll","background-type":"","background-media":"","overlay-type":"","overlay-color":"","overlay-opacity":"","overlay-gradient":""},"tablet":{"background-color":"","background-image":"","background-repeat":"repeat","background-position":"center center","background-size":"auto","background-attachment":"scroll","background-type":"","background-media":"","overlay-type":"","overlay-color":"","overlay-opacity":"","overlay-gradient":""},"mobile":{"background-color":"","background-image":"","background-repeat":"repeat","background-position":"center center","background-size":"auto","background-attachment":"scroll","background-type":"","background-media":"","overlay-type":"","overlay-color":"","overlay-opacity":"","overlay-gradient":""}},"ast-content-background-meta":{"desktop":{"background-color":"var(--ast-global-color-5)","background-image":"","background-repeat":"repeat","background-position":"center center","background-size":"auto","background-attachment":"scroll","background-type":"","background-media":"","overlay-type":"","overlay-color":"","overlay-opacity":"","overlay-gradient":""},"tablet":{"background-color":"var(--ast-global-color-5)","background-image":"","background-repeat":"repeat","background-position":"center center","background-size":"auto","background-attachment":"scroll","background-type":"","background-media":"","overlay-type":"","overlay-color":"","overlay-opacity":"","overlay-gradient":""},"mobile":{"background-color":"var(--ast-global-color-5)","background-image":"","background-repeat":"repeat","background-position":"center center","background-size":"auto","background-attachment":"scroll","background-type":"","background-media":"","overlay-type":"","overlay-color":"","overlay-opacity":"","overlay-gradient":""}}},"product_brand":[],"product_cat":[54,42],"product_tag":[70,68,71,69],"class_list":{"0":"post-3291","1":"product","2":"type-product","3":"status-publish","4":"has-post-thumbnail","6":"product_cat-0-to-6months","7":"product_cat-merchandise","8":"product_tag-babypillow","9":"product_tag-cuteanimalpillow","10":"product_tag-headshapesupport","11":"product_tag-kouniushapingpillow","12":"desktop-align-left","13":"tablet-align-left","14":"mobile-align-left","16":"first","17":"instock","18":"shipping-taxable","19":"product-type-simple"},"aioseo_notices":[],"uagb_featured_image_src":{"full":["https:\/\/babypillowwholesale.com\/wp-content\/uploads\/2025\/03\/1509.jpg",1000,1000,false],"thumbnail":["https:\/\/babypillowwholesale.com\/wp-content\/uploads\/2025\/03\/1509-150x150.jpg",150,150,true],"medium":["https:\/\/babypillowwholesale.com\/wp-content\/uploads\/2025\/03\/1509-300x300.jpg",300,300,true],"medium_large":["https:\/\/babypillowwholesale.com\/wp-content\/uploads\/2025\/03\/1509-768x768.jpg",768,768,true],"large":["https:\/\/babypillowwholesale.com\/wp-content\/uploads\/2025\/03\/1509.jpg",1000,1000,false],"1536x1536":["https:\/\/babypillowwholesale.com\/wp-content\/uploads\/2025\/03\/1509.jpg",1000,1000,false],"2048x2048":["https:\/\/babypillowwholesale.com\/wp-content\/uploads\/2025\/03\/1509.jpg",1000,1000,false],"trp-custom-language-flag":["https:\/\/babypillowwholesale.com\/wp-content\/uploads\/2025\/03\/1509.jpg",12,12,false],"woocommerce_thumbnail":["https:\/\/babypillowwholesale.com\/wp-content\/uploads\/2025\/03\/1509-300x300.jpg",300,300,true],"woocommerce_single":["https:\/\/babypillowwholesale.com\/wp-content\/uploads\/2025\/03\/1509-600x600.jpg",600,600,true],"woocommerce_gallery_thumbnail":["https:\/\/babypillowwholesale.com\/wp-content\/uploads\/2025\/03\/1509-100x100.jpg",100,100,true]},"uagb_author_info":{"display_name":"Etnen zhong","author_link":"https:\/\/babypillowwholesale.com\/da\/author\/"},"uagb_comment_info":0,"uagb_excerpt":"The Kitten Shaping Pillow is a charming and functional product designed for infants aged 0 to 6 months. Its cute kitten - inspired design, with perky ears and a sweet - faced expression, is visually appealing and sure to capture the hearts of both parents and babies. The central cut - out of the pillow&hellip;","jetpack_sharing_enabled":true,"_links":{"self":[{"href":"https:\/\/babypillowwholesale.com\/da\/wp-json\/wp\/v2\/product\/3291","targetHints":{"allow":["GET"]}}],"collection":[{"href":"https:\/\/babypillowwholesale.com\/da\/wp-json\/wp\/v2\/product"}],"about":[{"href":"https:\/\/babypillowwholesale.com\/da\/wp-json\/wp\/v2\/types\/product"}],"replies":[{"embeddable":true,"href":"https:\/\/babypillowwholesale.com\/da\/wp-json\/wp\/v2\/comments?post=3291"}],"wp:featuredmedia":[{"embeddable":true,"href":"https:\/\/babypillowwholesale.com\/da\/wp-json\/wp\/v2\/media\/3292"}],"wp:attachment":[{"href":"https:\/\/babypillowwholesale.com\/da\/wp-json\/wp\/v2\/media?parent=3291"}],"wp:term":[{"taxonomy":"product_brand","embeddable":true,"href":"https:\/\/babypillowwholesale.com\/da\/wp-json\/wp\/v2\/product_brand?post=3291"},{"taxonomy":"product_cat","embeddable":true,"href":"https:\/\/babypillowwholesale.com\/da\/wp-json\/wp\/v2\/product_cat?post=3291"},{"taxonomy":"product_tag","embeddable":true,"href":"https:\/\/babypillowwholesale.com\/da\/wp-json\/wp\/v2\/product_tag?post=3291"}],"curies":[{"name":"wp","href":"https:\/\/api.w.org\/{rel}","templated":true}]}}