{"id":3286,"date":"2025-03-18T15:34:57","date_gmt":"2025-03-18T15:34:57","guid":{"rendered":"https:\/\/babypillowwholesale.com\/?post_type=product&#038;p=3286"},"modified":"2025-06-08T16:11:21","modified_gmt":"2025-06-08T16:11:21","slug":"monster-shaping-pillow","status":"publish","type":"product","link":"https:\/\/babypillowwholesale.com\/da\/product\/monster-shaping-pillow\/","title":{"rendered":"Monster formende pude"},"content":{"rendered":"<div class=\"auto-hide-last-sibling-br paragraph-qzbcQC paragraph-element br-paragraph-space\" data-immersive-translate-walked=\"8e61f2e7-6af2-46e5-9672-3b9e4f4033d9\" data-immersive-translate-paragraph=\"1\">\n<div class=\"auto-hide-last-sibling-br paragraph-qzbcQC paragraph-element br-paragraph-space\">Tr\u00e6d ind i en verden af lunefuldhed og komfort med vores Monster Shaping Pillow, et absolut must for de mindste eventyrere i alderen 0 til 6 m\u00e5neder. Dens indtagende monsterinspirerede design med store, nysgerrige runde \u00f8jne, en s\u00f8d lille n\u00e6se og k\u00e6kke \u00f8rer er en legesyg tilf\u00f8jelse, der straks lyser op p\u00e5 ethvert b\u00f8rnev\u00e6relse. Denne pude har ikke kun et f\u00e6ngslende udseende; den er et paradis af st\u00f8tte. Den omhyggeligt konturerede centrale udsk\u00e6ring giver en blid, beroligende omfavnelse af dit barns sarte hoved og leder det elegant mod en perfekt form, mens det udforsker de f\u00f8rste dage af sit liv. Med en st\u00f8rrelse p\u00e5 26,5*25*1,5 cm er den utrolig alsidig. P\u00e5 de dovne s\u00f8ndagseftermiddage derhjemme kan du placere den i babyens vugge og se, hvordan den forvandler middagsluren til en hyggelig, dr\u00f8mmefyldt oplevelse. N\u00e5r I er p\u00e5 familieudflugt, hvad enten det er en tur i zoologisk have eller en picnic i parken, passer puden perfekt i barnevognen og sikrer, at den lille f\u00e5r en behagelig rejse. For\u00e6ldre er begejstrede for denne dejlige pude! En mor siger: \"Min baby er besat af denne monsterpude. Den er s\u00e5 bl\u00f8d, og designet f\u00e5r dem altid til at fnise. Og s\u00e5 er den fantastisk til at holde deres hoved i en god position.\" En far sagde: \"Jeg elsker, at den er s\u00e5 nem at have med. Den er blevet en fast bestanddel p\u00e5 vores rejser, og farvevalget er virkelig flot. Jeg kan varmt anbefale den til andre for\u00e6ldre.\" Monster Shaping Pillow f\u00e5s i de charmerende lyser\u00f8de og bl\u00e5 nuancer og er mere end bare et babytilbeh\u00f8r; det er en elsket f\u00f8lgesvend, der lover komfort, st\u00f8tte og en hel masse sjov i din babys dyrebare f\u00f8rste tid.<\/div>\n<\/div>","protected":false},"excerpt":{"rendered":"<p>Monster Shaping Pillow er et sp\u00e6ndende og praktisk produkt, der er designet til sp\u00e6db\u00f8rn i alderen 0 til 6 m\u00e5neder. Dens s\u00f8de monsterudseende med runde \u00f8jne, en lille n\u00e6se og sm\u00e5 \u00f8rer g\u00f8r den visuelt interessant. Den unikke centrale udsk\u00e6ring i puden giver blid st\u00f8tte til barnets hoved og hj\u00e6lper med at opretholde en korrekt hovedform under den tidlige v\u00e6kst. M\u00e5ler 26,5 cm<em>25<\/em>1,5 cm er den velegnet til brug i krybber, barnevogne, eller n\u00e5r barnet ligger p\u00e5 et leget\u00e6ppe. Den f\u00e5s i pink og bl\u00e5 og giver for\u00e6ldre mulighed for at v\u00e6lge en farve, der passer til deres pr\u00e6ferencer eller indretning af b\u00f8rnev\u00e6relset, og den kombinerer b\u00e5de sjov og funktionalitet til babypleje.<\/p>","protected":false},"featured_media":3287,"comment_status":"open","ping_status":"closed","template":"","meta":{"_uag_custom_page_level_css":"","site-sidebar-layout":"default","site-content-layout":"","ast-site-content-layout":"default","site-content-style":"default","site-sidebar-style":"default","ast-global-header-display":"","ast-banner-title-visibility":"","ast-main-header-display":"","ast-hfb-above-header-display":"","ast-hfb-below-header-display":"","ast-hfb-mobile-header-display":"","site-post-title":"","ast-breadcrumbs-content":"","ast-featured-img":"","footer-sml-layout":"","ast-disable-related-posts":"","theme-transparent-header-meta":"default","adv-header-id-meta":"","stick-header-meta":"","header-above-stick-meta":"","header-main-stick-meta":"","header-below-stick-meta":"","astra-migrate-meta-layouts":"set","ast-page-background-enabled":"default","ast-page-background-meta":{"desktop":{"background-color":"","background-image":"","background-repeat":"repeat","background-position":"center center","background-size":"auto","background-attachment":"scroll","background-type":"","background-media":"","overlay-type":"","overlay-color":"","overlay-opacity":"","overlay-gradient":""},"tablet":{"background-color":"","background-image":"","background-repeat":"repeat","background-position":"center center","background-size":"auto","background-attachment":"scroll","background-type":"","background-media":"","overlay-type":"","overlay-color":"","overlay-opacity":"","overlay-gradient":""},"mobile":{"background-color":"","background-image":"","background-repeat":"repeat","background-position":"center center","background-size":"auto","background-attachment":"scroll","background-type":"","background-media":"","overlay-type":"","overlay-color":"","overlay-opacity":"","overlay-gradient":""}},"ast-content-background-meta":{"desktop":{"background-color":"var(--ast-global-color-5)","background-image":"","background-repeat":"repeat","background-position":"center center","background-size":"auto","background-attachment":"scroll","background-type":"","background-media":"","overlay-type":"","overlay-color":"","overlay-opacity":"","overlay-gradient":""},"tablet":{"background-color":"var(--ast-global-color-5)","background-image":"","background-repeat":"repeat","background-position":"center center","background-size":"auto","background-attachment":"scroll","background-type":"","background-media":"","overlay-type":"","overlay-color":"","overlay-opacity":"","overlay-gradient":""},"mobile":{"background-color":"var(--ast-global-color-5)","background-image":"","background-repeat":"repeat","background-position":"center center","background-size":"auto","background-attachment":"scroll","background-type":"","background-media":"","overlay-type":"","overlay-color":"","overlay-opacity":"","overlay-gradient":""}}},"product_brand":[],"product_cat":[54,42],"product_tag":[70,68,71,69],"class_list":{"0":"post-3286","1":"product","2":"type-product","3":"status-publish","4":"has-post-thumbnail","6":"product_cat-0-to-6months","7":"product_cat-merchandise","8":"product_tag-babypillow","9":"product_tag-cuteanimalpillow","10":"product_tag-headshapesupport","11":"product_tag-kouniushapingpillow","12":"desktop-align-left","13":"tablet-align-left","14":"mobile-align-left","16":"first","17":"instock","18":"shipping-taxable","19":"product-type-simple"},"aioseo_notices":[],"uagb_featured_image_src":{"full":["https:\/\/babypillowwholesale.com\/wp-content\/uploads\/2025\/03\/1507.jpg",1000,1000,false],"thumbnail":["https:\/\/babypillowwholesale.com\/wp-content\/uploads\/2025\/03\/1507-150x150.jpg",150,150,true],"medium":["https:\/\/babypillowwholesale.com\/wp-content\/uploads\/2025\/03\/1507-300x300.jpg",300,300,true],"medium_large":["https:\/\/babypillowwholesale.com\/wp-content\/uploads\/2025\/03\/1507-768x768.jpg",768,768,true],"large":["https:\/\/babypillowwholesale.com\/wp-content\/uploads\/2025\/03\/1507.jpg",1000,1000,false],"1536x1536":["https:\/\/babypillowwholesale.com\/wp-content\/uploads\/2025\/03\/1507.jpg",1000,1000,false],"2048x2048":["https:\/\/babypillowwholesale.com\/wp-content\/uploads\/2025\/03\/1507.jpg",1000,1000,false],"trp-custom-language-flag":["https:\/\/babypillowwholesale.com\/wp-content\/uploads\/2025\/03\/1507.jpg",12,12,false],"woocommerce_thumbnail":["https:\/\/babypillowwholesale.com\/wp-content\/uploads\/2025\/03\/1507-300x300.jpg",300,300,true],"woocommerce_single":["https:\/\/babypillowwholesale.com\/wp-content\/uploads\/2025\/03\/1507-600x600.jpg",600,600,true],"woocommerce_gallery_thumbnail":["https:\/\/babypillowwholesale.com\/wp-content\/uploads\/2025\/03\/1507-100x100.jpg",100,100,true]},"uagb_author_info":{"display_name":"Etnen zhong","author_link":"https:\/\/babypillowwholesale.com\/da\/author\/"},"uagb_comment_info":0,"uagb_excerpt":"The Monster Shaping Pillow is an engaging and practical product designed for infants aged 0 to 6 months. Its cute monster - themed appearance, with round eyes, a small nose, and little ears, makes it visually interesting. The unique central cut - out of the pillow provides gentle support for a baby's head, helping to&hellip;","jetpack_sharing_enabled":true,"_links":{"self":[{"href":"https:\/\/babypillowwholesale.com\/da\/wp-json\/wp\/v2\/product\/3286","targetHints":{"allow":["GET"]}}],"collection":[{"href":"https:\/\/babypillowwholesale.com\/da\/wp-json\/wp\/v2\/product"}],"about":[{"href":"https:\/\/babypillowwholesale.com\/da\/wp-json\/wp\/v2\/types\/product"}],"replies":[{"embeddable":true,"href":"https:\/\/babypillowwholesale.com\/da\/wp-json\/wp\/v2\/comments?post=3286"}],"wp:featuredmedia":[{"embeddable":true,"href":"https:\/\/babypillowwholesale.com\/da\/wp-json\/wp\/v2\/media\/3287"}],"wp:attachment":[{"href":"https:\/\/babypillowwholesale.com\/da\/wp-json\/wp\/v2\/media?parent=3286"}],"wp:term":[{"taxonomy":"product_brand","embeddable":true,"href":"https:\/\/babypillowwholesale.com\/da\/wp-json\/wp\/v2\/product_brand?post=3286"},{"taxonomy":"product_cat","embeddable":true,"href":"https:\/\/babypillowwholesale.com\/da\/wp-json\/wp\/v2\/product_cat?post=3286"},{"taxonomy":"product_tag","embeddable":true,"href":"https:\/\/babypillowwholesale.com\/da\/wp-json\/wp\/v2\/product_tag?post=3286"}],"curies":[{"name":"wp","href":"https:\/\/api.w.org\/{rel}","templated":true}]}}