{"id":3273,"date":"2025-03-18T07:02:19","date_gmt":"2025-03-18T07:02:19","guid":{"rendered":"https:\/\/babypillowwholesale.com\/?post_type=product&#038;p=3273"},"modified":"2025-06-08T16:12:27","modified_gmt":"2025-06-08T16:12:27","slug":"adorable-bunny-shaping-pillow","status":"publish","type":"product","link":"https:\/\/babypillowwholesale.com\/da\/product\/adorable-bunny-shaping-pillow\/","title":{"rendered":"Bed\u00e5rende kaninformende pude"},"content":{"rendered":"<div class=\"auto-hide-last-sibling-br paragraph-qzbcQC paragraph-element br-paragraph-space\" data-immersive-translate-walked=\"8e61f2e7-6af2-46e5-9672-3b9e4f4033d9\" data-immersive-translate-paragraph=\"1\">\n<div class=\"auto-hide-last-sibling-br paragraph-qzbcQC paragraph-element br-paragraph-space\">Fork\u00e6l din lille i sk\u00f8det af komfort med vores yndige Bunny Shaping Pillow, et must - have for sp\u00e6db\u00f8rn i alderen 0 til 6 m\u00e5neder. Den er udformet som en dyrebar kanin med bl\u00f8de \u00f8rer og et roligt udtryk med halvt lukkede \u00f8jne og er et visuelt mesterv\u00e6rk, der giver et strejf af eventyrlig charme til ethvert b\u00f8rnev\u00e6relse. Denne pude er et eksempel p\u00e5 funktionalitet. Den strategisk placerede centrale udsk\u00e6ring giver en blid, vuggende st\u00f8tte til dit barns sarte hoved og leder det elegant mod en perfekt form, mens det oplever de f\u00f8rste m\u00e5neders vidundere. Med en st\u00f8rrelse p\u00e5 26,5*25*1,5 cm er den utrolig alsidig. Uanset om den ligger i den bl\u00f8de favn i din babys tremmeseng og forvandler middagsluren til en dr\u00f8mmestund, eller om den ligger i barnevognen til en luftig tur langs stranden, s\u00e5 s\u00f8rger denne pude for, at din lille guldklump altid har det behageligt. Den passer ogs\u00e5 perfekt til babyautostole, s\u00e5 lange bilture bliver en fredelig aff\u00e6re for din baby. For\u00e6ldrene er vilde med denne pude! \"I det \u00f8jeblik jeg lagde denne Adorable Bunny Shaping Pillow i min babys vugge, vidste jeg, at det var en vinder. Den er ikke kun superbl\u00f8d, men har ogs\u00e5 gjort en m\u00e6rkbar forskel i min babys hovedform,\" udbr\u00f8d en glad mor. En far sagde: \"Jeg tager den med overalt. De forskellige farvemuligheder er fantastiske, og kanindesignet f\u00e5r altid min baby til at smile. Den er et absolut must for nybagte for\u00e6ldre.\" Adorable Bunny Shaping Pillow f\u00e5s i de charmerende farver pink, bl\u00e5 og m\u00f8rkegr\u00f8n og er mere end bare et babytilbeh\u00f8r; den er en elsket f\u00f8lgesvend, der lover komfort, st\u00f8tte og en hel masse nuttethed i din babys f\u00f8rste tid.<\/div>\n<\/div>","protected":false},"excerpt":{"rendered":"<p>Adorable Bunny Shaping Pillow er et dejligt produkt, der er skr\u00e6ddersyet til sp\u00e6db\u00f8rn i alderen 0 til 6 m\u00e5neder. Dens design, der er modelleret efter en yndig kanin med lange \u00f8rer og et s\u00f8dt, s\u00f8vnigt udtryk, er visuelt tiltalende og vil helt sikkert charmere b\u00e5de for\u00e6ldre og babyer. Den centrale udsk\u00e6ring i puden er ergonomisk designet til forsigtigt at st\u00f8tte babyens hoved og hj\u00e6lpe med at opretholde en korrekt hovedform i den kritiske tidlige udviklingsperiode. M\u00e5ler 26,5*<em>25*<\/em>1,5 cm passer den komfortabelt i krybber, klapvogne eller babyautostole og giver et hyggeligt hvilested, uanset hvor din baby er. Med farvemuligheder i pink, bl\u00e5 og m\u00f8rkegr\u00f8n kan for\u00e6ldre v\u00e6lge en nuance, der passer til deres pr\u00e6ferencer eller b\u00f8rnev\u00e6relsesindretning, og kombinere nuttethed og funktionalitet for optimal babypleje.<\/p>","protected":false},"featured_media":3285,"comment_status":"open","ping_status":"closed","template":"","meta":{"_uag_custom_page_level_css":"","site-sidebar-layout":"default","site-content-layout":"","ast-site-content-layout":"default","site-content-style":"default","site-sidebar-style":"default","ast-global-header-display":"","ast-banner-title-visibility":"","ast-main-header-display":"","ast-hfb-above-header-display":"","ast-hfb-below-header-display":"","ast-hfb-mobile-header-display":"","site-post-title":"","ast-breadcrumbs-content":"","ast-featured-img":"","footer-sml-layout":"","ast-disable-related-posts":"","theme-transparent-header-meta":"default","adv-header-id-meta":"","stick-header-meta":"","header-above-stick-meta":"","header-main-stick-meta":"","header-below-stick-meta":"","astra-migrate-meta-layouts":"set","ast-page-background-enabled":"default","ast-page-background-meta":{"desktop":{"background-color":"","background-image":"","background-repeat":"repeat","background-position":"center center","background-size":"auto","background-attachment":"scroll","background-type":"","background-media":"","overlay-type":"","overlay-color":"","overlay-opacity":"","overlay-gradient":""},"tablet":{"background-color":"","background-image":"","background-repeat":"repeat","background-position":"center center","background-size":"auto","background-attachment":"scroll","background-type":"","background-media":"","overlay-type":"","overlay-color":"","overlay-opacity":"","overlay-gradient":""},"mobile":{"background-color":"","background-image":"","background-repeat":"repeat","background-position":"center center","background-size":"auto","background-attachment":"scroll","background-type":"","background-media":"","overlay-type":"","overlay-color":"","overlay-opacity":"","overlay-gradient":""}},"ast-content-background-meta":{"desktop":{"background-color":"var(--ast-global-color-5)","background-image":"","background-repeat":"repeat","background-position":"center center","background-size":"auto","background-attachment":"scroll","background-type":"","background-media":"","overlay-type":"","overlay-color":"","overlay-opacity":"","overlay-gradient":""},"tablet":{"background-color":"var(--ast-global-color-5)","background-image":"","background-repeat":"repeat","background-position":"center center","background-size":"auto","background-attachment":"scroll","background-type":"","background-media":"","overlay-type":"","overlay-color":"","overlay-opacity":"","overlay-gradient":""},"mobile":{"background-color":"var(--ast-global-color-5)","background-image":"","background-repeat":"repeat","background-position":"center center","background-size":"auto","background-attachment":"scroll","background-type":"","background-media":"","overlay-type":"","overlay-color":"","overlay-opacity":"","overlay-gradient":""}}},"product_brand":[],"product_cat":[54,42],"product_tag":[70,68,71,69],"class_list":{"0":"post-3273","1":"product","2":"type-product","3":"status-publish","4":"has-post-thumbnail","6":"product_cat-0-to-6months","7":"product_cat-merchandise","8":"product_tag-babypillow","9":"product_tag-cuteanimalpillow","10":"product_tag-headshapesupport","11":"product_tag-kouniushapingpillow","12":"desktop-align-left","13":"tablet-align-left","14":"mobile-align-left","16":"first","17":"instock","18":"shipping-taxable","19":"product-type-simple"},"aioseo_notices":[],"uagb_featured_image_src":{"full":["https:\/\/babypillowwholesale.com\/wp-content\/uploads\/2025\/03\/1506-1.jpg",1000,1000,false],"thumbnail":["https:\/\/babypillowwholesale.com\/wp-content\/uploads\/2025\/03\/1506-1-150x150.jpg",150,150,true],"medium":["https:\/\/babypillowwholesale.com\/wp-content\/uploads\/2025\/03\/1506-1-300x300.jpg",300,300,true],"medium_large":["https:\/\/babypillowwholesale.com\/wp-content\/uploads\/2025\/03\/1506-1-768x768.jpg",768,768,true],"large":["https:\/\/babypillowwholesale.com\/wp-content\/uploads\/2025\/03\/1506-1.jpg",1000,1000,false],"1536x1536":["https:\/\/babypillowwholesale.com\/wp-content\/uploads\/2025\/03\/1506-1.jpg",1000,1000,false],"2048x2048":["https:\/\/babypillowwholesale.com\/wp-content\/uploads\/2025\/03\/1506-1.jpg",1000,1000,false],"trp-custom-language-flag":["https:\/\/babypillowwholesale.com\/wp-content\/uploads\/2025\/03\/1506-1.jpg",12,12,false],"woocommerce_thumbnail":["https:\/\/babypillowwholesale.com\/wp-content\/uploads\/2025\/03\/1506-1-300x300.jpg",300,300,true],"woocommerce_single":["https:\/\/babypillowwholesale.com\/wp-content\/uploads\/2025\/03\/1506-1-600x600.jpg",600,600,true],"woocommerce_gallery_thumbnail":["https:\/\/babypillowwholesale.com\/wp-content\/uploads\/2025\/03\/1506-1-100x100.jpg",100,100,true]},"uagb_author_info":{"display_name":"Etnen zhong","author_link":"https:\/\/babypillowwholesale.com\/da\/author\/"},"uagb_comment_info":1,"uagb_excerpt":"The Adorable Bunny Shaping Pillow is a delightful product tailored for infants aged 0 to 6 months. Its design, modeled after an adorable bunny with long ears and a sweet, sleepy - eyed expression, is visually appealing and sure to charm both parents and babies. The central cut - out of the pillow is ergonomically&hellip;","jetpack_sharing_enabled":true,"_links":{"self":[{"href":"https:\/\/babypillowwholesale.com\/da\/wp-json\/wp\/v2\/product\/3273","targetHints":{"allow":["GET"]}}],"collection":[{"href":"https:\/\/babypillowwholesale.com\/da\/wp-json\/wp\/v2\/product"}],"about":[{"href":"https:\/\/babypillowwholesale.com\/da\/wp-json\/wp\/v2\/types\/product"}],"replies":[{"embeddable":true,"href":"https:\/\/babypillowwholesale.com\/da\/wp-json\/wp\/v2\/comments?post=3273"}],"wp:featuredmedia":[{"embeddable":true,"href":"https:\/\/babypillowwholesale.com\/da\/wp-json\/wp\/v2\/media\/3285"}],"wp:attachment":[{"href":"https:\/\/babypillowwholesale.com\/da\/wp-json\/wp\/v2\/media?parent=3273"}],"wp:term":[{"taxonomy":"product_brand","embeddable":true,"href":"https:\/\/babypillowwholesale.com\/da\/wp-json\/wp\/v2\/product_brand?post=3273"},{"taxonomy":"product_cat","embeddable":true,"href":"https:\/\/babypillowwholesale.com\/da\/wp-json\/wp\/v2\/product_cat?post=3273"},{"taxonomy":"product_tag","embeddable":true,"href":"https:\/\/babypillowwholesale.com\/da\/wp-json\/wp\/v2\/product_tag?post=3273"}],"curies":[{"name":"wp","href":"https:\/\/api.w.org\/{rel}","templated":true}]}}