{"id":3499,"date":"2025-04-19T13:02:01","date_gmt":"2025-04-19T13:02:01","guid":{"rendered":"https:\/\/babypillowwholesale.com\/?post_type=product&#038;p=3499"},"modified":"2025-06-05T13:11:39","modified_gmt":"2025-06-05T13:11:39","slug":"memory-foam-pillow-oval-pillow-core","status":"publish","type":"product","link":"https:\/\/babypillowwholesale.com\/cs\/product\/memory-foam-pillow-oval-pillow-core\/","title":{"rendered":"Pol\u0161t\u00e1\u0159 z pam\u011b\u0165ov\u00e9 p\u011bny - ov\u00e1ln\u00e9 j\u00e1dro pol\u0161t\u00e1\u0159e"},"content":{"rendered":"<div class=\"auto-hide-last-sibling-br paragraph-qzbcQC paragraph-element br-paragraph-space\">\n<div class=\"auto-hide-last-sibling-br paragraph-qzbcQC paragraph-element br-paragraph-space\">\n<div class=\"auto-hide-last-sibling-br paragraph-qzbcQC paragraph-element br-paragraph-space\">\n<div class=\"auto-hide-last-sibling-br paragraph-qzbcQC paragraph-element br-paragraph-space\">\n<div class=\"inter-wlTS5w\" data-immersive-translate-walked=\"d12d8f94-b8ff-4d99-b7de-4fecb356978f\">\n<div class=\"container-QE4ayg\">\n<div class=\"item-jU10IN\">\n<div class=\"container-jODEnh chrome70-container\">\n<div class=\"inner-eE95c9 inner-item-aL3Ui_\" data-target-id=\"message-box-target-id\" data-testid=\"union_message\">\n<div class=\"message-block-container-liuetz\" data-testid=\"message-block-container\">\n<div class=\"message-box-ZWbBdF\" data-testid=\"receive_message\" data-message-id=\"3380063449561346\">\n<div class=\"message-box-content-wrapper-srHdUj\">\n<div class=\"message-content message-box-content-otxGGw receive-message-box-content-_lREFj samantha-message-box-content-Qjmpja\" data-testid=\"message_content\">\n<div class=\"container-hfX5E8 flow-markdown-body theme-samantha-yJEgBp\" dir=\"ltr\" data-testid=\"message_text_content\" data-show-indicator=\"false\">\n<div class=\"auto-hide-last-sibling-br paragraph-qzbcQC paragraph-element br-paragraph-space\">\n<div class=\"auto-hide-last-sibling-br paragraph-qzbcQC paragraph-element br-paragraph-space\">\n<div class=\"auto-hide-last-sibling-br paragraph-qzbcQC paragraph-element br-paragraph-space\">Jsme hrd\u00ed na to, \u017ee v\u00e1m m\u016f\u017eeme p\u0159edstavit n\u00e1\u0161 pol\u0161t\u00e1\u0159 z pam\u011b\u0165ov\u00e9 p\u011bny - ov\u00e1ln\u00e9 j\u00e1dro, pe\u010dliv\u011b navr\u017een\u00fd pro d\u011bti ve v\u011bku od 0 do 6 m\u011bs\u00edc\u016f. To, co tento v\u00fdrobek skute\u010dn\u011b odli\u0161uje, je na\u0161e bezkonkuren\u010dn\u00ed slu\u017eba individu\u00e1ln\u00edho p\u0159izp\u016fsoben\u00ed.<\/div>\n<p>&nbsp;<\/p>\n<div class=\"auto-hide-last-sibling-br paragraph-qzbcQC paragraph-element br-paragraph-space\">Pro z\u00e1kazn\u00edky se z\u00e1libou v roztomilosti m\u016f\u017eeme j\u00e1dro pol\u0161t\u00e1\u0159e ozdobit roztomil\u00fdmi kreslen\u00fdmi postavi\u010dkami, jako je na\u010dechran\u00e1 ove\u010dka s velk\u00fdma nevinn\u00fdma o\u010dima nebo hrav\u00e1 opi\u010dka houpaj\u00edc\u00ed se na v\u011btvi. Pokud hledaj\u00ed eleganci, mohou na\u0161i n\u00e1vrh\u00e1\u0159i vytvo\u0159it slo\u017eit\u00e9 kv\u011btinov\u00e9 motivy, jako jsou jemn\u00e9 akvarelov\u00e9 r\u016f\u017ee v jemn\u00fdch pastelov\u00fdch odst\u00ednech nebo jemn\u00e9 forget - me - noty rozeset\u00e9 po povrchu, kter\u00e9 vyza\u0159uj\u00ed pocit nad\u010dasov\u00e9ho kouzla.<\/div>\n<p>&nbsp;<\/p>\n<div class=\"auto-hide-last-sibling-br paragraph-qzbcQC paragraph-element br-paragraph-space\">Pro ty, kte\u0159\u00ed ud\u00e1vaj\u00ed trendy, jsou na\u0161e abstraktn\u00ed vzory jako stvo\u0159en\u00e9. P\u0159edstavte si odv\u00e1\u017en\u00e9 v\u00ed\u0159iv\u00e9 vzory v z\u00e1\u0159iv\u00fdch neonov\u00fdch barv\u00e1ch nebo minimalistick\u00e9 geometrick\u00e9 tvary uspo\u0159\u00e1dan\u00e9 do modern\u00ed kompozice. Ka\u017ed\u00fd vzor je precizn\u011b vytvo\u0159en pomoc\u00ed vysoce kvalitn\u00edch inkoust\u016f bezpe\u010dn\u00fdch pro d\u011bti.<\/div>\n<p>&nbsp;<\/p>\n<div class=\"auto-hide-last-sibling-br paragraph-qzbcQC paragraph-element br-paragraph-space\">D\u00edky t\u011bmto p\u0159izp\u016fsoben\u00fdm vzor\u016fm je j\u00e1dro pol\u0161t\u00e1\u0159e nejen vizu\u00e1ln\u011b p\u0159ita\u017eliv\u00e9, ale je tak\u00e9 jedine\u010dn\u00fdm prodejn\u00edm argumentem. Umo\u017e\u0148uj\u00ed v\u00e1m nab\u00edzet v\u00fdrobek, kter\u00fd uspokoj\u00ed \u0161irokou \u0161k\u00e1lu vkusu, \u010d\u00edm\u017e zajist\u00ed, \u017ee vynikne na p\u0159epln\u011bn\u00e9m trhu a zv\u00fd\u0161\u00ed va\u0161e prodeje. D\u00edky na\u0161im \u00faprav\u00e1m na m\u00edru si m\u016f\u017eete b\u00fdt jisti, \u017ee v\u00e1\u0161 v\u00fdrobek bude m\u00edt v\u00fdraznou konkuren\u010dn\u00ed v\u00fdhodu.<\/div>\n<\/div>\n<\/div>\n<\/div>\n<\/div>\n<\/div>\n<\/div>\n<\/div>\n<\/div>\n<\/div>\n<\/div>\n<\/div>\n<\/div>\n<\/div>\n<\/div>\n<\/div>\n<\/div>","protected":false},"excerpt":{"rendered":"<div class=\"auto-hide-last-sibling-br paragraph-qzbcQC paragraph-element br-paragraph-space\">\n<div class=\"message-box-content-wrapper-srHdUj\">\n<div class=\"message-content message-box-content-otxGGw receive-message-box-content-_lREFj samantha-message-box-content-Qjmpja\" data-testid=\"message_content\">\n<div class=\"container-hfX5E8 flow-markdown-body theme-samantha-yJEgBp\" dir=\"ltr\" data-testid=\"message_text_content\" data-show-indicator=\"false\">\n<div class=\"auto-hide-last-sibling-br paragraph-qzbcQC paragraph-element br-paragraph-space\">Pro tento pol\u0161t\u00e1\u0159 z pam\u011b\u0165ov\u00e9 p\u011bny - ov\u00e1ln\u00e9 j\u00e1dro pol\u0161t\u00e1\u0159e nab\u00edz\u00edme slu\u017eby p\u0159izp\u016fsoben\u00ed na m\u00edru. A\u0165 u\u017e va\u0161i z\u00e1kazn\u00edci d\u00e1vaj\u00ed p\u0159ednost roztomil\u00fdm kreslen\u00fdm postavi\u010dk\u00e1m, elegantn\u00edm kv\u011btinov\u00fdm motiv\u016fm nebo m\u00f3dn\u00edm abstraktn\u00edm vzor\u016fm, m\u016f\u017eeme vytvo\u0159it n\u00e1dhern\u00e9 vzory na m\u00edru va\u0161im pot\u0159eb\u00e1m. D\u00edky t\u011bmto jedine\u010dn\u00fdm vzor\u016fm bude j\u00e1dro pol\u0161t\u00e1\u0159e na trhu vynikat, p\u0159il\u00e1k\u00e1 v\u00edce z\u00e1kazn\u00edk\u016f a v\u00fdrazn\u011b podpo\u0159\u00ed va\u0161e prodeje. D\u00edky na\u0161im \u00faprav\u00e1m na m\u00edru m\u016f\u017eete poskytnout v\u00fdrobek, kter\u00fd dokonale odpov\u00edd\u00e1 r\u016fznorod\u00fdm estetick\u00fdm preferenc\u00edm, a zajistit si tak konkuren\u010dn\u00ed v\u00fdhodu.<\/div>\n<\/div>\n<\/div>\n<\/div>\n<\/div>","protected":false},"featured_media":3500,"comment_status":"open","ping_status":"closed","template":"","meta":{"_uag_custom_page_level_css":"","site-sidebar-layout":"default","site-content-layout":"","ast-site-content-layout":"default","site-content-style":"default","site-sidebar-style":"default","ast-global-header-display":"","ast-banner-title-visibility":"","ast-main-header-display":"","ast-hfb-above-header-display":"","ast-hfb-below-header-display":"","ast-hfb-mobile-header-display":"","site-post-title":"","ast-breadcrumbs-content":"","ast-featured-img":"","footer-sml-layout":"","ast-disable-related-posts":"","theme-transparent-header-meta":"default","adv-header-id-meta":"","stick-header-meta":"","header-above-stick-meta":"","header-main-stick-meta":"","header-below-stick-meta":"","astra-migrate-meta-layouts":"set","ast-page-background-enabled":"default","ast-page-background-meta":{"desktop":{"background-color":"","background-image":"","background-repeat":"repeat","background-position":"center center","background-size":"auto","background-attachment":"scroll","background-type":"","background-media":"","overlay-type":"","overlay-color":"","overlay-opacity":"","overlay-gradient":""},"tablet":{"background-color":"","background-image":"","background-repeat":"repeat","background-position":"center center","background-size":"auto","background-attachment":"scroll","background-type":"","background-media":"","overlay-type":"","overlay-color":"","overlay-opacity":"","overlay-gradient":""},"mobile":{"background-color":"","background-image":"","background-repeat":"repeat","background-position":"center center","background-size":"auto","background-attachment":"scroll","background-type":"","background-media":"","overlay-type":"","overlay-color":"","overlay-opacity":"","overlay-gradient":""}},"ast-content-background-meta":{"desktop":{"background-color":"var(--ast-global-color-5)","background-image":"","background-repeat":"repeat","background-position":"center center","background-size":"auto","background-attachment":"scroll","background-type":"","background-media":"","overlay-type":"","overlay-color":"","overlay-opacity":"","overlay-gradient":""},"tablet":{"background-color":"var(--ast-global-color-5)","background-image":"","background-repeat":"repeat","background-position":"center center","background-size":"auto","background-attachment":"scroll","background-type":"","background-media":"","overlay-type":"","overlay-color":"","overlay-opacity":"","overlay-gradient":""},"mobile":{"background-color":"var(--ast-global-color-5)","background-image":"","background-repeat":"repeat","background-position":"center center","background-size":"auto","background-attachment":"scroll","background-type":"","background-media":"","overlay-type":"","overlay-color":"","overlay-opacity":"","overlay-gradient":""}}},"product_brand":[],"product_cat":[65,32],"product_tag":[70,68,71,69],"class_list":{"0":"post-3499","1":"product","2":"type-product","3":"status-publish","4":"has-post-thumbnail","6":"product_cat-0-to-6months-oem","7":"product_cat-customize","8":"product_tag-babypillow","9":"product_tag-cuteanimalpillow","10":"product_tag-headshapesupport","11":"product_tag-kouniushapingpillow","12":"desktop-align-left","13":"tablet-align-left","14":"mobile-align-left","16":"first","17":"instock","18":"shipping-taxable","19":"product-type-simple"},"aioseo_notices":[],"uagb_featured_image_src":{"full":["https:\/\/babypillowwholesale.com\/wp-content\/uploads\/2025\/04\/0024.jpg",1000,1000,false],"thumbnail":["https:\/\/babypillowwholesale.com\/wp-content\/uploads\/2025\/04\/0024-150x150.jpg",150,150,true],"medium":["https:\/\/babypillowwholesale.com\/wp-content\/uploads\/2025\/04\/0024-300x300.jpg",300,300,true],"medium_large":["https:\/\/babypillowwholesale.com\/wp-content\/uploads\/2025\/04\/0024-768x768.jpg",768,768,true],"large":["https:\/\/babypillowwholesale.com\/wp-content\/uploads\/2025\/04\/0024.jpg",1000,1000,false],"1536x1536":["https:\/\/babypillowwholesale.com\/wp-content\/uploads\/2025\/04\/0024.jpg",1000,1000,false],"2048x2048":["https:\/\/babypillowwholesale.com\/wp-content\/uploads\/2025\/04\/0024.jpg",1000,1000,false],"trp-custom-language-flag":["https:\/\/babypillowwholesale.com\/wp-content\/uploads\/2025\/04\/0024.jpg",12,12,false],"woocommerce_thumbnail":["https:\/\/babypillowwholesale.com\/wp-content\/uploads\/2025\/04\/0024-300x300.jpg",300,300,true],"woocommerce_single":["https:\/\/babypillowwholesale.com\/wp-content\/uploads\/2025\/04\/0024-600x600.jpg",600,600,true],"woocommerce_gallery_thumbnail":["https:\/\/babypillowwholesale.com\/wp-content\/uploads\/2025\/04\/0024-100x100.jpg",100,100,true]},"uagb_author_info":{"display_name":"Etnen zhong","author_link":"https:\/\/babypillowwholesale.com\/cs\/author\/"},"uagb_comment_info":0,"uagb_excerpt":"We offer personalized customization services for this Memory Foam Pillow - Oval Pillow Core. Whether your customers prefer lovely cartoon characters, elegant floral motifs, or trendy abstract designs, we can craft exquisite patterns tailored to your needs. These unique designs will make the pillow core stand out in the market, attracting more consumers and giving&hellip;","jetpack_sharing_enabled":true,"_links":{"self":[{"href":"https:\/\/babypillowwholesale.com\/cs\/wp-json\/wp\/v2\/product\/3499","targetHints":{"allow":["GET"]}}],"collection":[{"href":"https:\/\/babypillowwholesale.com\/cs\/wp-json\/wp\/v2\/product"}],"about":[{"href":"https:\/\/babypillowwholesale.com\/cs\/wp-json\/wp\/v2\/types\/product"}],"replies":[{"embeddable":true,"href":"https:\/\/babypillowwholesale.com\/cs\/wp-json\/wp\/v2\/comments?post=3499"}],"wp:featuredmedia":[{"embeddable":true,"href":"https:\/\/babypillowwholesale.com\/cs\/wp-json\/wp\/v2\/media\/3500"}],"wp:attachment":[{"href":"https:\/\/babypillowwholesale.com\/cs\/wp-json\/wp\/v2\/media?parent=3499"}],"wp:term":[{"taxonomy":"product_brand","embeddable":true,"href":"https:\/\/babypillowwholesale.com\/cs\/wp-json\/wp\/v2\/product_brand?post=3499"},{"taxonomy":"product_cat","embeddable":true,"href":"https:\/\/babypillowwholesale.com\/cs\/wp-json\/wp\/v2\/product_cat?post=3499"},{"taxonomy":"product_tag","embeddable":true,"href":"https:\/\/babypillowwholesale.com\/cs\/wp-json\/wp\/v2\/product_tag?post=3499"}],"curies":[{"name":"wp","href":"https:\/\/api.w.org\/{rel}","templated":true}]}}