{"id":3497,"date":"2025-04-19T12:47:24","date_gmt":"2025-04-19T12:47:24","guid":{"rendered":"https:\/\/babypillowwholesale.com\/?post_type=product&#038;p=3497"},"modified":"2025-06-05T13:57:14","modified_gmt":"2025-06-05T13:57:14","slug":"memory-foam-pillow-heart-shaped-pillow-core","status":"publish","type":"product","link":"https:\/\/babypillowwholesale.com\/cs\/product\/memory-foam-pillow-heart-shaped-pillow-core\/","title":{"rendered":"Pol\u0161t\u00e1\u0159 z pam\u011b\u0165ov\u00e9 p\u011bny - j\u00e1dro pol\u0161t\u00e1\u0159e ve tvaru srdce"},"content":{"rendered":"<div class=\"auto-hide-last-sibling-br paragraph-qzbcQC paragraph-element br-paragraph-space\">\n<div class=\"auto-hide-last-sibling-br paragraph-qzbcQC paragraph-element br-paragraph-space\">\n<div class=\"auto-hide-last-sibling-br paragraph-qzbcQC paragraph-element br-paragraph-space\">\n<div class=\"auto-hide-last-sibling-br paragraph-qzbcQC paragraph-element br-paragraph-space\">\n<div class=\"inter-wlTS5w\" data-immersive-translate-walked=\"d12d8f94-b8ff-4d99-b7de-4fecb356978f\">\n<div class=\"container-QE4ayg\">\n<div class=\"item-jU10IN\">\n<div class=\"container-jODEnh chrome70-container\">\n<div class=\"inner-eE95c9 inner-item-aL3Ui_\" data-target-id=\"message-box-target-id\" data-testid=\"union_message\">\n<div class=\"message-block-container-liuetz\" data-testid=\"message-block-container\">\n<div class=\"message-box-ZWbBdF\" data-testid=\"receive_message\" data-message-id=\"3380063449561346\">\n<div class=\"message-box-content-wrapper-srHdUj\">\n<div class=\"message-content message-box-content-otxGGw receive-message-box-content-_lREFj samantha-message-box-content-Qjmpja\" data-testid=\"message_content\">\n<div class=\"container-hfX5E8 flow-markdown-body theme-samantha-yJEgBp\" dir=\"ltr\" data-testid=\"message_text_content\" data-show-indicator=\"false\">\n<div class=\"auto-hide-last-sibling-br paragraph-qzbcQC paragraph-element br-paragraph-space\">\n<div class=\"auto-hide-last-sibling-br paragraph-qzbcQC paragraph-element br-paragraph-space\">Tento pol\u0161t\u00e1\u0159 z pam\u011b\u0165ov\u00e9 p\u011bny ve tvaru srdce, kter\u00fd je ur\u010den v\u00fdhradn\u011b pro d\u011bti ve v\u011bku 0-6 m\u011bs\u00edc\u016f, je d\u016fkazem osobn\u00edho luxusu. Jsme hrd\u00ed na to, \u017ee jsme dok\u00e1zali toto ji\u017e tak okouzluj\u00edc\u00ed j\u00e1dro ve tvaru srdce prom\u011bnit v um\u011bleck\u00e9 d\u00edlo na m\u00edru, p\u0159izp\u016fsoben\u00e9 i tomu nejn\u00e1ro\u010dn\u011bj\u0161\u00edmu vkusu.<\/div>\n<p>&nbsp;<\/p>\n<div class=\"auto-hide-last-sibling-br paragraph-qzbcQC paragraph-element br-paragraph-space\">Pro ty, kte\u0159\u00ed sn\u00ed v rozmarn\u00fdch p\u0159edstav\u00e1ch, je tu souhv\u011bzd\u00ed t\u0159pytiv\u00fdch hv\u011bzd a usm\u011bvav\u00fd p\u016flm\u011bs\u00edc, jemn\u011b vyti\u0161t\u011bn\u00fd p\u0159es srdce. Ka\u017ed\u00e1 hv\u011bzda jako by v sob\u011b skr\u00fdvala vesm\u00edr sn\u016f a vytv\u00e1\u0159ela nebesk\u00e9 \u00fato\u010di\u0161t\u011b, kter\u00e9 uklid\u0148uje a okouzluje. Pokud d\u00e1v\u00e1te p\u0159ednost kr\u00e1se p\u0159\u00edrody, p\u0159edstavte si sv\u011b\u017e\u00ed zelen\u00e9 listy prol\u00ednaj\u00edc\u00ed se s jemn\u00fdmi rozkvetl\u00fdmi kv\u011bty. Okv\u011btn\u00ed l\u00edstky vyveden\u00e9 v jemn\u00fdch, uklid\u0148uj\u00edc\u00edch odst\u00ednech p\u0159in\u00e1\u0161ej\u00ed na pol\u0161t\u00e1\u0159 sv\u011b\u017eest jarn\u00ed zahrady a nab\u00edzej\u00ed klidnou a osv\u011b\u017euj\u00edc\u00ed vizu\u00e1ln\u00ed n\u00e1ru\u010d.<\/div>\n<p>&nbsp;<\/p>\n<div class=\"auto-hide-last-sibling-br paragraph-qzbcQC paragraph-element br-paragraph-space\">Pro modern\u011b sm\u00fd\u0161lej\u00edc\u00ed lidi lze do interi\u00e9ru bez probl\u00e9m\u016f zakomponovat \u010dist\u00e9, minimalistick\u00e9 linie a geometrick\u00e9 vzory. Ostr\u00e9 \u00fahly a hladk\u00e9 k\u0159ivky se prot\u00ednaj\u00ed v tanci modern\u00edho designu a vytv\u00e1\u0159ej\u00ed vzhled, kter\u00fd je stylov\u00fd i h\u0159ejiv\u00fd. Tyto vzory nejsou pouh\u00fdmi dekoracemi, jsou to prohl\u00e1\u0161en\u00ed, kter\u00e1 odr\u00e1\u017eej\u00ed jedine\u010dnou osobnost a vkus d\u011btsk\u00e9ho pokoje.<\/div>\n<p>&nbsp;<\/p>\n<div class=\"auto-hide-last-sibling-br paragraph-qzbcQC paragraph-element br-paragraph-space\">Ka\u017ed\u00fd vzor navr\u017een\u00fd na zak\u00e1zku je proveden s maxim\u00e1ln\u00ed p\u0159esnost\u00ed a pe\u010dlivost\u00ed a pou\u017e\u00edv\u00e1 pouze ty nejbezpe\u010dn\u011bj\u0161\u00ed, netoxick\u00e9 barvy. D\u00edky tomu je ka\u017ed\u00e9 j\u00e1dro pol\u0161t\u00e1\u0159e nejen vizu\u00e1ln\u00edm mistrovsk\u00fdm d\u00edlem, ale tak\u00e9 bezpe\u010dn\u00fdm a pohodln\u00fdm \u00fato\u010di\u0161t\u011bm pro va\u0161e d\u011b\u0165\u00e1tko.<\/div>\n<p>&nbsp;<\/p>\n<div class=\"auto-hide-last-sibling-br paragraph-qzbcQC paragraph-element br-paragraph-space\">Nab\u00eddkou tak \u0161irok\u00e9ho spektra p\u0159izp\u016fsoben\u00ed v\u00e1m umo\u017en\u00edme vyhov\u011bt v\u0161em estetick\u00fdm preferenc\u00edm. A\u0165 u\u017e se jedn\u00e1 o rozmarnou \u0159\u00ed\u0161i div\u016f, p\u0159\u00edrodn\u00ed \u00fato\u010di\u0161t\u011b nebo modern\u00ed minimalistickou o\u00e1zu, toto j\u00e1dro pol\u0161t\u00e1\u0159e ve tvaru srdce lze prom\u011bnit tak, aby splnilo a p\u0159ed\u010dilo o\u010dek\u00e1v\u00e1n\u00ed. Na trhu p\u0159esycen\u00e9m generick\u00fdmi produkty zajist\u00ed na\u0161e n\u00e1vrhy na m\u00edru, \u017ee va\u0161e nab\u00eddka vynikne, upout\u00e1 pozornost a z\u00edsk\u00e1 si srdce. Tato \u00farove\u0148 personalizace nejen zvy\u0161uje prodej, ale vytv\u00e1\u0159\u00ed hlub\u0161\u00ed spojen\u00ed s va\u0161imi z\u00e1kazn\u00edky a nab\u00edz\u00ed jim produkt, kter\u00fd je stejn\u011b jedine\u010dn\u00fd jako jejich mali\u010dkost.<\/div>\n<p>&nbsp;<\/p>\n<div class=\"auto-hide-last-sibling-br paragraph-qzbcQC paragraph-element br-paragraph-space\">Vylep\u0161ete svou produktovou \u0159adu pomoc\u00ed na\u0161eho pol\u0161t\u00e1\u0159e z pam\u011b\u0165ov\u00e9 p\u011bny - j\u00e1dra ve tvaru srdce, kde se p\u0159izp\u016fsoben\u00ed snoub\u00ed s luxusem a ka\u017ed\u00fd pol\u0161t\u00e1\u0159 vypr\u00e1v\u00ed jedine\u010dn\u00fd p\u0159\u00edb\u011bh.<\/div>\n<\/div>\n<\/div>\n<\/div>\n<\/div>\n<\/div>\n<\/div>\n<\/div>\n<\/div>\n<\/div>\n<\/div>\n<\/div>\n<\/div>\n<\/div>\n<\/div>\n<\/div>","protected":false},"excerpt":{"rendered":"<div class=\"auto-hide-last-sibling-br paragraph-qzbcQC paragraph-element br-paragraph-space\">Tento pol\u0161t\u00e1\u0159 z pam\u011b\u0165ov\u00e9 p\u011bny - j\u00e1dro ve tvaru srdce, ur\u010den\u00fd pro d\u011bti ve v\u011bku 0 - 6 m\u011bs\u00edc\u016f, nab\u00edz\u00ed v\u00fdraznou v\u00fdhodu p\u0159izp\u016fsoben\u00ed. Dok\u00e1\u017eeme vytvo\u0159it n\u00e1dhern\u00e9 vzory na m\u00edru, kter\u00e9 spln\u00ed va\u0161e specifick\u00e9 pot\u0159eby. Pokud nap\u0159\u00edklad va\u0161i z\u00e1kazn\u00edci zbo\u017e\u0148uj\u00ed roztomil\u00e9 styly, m\u016f\u017eeme jim vytisknout p\u016fvabn\u00e9 kreslen\u00e9 postavi\u010dky nebo jemn\u00e9 kv\u011btinov\u00e9 motivy. D\u00e1v\u00e1te p\u0159ednost elegantn\u00edmu n\u00e1dechu? Lze pou\u017e\u00edt jednoduch\u00e9, ale stylov\u00e9 geometrick\u00e9 vzory nebo jemn\u00e9 pastelov\u00e9 p\u0159echody. Tyto p\u0159izp\u016fsoben\u00e9 vzory nejen\u017ee zvy\u0161uj\u00ed vizu\u00e1ln\u00ed p\u0159ita\u017elivost v\u00fdrobku, ale tak\u00e9 z n\u011bj d\u011blaj\u00ed v\u00fdjime\u010dn\u00fd produkt na trhu, kter\u00fd p\u0159il\u00e1k\u00e1 v\u00edce kupuj\u00edc\u00edch a zv\u00fd\u0161\u00ed prodej. P\u0159izp\u016fsoben\u00edm se r\u016fzn\u00fdm designov\u00fdm preferenc\u00edm m\u016f\u017eete nab\u00eddnout v\u00fdrobek, kter\u00fd dokonale odpov\u00edd\u00e1 estetice r\u016fzn\u00fdch spot\u0159ebitel\u016f, a zajistit si tak konkuren\u010dn\u00ed v\u00fdhodu.<\/div>","protected":false},"featured_media":3498,"comment_status":"open","ping_status":"closed","template":"","meta":{"_uag_custom_page_level_css":"","site-sidebar-layout":"default","site-content-layout":"","ast-site-content-layout":"default","site-content-style":"default","site-sidebar-style":"default","ast-global-header-display":"","ast-banner-title-visibility":"","ast-main-header-display":"","ast-hfb-above-header-display":"","ast-hfb-below-header-display":"","ast-hfb-mobile-header-display":"","site-post-title":"","ast-breadcrumbs-content":"","ast-featured-img":"","footer-sml-layout":"","ast-disable-related-posts":"","theme-transparent-header-meta":"default","adv-header-id-meta":"","stick-header-meta":"","header-above-stick-meta":"","header-main-stick-meta":"","header-below-stick-meta":"","astra-migrate-meta-layouts":"set","ast-page-background-enabled":"default","ast-page-background-meta":{"desktop":{"background-color":"","background-image":"","background-repeat":"repeat","background-position":"center center","background-size":"auto","background-attachment":"scroll","background-type":"","background-media":"","overlay-type":"","overlay-color":"","overlay-opacity":"","overlay-gradient":""},"tablet":{"background-color":"","background-image":"","background-repeat":"repeat","background-position":"center center","background-size":"auto","background-attachment":"scroll","background-type":"","background-media":"","overlay-type":"","overlay-color":"","overlay-opacity":"","overlay-gradient":""},"mobile":{"background-color":"","background-image":"","background-repeat":"repeat","background-position":"center center","background-size":"auto","background-attachment":"scroll","background-type":"","background-media":"","overlay-type":"","overlay-color":"","overlay-opacity":"","overlay-gradient":""}},"ast-content-background-meta":{"desktop":{"background-color":"var(--ast-global-color-5)","background-image":"","background-repeat":"repeat","background-position":"center center","background-size":"auto","background-attachment":"scroll","background-type":"","background-media":"","overlay-type":"","overlay-color":"","overlay-opacity":"","overlay-gradient":""},"tablet":{"background-color":"var(--ast-global-color-5)","background-image":"","background-repeat":"repeat","background-position":"center center","background-size":"auto","background-attachment":"scroll","background-type":"","background-media":"","overlay-type":"","overlay-color":"","overlay-opacity":"","overlay-gradient":""},"mobile":{"background-color":"var(--ast-global-color-5)","background-image":"","background-repeat":"repeat","background-position":"center center","background-size":"auto","background-attachment":"scroll","background-type":"","background-media":"","overlay-type":"","overlay-color":"","overlay-opacity":"","overlay-gradient":""}}},"product_brand":[],"product_cat":[65,32],"product_tag":[70,68,71,69],"class_list":{"0":"post-3497","1":"product","2":"type-product","3":"status-publish","4":"has-post-thumbnail","6":"product_cat-0-to-6months-oem","7":"product_cat-customize","8":"product_tag-babypillow","9":"product_tag-cuteanimalpillow","10":"product_tag-headshapesupport","11":"product_tag-kouniushapingpillow","12":"desktop-align-left","13":"tablet-align-left","14":"mobile-align-left","16":"first","17":"instock","18":"shipping-taxable","19":"product-type-simple"},"aioseo_notices":[],"uagb_featured_image_src":{"full":["https:\/\/babypillowwholesale.com\/wp-content\/uploads\/2025\/04\/0020.jpg",1000,1000,false],"thumbnail":["https:\/\/babypillowwholesale.com\/wp-content\/uploads\/2025\/04\/0020-150x150.jpg",150,150,true],"medium":["https:\/\/babypillowwholesale.com\/wp-content\/uploads\/2025\/04\/0020-300x300.jpg",300,300,true],"medium_large":["https:\/\/babypillowwholesale.com\/wp-content\/uploads\/2025\/04\/0020-768x768.jpg",768,768,true],"large":["https:\/\/babypillowwholesale.com\/wp-content\/uploads\/2025\/04\/0020.jpg",1000,1000,false],"1536x1536":["https:\/\/babypillowwholesale.com\/wp-content\/uploads\/2025\/04\/0020.jpg",1000,1000,false],"2048x2048":["https:\/\/babypillowwholesale.com\/wp-content\/uploads\/2025\/04\/0020.jpg",1000,1000,false],"trp-custom-language-flag":["https:\/\/babypillowwholesale.com\/wp-content\/uploads\/2025\/04\/0020.jpg",12,12,false],"woocommerce_thumbnail":["https:\/\/babypillowwholesale.com\/wp-content\/uploads\/2025\/04\/0020-300x300.jpg",300,300,true],"woocommerce_single":["https:\/\/babypillowwholesale.com\/wp-content\/uploads\/2025\/04\/0020-600x600.jpg",600,600,true],"woocommerce_gallery_thumbnail":["https:\/\/babypillowwholesale.com\/wp-content\/uploads\/2025\/04\/0020-100x100.jpg",100,100,true]},"uagb_author_info":{"display_name":"Etnen zhong","author_link":"https:\/\/babypillowwholesale.com\/cs\/author\/"},"uagb_comment_info":0,"uagb_excerpt":"This Memory Foam Pillow - Heart - shaped Pillow Core, designed for babies aged 0 - 6 months, offers a powerful customization advantage. We can craft exquisite, tailored patterns to meet your specific needs. For example, if your customers adore cute styles, we can print charming cartoon characters or dainty floral motifs. Prefer an elegant&hellip;","jetpack_sharing_enabled":true,"_links":{"self":[{"href":"https:\/\/babypillowwholesale.com\/cs\/wp-json\/wp\/v2\/product\/3497","targetHints":{"allow":["GET"]}}],"collection":[{"href":"https:\/\/babypillowwholesale.com\/cs\/wp-json\/wp\/v2\/product"}],"about":[{"href":"https:\/\/babypillowwholesale.com\/cs\/wp-json\/wp\/v2\/types\/product"}],"replies":[{"embeddable":true,"href":"https:\/\/babypillowwholesale.com\/cs\/wp-json\/wp\/v2\/comments?post=3497"}],"wp:featuredmedia":[{"embeddable":true,"href":"https:\/\/babypillowwholesale.com\/cs\/wp-json\/wp\/v2\/media\/3498"}],"wp:attachment":[{"href":"https:\/\/babypillowwholesale.com\/cs\/wp-json\/wp\/v2\/media?parent=3497"}],"wp:term":[{"taxonomy":"product_brand","embeddable":true,"href":"https:\/\/babypillowwholesale.com\/cs\/wp-json\/wp\/v2\/product_brand?post=3497"},{"taxonomy":"product_cat","embeddable":true,"href":"https:\/\/babypillowwholesale.com\/cs\/wp-json\/wp\/v2\/product_cat?post=3497"},{"taxonomy":"product_tag","embeddable":true,"href":"https:\/\/babypillowwholesale.com\/cs\/wp-json\/wp\/v2\/product_tag?post=3497"}],"curies":[{"name":"wp","href":"https:\/\/api.w.org\/{rel}","templated":true}]}}