{"id":3495,"date":"2025-04-19T12:29:32","date_gmt":"2025-04-19T12:29:32","guid":{"rendered":"https:\/\/babypillowwholesale.com\/?post_type=product&#038;p=3495"},"modified":"2025-06-05T14:31:06","modified_gmt":"2025-06-05T14:31:06","slug":"memory-foam-pillow-ingot-shaped-pillow-core","status":"publish","type":"product","link":"https:\/\/babypillowwholesale.com\/cs\/product\/memory-foam-pillow-ingot-shaped-pillow-core\/","title":{"rendered":"Pol\u0161t\u00e1\u0159 z pam\u011b\u0165ov\u00e9 p\u011bny - Ingot - tvarovan\u00e9 j\u00e1dro pol\u0161t\u00e1\u0159e"},"content":{"rendered":"<div class=\"auto-hide-last-sibling-br paragraph-qzbcQC paragraph-element br-paragraph-space\">\n<div class=\"auto-hide-last-sibling-br paragraph-qzbcQC paragraph-element br-paragraph-space\">\n<div class=\"auto-hide-last-sibling-br paragraph-qzbcQC paragraph-element br-paragraph-space\">\n<div class=\"auto-hide-last-sibling-br paragraph-qzbcQC paragraph-element br-paragraph-space\">\n<div class=\"inter-wlTS5w\" data-immersive-translate-walked=\"d12d8f94-b8ff-4d99-b7de-4fecb356978f\">\n<div class=\"container-QE4ayg\">\n<div class=\"item-jU10IN\">\n<div class=\"container-jODEnh chrome70-container\">\n<div class=\"inner-eE95c9 inner-item-aL3Ui_\" data-target-id=\"message-box-target-id\" data-testid=\"union_message\">\n<div class=\"message-block-container-liuetz\" data-testid=\"message-block-container\">\n<div class=\"message-box-ZWbBdF\" data-testid=\"receive_message\" data-message-id=\"3380063449561346\">\n<div class=\"message-box-content-wrapper-srHdUj\">\n<div class=\"message-content message-box-content-otxGGw receive-message-box-content-_lREFj samantha-message-box-content-Qjmpja\" data-testid=\"message_content\">\n<div class=\"container-hfX5E8 flow-markdown-body theme-samantha-yJEgBp\" dir=\"ltr\" data-testid=\"message_text_content\" data-show-indicator=\"false\">\n<div class=\"auto-hide-last-sibling-br paragraph-qzbcQC paragraph-element br-paragraph-space\">Tento pol\u0161t\u00e1\u0159 z pam\u011b\u0165ov\u00e9 p\u011bny - Ingot - ve tvaru j\u00e1dra pol\u0161t\u00e1\u0159e, pe\u010dliv\u011b navr\u017een\u00fd pro d\u011bti ve v\u011bku 0 - 6 m\u011bs\u00edc\u016f, p\u0159edstavuje jedine\u010dnou mo\u017enost p\u0159izp\u016fsoben\u00ed. Specializujeme se na vytv\u00e1\u0159en\u00ed exkluzivn\u00edch, poutav\u00fdch vzor\u016f \u0161it\u00fdch p\u0159esn\u011b na m\u00edru va\u0161im po\u017eadavk\u016fm. Pokud si nap\u0159\u00edklad p\u0159ejete motiv \"zahradn\u00ed v\u00edly\", m\u016f\u017eeme vytvo\u0159it jemn\u00e9 postavi\u010dky v\u00edl poletuj\u00edc\u00ed mezi rozkvetl\u00fdmi r\u016f\u017eemi a sedmikr\u00e1skami, kter\u00fdm dodaj\u00ed \u017eiv\u00fd n\u00e1dech drobn\u00e9 beru\u0161ky a \u010dmel\u00e1ci. Nebo si p\u0159edstavte roztomil\u00e9 raketov\u00e9 lod\u011b, kter\u00e9 se vzn\u00e1\u0161ej\u00ed kolem t\u0159pytiv\u00fdch hv\u011bzdi\u010dek a usm\u011bvav\u00fdch m\u011bs\u00ed\u010dk\u016f a podn\u011bcuj\u00ed d\u011btskou fantazii. Tyto personalizovan\u00e9, n\u00e1dhern\u011b zpracovan\u00e9 vzory nejen zvy\u0161uj\u00ed vizu\u00e1ln\u00ed p\u0159ita\u017elivost - prom\u011b\u0148uj\u00ed j\u00e1dro pol\u0161t\u00e1\u0159e v jedine\u010dn\u00e9 mistrovsk\u00e9 d\u00edlo. D\u00edky takov\u00fdm v\u00fdrazn\u00fdm vzor\u016fm se v\u00e1\u0161 v\u00fdrobek stane v\u00fdjime\u010dn\u00fdm na trhu, zaujme z\u00e1kazn\u00edky a v\u00fdrazn\u011b zv\u00fd\u0161\u00ed prodeje. S na\u0161\u00ed slu\u017ebou nenab\u00edz\u00edte jen v\u00fdrobek, ale jedine\u010dn\u00fd poklad, kter\u00fd oslov\u00ed rodi\u010de, kte\u0159\u00ed hledaj\u00ed jak \u0161pi\u010dkovou kvalitu, tak estetick\u00fd p\u016fvab.<\/div>\n<\/div>\n<\/div>\n<\/div>\n<\/div>\n<\/div>\n<\/div>\n<\/div>\n<\/div>\n<\/div>\n<\/div>\n<\/div>\n<\/div>\n<\/div>\n<\/div>","protected":false},"excerpt":{"rendered":"<div class=\"auto-hide-last-sibling-br paragraph-qzbcQC paragraph-element br-paragraph-space\">Tento pol\u0161t\u00e1\u0159 z pam\u011b\u0165ov\u00e9 p\u011bny - Ingot - ve tvaru j\u00e1dra, ur\u010den\u00fd pro d\u011bti ve v\u011bku 0 - 6 m\u011bs\u00edc\u016f, nab\u00edz\u00ed fantastickou mo\u017enost p\u0159izp\u016fsoben\u00ed. M\u016f\u017eeme vytvo\u0159it n\u00e1dhern\u00e9, poutav\u00e9 vzory na m\u00edru va\u0161im specifick\u00fdm pot\u0159eb\u00e1m. A\u0165 u\u017e se jedn\u00e1 o rozko\u0161n\u00e9 zv\u00ed\u0159ec\u00ed motivy, elegantn\u00ed kv\u011btinov\u00e9 vzory nebo jak\u00e9koli jin\u00e9 kreativn\u00ed pojet\u00ed, kter\u00e9 si p\u0159edstavujete, tyto personalizovan\u00e9 vzory pozvednou vizu\u00e1ln\u00ed p\u0159ita\u017elivost j\u00e1dra pol\u0161t\u00e1\u0159e. Takov\u00e9 jedine\u010dn\u00e9 vzory pomohou va\u0161emu v\u00fdrobku vyniknout na trhu, p\u0159il\u00e1kaj\u00ed v\u00edce z\u00e1kazn\u00edk\u016f a v\u00fdrazn\u011b podpo\u0159\u00ed va\u0161e prodeje. D\u00edky na\u0161\u00ed slu\u017eb\u011b p\u0159izp\u016fsoben\u00ed m\u016f\u017eete nab\u00eddnout osobit\u00fd a okouzluj\u00edc\u00ed v\u00fdrobek, kter\u00fd oslov\u00ed rodi\u010de hledaj\u00edc\u00ed kvalitu i estetick\u00fd vzhled.<\/div>","protected":false},"featured_media":3502,"comment_status":"open","ping_status":"closed","template":"","meta":{"_uag_custom_page_level_css":"","site-sidebar-layout":"default","site-content-layout":"","ast-site-content-layout":"default","site-content-style":"default","site-sidebar-style":"default","ast-global-header-display":"","ast-banner-title-visibility":"","ast-main-header-display":"","ast-hfb-above-header-display":"","ast-hfb-below-header-display":"","ast-hfb-mobile-header-display":"","site-post-title":"","ast-breadcrumbs-content":"","ast-featured-img":"","footer-sml-layout":"","ast-disable-related-posts":"","theme-transparent-header-meta":"default","adv-header-id-meta":"","stick-header-meta":"","header-above-stick-meta":"","header-main-stick-meta":"","header-below-stick-meta":"","astra-migrate-meta-layouts":"set","ast-page-background-enabled":"default","ast-page-background-meta":{"desktop":{"background-color":"","background-image":"","background-repeat":"repeat","background-position":"center center","background-size":"auto","background-attachment":"scroll","background-type":"","background-media":"","overlay-type":"","overlay-color":"","overlay-opacity":"","overlay-gradient":""},"tablet":{"background-color":"","background-image":"","background-repeat":"repeat","background-position":"center center","background-size":"auto","background-attachment":"scroll","background-type":"","background-media":"","overlay-type":"","overlay-color":"","overlay-opacity":"","overlay-gradient":""},"mobile":{"background-color":"","background-image":"","background-repeat":"repeat","background-position":"center center","background-size":"auto","background-attachment":"scroll","background-type":"","background-media":"","overlay-type":"","overlay-color":"","overlay-opacity":"","overlay-gradient":""}},"ast-content-background-meta":{"desktop":{"background-color":"var(--ast-global-color-5)","background-image":"","background-repeat":"repeat","background-position":"center center","background-size":"auto","background-attachment":"scroll","background-type":"","background-media":"","overlay-type":"","overlay-color":"","overlay-opacity":"","overlay-gradient":""},"tablet":{"background-color":"var(--ast-global-color-5)","background-image":"","background-repeat":"repeat","background-position":"center center","background-size":"auto","background-attachment":"scroll","background-type":"","background-media":"","overlay-type":"","overlay-color":"","overlay-opacity":"","overlay-gradient":""},"mobile":{"background-color":"var(--ast-global-color-5)","background-image":"","background-repeat":"repeat","background-position":"center center","background-size":"auto","background-attachment":"scroll","background-type":"","background-media":"","overlay-type":"","overlay-color":"","overlay-opacity":"","overlay-gradient":""}}},"product_brand":[],"product_cat":[65,32],"product_tag":[70,68,71,69],"class_list":{"0":"post-3495","1":"product","2":"type-product","3":"status-publish","4":"has-post-thumbnail","6":"product_cat-0-to-6months-oem","7":"product_cat-customize","8":"product_tag-babypillow","9":"product_tag-cuteanimalpillow","10":"product_tag-headshapesupport","11":"product_tag-kouniushapingpillow","12":"desktop-align-left","13":"tablet-align-left","14":"mobile-align-left","16":"first","17":"instock","18":"shipping-taxable","19":"product-type-simple"},"aioseo_notices":[],"uagb_featured_image_src":{"full":["https:\/\/babypillowwholesale.com\/wp-content\/uploads\/2025\/04\/0007.jpg",1000,1000,false],"thumbnail":["https:\/\/babypillowwholesale.com\/wp-content\/uploads\/2025\/04\/0007-150x150.jpg",150,150,true],"medium":["https:\/\/babypillowwholesale.com\/wp-content\/uploads\/2025\/04\/0007-300x300.jpg",300,300,true],"medium_large":["https:\/\/babypillowwholesale.com\/wp-content\/uploads\/2025\/04\/0007-768x768.jpg",768,768,true],"large":["https:\/\/babypillowwholesale.com\/wp-content\/uploads\/2025\/04\/0007.jpg",1000,1000,false],"1536x1536":["https:\/\/babypillowwholesale.com\/wp-content\/uploads\/2025\/04\/0007.jpg",1000,1000,false],"2048x2048":["https:\/\/babypillowwholesale.com\/wp-content\/uploads\/2025\/04\/0007.jpg",1000,1000,false],"trp-custom-language-flag":["https:\/\/babypillowwholesale.com\/wp-content\/uploads\/2025\/04\/0007.jpg",12,12,false],"woocommerce_thumbnail":["https:\/\/babypillowwholesale.com\/wp-content\/uploads\/2025\/04\/0007-300x300.jpg",300,300,true],"woocommerce_single":["https:\/\/babypillowwholesale.com\/wp-content\/uploads\/2025\/04\/0007-600x600.jpg",600,600,true],"woocommerce_gallery_thumbnail":["https:\/\/babypillowwholesale.com\/wp-content\/uploads\/2025\/04\/0007-100x100.jpg",100,100,true]},"uagb_author_info":{"display_name":"Etnen zhong","author_link":"https:\/\/babypillowwholesale.com\/cs\/author\/"},"uagb_comment_info":0,"uagb_excerpt":"This Memory Foam Pillow - Ingot - shaped Pillow Core, designed for babies aged 0 - 6 months, offers a fantastic opportunity for customization. We can craft exquisite, eye - catching patterns tailored to your specific needs. Whether it\u2019s adorable animal motifs, elegant floral designs, or any other creative concepts you envision, these personalized patterns&hellip;","jetpack_sharing_enabled":true,"_links":{"self":[{"href":"https:\/\/babypillowwholesale.com\/cs\/wp-json\/wp\/v2\/product\/3495","targetHints":{"allow":["GET"]}}],"collection":[{"href":"https:\/\/babypillowwholesale.com\/cs\/wp-json\/wp\/v2\/product"}],"about":[{"href":"https:\/\/babypillowwholesale.com\/cs\/wp-json\/wp\/v2\/types\/product"}],"replies":[{"embeddable":true,"href":"https:\/\/babypillowwholesale.com\/cs\/wp-json\/wp\/v2\/comments?post=3495"}],"wp:featuredmedia":[{"embeddable":true,"href":"https:\/\/babypillowwholesale.com\/cs\/wp-json\/wp\/v2\/media\/3502"}],"wp:attachment":[{"href":"https:\/\/babypillowwholesale.com\/cs\/wp-json\/wp\/v2\/media?parent=3495"}],"wp:term":[{"taxonomy":"product_brand","embeddable":true,"href":"https:\/\/babypillowwholesale.com\/cs\/wp-json\/wp\/v2\/product_brand?post=3495"},{"taxonomy":"product_cat","embeddable":true,"href":"https:\/\/babypillowwholesale.com\/cs\/wp-json\/wp\/v2\/product_cat?post=3495"},{"taxonomy":"product_tag","embeddable":true,"href":"https:\/\/babypillowwholesale.com\/cs\/wp-json\/wp\/v2\/product_tag?post=3495"}],"curies":[{"name":"wp","href":"https:\/\/api.w.org\/{rel}","templated":true}]}}