{"id":3493,"date":"2025-04-19T12:14:12","date_gmt":"2025-04-19T12:14:12","guid":{"rendered":"https:\/\/babypillowwholesale.com\/?post_type=product&#038;p=3493"},"modified":"2025-06-05T14:36:07","modified_gmt":"2025-06-05T14:36:07","slug":"memory-foam-pillow-c-shaped-pillow-core","status":"publish","type":"product","link":"https:\/\/babypillowwholesale.com\/cs\/product\/memory-foam-pillow-c-shaped-pillow-core\/","title":{"rendered":"Pol\u0161t\u00e1\u0159 z pam\u011b\u0165ov\u00e9 p\u011bny - j\u00e1dro pol\u0161t\u00e1\u0159e ve tvaru C"},"content":{"rendered":"<div class=\"auto-hide-last-sibling-br paragraph-qzbcQC paragraph-element br-paragraph-space\">\n<div class=\"auto-hide-last-sibling-br paragraph-qzbcQC paragraph-element br-paragraph-space\">\n<div class=\"auto-hide-last-sibling-br paragraph-qzbcQC paragraph-element br-paragraph-space\">\n<div class=\"auto-hide-last-sibling-br paragraph-qzbcQC paragraph-element br-paragraph-space\">\n<div class=\"inter-wlTS5w\" data-immersive-translate-walked=\"d12d8f94-b8ff-4d99-b7de-4fecb356978f\">\n<div class=\"container-QE4ayg\">\n<div class=\"item-jU10IN\">\n<div class=\"container-jODEnh chrome70-container\">\n<div class=\"inner-eE95c9 inner-item-aL3Ui_\" data-target-id=\"message-box-target-id\" data-testid=\"union_message\">\n<div class=\"message-block-container-liuetz\" data-testid=\"message-block-container\">\n<div class=\"message-box-ZWbBdF\" data-testid=\"receive_message\" data-message-id=\"3380063449561346\">\n<div class=\"message-box-content-wrapper-srHdUj\">\n<div class=\"message-content message-box-content-otxGGw receive-message-box-content-_lREFj samantha-message-box-content-Qjmpja\" data-testid=\"message_content\">\n<div class=\"container-hfX5E8 flow-markdown-body theme-samantha-yJEgBp\" dir=\"ltr\" data-testid=\"message_text_content\" data-show-indicator=\"false\">\n<div class=\"auto-hide-last-sibling-br paragraph-qzbcQC paragraph-element br-paragraph-space\">Pod\u00edvejte se na pol\u0161t\u00e1\u0159 z pam\u011b\u0165ov\u00e9 p\u011bny - j\u00e1dro ve tvaru C, kter\u00fd je nezbytn\u00fd pro sp\u00e1nek a je pe\u010dliv\u011b vytvo\u0159en pro jemn\u00e9 pohodl\u00ed d\u011bt\u00ed ve v\u011bku 0-6 m\u011bs\u00edc\u016f. Jeho ikonick\u00fd C - tvar nen\u00ed jen formou, ale v\u00fdchoz\u00edm bodem pro cestu na m\u00edru.<\/div>\n<p>&nbsp;<\/p>\n<div class=\"auto-hide-last-sibling-br paragraph-qzbcQC paragraph-element br-paragraph-space\">Ch\u00e1peme, \u017ee kontury ka\u017ed\u00e9ho d\u00edt\u011bte jsou stejn\u011b jedine\u010dn\u00e9 jako jeho prvn\u00ed \u00fasm\u011bv. Proto nab\u00edz\u00edme bezkonkuren\u010dn\u00ed mo\u017enost doladit zak\u0159iven\u00ed a tlou\u0161\u0165ku j\u00e1dra tohoto pol\u0161t\u00e1\u0159e. A\u0165 u\u017e va\u0161e d\u011b\u0165\u00e1tko pot\u0159ebuje jemn\u00e9, p\u0159il\u00e9hav\u00e9 objet\u00ed, nebo robustn\u011bj\u0161\u00ed podp\u016frnou strukturu, dok\u00e1\u017eeme ji vytvarovat k dokonalosti a zajistit, aby mu sed\u011bla stejn\u011b individu\u00e1ln\u011b jako ono samo.<\/div>\n<p>&nbsp;<\/p>\n<div class=\"auto-hide-last-sibling-br paragraph-qzbcQC paragraph-element br-paragraph-space\">Povrch tohoto z\u00e1zraku ve tvaru p\u00edsmene C je port\u00e1lem do sv\u011bta fantazie. Pou\u017e\u00edv\u00e1me pouze ty nejbezpe\u010dn\u011bj\u0161\u00ed, netoxick\u00e9 inkousty a m\u016f\u017eeme ho ozdobit vzory, kter\u00e9 jako by tan\u010dily s rozmarnost\u00ed. P\u0159edstavte si kask\u00e1du pastelov\u011b zbarven\u00fdch vln, kter\u00e9 jako by odn\u00e1\u0161ely va\u0161e d\u00edt\u011b do zasn\u011bn\u00e9ho p\u0159\u00edmo\u0159sk\u00e9ho sp\u00e1nku, nebo souhv\u011bzd\u00ed t\u0159pytiv\u00fdch hv\u011bzd, kter\u00e9 prom\u011bn\u00ed ka\u017ed\u00e9 zd\u0159\u00edmnut\u00ed v nebesk\u00e9 dobrodru\u017estv\u00ed. Nejsou to jen vzory, jsou to br\u00e1ny do \u0159\u00ed\u0161e, kde se pohodl\u00ed snoub\u00ed s kreativitou.<\/div>\n<p>&nbsp;<\/p>\n<div class=\"auto-hide-last-sibling-br paragraph-qzbcQC paragraph-element br-paragraph-space\">T\u00edm v\u0161ak p\u0159izp\u016fsoben\u00ed nekon\u010d\u00ed. Hydrofiln\u00ed p\u011bna v j\u00e1dru je pl\u00e1tnem hmatov\u00fdch mo\u017enost\u00ed. Jej\u00ed tuhost m\u016f\u017eeme p\u0159izp\u016fsobit p\u0159esn\u011b va\u0161im po\u017eadavk\u016fm, a\u0165 u\u017e tou\u017e\u00edte po ply\u0161ov\u00e9 m\u011bkkosti kol\u00e9bky podobn\u00e9 mr\u00e1\u010dku, nebo po uklid\u0148uj\u00edc\u00ed stabilit\u011b strukturovan\u011bj\u0161\u00ed opory. Pr\u00e1v\u011b tato oddanost individualit\u011b, tato snaha o v\u00fdjime\u010dnost, prom\u011b\u0148uje n\u00e1\u0161 pol\u0161t\u00e1\u0159 z hydrofiln\u00ed p\u011bny - j\u00e1dro ve tvaru C - z pouh\u00e9ho v\u00fdrobku v cen\u011bnou, jedinou - sv\u00e9ho druhu ukol\u00e9bavku pro sp\u00e1nek va\u0161eho d\u00edt\u011bte.<\/div>\n<\/div>\n<\/div>\n<\/div>\n<\/div>\n<\/div>\n<\/div>\n<\/div>\n<\/div>\n<\/div>\n<\/div>\n<\/div>\n<\/div>\n<\/div>\n<\/div>","protected":false},"excerpt":{"rendered":"<div class=\"auto-hide-last-sibling-br paragraph-qzbcQC paragraph-element br-paragraph-space\">Tento pol\u0161t\u00e1\u0159 z pam\u011b\u0165ov\u00e9 p\u011bny - j\u00e1dro ve tvaru C, ur\u010den\u00fd pro d\u011bti ve v\u011bku 0-6 m\u011bs\u00edc\u016f, nab\u00edz\u00ed nep\u0159ebern\u00e9 mno\u017estv\u00ed mo\u017enost\u00ed p\u0159izp\u016fsoben\u00ed a designu. Jeho charakteristick\u00fd C - tvar lze d\u00e1le zdokonalovat. Zak\u0159iven\u00ed a tlou\u0161\u0165ku j\u00e1dra pol\u0161t\u00e1\u0159e m\u016f\u017eeme upravit tak, aby se l\u00e9pe p\u0159izp\u016fsobilo obrysu t\u011bla d\u00edt\u011bte, a zv\u00fd\u0161it tak jeho pohodl\u00ed a oporu. Povrch lze upravit netoxick\u00fdmi vzory \u0161etrn\u00fdmi k d\u011btem, jako jsou jemn\u00e9 pastelov\u00e9 vlnky nebo roztomil\u00e9 hv\u011bzdi\u010dky, kter\u00e9 dodaj\u00ed pol\u0161t\u00e1\u0159i kouzlo. Tuhost hydrofiln\u00ed p\u011bny lze nav\u00edc p\u0159izp\u016fsobit podle konkr\u00e9tn\u00edch pot\u0159eb, a\u0165 u\u017e jde o m\u011bk\u010d\u00ed pocit pro v\u011bt\u0161\u00ed odpru\u017een\u00ed, nebo o pevn\u011bj\u0161\u00ed strukturu pro v\u011bt\u0161\u00ed stabilitu. Rodi\u010de tak mohou vytvo\u0159it skute\u010dn\u011b personalizovan\u00e9 j\u00e1dro pol\u0161t\u00e1\u0159e, kter\u00e9 spl\u0148uje jedine\u010dn\u00e9 po\u017eadavky jejich d\u00edt\u011bte.<\/div>","protected":false},"featured_media":3494,"comment_status":"open","ping_status":"closed","template":"","meta":{"_uag_custom_page_level_css":"","site-sidebar-layout":"default","site-content-layout":"","ast-site-content-layout":"default","site-content-style":"default","site-sidebar-style":"default","ast-global-header-display":"","ast-banner-title-visibility":"","ast-main-header-display":"","ast-hfb-above-header-display":"","ast-hfb-below-header-display":"","ast-hfb-mobile-header-display":"","site-post-title":"","ast-breadcrumbs-content":"","ast-featured-img":"","footer-sml-layout":"","ast-disable-related-posts":"","theme-transparent-header-meta":"default","adv-header-id-meta":"","stick-header-meta":"","header-above-stick-meta":"","header-main-stick-meta":"","header-below-stick-meta":"","astra-migrate-meta-layouts":"set","ast-page-background-enabled":"default","ast-page-background-meta":{"desktop":{"background-color":"","background-image":"","background-repeat":"repeat","background-position":"center center","background-size":"auto","background-attachment":"scroll","background-type":"","background-media":"","overlay-type":"","overlay-color":"","overlay-opacity":"","overlay-gradient":""},"tablet":{"background-color":"","background-image":"","background-repeat":"repeat","background-position":"center center","background-size":"auto","background-attachment":"scroll","background-type":"","background-media":"","overlay-type":"","overlay-color":"","overlay-opacity":"","overlay-gradient":""},"mobile":{"background-color":"","background-image":"","background-repeat":"repeat","background-position":"center center","background-size":"auto","background-attachment":"scroll","background-type":"","background-media":"","overlay-type":"","overlay-color":"","overlay-opacity":"","overlay-gradient":""}},"ast-content-background-meta":{"desktop":{"background-color":"var(--ast-global-color-5)","background-image":"","background-repeat":"repeat","background-position":"center center","background-size":"auto","background-attachment":"scroll","background-type":"","background-media":"","overlay-type":"","overlay-color":"","overlay-opacity":"","overlay-gradient":""},"tablet":{"background-color":"var(--ast-global-color-5)","background-image":"","background-repeat":"repeat","background-position":"center center","background-size":"auto","background-attachment":"scroll","background-type":"","background-media":"","overlay-type":"","overlay-color":"","overlay-opacity":"","overlay-gradient":""},"mobile":{"background-color":"var(--ast-global-color-5)","background-image":"","background-repeat":"repeat","background-position":"center center","background-size":"auto","background-attachment":"scroll","background-type":"","background-media":"","overlay-type":"","overlay-color":"","overlay-opacity":"","overlay-gradient":""}}},"product_brand":[],"product_cat":[65,32],"product_tag":[70,68,71,69],"class_list":{"0":"post-3493","1":"product","2":"type-product","3":"status-publish","4":"has-post-thumbnail","6":"product_cat-0-to-6months-oem","7":"product_cat-customize","8":"product_tag-babypillow","9":"product_tag-cuteanimalpillow","10":"product_tag-headshapesupport","11":"product_tag-kouniushapingpillow","12":"desktop-align-left","13":"tablet-align-left","14":"mobile-align-left","16":"first","17":"instock","18":"shipping-taxable","19":"product-type-simple"},"aioseo_notices":[],"uagb_featured_image_src":{"full":["https:\/\/babypillowwholesale.com\/wp-content\/uploads\/2025\/04\/0005.jpg",1000,1000,false],"thumbnail":["https:\/\/babypillowwholesale.com\/wp-content\/uploads\/2025\/04\/0005-150x150.jpg",150,150,true],"medium":["https:\/\/babypillowwholesale.com\/wp-content\/uploads\/2025\/04\/0005-300x300.jpg",300,300,true],"medium_large":["https:\/\/babypillowwholesale.com\/wp-content\/uploads\/2025\/04\/0005-768x768.jpg",768,768,true],"large":["https:\/\/babypillowwholesale.com\/wp-content\/uploads\/2025\/04\/0005.jpg",1000,1000,false],"1536x1536":["https:\/\/babypillowwholesale.com\/wp-content\/uploads\/2025\/04\/0005.jpg",1000,1000,false],"2048x2048":["https:\/\/babypillowwholesale.com\/wp-content\/uploads\/2025\/04\/0005.jpg",1000,1000,false],"trp-custom-language-flag":["https:\/\/babypillowwholesale.com\/wp-content\/uploads\/2025\/04\/0005.jpg",12,12,false],"woocommerce_thumbnail":["https:\/\/babypillowwholesale.com\/wp-content\/uploads\/2025\/04\/0005-300x300.jpg",300,300,true],"woocommerce_single":["https:\/\/babypillowwholesale.com\/wp-content\/uploads\/2025\/04\/0005-600x600.jpg",600,600,true],"woocommerce_gallery_thumbnail":["https:\/\/babypillowwholesale.com\/wp-content\/uploads\/2025\/04\/0005-100x100.jpg",100,100,true]},"uagb_author_info":{"display_name":"Etnen zhong","author_link":"https:\/\/babypillowwholesale.com\/cs\/author\/"},"uagb_comment_info":0,"uagb_excerpt":"This Memory Foam Pillow - C - shaped Pillow Core, designed for babies aged 0 - 6 months, presents a wealth of customization and design possibilities. Its distinctive C - shape can be further refined. We can adjust the curvature and thickness of the pillow core to better fit the baby's body contour, enhancing comfort&hellip;","jetpack_sharing_enabled":true,"_links":{"self":[{"href":"https:\/\/babypillowwholesale.com\/cs\/wp-json\/wp\/v2\/product\/3493","targetHints":{"allow":["GET"]}}],"collection":[{"href":"https:\/\/babypillowwholesale.com\/cs\/wp-json\/wp\/v2\/product"}],"about":[{"href":"https:\/\/babypillowwholesale.com\/cs\/wp-json\/wp\/v2\/types\/product"}],"replies":[{"embeddable":true,"href":"https:\/\/babypillowwholesale.com\/cs\/wp-json\/wp\/v2\/comments?post=3493"}],"wp:featuredmedia":[{"embeddable":true,"href":"https:\/\/babypillowwholesale.com\/cs\/wp-json\/wp\/v2\/media\/3494"}],"wp:attachment":[{"href":"https:\/\/babypillowwholesale.com\/cs\/wp-json\/wp\/v2\/media?parent=3493"}],"wp:term":[{"taxonomy":"product_brand","embeddable":true,"href":"https:\/\/babypillowwholesale.com\/cs\/wp-json\/wp\/v2\/product_brand?post=3493"},{"taxonomy":"product_cat","embeddable":true,"href":"https:\/\/babypillowwholesale.com\/cs\/wp-json\/wp\/v2\/product_cat?post=3493"},{"taxonomy":"product_tag","embeddable":true,"href":"https:\/\/babypillowwholesale.com\/cs\/wp-json\/wp\/v2\/product_tag?post=3493"}],"curies":[{"name":"wp","href":"https:\/\/api.w.org\/{rel}","templated":true}]}}