{"id":3491,"date":"2025-04-19T09:25:10","date_gmt":"2025-04-19T09:25:10","guid":{"rendered":"https:\/\/babypillowwholesale.com\/?post_type=product&#038;p=3491"},"modified":"2025-06-05T14:43:03","modified_gmt":"2025-06-05T14:43:03","slug":"memory-foam-pillow-small-apple-shaped-pillow-core","status":"publish","type":"product","link":"https:\/\/babypillowwholesale.com\/cs\/product\/memory-foam-pillow-small-apple-shaped-pillow-core\/","title":{"rendered":"Pol\u0161t\u00e1\u0159 z pam\u011b\u0165ov\u00e9 p\u011bny - mal\u00e9 jablko - tvarovan\u00e9 j\u00e1dro pol\u0161t\u00e1\u0159e"},"content":{"rendered":"<div class=\"auto-hide-last-sibling-br paragraph-qzbcQC paragraph-element br-paragraph-space\">\n<div class=\"auto-hide-last-sibling-br paragraph-qzbcQC paragraph-element br-paragraph-space\">\n<div class=\"auto-hide-last-sibling-br paragraph-qzbcQC paragraph-element br-paragraph-space\">\n<div class=\"auto-hide-last-sibling-br paragraph-qzbcQC paragraph-element br-paragraph-space\">P\u0159edstavujeme pol\u0161t\u00e1\u0159 z pam\u011b\u0165ov\u00e9 p\u011bny - mal\u00e9 jablko - ve tvaru j\u00e1dra, n\u00e1dhern\u00fd pol\u0161t\u00e1\u0159ek na span\u00ed, kter\u00fd je p\u0159izp\u016fsoben t\u011bm nejmen\u0161\u00edm sn\u00edlk\u016fm ve v\u011bku od 0 do 6 m\u011bs\u00edc\u016f. Jeho okouzluj\u00edc\u00ed silueta inspirovan\u00e1 jablkem nen\u00ed jen vizu\u00e1ln\u00ed lah\u016fdkou; je to br\u00e1na do \u0159\u00ed\u0161e jedine\u010dn\u00e9ho p\u0159izp\u016fsoben\u00ed.<\/div>\n<p>&nbsp;<\/p>\n<div class=\"auto-hide-last-sibling-br paragraph-qzbcQC paragraph-element br-paragraph-space\">Uv\u011bdomujeme si, \u017ee ka\u017ed\u00e9 d\u00edt\u011b je jedine\u010dn\u00e9, a proto by m\u011blo b\u00fdt i jeho pohodl\u00ed jedine\u010dn\u00e9. Proto nab\u00edz\u00edme mo\u017enost jemn\u00e9ho nastaven\u00ed hustoty hydrofiln\u00ed p\u011bny. A\u0165 u\u017e va\u0161e d\u011b\u0165\u00e1tko d\u00e1v\u00e1 p\u0159ednost ply\u0161ov\u00e9 m\u011bkkosti obl\u00e1\u010dkov\u00e9ho objet\u00ed, nebo uklid\u0148uj\u00edc\u00ed pevnosti, kter\u00e1 poskytuje jemnou oporu, dok\u00e1\u017eeme vytvo\u0159it dokonal\u00fd hmatov\u00fd z\u00e1\u017eitek.<\/div>\n<p>&nbsp;<\/p>\n<div class=\"auto-hide-last-sibling-br paragraph-qzbcQC paragraph-element br-paragraph-space\">Povrch tohoto z\u00e1zraku ve tvaru jablka je pr\u00e1zdn\u00fdm pl\u00e1tnem pro kreativitu. Pou\u017e\u00edv\u00e1me pouze ty nejbezpe\u010dn\u011bj\u0161\u00ed, netoxick\u00e9 inkousty a m\u016f\u017eeme ho ozdobit okouzluj\u00edc\u00edmi potisky. P\u0159edstavte si souhv\u011bzd\u00ed jemn\u00fdch jablo\u0148ov\u00fdch kv\u011bt\u016f, jejich\u017e okv\u011btn\u00ed l\u00edstky se zd\u00e1nliv\u011b t\u0159epotaj\u00ed v jemn\u00e9m v\u00e1nku, nebo hrav\u00fd pr\u016fvod beru\u0161ek, kter\u00e9 jako by m\u011bly za \u00fakol p\u0159in\u00e9st \u00fasm\u011bv do sp\u00e1nku va\u0161eho d\u00edt\u011bte. Tyto potisky nejsou jen dekorace, jsou to p\u0159\u00edb\u011bhy, kter\u00e9 \u010dekaj\u00ed na vypr\u00e1v\u011bn\u00ed, a dod\u00e1vaj\u00ed ka\u017ed\u00e9mu sp\u00e1nku kouzelnou vrstvu.<\/div>\n<p>&nbsp;<\/p>\n<div class=\"auto-hide-last-sibling-br paragraph-qzbcQC paragraph-element br-paragraph-space\">T\u00edm v\u0161ak p\u0159izp\u016fsoben\u00ed nekon\u010d\u00ed. Centr\u00e1ln\u00ed prohlube\u0148, kter\u00e1 je pro pohodl\u00ed va\u0161eho d\u00edt\u011bte kl\u00ed\u010dov\u00e1, lze pe\u010dliv\u011b nastavit. M\u016f\u017eeme p\u0159esn\u011b upravit jeho velikost a zak\u0159iven\u00ed, \u010d\u00edm\u017e zajist\u00edme, \u017ee bude kol\u00e9bat hlavi\u010dku va\u0161eho d\u00edt\u011bte jako v l\u00e1skypln\u00e9m objet\u00ed. Pr\u00e1v\u011b tato pozornost v\u011bnovan\u00e1 detail\u016fm, tento z\u00e1vazek k jedine\u010dnosti, d\u011bl\u00e1 z na\u0161eho pol\u0161t\u00e1\u0159e z pam\u011b\u0165ov\u00e9 p\u011bny - mal\u00e9 jablko - ve tvaru j\u00e1dra pol\u0161t\u00e1\u0159e nejen v\u00fdrobek, ale i cen\u011bnou pam\u00e1tku, jedinou - sv\u00e9ho druhu ukol\u00e9bavku pro sp\u00e1nek va\u0161eho d\u011b\u0165\u00e1tka.<\/div>\n<\/div>\n<\/div>\n<\/div>","protected":false},"excerpt":{"rendered":"<div class=\"auto-hide-last-sibling-br paragraph-qzbcQC paragraph-element br-paragraph-space\">Tento pol\u0161t\u00e1\u0159 z pam\u011b\u0165ov\u00e9 p\u011bny - mal\u00e9 jablko - ve tvaru j\u00e1dra pol\u0161t\u00e1\u0159e, vhodn\u00fd pro d\u011bti ve v\u011bku 0 - 6 m\u011bs\u00edc\u016f, nab\u00edz\u00ed pozoruhodn\u00fd potenci\u00e1l p\u0159izp\u016fsoben\u00ed a designu. Jeho roztomil\u00fd tvar p\u0159ipom\u00ednaj\u00edc\u00ed jablko je jen v\u00fdchoz\u00edm bodem. Hustotu hydrofiln\u00ed p\u011bny m\u016f\u017eeme upravit tak, aby vyhovovala specifick\u00fdm po\u017eadavk\u016fm na pohodl\u00ed va\u0161eho d\u00edt\u011bte, a\u0165 u\u017e se jedn\u00e1 o m\u011bk\u010d\u00ed pocit pro v\u011bt\u0161\u00ed pohodl\u00ed nebo pevn\u011bj\u0161\u00ed strukturu pro lep\u0161\u00ed oporu. povrch lze p\u0159izp\u016fsobit pomoc\u00ed bezpe\u010dn\u00fdch, netoxick\u00fdch potisk\u016f pro d\u011bti. Vzpome\u0148te si na jemn\u00e9 vzory jablo\u0148ov\u00fdch kv\u011bt\u016f nebo drobn\u00e9 motivy beru\u0161ek, kter\u00e9 dod\u00e1vaj\u00ed rozmarn\u00fd n\u00e1dech. Velikost a zak\u0159iven\u00ed st\u0159edov\u00e9ho d\u016flku lze nav\u00edc p\u0159esn\u011b nastavit tak, aby se dokonale p\u0159izp\u016fsobil hlavi\u010dce va\u0161eho d\u00edt\u011bte a zajistil optim\u00e1ln\u00ed pohodl\u00ed a oporu. D\u00edky tomu si m\u016f\u017eete vytvo\u0159it skute\u010dn\u011b jedine\u010dn\u00e9 j\u00e1dro pol\u0161t\u00e1\u0159e, kter\u00e9 vyhov\u00ed jak pot\u0159eb\u00e1m va\u0161eho d\u00edt\u011bte, tak va\u0161im estetick\u00fdm preferenc\u00edm.<\/div>","protected":false},"featured_media":3492,"comment_status":"open","ping_status":"closed","template":"","meta":{"_uag_custom_page_level_css":"","site-sidebar-layout":"default","site-content-layout":"","ast-site-content-layout":"default","site-content-style":"default","site-sidebar-style":"default","ast-global-header-display":"","ast-banner-title-visibility":"","ast-main-header-display":"","ast-hfb-above-header-display":"","ast-hfb-below-header-display":"","ast-hfb-mobile-header-display":"","site-post-title":"","ast-breadcrumbs-content":"","ast-featured-img":"","footer-sml-layout":"","ast-disable-related-posts":"","theme-transparent-header-meta":"default","adv-header-id-meta":"","stick-header-meta":"","header-above-stick-meta":"","header-main-stick-meta":"","header-below-stick-meta":"","astra-migrate-meta-layouts":"set","ast-page-background-enabled":"default","ast-page-background-meta":{"desktop":{"background-color":"","background-image":"","background-repeat":"repeat","background-position":"center center","background-size":"auto","background-attachment":"scroll","background-type":"","background-media":"","overlay-type":"","overlay-color":"","overlay-opacity":"","overlay-gradient":""},"tablet":{"background-color":"","background-image":"","background-repeat":"repeat","background-position":"center center","background-size":"auto","background-attachment":"scroll","background-type":"","background-media":"","overlay-type":"","overlay-color":"","overlay-opacity":"","overlay-gradient":""},"mobile":{"background-color":"","background-image":"","background-repeat":"repeat","background-position":"center center","background-size":"auto","background-attachment":"scroll","background-type":"","background-media":"","overlay-type":"","overlay-color":"","overlay-opacity":"","overlay-gradient":""}},"ast-content-background-meta":{"desktop":{"background-color":"var(--ast-global-color-5)","background-image":"","background-repeat":"repeat","background-position":"center center","background-size":"auto","background-attachment":"scroll","background-type":"","background-media":"","overlay-type":"","overlay-color":"","overlay-opacity":"","overlay-gradient":""},"tablet":{"background-color":"var(--ast-global-color-5)","background-image":"","background-repeat":"repeat","background-position":"center center","background-size":"auto","background-attachment":"scroll","background-type":"","background-media":"","overlay-type":"","overlay-color":"","overlay-opacity":"","overlay-gradient":""},"mobile":{"background-color":"var(--ast-global-color-5)","background-image":"","background-repeat":"repeat","background-position":"center center","background-size":"auto","background-attachment":"scroll","background-type":"","background-media":"","overlay-type":"","overlay-color":"","overlay-opacity":"","overlay-gradient":""}}},"product_brand":[],"product_cat":[65,32],"product_tag":[70,68,71,69],"class_list":{"0":"post-3491","1":"product","2":"type-product","3":"status-publish","4":"has-post-thumbnail","6":"product_cat-0-to-6months-oem","7":"product_cat-customize","8":"product_tag-babypillow","9":"product_tag-cuteanimalpillow","10":"product_tag-headshapesupport","11":"product_tag-kouniushapingpillow","12":"desktop-align-left","13":"tablet-align-left","14":"mobile-align-left","16":"first","17":"instock","18":"shipping-taxable","19":"product-type-simple"},"aioseo_notices":[],"uagb_featured_image_src":{"full":["https:\/\/babypillowwholesale.com\/wp-content\/uploads\/2025\/04\/0004.jpg",1000,1000,false],"thumbnail":["https:\/\/babypillowwholesale.com\/wp-content\/uploads\/2025\/04\/0004-150x150.jpg",150,150,true],"medium":["https:\/\/babypillowwholesale.com\/wp-content\/uploads\/2025\/04\/0004-300x300.jpg",300,300,true],"medium_large":["https:\/\/babypillowwholesale.com\/wp-content\/uploads\/2025\/04\/0004-768x768.jpg",768,768,true],"large":["https:\/\/babypillowwholesale.com\/wp-content\/uploads\/2025\/04\/0004.jpg",1000,1000,false],"1536x1536":["https:\/\/babypillowwholesale.com\/wp-content\/uploads\/2025\/04\/0004.jpg",1000,1000,false],"2048x2048":["https:\/\/babypillowwholesale.com\/wp-content\/uploads\/2025\/04\/0004.jpg",1000,1000,false],"trp-custom-language-flag":["https:\/\/babypillowwholesale.com\/wp-content\/uploads\/2025\/04\/0004.jpg",12,12,false],"woocommerce_thumbnail":["https:\/\/babypillowwholesale.com\/wp-content\/uploads\/2025\/04\/0004-300x300.jpg",300,300,true],"woocommerce_single":["https:\/\/babypillowwholesale.com\/wp-content\/uploads\/2025\/04\/0004-600x600.jpg",600,600,true],"woocommerce_gallery_thumbnail":["https:\/\/babypillowwholesale.com\/wp-content\/uploads\/2025\/04\/0004-100x100.jpg",100,100,true]},"uagb_author_info":{"display_name":"Etnen zhong","author_link":"https:\/\/babypillowwholesale.com\/cs\/author\/"},"uagb_comment_info":0,"uagb_excerpt":"This Memory Foam Pillow - Small Apple - shaped Pillow Core, suitable for babies aged 0 - 6 months, offers remarkable customization and design potential. Its cute apple - like shape is just the starting point. We can modify the density of the hydrophilic foam to suit your baby's specific comfort requirements, whether it's a&hellip;","jetpack_sharing_enabled":true,"_links":{"self":[{"href":"https:\/\/babypillowwholesale.com\/cs\/wp-json\/wp\/v2\/product\/3491","targetHints":{"allow":["GET"]}}],"collection":[{"href":"https:\/\/babypillowwholesale.com\/cs\/wp-json\/wp\/v2\/product"}],"about":[{"href":"https:\/\/babypillowwholesale.com\/cs\/wp-json\/wp\/v2\/types\/product"}],"replies":[{"embeddable":true,"href":"https:\/\/babypillowwholesale.com\/cs\/wp-json\/wp\/v2\/comments?post=3491"}],"wp:featuredmedia":[{"embeddable":true,"href":"https:\/\/babypillowwholesale.com\/cs\/wp-json\/wp\/v2\/media\/3492"}],"wp:attachment":[{"href":"https:\/\/babypillowwholesale.com\/cs\/wp-json\/wp\/v2\/media?parent=3491"}],"wp:term":[{"taxonomy":"product_brand","embeddable":true,"href":"https:\/\/babypillowwholesale.com\/cs\/wp-json\/wp\/v2\/product_brand?post=3491"},{"taxonomy":"product_cat","embeddable":true,"href":"https:\/\/babypillowwholesale.com\/cs\/wp-json\/wp\/v2\/product_cat?post=3491"},{"taxonomy":"product_tag","embeddable":true,"href":"https:\/\/babypillowwholesale.com\/cs\/wp-json\/wp\/v2\/product_tag?post=3491"}],"curies":[{"name":"wp","href":"https:\/\/api.w.org\/{rel}","templated":true}]}}