{"id":3488,"date":"2025-04-19T02:55:35","date_gmt":"2025-04-19T02:55:35","guid":{"rendered":"https:\/\/babypillowwholesale.com\/?post_type=product&#038;p=3488"},"modified":"2025-06-05T14:47:34","modified_gmt":"2025-06-05T14:47:34","slug":"memory-foam-pillow-thin-bear-shaped-pillow-core","status":"publish","type":"product","link":"https:\/\/babypillowwholesale.com\/cs\/product\/memory-foam-pillow-thin-bear-shaped-pillow-core\/","title":{"rendered":"Pol\u0161t\u00e1\u0159 z pam\u011b\u0165ov\u00e9 p\u011bny - tenk\u00fd medv\u011bd - tvarovan\u00e9 j\u00e1dro pol\u0161t\u00e1\u0159e"},"content":{"rendered":"<div class=\"auto-hide-last-sibling-br paragraph-qzbcQC paragraph-element br-paragraph-space\">\n<div class=\"auto-hide-last-sibling-br paragraph-qzbcQC paragraph-element br-paragraph-space\">\n<div class=\"auto-hide-last-sibling-br paragraph-qzbcQC paragraph-element br-paragraph-space\">Pohle\u010fte na pol\u0161t\u00e1\u0159 z pam\u011b\u0165ov\u00e9 p\u011bny - tenk\u00fd medv\u00eddek - ve tvaru j\u00e1dra, mistrovsk\u00e9 d\u00edlo vytvo\u0159en\u00e9 speci\u00e1ln\u011b pro nejmen\u0161\u00ed sp\u00e1\u010de ve v\u011bku 0-6 m\u011bs\u00edc\u016f. Jeho sv\u016fdn\u00e1 silueta medv\u00eddka nen\u00ed jen estetickou volbou, ale i port\u00e1lem do vesm\u00edru mo\u017enost\u00ed \u0161it\u00fdch na m\u00edru.<\/div>\n<p>&nbsp;<\/p>\n<div class=\"auto-hide-last-sibling-br paragraph-qzbcQC paragraph-element br-paragraph-space\">Ch\u00e1peme, \u017ee pohodl\u00ed je stejn\u011b individu\u00e1ln\u00ed jako sladk\u00fd \u00fasm\u011bv va\u0161eho d\u00edt\u011bte. Proto nab\u00edz\u00edme mo\u017enost jemn\u00e9ho nastaven\u00ed m\u011bkkosti hydrofiln\u00ed p\u011bny. A\u0165 u\u017e tou\u017e\u00edte po ply\u0161ovosti jako obl\u00e1\u010dek pro ty nejjemn\u011bj\u0161\u00ed hlavi\u010dky, nebo po trochu v\u011bt\u0161\u00ed tvrdosti pro v\u011bt\u0161\u00ed oporu, m\u00e1me pro v\u00e1s \u0159e\u0161en\u00ed. Je to \u00farove\u0148 p\u0159izp\u016fsoben\u00ed, kter\u00e1 m\u011bn\u00ed toto j\u00e1dro pol\u0161t\u00e1\u0159e z pouh\u00e9ho dopl\u0148ku v personalizovanou o\u00e1zu odpo\u010dinku.<\/div>\n<p>&nbsp;<\/p>\n<div class=\"auto-hide-last-sibling-br paragraph-qzbcQC paragraph-element br-paragraph-space\">Povrch tohoto z\u00e1zraku ve tvaru medv\u011bda je pr\u00e1zdn\u00fdm pl\u00e1tnem, kter\u00e9 \u010dek\u00e1 na um\u011bleck\u00e9 vyj\u00e1d\u0159en\u00ed. Pou\u017e\u00edv\u00e1me pouze ty nejbezpe\u010dn\u011bj\u0161\u00ed, netoxick\u00e9 inkousty a m\u016f\u017eeme ho ozdobit okouzluj\u00edc\u00edmi potisky. P\u0159edstavte si souhv\u011bzd\u00ed jemn\u00fdch sedmikr\u00e1sek, jejich\u017e okv\u011btn\u00ed l\u00edstky se zd\u00e1nliv\u011b pohupuj\u00ed v jemn\u00e9m v\u00e1nku, nebo stopu roztomil\u00fdch kr\u00e1li\u010d\u00edch stop, kter\u00e1 jako by vedla va\u0161e d\u00edt\u011b do sv\u011bta sn\u016f. Tyto otisky nejsou jen dekorace, ale p\u0159\u00edb\u011bhy, kter\u00e9 \u010dekaj\u00ed na vypr\u00e1v\u011bn\u00ed a kter\u00e9 dodaj\u00ed ka\u017ed\u00e9mu sp\u00e1nku kouzelnou vrstvu.<\/div>\n<p>&nbsp;<\/p>\n<div class=\"auto-hide-last-sibling-br paragraph-qzbcQC paragraph-element br-paragraph-space\">A pak je tu centr\u00e1ln\u00ed prohlube\u0148, z\u00e1sadn\u00ed prvek p\u0159epracovan\u00fd pro pohodl\u00ed va\u0161eho d\u00edt\u011bte. Jeho velikost a hloubku m\u016f\u017eeme nastavit s chirurgickou p\u0159esnost\u00ed, tak\u017ee se postar\u00e1 o to, aby se hlavi\u010dka va\u0161eho d\u00edt\u011bte chovala jako v l\u00e1skypln\u00e9m objet\u00ed. Pr\u00e1v\u011b tato pozornost v\u011bnovan\u00e1 detail\u016fm, tento z\u00e1vazek k jedine\u010dnosti, d\u011bl\u00e1 z na\u0161eho pol\u0161t\u00e1\u0159e z pam\u011b\u0165ov\u00e9 p\u011bny - Thin Bear - ve tvaru j\u00e1dra pol\u0161t\u00e1\u0159e nejen v\u00fdrobek, ale i cen\u011bnou pam\u00e1tku, jedinou - sv\u00e9ho druhu ukol\u00e9bavku pro sp\u00e1nek va\u0161eho d\u011b\u0165\u00e1tka.<\/div>\n<\/div>\n<\/div>","protected":false},"excerpt":{"rendered":"<p>Tento pol\u0161t\u00e1\u0159 z pam\u011b\u0165ov\u00e9 p\u011bny - tenk\u00e9 j\u00e1dro ve tvaru medv\u00eddka, ur\u010den\u00fd pro d\u011bti ve v\u011bku 0 - 6 m\u011bs\u00edc\u016f, nab\u00edz\u00ed sv\u011bt mo\u017enost\u00ed p\u0159izp\u016fsoben\u00ed a designu. Jeho roztomil\u00fd tvar ve tvaru medv\u00eddka je dokonal\u00fdm pl\u00e1tnem pro kreativitu. \u00darove\u0148 m\u011bkkosti hydrofiln\u00ed p\u011bny m\u016f\u017eeme p\u0159izp\u016fsobit podle va\u0161ich preferenc\u00ed, \u010d\u00edm\u017e zajist\u00edme ide\u00e1ln\u00ed pohodl\u00ed pro va\u0161e d\u011b\u0165\u00e1tko. Povrch lze ozdobit netoxick\u00fdmi, pro d\u011bti bezpe\u010dn\u00fdmi potisky, nap\u0159\u00edklad drobn\u00fdmi kv\u011btinov\u00fdmi vzory nebo roztomil\u00fdmi zv\u00ed\u0159ec\u00edmi otisky, kter\u00e9 mu dodaj\u00ed jedine\u010dn\u00fd a okouzluj\u00edc\u00ed n\u00e1dech. Velikost a hloubku st\u0159edov\u00e9ho d\u016flku lze nav\u00edc nastavit tak, aby l\u00e9pe podporoval tvar hlavy d\u00edt\u011bte. To v\u00e1m umo\u017en\u00ed vytvo\u0159it skute\u010dn\u011b personalizovan\u00e9 j\u00e1dro pol\u0161t\u00e1\u0159e, kter\u00e9 nejen spl\u0148uje pot\u0159eby pohodl\u00ed va\u0161eho d\u00edt\u011bte, ale tak\u00e9 vynik\u00e1 jako v\u00fdjime\u010dn\u00fd, ojedin\u011bl\u00fd p\u0159edm\u011bt sv\u00e9ho druhu.<\/p>","protected":false},"featured_media":3489,"comment_status":"open","ping_status":"closed","template":"","meta":{"_uag_custom_page_level_css":"","site-sidebar-layout":"default","site-content-layout":"","ast-site-content-layout":"default","site-content-style":"default","site-sidebar-style":"default","ast-global-header-display":"","ast-banner-title-visibility":"","ast-main-header-display":"","ast-hfb-above-header-display":"","ast-hfb-below-header-display":"","ast-hfb-mobile-header-display":"","site-post-title":"","ast-breadcrumbs-content":"","ast-featured-img":"","footer-sml-layout":"","ast-disable-related-posts":"","theme-transparent-header-meta":"default","adv-header-id-meta":"","stick-header-meta":"","header-above-stick-meta":"","header-main-stick-meta":"","header-below-stick-meta":"","astra-migrate-meta-layouts":"set","ast-page-background-enabled":"default","ast-page-background-meta":{"desktop":{"background-color":"","background-image":"","background-repeat":"repeat","background-position":"center center","background-size":"auto","background-attachment":"scroll","background-type":"","background-media":"","overlay-type":"","overlay-color":"","overlay-opacity":"","overlay-gradient":""},"tablet":{"background-color":"","background-image":"","background-repeat":"repeat","background-position":"center center","background-size":"auto","background-attachment":"scroll","background-type":"","background-media":"","overlay-type":"","overlay-color":"","overlay-opacity":"","overlay-gradient":""},"mobile":{"background-color":"","background-image":"","background-repeat":"repeat","background-position":"center center","background-size":"auto","background-attachment":"scroll","background-type":"","background-media":"","overlay-type":"","overlay-color":"","overlay-opacity":"","overlay-gradient":""}},"ast-content-background-meta":{"desktop":{"background-color":"var(--ast-global-color-5)","background-image":"","background-repeat":"repeat","background-position":"center center","background-size":"auto","background-attachment":"scroll","background-type":"","background-media":"","overlay-type":"","overlay-color":"","overlay-opacity":"","overlay-gradient":""},"tablet":{"background-color":"var(--ast-global-color-5)","background-image":"","background-repeat":"repeat","background-position":"center center","background-size":"auto","background-attachment":"scroll","background-type":"","background-media":"","overlay-type":"","overlay-color":"","overlay-opacity":"","overlay-gradient":""},"mobile":{"background-color":"var(--ast-global-color-5)","background-image":"","background-repeat":"repeat","background-position":"center center","background-size":"auto","background-attachment":"scroll","background-type":"","background-media":"","overlay-type":"","overlay-color":"","overlay-opacity":"","overlay-gradient":""}}},"product_brand":[],"product_cat":[65,32],"product_tag":[70,68,71,69],"class_list":{"0":"post-3488","1":"product","2":"type-product","3":"status-publish","4":"has-post-thumbnail","6":"product_cat-0-to-6months-oem","7":"product_cat-customize","8":"product_tag-babypillow","9":"product_tag-cuteanimalpillow","10":"product_tag-headshapesupport","11":"product_tag-kouniushapingpillow","12":"desktop-align-left","13":"tablet-align-left","14":"mobile-align-left","16":"first","17":"instock","18":"shipping-taxable","19":"product-type-simple"},"aioseo_notices":[],"uagb_featured_image_src":{"full":["https:\/\/babypillowwholesale.com\/wp-content\/uploads\/2025\/04\/0003.jpg",1000,1000,false],"thumbnail":["https:\/\/babypillowwholesale.com\/wp-content\/uploads\/2025\/04\/0003-150x150.jpg",150,150,true],"medium":["https:\/\/babypillowwholesale.com\/wp-content\/uploads\/2025\/04\/0003-300x300.jpg",300,300,true],"medium_large":["https:\/\/babypillowwholesale.com\/wp-content\/uploads\/2025\/04\/0003-768x768.jpg",768,768,true],"large":["https:\/\/babypillowwholesale.com\/wp-content\/uploads\/2025\/04\/0003.jpg",1000,1000,false],"1536x1536":["https:\/\/babypillowwholesale.com\/wp-content\/uploads\/2025\/04\/0003.jpg",1000,1000,false],"2048x2048":["https:\/\/babypillowwholesale.com\/wp-content\/uploads\/2025\/04\/0003.jpg",1000,1000,false],"trp-custom-language-flag":["https:\/\/babypillowwholesale.com\/wp-content\/uploads\/2025\/04\/0003.jpg",12,12,false],"woocommerce_thumbnail":["https:\/\/babypillowwholesale.com\/wp-content\/uploads\/2025\/04\/0003-300x300.jpg",300,300,true],"woocommerce_single":["https:\/\/babypillowwholesale.com\/wp-content\/uploads\/2025\/04\/0003-600x600.jpg",600,600,true],"woocommerce_gallery_thumbnail":["https:\/\/babypillowwholesale.com\/wp-content\/uploads\/2025\/04\/0003-100x100.jpg",100,100,true]},"uagb_author_info":{"display_name":"Etnen zhong","author_link":"https:\/\/babypillowwholesale.com\/cs\/author\/"},"uagb_comment_info":0,"uagb_excerpt":"This Memory Foam Pillow - Thin Bear - shaped Pillow Core, designed for babies aged 0 - 6 months, offers a world of customization and design opportunities. Its endearing bear - shaped form is the perfect canvas for creativity. We can customize the softness level of the hydrophilic foam according to your preference, ensuring the&hellip;","jetpack_sharing_enabled":true,"_links":{"self":[{"href":"https:\/\/babypillowwholesale.com\/cs\/wp-json\/wp\/v2\/product\/3488","targetHints":{"allow":["GET"]}}],"collection":[{"href":"https:\/\/babypillowwholesale.com\/cs\/wp-json\/wp\/v2\/product"}],"about":[{"href":"https:\/\/babypillowwholesale.com\/cs\/wp-json\/wp\/v2\/types\/product"}],"replies":[{"embeddable":true,"href":"https:\/\/babypillowwholesale.com\/cs\/wp-json\/wp\/v2\/comments?post=3488"}],"wp:featuredmedia":[{"embeddable":true,"href":"https:\/\/babypillowwholesale.com\/cs\/wp-json\/wp\/v2\/media\/3489"}],"wp:attachment":[{"href":"https:\/\/babypillowwholesale.com\/cs\/wp-json\/wp\/v2\/media?parent=3488"}],"wp:term":[{"taxonomy":"product_brand","embeddable":true,"href":"https:\/\/babypillowwholesale.com\/cs\/wp-json\/wp\/v2\/product_brand?post=3488"},{"taxonomy":"product_cat","embeddable":true,"href":"https:\/\/babypillowwholesale.com\/cs\/wp-json\/wp\/v2\/product_cat?post=3488"},{"taxonomy":"product_tag","embeddable":true,"href":"https:\/\/babypillowwholesale.com\/cs\/wp-json\/wp\/v2\/product_tag?post=3488"}],"curies":[{"name":"wp","href":"https:\/\/api.w.org\/{rel}","templated":true}]}}