{"id":3485,"date":"2025-04-19T02:35:27","date_gmt":"2025-04-19T02:35:27","guid":{"rendered":"https:\/\/babypillowwholesale.com\/?post_type=product&#038;p=3485"},"modified":"2025-06-05T14:53:09","modified_gmt":"2025-06-05T14:53:09","slug":"memory-foam-pillow-thick-bear-shaped-pillow-core","status":"publish","type":"product","link":"https:\/\/babypillowwholesale.com\/cs\/product\/memory-foam-pillow-thick-bear-shaped-pillow-core\/","title":{"rendered":"Pol\u0161t\u00e1\u0159 z pam\u011b\u0165ov\u00e9 p\u011bny - tlust\u00fd medv\u011bd - tvarovan\u00e9 j\u00e1dro pol\u0161t\u00e1\u0159e"},"content":{"rendered":"<div class=\"auto-hide-last-sibling-br paragraph-qzbcQC paragraph-element br-paragraph-space\">\n<div class=\"auto-hide-last-sibling-br paragraph-qzbcQC paragraph-element br-paragraph-space\">Tento pol\u0161t\u00e1\u0159 z pam\u011b\u0165ov\u00e9 p\u011bny - siln\u00fd medv\u011bd - ve tvaru j\u00e1dra pol\u0161t\u00e1\u0159e, vytvo\u0159en\u00fd speci\u00e1ln\u011b pro d\u011bti ve v\u011bku 0-6 m\u011bs\u00edc\u016f, je vzorem jedine\u010dnosti a mo\u017enosti p\u0159izp\u016fsoben\u00ed. Jeho neodmysliteln\u011b okouzluj\u00edc\u00ed silueta medv\u00eddka nen\u00ed jen roztomilou volbou designu; je v\u00fdchoz\u00edm bodem pro vytvo\u0159en\u00ed jedine\u010dn\u00e9 d\u011btsk\u00e9 nezbytnosti.<\/div>\n<p>&nbsp;<\/p>\n<div class=\"auto-hide-last-sibling-br paragraph-qzbcQC paragraph-element br-paragraph-space\">V\u011btrac\u00ed otvory, kl\u00ed\u010dov\u00fd funk\u010dn\u00ed prvek, nejsou pevn\u011b dan\u00e9. Jejich po\u010det a rozm\u011bry m\u016f\u017eeme pe\u010dliv\u011b upravit a vyladit tak prody\u0161nost j\u00e1dra pol\u0161t\u00e1\u0159e tak, aby vyhovoval specifick\u00fdm pot\u0159eb\u00e1m pohodl\u00ed va\u0161eho d\u00edt\u011bte. Je to \u00farove\u0148 p\u0159izp\u016fsoben\u00ed, kter\u00e1 p\u0159esahuje b\u011b\u017en\u00e9 mo\u017enosti a zaji\u0161\u0165uje optim\u00e1ln\u00ed cirkulaci vzduchu pro klidn\u00fd sp\u00e1nek va\u0161eho d\u011b\u0165\u00e1tka.<\/div>\n<p>&nbsp;<\/p>\n<div class=\"auto-hide-last-sibling-br paragraph-qzbcQC paragraph-element br-paragraph-space\">Co se t\u00fd\u010de vzhledu, mo\u017enosti jsou stejn\u011b neomezen\u00e9 jako va\u0161e p\u0159edstavivost. Pou\u017e\u00edv\u00e1n\u00edm pouze t\u011bch nejbezpe\u010dn\u011bj\u0161\u00edch, netoxick\u00fdch pigment\u016f m\u016f\u017eeme medv\u011bd\u00ed \"ko\u017eich\" prom\u011bnit v pestrou \u0161k\u00e1lu barev. P\u0159edstavte si medv\u00eddka se srst\u00ed v t\u011bch nejjemn\u011bj\u0161\u00edch pastelov\u00fdch barv\u00e1ch, kter\u00e1 navozuje pocit klidu, nebo medv\u00eddka ozdoben\u00e9ho jasn\u00fdmi, vesel\u00fdmi odst\u00edny, kter\u00e9 podn\u00edt\u00ed zv\u011bdavost va\u0161eho d\u00edt\u011bte. Nejde jen o estetiku, ale o vytvo\u0159en\u00ed vizu\u00e1ln\u00edho z\u00e1\u017eitku, kter\u00fd stejnou m\u011brou uklid\u0148uje i stimuluje.<\/div>\n<p>&nbsp;<\/p>\n<div class=\"auto-hide-last-sibling-br paragraph-qzbcQC paragraph-element br-paragraph-space\">T\u00edm v\u0161ak p\u0159izp\u016fsoben\u00ed nekon\u010d\u00ed. M\u016f\u017eeme p\u0159idat rozko\u0161n\u00e9 ozdoby, jako jsou ru\u010dn\u011b vy\u0161\u00edvan\u00e9 o\u010di, kter\u00e9 jako by se h\u0159ejiv\u011b t\u0159pytily, nebo na\u0161it\u00fd nos, kter\u00fd medv\u00eddkovi dod\u00e1 n\u00e1dech realistick\u00e9ho kouzla. Tyto drobn\u00e9 detaily nejsou jen dekorativn\u00ed; prom\u011b\u0148uj\u00ed j\u00e1dro pol\u0161t\u00e1\u0159e z pouh\u00e9ho dopl\u0148ku v milovan\u00e9ho spole\u010dn\u00edka va\u0161eho d\u00edt\u011bte.<\/div>\n<p>&nbsp;<\/p>\n<div class=\"auto-hide-last-sibling-br paragraph-qzbcQC paragraph-element br-paragraph-space\">S t\u00edmto pol\u0161t\u00e1\u0159em z pam\u011b\u0165ov\u00e9 p\u011bny - tlust\u00fdm medv\u011bdem - ve tvaru j\u00e1dra pol\u0161t\u00e1\u0159e nez\u00edsk\u00e1v\u00e1te jen v\u00fdrobek, ale vytv\u00e1\u0159\u00edte si osobn\u00ed \u00fato\u010di\u0161t\u011b pohodl\u00ed a roztomilosti, pam\u00e1tku, kter\u00e1 bude m\u00edt zvl\u00e1\u0161tn\u00ed m\u00edsto v ran\u00fdch vzpom\u00ednk\u00e1ch va\u0161eho d\u00edt\u011bte.<\/div>\n<\/div>","protected":false},"excerpt":{"rendered":"<p>Tento pol\u0161t\u00e1\u0159 z pam\u011b\u0165ov\u00e9 p\u011bny - siln\u00e9 j\u00e1dro ve tvaru medv\u00eddka, ur\u010den\u00fd pro d\u011bti ve v\u011bku 0 - 6 m\u011bs\u00edc\u016f, nab\u00edz\u00ed rozs\u00e1hl\u00e9 mo\u017enosti p\u0159izp\u016fsoben\u00ed a designu. Jeho rozko\u0161n\u00fd tvar p\u0159ipom\u00ednaj\u00edc\u00ed medv\u011bda slou\u017e\u00ed jako okouzluj\u00edc\u00ed z\u00e1kladna pro dal\u0161\u00ed personalizaci. Po\u010det a velikost v\u011btrac\u00edch otvor\u016f lze upravit podle konkr\u00e9tn\u00edch pot\u0159eb a optimalizovat tak prody\u0161nost. Co se t\u00fd\u010de vzhledu, k pomalov\u00e1n\u00ed \"ko\u017e\u00ed\u0161ku\" medv\u00eddka lze pou\u017e\u00edt netoxick\u00e9, pro d\u011bti bezpe\u010dn\u00e9 barvy a vytvo\u0159it tak celou \u0159adu roztomil\u00fdch barevn\u00fdch sch\u00e9mat, nap\u0159\u00edklad jemn\u00e9ho pastelov\u011b zbarven\u00e9ho medv\u00eddka pro n\u011b\u017en\u00fd vzhled nebo \u017eiv\u011bj\u0161\u00edho pro hrav\u00fd n\u00e1dech. Nav\u00edc lze p\u0159idat drobn\u00e9 ozdoby, jako jsou vy\u0161it\u00e9 o\u010di nebo vy\u0161it\u00fd nos, aby byl tvar medv\u00eddka \u017eiv\u011bj\u0161\u00ed a roztomilej\u0161\u00ed. Toto p\u0159izp\u016fsoben\u00ed umo\u017e\u0148uje rodi\u010d\u016fm vytvo\u0159it jedine\u010dn\u00e9 a speci\u00e1ln\u00ed j\u00e1dro pol\u0161t\u00e1\u0159e, kter\u00e9 nejen spl\u0148uje funk\u010dn\u00ed po\u017eadavky, ale tak\u00e9 se stane milovanou pam\u00e1tkou pro jejich nejmen\u0161\u00ed.<\/p>","protected":false},"featured_media":3486,"comment_status":"open","ping_status":"closed","template":"","meta":{"_uag_custom_page_level_css":"","site-sidebar-layout":"default","site-content-layout":"","ast-site-content-layout":"default","site-content-style":"default","site-sidebar-style":"default","ast-global-header-display":"","ast-banner-title-visibility":"","ast-main-header-display":"","ast-hfb-above-header-display":"","ast-hfb-below-header-display":"","ast-hfb-mobile-header-display":"","site-post-title":"","ast-breadcrumbs-content":"","ast-featured-img":"","footer-sml-layout":"","ast-disable-related-posts":"","theme-transparent-header-meta":"default","adv-header-id-meta":"","stick-header-meta":"","header-above-stick-meta":"","header-main-stick-meta":"","header-below-stick-meta":"","astra-migrate-meta-layouts":"set","ast-page-background-enabled":"default","ast-page-background-meta":{"desktop":{"background-color":"","background-image":"","background-repeat":"repeat","background-position":"center center","background-size":"auto","background-attachment":"scroll","background-type":"","background-media":"","overlay-type":"","overlay-color":"","overlay-opacity":"","overlay-gradient":""},"tablet":{"background-color":"","background-image":"","background-repeat":"repeat","background-position":"center center","background-size":"auto","background-attachment":"scroll","background-type":"","background-media":"","overlay-type":"","overlay-color":"","overlay-opacity":"","overlay-gradient":""},"mobile":{"background-color":"","background-image":"","background-repeat":"repeat","background-position":"center center","background-size":"auto","background-attachment":"scroll","background-type":"","background-media":"","overlay-type":"","overlay-color":"","overlay-opacity":"","overlay-gradient":""}},"ast-content-background-meta":{"desktop":{"background-color":"var(--ast-global-color-5)","background-image":"","background-repeat":"repeat","background-position":"center center","background-size":"auto","background-attachment":"scroll","background-type":"","background-media":"","overlay-type":"","overlay-color":"","overlay-opacity":"","overlay-gradient":""},"tablet":{"background-color":"var(--ast-global-color-5)","background-image":"","background-repeat":"repeat","background-position":"center center","background-size":"auto","background-attachment":"scroll","background-type":"","background-media":"","overlay-type":"","overlay-color":"","overlay-opacity":"","overlay-gradient":""},"mobile":{"background-color":"var(--ast-global-color-5)","background-image":"","background-repeat":"repeat","background-position":"center center","background-size":"auto","background-attachment":"scroll","background-type":"","background-media":"","overlay-type":"","overlay-color":"","overlay-opacity":"","overlay-gradient":""}}},"product_brand":[],"product_cat":[65,32],"product_tag":[70,68,71,69],"class_list":{"0":"post-3485","1":"product","2":"type-product","3":"status-publish","4":"has-post-thumbnail","6":"product_cat-0-to-6months-oem","7":"product_cat-customize","8":"product_tag-babypillow","9":"product_tag-cuteanimalpillow","10":"product_tag-headshapesupport","11":"product_tag-kouniushapingpillow","12":"desktop-align-left","13":"tablet-align-left","14":"mobile-align-left","16":"first","17":"instock","18":"shipping-taxable","19":"product-type-simple"},"aioseo_notices":[],"uagb_featured_image_src":{"full":["https:\/\/babypillowwholesale.com\/wp-content\/uploads\/2025\/04\/0002.jpg",1000,1000,false],"thumbnail":["https:\/\/babypillowwholesale.com\/wp-content\/uploads\/2025\/04\/0002-150x150.jpg",150,150,true],"medium":["https:\/\/babypillowwholesale.com\/wp-content\/uploads\/2025\/04\/0002-300x300.jpg",300,300,true],"medium_large":["https:\/\/babypillowwholesale.com\/wp-content\/uploads\/2025\/04\/0002-768x768.jpg",768,768,true],"large":["https:\/\/babypillowwholesale.com\/wp-content\/uploads\/2025\/04\/0002.jpg",1000,1000,false],"1536x1536":["https:\/\/babypillowwholesale.com\/wp-content\/uploads\/2025\/04\/0002.jpg",1000,1000,false],"2048x2048":["https:\/\/babypillowwholesale.com\/wp-content\/uploads\/2025\/04\/0002.jpg",1000,1000,false],"trp-custom-language-flag":["https:\/\/babypillowwholesale.com\/wp-content\/uploads\/2025\/04\/0002.jpg",12,12,false],"woocommerce_thumbnail":["https:\/\/babypillowwholesale.com\/wp-content\/uploads\/2025\/04\/0002-300x300.jpg",300,300,true],"woocommerce_single":["https:\/\/babypillowwholesale.com\/wp-content\/uploads\/2025\/04\/0002-600x600.jpg",600,600,true],"woocommerce_gallery_thumbnail":["https:\/\/babypillowwholesale.com\/wp-content\/uploads\/2025\/04\/0002-100x100.jpg",100,100,true]},"uagb_author_info":{"display_name":"Etnen zhong","author_link":"https:\/\/babypillowwholesale.com\/cs\/author\/"},"uagb_comment_info":0,"uagb_excerpt":"This Memory Foam Pillow - Thick Bear - shaped Pillow Core, designed for babies aged 0 - 6 months, offers extensive customization and design potential. Its adorable bear - like form serves as a charming base for further personalization. The number and size of the ventilation holes can be adjusted according to specific needs, optimizing&hellip;","jetpack_sharing_enabled":true,"_links":{"self":[{"href":"https:\/\/babypillowwholesale.com\/cs\/wp-json\/wp\/v2\/product\/3485","targetHints":{"allow":["GET"]}}],"collection":[{"href":"https:\/\/babypillowwholesale.com\/cs\/wp-json\/wp\/v2\/product"}],"about":[{"href":"https:\/\/babypillowwholesale.com\/cs\/wp-json\/wp\/v2\/types\/product"}],"replies":[{"embeddable":true,"href":"https:\/\/babypillowwholesale.com\/cs\/wp-json\/wp\/v2\/comments?post=3485"}],"wp:featuredmedia":[{"embeddable":true,"href":"https:\/\/babypillowwholesale.com\/cs\/wp-json\/wp\/v2\/media\/3486"}],"wp:attachment":[{"href":"https:\/\/babypillowwholesale.com\/cs\/wp-json\/wp\/v2\/media?parent=3485"}],"wp:term":[{"taxonomy":"product_brand","embeddable":true,"href":"https:\/\/babypillowwholesale.com\/cs\/wp-json\/wp\/v2\/product_brand?post=3485"},{"taxonomy":"product_cat","embeddable":true,"href":"https:\/\/babypillowwholesale.com\/cs\/wp-json\/wp\/v2\/product_cat?post=3485"},{"taxonomy":"product_tag","embeddable":true,"href":"https:\/\/babypillowwholesale.com\/cs\/wp-json\/wp\/v2\/product_tag?post=3485"}],"curies":[{"name":"wp","href":"https:\/\/api.w.org\/{rel}","templated":true}]}}