{"id":3472,"date":"2025-04-18T15:52:31","date_gmt":"2025-04-18T15:52:31","guid":{"rendered":"https:\/\/babypillowwholesale.com\/?post_type=product&#038;p=3472"},"modified":"2026-03-23T07:55:41","modified_gmt":"2026-03-23T07:55:41","slug":"anti-reflux-pillow-for-baby-co-sleeper","status":"publish","type":"product","link":"https:\/\/babypillowwholesale.com\/cs\/product\/anti-reflux-pillow-for-baby-co-sleeper\/","title":{"rendered":"Antirefluxn\u00ed pol\u0161t\u00e1\u0159 pro d\u00edt\u011b Co - sleeper"},"content":{"rendered":"<div class=\"auto-hide-last-sibling-br paragraph-qzbcQC paragraph-element br-paragraph-space\" data-immersive-translate-walked=\"8e61f2e7-6af2-46e5-9672-3b9e4f4033d9\" data-immersive-translate-paragraph=\"1\">\n<div class=\"auto-hide-last-sibling-br paragraph-qzbcQC paragraph-element br-paragraph-space\">\n<div class=\"auto-hide-last-sibling-br paragraph-qzbcQC paragraph-element br-paragraph-space\">\n<div class=\"auto-hide-last-sibling-br paragraph-qzbcQC paragraph-element br-paragraph-space\">\n<div class=\"auto-hide-last-sibling-br paragraph-qzbcQC paragraph-element br-paragraph-space\">\n<div class=\"auto-hide-last-sibling-br paragraph-qzbcQC paragraph-element br-paragraph-space\">\n<div class=\"inter-wlTS5w\">\n<div class=\"container-QE4ayg\">\n<div class=\"item-jU10IN\">\n<div class=\"container-jODEnh chrome70-container\">\n<div class=\"inner-eE95c9 inner-item-aL3Ui_\" data-target-id=\"message-box-target-id\" data-testid=\"union_message\">\n<div class=\"message-block-container-liuetz\" data-testid=\"message-block-container\">\n<div class=\"message-box-ZWbBdF\" data-testid=\"receive_message\">\n<div class=\"message-box-content-wrapper-srHdUj\">\n<div class=\"message-content message-box-content-otxGGw receive-message-box-content-_lREFj samantha-message-box-content-Qjmpja\" data-testid=\"message_content\">\n<div class=\"container-hfX5E8 flow-markdown-body theme-samantha-yJEgBp\" dir=\"ltr\" data-testid=\"message_text_content\" data-show-indicator=\"false\">\n<div class=\"auto-hide-last-sibling-br paragraph-qzbcQC paragraph-element br-paragraph-space\">\n<div class=\"auto-hide-last-sibling-br paragraph-qzbcQC paragraph-element br-paragraph-space\">\n<div class=\"auto-hide-last-sibling-br paragraph-qzbcQC paragraph-element br-paragraph-space\">\n<div class=\"auto-hide-last-sibling-br paragraph-qzbcQC paragraph-element br-paragraph-space\">\n<div class=\"message-box-content-wrapper-srHdUj\">\n<div class=\"message-content message-box-content-otxGGw receive-message-box-content-_lREFj samantha-message-box-content-Qjmpja\" data-testid=\"message_content\">\n<div class=\"container-hfX5E8 flow-markdown-body theme-samantha-yJEgBp\" dir=\"ltr\" data-testid=\"message_text_content\" data-show-indicator=\"false\">\n<div class=\"auto-hide-last-sibling-br paragraph-qzbcQC paragraph-element br-paragraph-space\">\n<div class=\"auto-hide-last-sibling-br paragraph-qzbcQC paragraph-element br-paragraph-space\">\n<div class=\"auto-hide-last-sibling-br paragraph-qzbcQC paragraph-element br-paragraph-space\">\n<div class=\"auto-hide-last-sibling-br paragraph-qzbcQC paragraph-element br-paragraph-space\">P\u0159edstavujeme antirefluxn\u00ed pol\u0161t\u00e1\u0159 pro miminko Co - sleeper, nezbytn\u00fd dopln\u011bk k pot\u0159eb\u00e1m pro sp\u00e1nek va\u0161eho d\u00edt\u011bte, vyroben\u00fd na m\u00edru pro d\u011bti od 0 do 6 m\u011bs\u00edc\u016f. Tento inovativn\u00ed pol\u0161t\u00e1\u0159 je o\u00e1zou pohodl\u00ed a bezpe\u010d\u00ed, pe\u010dliv\u011b navr\u017een\u00fd tak, aby \u0159e\u0161il jednu z nej\u010dast\u011bj\u0161\u00edch obav nov\u00fdch rodi\u010d\u016f: reflux.<\/div>\n<p>&nbsp;<\/p>\n<div class=\"auto-hide-last-sibling-br paragraph-qzbcQC paragraph-element br-paragraph-space\">Vnit\u0159n\u00ed j\u00e1dro, harmonick\u00e1 sm\u011bs m\u011bkk\u00e9ho st\u0159\u00edbrn\u00e9ho vl\u00e1kna a pam\u011b\u0165ov\u00e9 p\u011bny, poskytuje jemnou, kol\u00e9bavou oporu, kter\u00e1 se p\u0159izp\u016fsob\u00ed jemn\u00e9 postav\u011b va\u0161eho d\u00edt\u011bte. P\u0159izp\u016fsob\u00ed se jeho t\u011blu a poskytne mu spr\u00e1vnou m\u00edru polstrov\u00e1n\u00ed a stability, \u010d\u00edm\u017e zajist\u00ed klidn\u00fd sp\u00e1nek.<\/div>\n<p>&nbsp;<\/p>\n<div class=\"auto-hide-last-sibling-br paragraph-qzbcQC paragraph-element br-paragraph-space\">Vn\u011bj\u0161\u00ed materi\u00e1ly, kombinace prody\u0161n\u00e9 3D s\u00ed\u0165oviny a m\u011bkk\u00e9 bavln\u011bn\u00e9 tkaniny, vytv\u00e1\u0159ej\u00ed chladn\u00e9 a \u00fatuln\u00e9 mikroprost\u0159ed\u00ed. To nejen\u017ee udr\u017euje va\u0161e d\u00edt\u011b v pohodl\u00ed, ale tak\u00e9 pom\u00e1h\u00e1 regulovat jeho t\u011blesnou teplotu, \u010d\u00edm\u017e zabra\u0148uje p\u0159eh\u0159\u00e1t\u00ed b\u011bhem dlouh\u00e9ho sp\u00e1nku nebo no\u010dn\u00edho d\u0159\u00edm\u00e1n\u00ed.<\/div>\n<p>&nbsp;<\/p>\n<div class=\"auto-hide-last-sibling-br paragraph-qzbcQC paragraph-element br-paragraph-space\">S velikost\u00ed l\u016f\u017eka 90*<em>50*<\/em>11 cm, pol\u0161t\u00e1\u0159 na nohy o velikosti 42*<em>16 cm a sklon desky 31*.<\/em>31*5 cm, nab\u00edz\u00ed komplexn\u00ed podporu. B\u011bhem krmen\u00ed pom\u00e1h\u00e1 svahov\u00e1 deska udr\u017eet d\u00edt\u011b v optim\u00e1ln\u00ed poloze a sni\u017euje tak pravd\u011bpodobnost refluxu. Pro sp\u00e1nek poskytuje cel\u00e1 sestava bezpe\u010dn\u00fd a \u00fatuln\u00fd prostor, kter\u00fd napodobuje pohodl\u00ed d\u011blohy.<\/div>\n<p>&nbsp;<\/p>\n<div class=\"auto-hide-last-sibling-br paragraph-qzbcQC paragraph-element br-paragraph-space\">Rodi\u010de si ji velmi pochvaluj\u00ed. \"Tento pol\u0161t\u00e1\u0159 je z\u00e1chranou! Moje d\u00edt\u011b d\u0159\u00edve bojovalo s refluxem, ale od t\u00e9 doby, co jsme ho za\u010dali pou\u017e\u00edvat, se tyto probl\u00e9my v\u00fdrazn\u011b zm\u00edrnily. Je tak m\u011bkk\u00fd a dob\u0159e navr\u017een\u00fd,\" sv\u011b\u0159ila se jedna z maminek. Jin\u00fd rodi\u010d se rozpl\u00fdval: \"L\u00edb\u00ed se mi, jak d\u00e1v\u00e1 m\u00e9mu d\u00edt\u011bti pocit bezpe\u010d\u00ed. Je to jako mal\u00e9 hn\u00edzde\u010dko a kvalita je \u0161pi\u010dkov\u00e1. Je to rozhodn\u011b v\u011bc, kterou mus\u00ed m\u00edt ka\u017ed\u00fd nov\u00fd rodi\u010d.\"<\/div>\n<p>&nbsp;<\/p>\n<div class=\"auto-hide-last-sibling-br paragraph-qzbcQC paragraph-element br-paragraph-space\">Antirefluxn\u00ed pol\u0161t\u00e1\u0159 pro miminko Co - sleeper je v podstat\u011b v\u00edc ne\u017e jen pol\u0161t\u00e1\u0159; je to vstupenka do klidn\u00fdch noc\u00ed a rodi\u010dovstv\u00ed bez starost\u00ed, kter\u00e1 zajist\u00ed, \u017ee va\u0161e d\u011b\u0165\u00e1tko bude sp\u00e1t klidn\u011b a pohodln\u011b.<\/div>\n<\/div>\n<\/div>\n<\/div>\n<\/div>\n<\/div>\n<\/div>\n<\/div>\n<\/div>\n<\/div>\n<\/div>\n<\/div>\n<\/div>\n<\/div>\n<\/div>\n<\/div>\n<\/div>\n<\/div>\n<\/div>\n<\/div>\n<\/div>\n<\/div>\n<\/div>\n<\/div>\n<\/div>\n<\/div>\n<\/div>","protected":false},"excerpt":{"rendered":"<p>Antirefluxn\u00ed pol\u0161t\u00e1\u0159 pro miminko Co - sleeper je nezbytn\u00fdm dopl\u0148kem pro d\u011bti ve v\u011bku 0-6 m\u011bs\u00edc\u016f. Jeho konstrukce se zam\u011b\u0159uje na prevenci refluxu a zaji\u0161t\u011bn\u00ed bezpe\u010dn\u00e9ho a pohodln\u00e9ho prost\u0159ed\u00ed pro sp\u00e1nek. Vnit\u0159n\u00ed j\u00e1dro, kombinace m\u011bkk\u00e9ho st\u0159\u00edbrn\u00e9ho vl\u00e1kna a pam\u011b\u0165ov\u00e9 p\u011bny, poskytuje jemnou oporu a p\u0159izp\u016fsobuje se tvaru t\u011bla d\u00edt\u011bte. Vn\u011bj\u0161\u00ed materi\u00e1ly, 3D s\u00ed\u0165ovina a bavln\u011bn\u00e1 tkanina, jsou prody\u0161n\u00e9 a m\u011bkk\u00e9, co\u017e pom\u00e1h\u00e1 udr\u017eet d\u00edt\u011b v chladu a pohodl\u00ed. S velikost\u00ed l\u016f\u017eka 90*<em>50*<\/em>11 cm, pol\u0161t\u00e1\u0159 na nohy o velikosti 42*<em>16 cm a sklon desky 31*.<\/em>31*5 cm, poskytuje komplexn\u00ed podporu. Tento pol\u0161t\u00e1\u0159 pom\u00e1h\u00e1 sni\u017eovat riziko refluxu, a\u0165 u\u017e se jedn\u00e1 o sp\u00e1nek nebo no\u010dn\u00ed sp\u00e1nek, a umo\u017e\u0148uje tak rodi\u010d\u016fm klidn\u00fd sp\u00e1nek a d\u011btem klidn\u00fd sp\u00e1nek.<\/p>","protected":false},"featured_media":3596,"comment_status":"open","ping_status":"closed","template":"","meta":{"_uag_custom_page_level_css":"","site-sidebar-layout":"default","site-content-layout":"","ast-site-content-layout":"default","site-content-style":"default","site-sidebar-style":"default","ast-global-header-display":"","ast-banner-title-visibility":"","ast-main-header-display":"","ast-hfb-above-header-display":"","ast-hfb-below-header-display":"","ast-hfb-mobile-header-display":"","site-post-title":"","ast-breadcrumbs-content":"","ast-featured-img":"","footer-sml-layout":"","ast-disable-related-posts":"","theme-transparent-header-meta":"default","adv-header-id-meta":"","stick-header-meta":"","header-above-stick-meta":"","header-main-stick-meta":"","header-below-stick-meta":"","astra-migrate-meta-layouts":"set","ast-page-background-enabled":"default","ast-page-background-meta":{"desktop":{"background-color":"","background-image":"","background-repeat":"repeat","background-position":"center center","background-size":"auto","background-attachment":"scroll","background-type":"","background-media":"","overlay-type":"","overlay-color":"","overlay-opacity":"","overlay-gradient":""},"tablet":{"background-color":"","background-image":"","background-repeat":"repeat","background-position":"center center","background-size":"auto","background-attachment":"scroll","background-type":"","background-media":"","overlay-type":"","overlay-color":"","overlay-opacity":"","overlay-gradient":""},"mobile":{"background-color":"","background-image":"","background-repeat":"repeat","background-position":"center center","background-size":"auto","background-attachment":"scroll","background-type":"","background-media":"","overlay-type":"","overlay-color":"","overlay-opacity":"","overlay-gradient":""}},"ast-content-background-meta":{"desktop":{"background-color":"var(--ast-global-color-5)","background-image":"","background-repeat":"repeat","background-position":"center center","background-size":"auto","background-attachment":"scroll","background-type":"","background-media":"","overlay-type":"","overlay-color":"","overlay-opacity":"","overlay-gradient":""},"tablet":{"background-color":"var(--ast-global-color-5)","background-image":"","background-repeat":"repeat","background-position":"center center","background-size":"auto","background-attachment":"scroll","background-type":"","background-media":"","overlay-type":"","overlay-color":"","overlay-opacity":"","overlay-gradient":""},"mobile":{"background-color":"var(--ast-global-color-5)","background-image":"","background-repeat":"repeat","background-position":"center center","background-size":"auto","background-attachment":"scroll","background-type":"","background-media":"","overlay-type":"","overlay-color":"","overlay-opacity":"","overlay-gradient":""}}},"product_brand":[],"product_cat":[21],"product_tag":[70,68,71,69],"class_list":{"0":"post-3472","1":"product","2":"type-product","3":"status-publish","4":"has-post-thumbnail","6":"product_cat-others","7":"product_tag-babypillow","8":"product_tag-cuteanimalpillow","9":"product_tag-headshapesupport","10":"product_tag-kouniushapingpillow","11":"desktop-align-left","12":"tablet-align-left","13":"mobile-align-left","15":"first","16":"instock","17":"shipping-taxable","18":"product-type-simple"},"aioseo_notices":[],"uagb_featured_image_src":{"full":["https:\/\/babypillowwholesale.com\/wp-content\/uploads\/2025\/04\/\u4ea7\u54c1\u4e3b\u56fe.jpg",1000,1000,false],"thumbnail":["https:\/\/babypillowwholesale.com\/wp-content\/uploads\/2025\/04\/\u4ea7\u54c1\u4e3b\u56fe-150x150.jpg",150,150,true],"medium":["https:\/\/babypillowwholesale.com\/wp-content\/uploads\/2025\/04\/\u4ea7\u54c1\u4e3b\u56fe-300x300.jpg",300,300,true],"medium_large":["https:\/\/babypillowwholesale.com\/wp-content\/uploads\/2025\/04\/\u4ea7\u54c1\u4e3b\u56fe-768x768.jpg",768,768,true],"large":["https:\/\/babypillowwholesale.com\/wp-content\/uploads\/2025\/04\/\u4ea7\u54c1\u4e3b\u56fe.jpg",1000,1000,false],"1536x1536":["https:\/\/babypillowwholesale.com\/wp-content\/uploads\/2025\/04\/\u4ea7\u54c1\u4e3b\u56fe.jpg",1000,1000,false],"2048x2048":["https:\/\/babypillowwholesale.com\/wp-content\/uploads\/2025\/04\/\u4ea7\u54c1\u4e3b\u56fe.jpg",1000,1000,false],"trp-custom-language-flag":["https:\/\/babypillowwholesale.com\/wp-content\/uploads\/2025\/04\/\u4ea7\u54c1\u4e3b\u56fe.jpg",12,12,false],"woocommerce_thumbnail":["https:\/\/babypillowwholesale.com\/wp-content\/uploads\/2025\/04\/\u4ea7\u54c1\u4e3b\u56fe-300x300.jpg",300,300,true],"woocommerce_single":["https:\/\/babypillowwholesale.com\/wp-content\/uploads\/2025\/04\/\u4ea7\u54c1\u4e3b\u56fe-600x600.jpg",600,600,true],"woocommerce_gallery_thumbnail":["https:\/\/babypillowwholesale.com\/wp-content\/uploads\/2025\/04\/\u4ea7\u54c1\u4e3b\u56fe-100x100.jpg",100,100,true]},"uagb_author_info":{"display_name":"Etnen zhong","author_link":"https:\/\/babypillowwholesale.com\/cs\/author\/"},"uagb_comment_info":1,"uagb_excerpt":"The Anti - reflux Pillow for Baby Co - sleeper is a must - have for infants aged 0 - 6 months. Its design focuses on preventing reflux and ensuring a safe, comfortable sleep environment. The inner core, a combination of soft silver fiber and memory foam, offers gentle support and adapts to the baby's&hellip;","jetpack_sharing_enabled":true,"_links":{"self":[{"href":"https:\/\/babypillowwholesale.com\/cs\/wp-json\/wp\/v2\/product\/3472","targetHints":{"allow":["GET"]}}],"collection":[{"href":"https:\/\/babypillowwholesale.com\/cs\/wp-json\/wp\/v2\/product"}],"about":[{"href":"https:\/\/babypillowwholesale.com\/cs\/wp-json\/wp\/v2\/types\/product"}],"replies":[{"embeddable":true,"href":"https:\/\/babypillowwholesale.com\/cs\/wp-json\/wp\/v2\/comments?post=3472"}],"wp:featuredmedia":[{"embeddable":true,"href":"https:\/\/babypillowwholesale.com\/cs\/wp-json\/wp\/v2\/media\/3596"}],"wp:attachment":[{"href":"https:\/\/babypillowwholesale.com\/cs\/wp-json\/wp\/v2\/media?parent=3472"}],"wp:term":[{"taxonomy":"product_brand","embeddable":true,"href":"https:\/\/babypillowwholesale.com\/cs\/wp-json\/wp\/v2\/product_brand?post=3472"},{"taxonomy":"product_cat","embeddable":true,"href":"https:\/\/babypillowwholesale.com\/cs\/wp-json\/wp\/v2\/product_cat?post=3472"},{"taxonomy":"product_tag","embeddable":true,"href":"https:\/\/babypillowwholesale.com\/cs\/wp-json\/wp\/v2\/product_tag?post=3472"}],"curies":[{"name":"wp","href":"https:\/\/api.w.org\/{rel}","templated":true}]}}