{"id":3469,"date":"2025-04-18T15:46:47","date_gmt":"2025-04-18T15:46:47","guid":{"rendered":"https:\/\/babypillowwholesale.com\/?post_type=product&#038;p=3469"},"modified":"2025-06-05T16:08:42","modified_gmt":"2025-06-05T16:08:42","slug":"multifunctional-positioning-baby-sleep-pillow","status":"publish","type":"product","link":"https:\/\/babypillowwholesale.com\/cs\/product\/multifunctional-positioning-baby-sleep-pillow\/","title":{"rendered":"Multifunk\u010dn\u00ed polohovac\u00ed pol\u0161t\u00e1\u0159 na span\u00ed pro d\u011bti"},"content":{"rendered":"<div class=\"auto-hide-last-sibling-br paragraph-qzbcQC paragraph-element br-paragraph-space\" data-immersive-translate-walked=\"8e61f2e7-6af2-46e5-9672-3b9e4f4033d9\" data-immersive-translate-paragraph=\"1\">\n<div class=\"auto-hide-last-sibling-br paragraph-qzbcQC paragraph-element br-paragraph-space\">\n<div class=\"auto-hide-last-sibling-br paragraph-qzbcQC paragraph-element br-paragraph-space\">\n<div class=\"auto-hide-last-sibling-br paragraph-qzbcQC paragraph-element br-paragraph-space\">\n<div class=\"auto-hide-last-sibling-br paragraph-qzbcQC paragraph-element br-paragraph-space\">\n<div class=\"auto-hide-last-sibling-br paragraph-qzbcQC paragraph-element br-paragraph-space\">\n<div class=\"inter-wlTS5w\">\n<div class=\"container-QE4ayg\">\n<div class=\"item-jU10IN\">\n<div class=\"container-jODEnh chrome70-container\">\n<div class=\"inner-eE95c9 inner-item-aL3Ui_\" data-target-id=\"message-box-target-id\" data-testid=\"union_message\">\n<div class=\"message-block-container-liuetz\" data-testid=\"message-block-container\">\n<div class=\"message-box-ZWbBdF\" data-testid=\"receive_message\">\n<div class=\"message-box-content-wrapper-srHdUj\">\n<div class=\"message-content message-box-content-otxGGw receive-message-box-content-_lREFj samantha-message-box-content-Qjmpja\" data-testid=\"message_content\">\n<div class=\"container-hfX5E8 flow-markdown-body theme-samantha-yJEgBp\" dir=\"ltr\" data-testid=\"message_text_content\" data-show-indicator=\"false\">\n<div class=\"auto-hide-last-sibling-br paragraph-qzbcQC paragraph-element br-paragraph-space\">\n<div class=\"auto-hide-last-sibling-br paragraph-qzbcQC paragraph-element br-paragraph-space\">\n<div class=\"auto-hide-last-sibling-br paragraph-qzbcQC paragraph-element br-paragraph-space\">\n<div class=\"auto-hide-last-sibling-br paragraph-qzbcQC paragraph-element br-paragraph-space\">\n<div class=\"message-box-content-wrapper-srHdUj\">\n<div class=\"message-content message-box-content-otxGGw receive-message-box-content-_lREFj samantha-message-box-content-Qjmpja\" data-testid=\"message_content\">\n<div class=\"container-hfX5E8 flow-markdown-body theme-samantha-yJEgBp\" dir=\"ltr\" data-testid=\"message_text_content\" data-show-indicator=\"false\">\n<div class=\"auto-hide-last-sibling-br paragraph-qzbcQC paragraph-element br-paragraph-space\">\n<div class=\"auto-hide-last-sibling-br paragraph-qzbcQC paragraph-element br-paragraph-space\">\n<div class=\"auto-hide-last-sibling-br paragraph-qzbcQC paragraph-element br-paragraph-space\">P\u0159edstavujeme multifunk\u010dn\u00ed polohovac\u00ed pol\u0161t\u00e1\u0159 na span\u00ed, nepostradateln\u00e9ho spole\u010dn\u00edka pro drah\u00e9 d\u011bti ve v\u011bku 0-6 m\u011bs\u00edc\u016f. Tento pol\u0161t\u00e1\u0159 je r\u00e1jem pohodl\u00ed, pe\u010dliv\u011b navr\u017een\u00fd s ohledem na blaho va\u0161eho d\u00edt\u011bte.<\/div>\n<p>&nbsp;<\/p>\n<div class=\"auto-hide-last-sibling-br paragraph-qzbcQC paragraph-element br-paragraph-space\">Vnit\u0159n\u00ed j\u00e1dro, vyroben\u00e9 z bavlny odoln\u00e9 proti stla\u010den\u00ed, je z\u00e1zrakem techniky. Nab\u00edz\u00ed jemn\u00e9, ale podp\u016frn\u00e9 objet\u00ed, kter\u00e9 se p\u0159izp\u016fsob\u00ed jemn\u00e9 postav\u011b va\u0161eho d\u00edt\u011bte a z\u00e1rove\u0148 si \u010dasem zachov\u00e1 sv\u016fj tvar. D\u00edky tomu je ka\u017ed\u00e9 pou\u017eit\u00ed stejn\u011b pohodln\u00e9 jako prvn\u00ed a poskytuje st\u00e1l\u00e9 a \u00fatuln\u00e9 m\u00edsto k odpo\u010dinku.<\/div>\n<p>&nbsp;<\/p>\n<div class=\"auto-hide-last-sibling-br paragraph-qzbcQC paragraph-element br-paragraph-space\">Vn\u011bj\u0161\u00ed vrstva, harmonick\u00e1 sm\u011bs m\u011bkk\u00e9 bavlny a odoln\u00e9ho polyesterov\u00e9ho vl\u00e1kna, je p\u0159\u00edjemn\u00e1 pro citlivou poko\u017eku va\u0161eho d\u00edt\u011bte. Je nejen neuv\u011b\u0159iteln\u011b jemn\u00e1, ale tak\u00e9 vyroben\u00e1 tak, aby odolala ka\u017edodenn\u00edmu pou\u017e\u00edv\u00e1n\u00ed, tak\u017ee \u010di\u0161t\u011bn\u00ed je hra\u010dka.<\/div>\n<p>&nbsp;<\/p>\n<div class=\"auto-hide-last-sibling-br paragraph-qzbcQC paragraph-element br-paragraph-space\">M\u011b\u0159en\u00ed 28*<em>40*<\/em>60 cm, poskytuje prostorn\u00fd a bezpe\u010dn\u00fd prostor pro va\u0161e d\u00edt\u011b. B\u011bhem krmen\u00ed podep\u00edr\u00e1 d\u00edt\u011b v ide\u00e1ln\u00ed poloze, sni\u017euje riziko vylit\u00ed a zvy\u0161uje pohodl\u00ed d\u00edt\u011bte i rodi\u010de. P\u0159i zd\u0159\u00edmnut\u00ed nebo jen chvilce odpo\u010dinku kol\u00e9b\u00e1 va\u0161e d\u00edt\u011b a pom\u00e1h\u00e1 mu c\u00edtit se bezpe\u010dn\u011b a \u00fatuln\u011b.<\/div>\n<p>&nbsp;<\/p>\n<div class=\"auto-hide-last-sibling-br paragraph-qzbcQC paragraph-element br-paragraph-space\">Rodi\u010de byli s t\u00edmto produktem nadm\u00edru spokojeni. \"Tento pol\u0161t\u00e1\u0159 m\u011bn\u00ed pravidla hry! Usnad\u0148uje krmen\u00ed a moje d\u00edt\u011b se v n\u011bm c\u00edt\u00ed tak pohodln\u011b. L\u00edb\u00ed se mi, jak je m\u011bkk\u00fd,\" sv\u011b\u0159ila se jedna z novope\u010den\u00fdch maminek. Jin\u00fd rodi\u010d se rozpl\u00fdval: \"B\u00e1l jsem se o polohu sv\u00e9ho d\u00edt\u011bte b\u011bhem sp\u00e1nku, ale tento pol\u0161t\u00e1\u0159 je udr\u017e\u00ed na m\u00edst\u011b. Je to must - have pro ka\u017ed\u00e9ho novope\u010den\u00e9ho rodi\u010de.\"<\/div>\n<p>&nbsp;<\/p>\n<div class=\"auto-hide-last-sibling-br paragraph-qzbcQC paragraph-element br-paragraph-space\">Multifunk\u010dn\u00ed polohovac\u00ed pol\u0161t\u00e1\u0159 na span\u00ed je v podstat\u011b v\u00edc ne\u017e jen pol\u0161t\u00e1\u0159; je zdrojem klidu, kol\u00e9bkou pohodl\u00ed a nezbytn\u00fdm dopl\u0148kem d\u011btsk\u00e9ho pokoje.<\/div>\n<\/div>\n<\/div>\n<\/div>\n<\/div>\n<\/div>\n<\/div>\n<\/div>\n<\/div>\n<\/div>\n<\/div>\n<\/div>\n<\/div>\n<\/div>\n<\/div>\n<\/div>\n<\/div>\n<\/div>\n<\/div>\n<\/div>\n<\/div>\n<\/div>\n<\/div>\n<\/div>\n<\/div>\n<\/div>","protected":false},"excerpt":{"rendered":"<p>Multifunk\u010dn\u00ed polohovac\u00ed pol\u0161t\u00e1\u0159 na span\u00ed pro d\u011bti je nezbytnou pom\u016fckou pro d\u011bti od 0 do 6 m\u011bs\u00edc\u016f. Jeho ergonomick\u00fd design poskytuje bezpe\u010dn\u00fd a pohodln\u00fd prostor pro miminka. Vnit\u0159n\u00ed j\u00e1dro vyroben\u00e9 z odrazov\u00e9 bavlny odoln\u00e9 proti stla\u010den\u00ed poskytuje jemnou oporu a dob\u0159e udr\u017euje sv\u016fj tvar, \u010d\u00edm\u017e zaji\u0161\u0165uje dlouhotrvaj\u00edc\u00ed pohodl\u00ed. Vn\u011bj\u0161\u00ed vrstva, kombinace bavlny a polyesterov\u00fdch vl\u00e1ken, je m\u011bkk\u00e1 a \u0161etrn\u00e1 k poko\u017ece, z\u00e1rove\u0148 je odoln\u00e1 a snadno se \u010dist\u00ed. Specifikace 28*<em>40*<\/em>60 cm, poskytuje dostatek prostoru pro pohodln\u00e9 le\u017een\u00ed d\u00edt\u011bte. A\u0165 u\u017e se jedn\u00e1 o krmen\u00ed, zd\u0159\u00edmnut\u00ed nebo jen odpo\u010dinek, tento pol\u0161t\u00e1\u0159 pom\u00e1h\u00e1 udr\u017eet d\u00edt\u011b ve spr\u00e1vn\u00e9 poloze, \u010d\u00edm\u017e podporuje lep\u0161\u00ed sp\u00e1nek a bezpe\u010dnost.<\/p>","protected":false},"featured_media":3470,"comment_status":"open","ping_status":"closed","template":"","meta":{"_uag_custom_page_level_css":"","site-sidebar-layout":"default","site-content-layout":"","ast-site-content-layout":"default","site-content-style":"default","site-sidebar-style":"default","ast-global-header-display":"","ast-banner-title-visibility":"","ast-main-header-display":"","ast-hfb-above-header-display":"","ast-hfb-below-header-display":"","ast-hfb-mobile-header-display":"","site-post-title":"","ast-breadcrumbs-content":"","ast-featured-img":"","footer-sml-layout":"","ast-disable-related-posts":"","theme-transparent-header-meta":"default","adv-header-id-meta":"","stick-header-meta":"","header-above-stick-meta":"","header-main-stick-meta":"","header-below-stick-meta":"","astra-migrate-meta-layouts":"set","ast-page-background-enabled":"default","ast-page-background-meta":{"desktop":{"background-color":"","background-image":"","background-repeat":"repeat","background-position":"center center","background-size":"auto","background-attachment":"scroll","background-type":"","background-media":"","overlay-type":"","overlay-color":"","overlay-opacity":"","overlay-gradient":""},"tablet":{"background-color":"","background-image":"","background-repeat":"repeat","background-position":"center center","background-size":"auto","background-attachment":"scroll","background-type":"","background-media":"","overlay-type":"","overlay-color":"","overlay-opacity":"","overlay-gradient":""},"mobile":{"background-color":"","background-image":"","background-repeat":"repeat","background-position":"center center","background-size":"auto","background-attachment":"scroll","background-type":"","background-media":"","overlay-type":"","overlay-color":"","overlay-opacity":"","overlay-gradient":""}},"ast-content-background-meta":{"desktop":{"background-color":"var(--ast-global-color-5)","background-image":"","background-repeat":"repeat","background-position":"center center","background-size":"auto","background-attachment":"scroll","background-type":"","background-media":"","overlay-type":"","overlay-color":"","overlay-opacity":"","overlay-gradient":""},"tablet":{"background-color":"var(--ast-global-color-5)","background-image":"","background-repeat":"repeat","background-position":"center center","background-size":"auto","background-attachment":"scroll","background-type":"","background-media":"","overlay-type":"","overlay-color":"","overlay-opacity":"","overlay-gradient":""},"mobile":{"background-color":"var(--ast-global-color-5)","background-image":"","background-repeat":"repeat","background-position":"center center","background-size":"auto","background-attachment":"scroll","background-type":"","background-media":"","overlay-type":"","overlay-color":"","overlay-opacity":"","overlay-gradient":""}}},"product_brand":[],"product_cat":[21],"product_tag":[70,68,71,69],"class_list":{"0":"post-3469","1":"product","2":"type-product","3":"status-publish","4":"has-post-thumbnail","6":"product_cat-others","7":"product_tag-babypillow","8":"product_tag-cuteanimalpillow","9":"product_tag-headshapesupport","10":"product_tag-kouniushapingpillow","11":"desktop-align-left","12":"tablet-align-left","13":"mobile-align-left","15":"first","16":"instock","17":"shipping-taxable","18":"product-type-simple"},"aioseo_notices":[],"uagb_featured_image_src":{"full":["https:\/\/babypillowwholesale.com\/wp-content\/uploads\/2025\/04\/028.jpg",1000,1000,false],"thumbnail":["https:\/\/babypillowwholesale.com\/wp-content\/uploads\/2025\/04\/028-150x150.jpg",150,150,true],"medium":["https:\/\/babypillowwholesale.com\/wp-content\/uploads\/2025\/04\/028-300x300.jpg",300,300,true],"medium_large":["https:\/\/babypillowwholesale.com\/wp-content\/uploads\/2025\/04\/028-768x768.jpg",768,768,true],"large":["https:\/\/babypillowwholesale.com\/wp-content\/uploads\/2025\/04\/028.jpg",1000,1000,false],"1536x1536":["https:\/\/babypillowwholesale.com\/wp-content\/uploads\/2025\/04\/028.jpg",1000,1000,false],"2048x2048":["https:\/\/babypillowwholesale.com\/wp-content\/uploads\/2025\/04\/028.jpg",1000,1000,false],"trp-custom-language-flag":["https:\/\/babypillowwholesale.com\/wp-content\/uploads\/2025\/04\/028.jpg",12,12,false],"woocommerce_thumbnail":["https:\/\/babypillowwholesale.com\/wp-content\/uploads\/2025\/04\/028-300x300.jpg",300,300,true],"woocommerce_single":["https:\/\/babypillowwholesale.com\/wp-content\/uploads\/2025\/04\/028-600x600.jpg",600,600,true],"woocommerce_gallery_thumbnail":["https:\/\/babypillowwholesale.com\/wp-content\/uploads\/2025\/04\/028-100x100.jpg",100,100,true]},"uagb_author_info":{"display_name":"Etnen zhong","author_link":"https:\/\/babypillowwholesale.com\/cs\/author\/"},"uagb_comment_info":0,"uagb_excerpt":"The Multifunctional Positioning Baby Sleep Pillow is an essential item for infants aged 0 - 6 months. Its ergonomic design provides a secure and comfortable space for babies. The inner core, made of compression - resistant rebound cotton, offers gentle support and maintains its shape well, ensuring long - lasting comfort. The outer layer, a&hellip;","jetpack_sharing_enabled":true,"_links":{"self":[{"href":"https:\/\/babypillowwholesale.com\/cs\/wp-json\/wp\/v2\/product\/3469","targetHints":{"allow":["GET"]}}],"collection":[{"href":"https:\/\/babypillowwholesale.com\/cs\/wp-json\/wp\/v2\/product"}],"about":[{"href":"https:\/\/babypillowwholesale.com\/cs\/wp-json\/wp\/v2\/types\/product"}],"replies":[{"embeddable":true,"href":"https:\/\/babypillowwholesale.com\/cs\/wp-json\/wp\/v2\/comments?post=3469"}],"wp:featuredmedia":[{"embeddable":true,"href":"https:\/\/babypillowwholesale.com\/cs\/wp-json\/wp\/v2\/media\/3470"}],"wp:attachment":[{"href":"https:\/\/babypillowwholesale.com\/cs\/wp-json\/wp\/v2\/media?parent=3469"}],"wp:term":[{"taxonomy":"product_brand","embeddable":true,"href":"https:\/\/babypillowwholesale.com\/cs\/wp-json\/wp\/v2\/product_brand?post=3469"},{"taxonomy":"product_cat","embeddable":true,"href":"https:\/\/babypillowwholesale.com\/cs\/wp-json\/wp\/v2\/product_cat?post=3469"},{"taxonomy":"product_tag","embeddable":true,"href":"https:\/\/babypillowwholesale.com\/cs\/wp-json\/wp\/v2\/product_tag?post=3469"}],"curies":[{"name":"wp","href":"https:\/\/api.w.org\/{rel}","templated":true}]}}