{"id":3458,"date":"2025-04-17T16:27:44","date_gmt":"2025-04-17T16:27:44","guid":{"rendered":"https:\/\/babypillowwholesale.com\/?post_type=product&#038;p=3458"},"modified":"2025-06-08T02:12:27","modified_gmt":"2025-06-08T02:12:27","slug":"hydrophilic-foam-bread-shaped-pillow","status":"publish","type":"product","link":"https:\/\/babypillowwholesale.com\/cs\/product\/hydrophilic-foam-bread-shaped-pillow\/","title":{"rendered":"Hydrofiln\u00ed p\u011bnov\u00fd pol\u0161t\u00e1\u0159 ve tvaru chleba"},"content":{"rendered":"<div class=\"auto-hide-last-sibling-br paragraph-qzbcQC paragraph-element br-paragraph-space\" data-immersive-translate-walked=\"8e61f2e7-6af2-46e5-9672-3b9e4f4033d9\" data-immersive-translate-paragraph=\"1\">\n<div class=\"auto-hide-last-sibling-br paragraph-qzbcQC paragraph-element br-paragraph-space\">\n<div class=\"auto-hide-last-sibling-br paragraph-qzbcQC paragraph-element br-paragraph-space\">\n<div class=\"auto-hide-last-sibling-br paragraph-qzbcQC paragraph-element br-paragraph-space\">\n<div class=\"auto-hide-last-sibling-br paragraph-qzbcQC paragraph-element br-paragraph-space\">\n<div class=\"auto-hide-last-sibling-br paragraph-qzbcQC paragraph-element br-paragraph-space\">\n<div class=\"inter-wlTS5w\">\n<div class=\"container-QE4ayg\">\n<div class=\"item-jU10IN\">\n<div class=\"container-jODEnh chrome70-container\">\n<div class=\"inner-eE95c9 inner-item-aL3Ui_\" data-target-id=\"message-box-target-id\" data-testid=\"union_message\">\n<div class=\"message-block-container-liuetz\" data-testid=\"message-block-container\">\n<div class=\"message-box-ZWbBdF\" data-testid=\"receive_message\">\n<div class=\"message-box-content-wrapper-srHdUj\">\n<div class=\"message-content message-box-content-otxGGw receive-message-box-content-_lREFj samantha-message-box-content-Qjmpja\" data-testid=\"message_content\">\n<div class=\"container-hfX5E8 flow-markdown-body theme-samantha-yJEgBp\" dir=\"ltr\" data-testid=\"message_text_content\" data-show-indicator=\"false\">\n<div class=\"auto-hide-last-sibling-br paragraph-qzbcQC paragraph-element br-paragraph-space\">\n<div class=\"auto-hide-last-sibling-br paragraph-qzbcQC paragraph-element br-paragraph-space\">\n<div class=\"auto-hide-last-sibling-br paragraph-qzbcQC paragraph-element br-paragraph-space\">\n<div class=\"auto-hide-last-sibling-br paragraph-qzbcQC paragraph-element br-paragraph-space\">\n<div class=\"auto-hide-last-sibling-br paragraph-qzbcQC paragraph-element br-paragraph-space\">\n<div class=\"auto-hide-last-sibling-br paragraph-qzbcQC paragraph-element br-paragraph-space\">\n<div class=\"inter-wlTS5w\">\n<div class=\"container-QE4ayg\">\n<div class=\"item-jU10IN\">\n<div class=\"container-jODEnh chrome70-container\">\n<div class=\"inner-eE95c9 inner-item-aL3Ui_\" data-target-id=\"message-box-target-id\" data-testid=\"union_message\">\n<div class=\"message-block-container-liuetz\" data-testid=\"message-block-container\">\n<div class=\"message-box-ZWbBdF\" data-testid=\"receive_message\" data-message-id=\"3117344892904450\">\n<div class=\"message-box-content-wrapper-srHdUj\">\n<div class=\"message-content message-box-content-otxGGw receive-message-box-content-_lREFj samantha-message-box-content-Qjmpja\" data-testid=\"message_content\">\n<div class=\"container-hfX5E8 flow-markdown-body theme-samantha-yJEgBp\" dir=\"ltr\" data-testid=\"message_text_content\" data-show-indicator=\"false\">\n<div class=\"auto-hide-last-sibling-br paragraph-qzbcQC paragraph-element br-paragraph-space\">\n<div class=\"inter-wlTS5w\">\n<div class=\"container-QE4ayg\">\n<div class=\"item-jU10IN\">\n<div class=\"container-jODEnh chrome70-container\">\n<div class=\"inner-eE95c9 inner-item-aL3Ui_\" data-target-id=\"message-box-target-id\" data-testid=\"union_message\">\n<div class=\"message-block-container-liuetz\" data-testid=\"message-block-container\">\n<div class=\"message-box-ZWbBdF\" data-testid=\"receive_message\" data-message-id=\"3118336188382466\">\n<div class=\"message-box-content-wrapper-srHdUj\">\n<div class=\"message-content message-box-content-otxGGw receive-message-box-content-_lREFj samantha-message-box-content-Qjmpja\" data-testid=\"message_content\">\n<div class=\"container-hfX5E8 flow-markdown-body theme-samantha-yJEgBp\" dir=\"ltr\" data-testid=\"message_text_content\" data-show-indicator=\"false\">\n<div class=\"auto-hide-last-sibling-br paragraph-qzbcQC paragraph-element br-paragraph-space\">\n<div class=\"auto-hide-last-sibling-br paragraph-qzbcQC paragraph-element br-paragraph-space\">\n<div class=\"auto-hide-last-sibling-br paragraph-qzbcQC paragraph-element br-paragraph-space\">\n<div class=\"auto-hide-last-sibling-br paragraph-qzbcQC paragraph-element br-paragraph-space\">\n<div class=\"auto-hide-last-sibling-br paragraph-qzbcQC paragraph-element br-paragraph-space\">\n<div class=\"auto-hide-last-sibling-br paragraph-qzbcQC paragraph-element br-paragraph-space\">\n<div class=\"auto-hide-last-sibling-br paragraph-qzbcQC paragraph-element br-paragraph-space\">\n<div class=\"auto-hide-last-sibling-br paragraph-qzbcQC paragraph-element br-paragraph-space\">Dop\u0159ejte si sv\u011bt pohodl\u00ed s na\u0161\u00edm hydrofiln\u00edm p\u011bnov\u00fdm pol\u0161t\u00e1\u0159em ve tvaru chleba, kter\u00fd je o\u00e1zou relaxace p\u0159izp\u016fsobenou pro dosp\u011bl\u00e9. M\u011b\u0159\u00ed velkorys\u00fdch 60*<em>40*<\/em>13CM p\u0159edstavuje obrovsk\u00fd, ply\u0161ov\u00fd povrch, kter\u00fd vyb\u00edz\u00ed k zabo\u0159en\u00ed a odpo\u010dinku.<\/div>\n<p>&nbsp;<\/p>\n<div class=\"auto-hide-last-sibling-br paragraph-qzbcQC paragraph-element br-paragraph-space\">Tento pol\u0161t\u00e1\u0159 je vyroben z prvot\u0159\u00eddn\u00ed hydrofiln\u00ed p\u011bny a p\u0159edstavuje symfonii m\u011bkkosti a prody\u0161nosti. Jeho pozoruhodn\u00e1 schopnost odv\u00e1d\u011bt vlhkost zaji\u0161\u0165uje, \u017ee z\u016fstanete v suchu po celou noc, a vytv\u00e1\u0159\u00ed tak ide\u00e1ln\u00ed prost\u0159ed\u00ed pro sp\u00e1nek. V\u00fdrazn\u00fd tvar p\u0159ipom\u00ednaj\u00edc\u00ed chl\u00e9b nen\u00ed jen vizu\u00e1ln\u00edm pot\u011b\u0161en\u00edm, ale i funk\u010dn\u00edm z\u00e1zrakem, kter\u00fd poskytuje optim\u00e1ln\u00ed oporu pro va\u0161i hlavu a krk a p\u0159i sp\u00e1nku v\u00e1m poskytuje pohodl\u00ed.<\/div>\n<p>&nbsp;<\/p>\n<div class=\"auto-hide-last-sibling-br paragraph-qzbcQC paragraph-element br-paragraph-space\">Je vyvedena v \u010dist\u011b b\u00edl\u00e9m odst\u00ednu s jemn\u00fdm modr\u00fdm lemov\u00e1n\u00edm a p\u016fsob\u00ed prostou eleganc\u00ed, kter\u00e1 bez probl\u00e9m\u016f dopln\u00ed interi\u00e9r ka\u017ed\u00e9 lo\u017enice. A\u0165 u\u017e hled\u00e1te oddech po dlouh\u00e9m a \u00fanavn\u00e9m dni v pr\u00e1ci, nebo jen tou\u017e\u00edte po klidn\u00e9m odpoledn\u00edm sp\u00e1nku, tento pol\u0161t\u00e1\u0159 je p\u0159ipraven zm\u011bnit v\u00e1\u0161 sp\u00e1nek.<\/div>\n<p>&nbsp;<\/p>\n<div class=\"auto-hide-last-sibling-br paragraph-qzbcQC paragraph-element br-paragraph-space\">Z\u00e1kazn\u00edci si ji velmi pochvaluj\u00ed. \"Zpo\u010d\u00e1tku jsem byl skeptick\u00fd, ale tento pol\u0161t\u00e1\u0159 si m\u011b naprosto z\u00edskal. Je neuv\u011b\u0159iteln\u011b m\u011bkk\u00fd a l\u00edb\u00ed se mi, jak m\u011b udr\u017euje v chladu a suchu. Sp\u00ed se mi l\u00e9pe ne\u017e kdy jindy,\" sv\u011b\u0159il se jeden z nad\u0161en\u00fdch u\u017eivatel\u016f. Dal\u0161\u00ed se rozpl\u00fdval: \"Jedine\u010dn\u00fd tvar je nejen roztomil\u00fd, ale tak\u00e9 tak podp\u016frn\u00fd. Stala se nezbytnou sou\u010d\u00e1st\u00ed m\u00e9 postelov\u00e9 rutiny. U\u017e si bez n\u011bj nedok\u00e1\u017eu p\u0159edstavit sp\u00e1nek.\"<\/div>\n<p>&nbsp;<\/p>\n<div class=\"auto-hide-last-sibling-br paragraph-qzbcQC paragraph-element br-paragraph-space\">N\u00e1\u0161 hydrofiln\u00ed p\u011bnov\u00fd pol\u0161t\u00e1\u0159 ve tvaru chleba je v podstat\u011b v\u00edc ne\u017e jen dopln\u011bk k l\u016f\u017eku; je to no\u010dn\u00ed po\u017eitek, kl\u00ed\u010d k odem\u010den\u00ed klidn\u00e9ho a omlazuj\u00edc\u00edho sp\u00e1nku a d\u016fkaz dokonal\u00e9ho spojen\u00ed formy a funkce.<\/div>\n<\/div>\n<\/div>\n<\/div>\n<\/div>\n<\/div>\n<\/div>\n<\/div>\n<\/div>\n<\/div>\n<\/div>\n<\/div>\n<\/div>\n<\/div>\n<\/div>\n<\/div>\n<\/div>\n<\/div>\n<\/div>\n<\/div>\n<\/div>\n<\/div>\n<\/div>\n<\/div>\n<\/div>\n<\/div>\n<\/div>\n<\/div>\n<\/div>\n<\/div>\n<\/div>\n<\/div>\n<\/div>\n<\/div>\n<\/div>\n<\/div>\n<\/div>\n<\/div>\n<\/div>\n<\/div>\n<\/div>\n<\/div>\n<\/div>\n<\/div>\n<\/div>\n<\/div>\n<\/div>\n<\/div>\n<\/div>\n<\/div>\n<\/div>","protected":false},"excerpt":{"rendered":"<div class=\"container-QE4ayg\">\n<div class=\"item-jU10IN\">\n<div class=\"container-jODEnh chrome70-container\">\n<div class=\"inner-eE95c9 inner-item-aL3Ui_\" data-target-id=\"message-box-target-id\" data-testid=\"union_message\">\n<div class=\"message-block-container-liuetz\" data-testid=\"message-block-container\">\n<div class=\"message-box-ZWbBdF\" data-testid=\"receive_message\" data-message-id=\"3087713235977218\">\n<div class=\"message-box-content-wrapper-srHdUj\">\n<div class=\"message-content message-box-content-otxGGw receive-message-box-content-_lREFj samantha-message-box-content-Qjmpja\" data-testid=\"message_content\">\n<div class=\"container-hfX5E8 flow-markdown-body theme-samantha-yJEgBp\" dir=\"ltr\" data-testid=\"message_text_content\" data-show-indicator=\"false\">\n<div class=\"auto-hide-last-sibling-br paragraph-qzbcQC paragraph-element br-paragraph-space\">Pol\u0161t\u00e1\u0159 z hydrofiln\u00ed p\u011bny ve tvaru chleba je ur\u010den pro dosp\u011bl\u00e9. Specifikace 60*<em>40*<\/em>13 cm, nab\u00edz\u00ed velkorysou a pohodlnou plochu. Je vyrobena z hydrofiln\u00ed p\u011bny, je m\u011bkk\u00e1, prody\u0161n\u00e1 a m\u00e1 vynikaj\u00edc\u00ed vlastnosti pro odvod vlhkosti, co\u017e zaji\u0161\u0165uje such\u00e9 a p\u0159\u00edjemn\u00e9 prost\u0159ed\u00ed pro sp\u00e1nek. Jeho tvar p\u0159ipom\u00ednaj\u00edc\u00ed chl\u00e9b mu dod\u00e1v\u00e1 nejen jedine\u010dn\u00fd vzhled, ale tak\u00e9 poskytuje dostate\u010dnou oporu pro hlavu a krk. \u010cist\u00e1 b\u00edl\u00e1 barva s jemn\u00fdm modr\u00fdm lemov\u00e1n\u00edm mu dod\u00e1v\u00e1 n\u00e1dech jednoduchosti a elegance, d\u00edky \u010demu\u017e se hod\u00ed do r\u016fzn\u00fdch dekor\u016f lo\u017enic. A\u0165 u\u017e se budete cht\u00edt po dlouh\u00e9m dni uklidnit, nebo si budete cht\u00edt odpo\u010dinout, tento pol\u0161t\u00e1\u0159 v\u00e1m pom\u016f\u017ee u\u017e\u00edt si pohodln\u00fd a uvoln\u011bn\u00fd sp\u00e1nek.<\/div>\n<\/div>\n<\/div>\n<\/div>\n<\/div>\n<\/div>\n<\/div>\n<\/div>\n<\/div>\n<\/div>","protected":false},"featured_media":3459,"comment_status":"open","ping_status":"closed","template":"","meta":{"_uag_custom_page_level_css":"","site-sidebar-layout":"default","site-content-layout":"","ast-site-content-layout":"default","site-content-style":"default","site-sidebar-style":"default","ast-global-header-display":"","ast-banner-title-visibility":"","ast-main-header-display":"","ast-hfb-above-header-display":"","ast-hfb-below-header-display":"","ast-hfb-mobile-header-display":"","site-post-title":"","ast-breadcrumbs-content":"","ast-featured-img":"","footer-sml-layout":"","ast-disable-related-posts":"","theme-transparent-header-meta":"default","adv-header-id-meta":"","stick-header-meta":"","header-above-stick-meta":"","header-main-stick-meta":"","header-below-stick-meta":"","astra-migrate-meta-layouts":"set","ast-page-background-enabled":"default","ast-page-background-meta":{"desktop":{"background-color":"","background-image":"","background-repeat":"repeat","background-position":"center center","background-size":"auto","background-attachment":"scroll","background-type":"","background-media":"","overlay-type":"","overlay-color":"","overlay-opacity":"","overlay-gradient":""},"tablet":{"background-color":"","background-image":"","background-repeat":"repeat","background-position":"center center","background-size":"auto","background-attachment":"scroll","background-type":"","background-media":"","overlay-type":"","overlay-color":"","overlay-opacity":"","overlay-gradient":""},"mobile":{"background-color":"","background-image":"","background-repeat":"repeat","background-position":"center center","background-size":"auto","background-attachment":"scroll","background-type":"","background-media":"","overlay-type":"","overlay-color":"","overlay-opacity":"","overlay-gradient":""}},"ast-content-background-meta":{"desktop":{"background-color":"var(--ast-global-color-5)","background-image":"","background-repeat":"repeat","background-position":"center center","background-size":"auto","background-attachment":"scroll","background-type":"","background-media":"","overlay-type":"","overlay-color":"","overlay-opacity":"","overlay-gradient":""},"tablet":{"background-color":"var(--ast-global-color-5)","background-image":"","background-repeat":"repeat","background-position":"center center","background-size":"auto","background-attachment":"scroll","background-type":"","background-media":"","overlay-type":"","overlay-color":"","overlay-opacity":"","overlay-gradient":""},"mobile":{"background-color":"var(--ast-global-color-5)","background-image":"","background-repeat":"repeat","background-position":"center center","background-size":"auto","background-attachment":"scroll","background-type":"","background-media":"","overlay-type":"","overlay-color":"","overlay-opacity":"","overlay-gradient":""}}},"product_brand":[],"product_cat":[58,42],"product_tag":[70,68,71,69],"class_list":{"0":"post-3458","1":"product","2":"type-product","3":"status-publish","4":"has-post-thumbnail","6":"product_cat-above-8-years-and-adults","7":"product_cat-merchandise","8":"product_tag-babypillow","9":"product_tag-cuteanimalpillow","10":"product_tag-headshapesupport","11":"product_tag-kouniushapingpillow","12":"desktop-align-left","13":"tablet-align-left","14":"mobile-align-left","16":"first","17":"instock","18":"shipping-taxable","19":"product-type-simple"},"aioseo_notices":[],"uagb_featured_image_src":{"full":["https:\/\/babypillowwholesale.com\/wp-content\/uploads\/2025\/04\/1608.jpg",1000,1000,false],"thumbnail":["https:\/\/babypillowwholesale.com\/wp-content\/uploads\/2025\/04\/1608-150x150.jpg",150,150,true],"medium":["https:\/\/babypillowwholesale.com\/wp-content\/uploads\/2025\/04\/1608-300x300.jpg",300,300,true],"medium_large":["https:\/\/babypillowwholesale.com\/wp-content\/uploads\/2025\/04\/1608-768x768.jpg",768,768,true],"large":["https:\/\/babypillowwholesale.com\/wp-content\/uploads\/2025\/04\/1608.jpg",1000,1000,false],"1536x1536":["https:\/\/babypillowwholesale.com\/wp-content\/uploads\/2025\/04\/1608.jpg",1000,1000,false],"2048x2048":["https:\/\/babypillowwholesale.com\/wp-content\/uploads\/2025\/04\/1608.jpg",1000,1000,false],"trp-custom-language-flag":["https:\/\/babypillowwholesale.com\/wp-content\/uploads\/2025\/04\/1608.jpg",12,12,false],"woocommerce_thumbnail":["https:\/\/babypillowwholesale.com\/wp-content\/uploads\/2025\/04\/1608-300x300.jpg",300,300,true],"woocommerce_single":["https:\/\/babypillowwholesale.com\/wp-content\/uploads\/2025\/04\/1608-600x600.jpg",600,600,true],"woocommerce_gallery_thumbnail":["https:\/\/babypillowwholesale.com\/wp-content\/uploads\/2025\/04\/1608-100x100.jpg",100,100,true]},"uagb_author_info":{"display_name":"Etnen zhong","author_link":"https:\/\/babypillowwholesale.com\/cs\/author\/"},"uagb_comment_info":0,"uagb_excerpt":"The Hydrophilic Foam Bread - shaped Pillow is designed for adults. With a specification of 60*40*13CM, it offers a generous and comfortable surface area. Crafted from hydrophilic foam, it is soft, breathable, and has excellent moisture - wicking properties, ensuring a dry and pleasant sleep environment. Its bread - like shape not only gives it&hellip;","jetpack_sharing_enabled":true,"_links":{"self":[{"href":"https:\/\/babypillowwholesale.com\/cs\/wp-json\/wp\/v2\/product\/3458","targetHints":{"allow":["GET"]}}],"collection":[{"href":"https:\/\/babypillowwholesale.com\/cs\/wp-json\/wp\/v2\/product"}],"about":[{"href":"https:\/\/babypillowwholesale.com\/cs\/wp-json\/wp\/v2\/types\/product"}],"replies":[{"embeddable":true,"href":"https:\/\/babypillowwholesale.com\/cs\/wp-json\/wp\/v2\/comments?post=3458"}],"wp:featuredmedia":[{"embeddable":true,"href":"https:\/\/babypillowwholesale.com\/cs\/wp-json\/wp\/v2\/media\/3459"}],"wp:attachment":[{"href":"https:\/\/babypillowwholesale.com\/cs\/wp-json\/wp\/v2\/media?parent=3458"}],"wp:term":[{"taxonomy":"product_brand","embeddable":true,"href":"https:\/\/babypillowwholesale.com\/cs\/wp-json\/wp\/v2\/product_brand?post=3458"},{"taxonomy":"product_cat","embeddable":true,"href":"https:\/\/babypillowwholesale.com\/cs\/wp-json\/wp\/v2\/product_cat?post=3458"},{"taxonomy":"product_tag","embeddable":true,"href":"https:\/\/babypillowwholesale.com\/cs\/wp-json\/wp\/v2\/product_tag?post=3458"}],"curies":[{"name":"wp","href":"https:\/\/api.w.org\/{rel}","templated":true}]}}