{"id":3448,"date":"2025-04-17T15:43:57","date_gmt":"2025-04-17T15:43:57","guid":{"rendered":"https:\/\/babypillowwholesale.com\/?post_type=product&#038;p=3448"},"modified":"2025-06-08T02:18:25","modified_gmt":"2025-06-08T02:18:25","slug":"hug-style-multi-purpose-nursing-pillow","status":"publish","type":"product","link":"https:\/\/babypillowwholesale.com\/cs\/product\/hug-style-multi-purpose-nursing-pillow\/","title":{"rendered":"V\u00edce\u00fa\u010delov\u00fd koj\u00edc\u00ed pol\u0161t\u00e1\u0159 Hug - style"},"content":{"rendered":"<div class=\"auto-hide-last-sibling-br paragraph-qzbcQC paragraph-element br-paragraph-space\" data-immersive-translate-walked=\"8e61f2e7-6af2-46e5-9672-3b9e4f4033d9\" data-immersive-translate-paragraph=\"1\">\n<div class=\"auto-hide-last-sibling-br paragraph-qzbcQC paragraph-element br-paragraph-space\">\n<div class=\"auto-hide-last-sibling-br paragraph-qzbcQC paragraph-element br-paragraph-space\">\n<div class=\"auto-hide-last-sibling-br paragraph-qzbcQC paragraph-element br-paragraph-space\">\n<div class=\"auto-hide-last-sibling-br paragraph-qzbcQC paragraph-element br-paragraph-space\">\n<div class=\"auto-hide-last-sibling-br paragraph-qzbcQC paragraph-element br-paragraph-space\">\n<div class=\"inter-wlTS5w\">\n<div class=\"container-QE4ayg\">\n<div class=\"item-jU10IN\">\n<div class=\"container-jODEnh chrome70-container\">\n<div class=\"inner-eE95c9 inner-item-aL3Ui_\" data-target-id=\"message-box-target-id\" data-testid=\"union_message\">\n<div class=\"message-block-container-liuetz\" data-testid=\"message-block-container\">\n<div class=\"message-box-ZWbBdF\" data-testid=\"receive_message\">\n<div class=\"message-box-content-wrapper-srHdUj\">\n<div class=\"message-content message-box-content-otxGGw receive-message-box-content-_lREFj samantha-message-box-content-Qjmpja\" data-testid=\"message_content\">\n<div class=\"container-hfX5E8 flow-markdown-body theme-samantha-yJEgBp\" dir=\"ltr\" data-testid=\"message_text_content\" data-show-indicator=\"false\">\n<div class=\"auto-hide-last-sibling-br paragraph-qzbcQC paragraph-element br-paragraph-space\">\n<div class=\"auto-hide-last-sibling-br paragraph-qzbcQC paragraph-element br-paragraph-space\">\n<div class=\"auto-hide-last-sibling-br paragraph-qzbcQC paragraph-element br-paragraph-space\">\n<div class=\"auto-hide-last-sibling-br paragraph-qzbcQC paragraph-element br-paragraph-space\">\n<div class=\"message-box-content-wrapper-srHdUj\">\n<div class=\"message-content message-box-content-otxGGw receive-message-box-content-_lREFj samantha-message-box-content-Qjmpja\" data-testid=\"message_content\">\n<div class=\"container-hfX5E8 flow-markdown-body theme-samantha-yJEgBp\" dir=\"ltr\" data-testid=\"message_text_content\" data-show-indicator=\"false\">\n<div class=\"auto-hide-last-sibling-br paragraph-qzbcQC paragraph-element br-paragraph-space\">P\u0159edstavujeme v\u00edce\u00fa\u010delov\u00fd kojic\u00ed pol\u0161t\u00e1\u0159 Hug - style, pe\u010duj\u00edc\u00ed pom\u016fcku navr\u017eenou s l\u00e1skou pro koj\u00edc\u00ed matky. Jeho ergonomicky tvarovan\u00fd tvar U o rozm\u011brech 46*.<em>42*<\/em>13 cm, ladn\u011b obep\u00edn\u00e1 t\u011blo matky a vytv\u00e1\u0159\u00ed h\u0159ejiv\u00e9, podp\u016frn\u00e9 objet\u00ed. Tento promy\u0161len\u00fd design m\u011bn\u00ed pravidla hry b\u011bhem krmen\u00ed, proto\u017ee poskytuje stabiln\u00ed a pohodln\u00e9 m\u00edsto pro d\u00edt\u011b a z\u00e1rove\u0148 sni\u017euje z\u00e1t\u011b\u017e mat\u010din\u00fdch rukou a zad. Povrch pol\u0161t\u00e1\u0159e zdoben\u00fd m\u011bkkou strukturovanou povrchovou \u00fapravou hlad\u00ed jemnou poko\u017eku d\u00edt\u011bte a zaji\u0161\u0165uje jemn\u00fd a p\u0159\u00edjemn\u00fd z\u00e1\u017eitek.<\/div>\n<p>&nbsp;<\/p>\n<div class=\"auto-hide-last-sibling-br paragraph-qzbcQC paragraph-element br-paragraph-space\">Je k dispozici v palet\u011b kr\u00e1sn\u00fdch barev - jemn\u011b r\u016f\u017eov\u00e9, uklid\u0148uj\u00edc\u00ed modr\u00e9, neutr\u00e1ln\u00ed \u0161ed\u00e9 a vesel\u00e9 \u017elut\u00e9 - a hladce kombinuje funk\u010dnost s n\u00e1dechem stylu, tak\u017ee se hod\u00ed do ka\u017ed\u00e9ho d\u011btsk\u00e9ho pokoje. Jej\u00ed v\u0161estrannost v\u0161ak nekon\u010d\u00ed u kojen\u00ed. Prom\u011bn\u00ed se ve spolehlivou oporu pro d\u00edt\u011b b\u011bhem hran\u00ed a nab\u00edz\u00ed bezpe\u010dn\u00e9 a \u00fatuln\u00e9 m\u00edsto pro zkoum\u00e1n\u00ed. Pro maminky slou\u017e\u00ed jako ply\u0161ov\u00e1 op\u011brka zad, ide\u00e1ln\u00ed pro chv\u00edle odpo\u010dinku mezi p\u00e9\u010d\u00ed o jejich nejmen\u0161\u00ed.<\/div>\n<p>&nbsp;<\/p>\n<div class=\"auto-hide-last-sibling-br paragraph-qzbcQC paragraph-element br-paragraph-space\">Matky na n\u011bj p\u011bj\u00ed chv\u00e1lu. \"Tento koj\u00edc\u00ed pol\u0161t\u00e1\u0159 je z\u00e1chranou! Kojen\u00ed je d\u00edky n\u011bmu mnohem snaz\u0161\u00ed a pohodln\u011bj\u0161\u00ed. Nev\u00edm, jak jsem to bez n\u011bj zvl\u00e1dala,\" sv\u011b\u0159ila se jedna z novope\u010den\u00fdch maminek. Jin\u00e1 dodala: \"L\u00edb\u00ed se mi, \u017ee nen\u00ed ur\u010den jen ke kojen\u00ed. Pou\u017e\u00edv\u00e1m ho k podep\u0159en\u00ed miminka b\u011bhem chvilky na b\u0159\u00ed\u0161ku a jako op\u011brku zad, kdy\u017e si \u010dtu v posteli. Je to tak praktick\u00e1 a multifunk\u010dn\u00ed v\u011bc.\"<\/div>\n<p>&nbsp;<\/p>\n<div class=\"auto-hide-last-sibling-br paragraph-qzbcQC paragraph-element br-paragraph-space\">V\u00edce\u00fa\u010delov\u00fd kojic\u00ed pol\u0161t\u00e1\u0159 Hug - style je v podstat\u011b v\u00edc ne\u017e jen pol\u0161t\u00e1\u0159; je to d\u016fv\u011bryhodn\u00fd spole\u010dn\u00edk matek, kter\u00fd zlep\u0161uje sbl\u00ed\u017een\u00ed s jejich d\u011btmi a p\u0159in\u00e1\u0161\u00ed pohodl\u00ed a komfort v t\u011bchto vz\u00e1cn\u00fdch prvn\u00edch dnech i po nich.<\/div>\n<\/div>\n<\/div>\n<\/div>\n<\/div>\n<\/div>\n<\/div>\n<\/div>\n<\/div>\n<\/div>\n<\/div>\n<\/div>\n<\/div>\n<\/div>\n<\/div>\n<\/div>\n<\/div>\n<\/div>\n<\/div>\n<\/div>\n<\/div>\n<\/div>\n<\/div>\n<\/div>","protected":false},"excerpt":{"rendered":"<p>V\u00edce\u00fa\u010delov\u00fd kojic\u00ed pol\u0161t\u00e1\u0159 Hug - style je nezbytnou pom\u016fckou pro koj\u00edc\u00ed matky. Jeho ergonomick\u00fd design ve tvaru p\u00edsmene U s rozm\u011bry 46*.<em>42*<\/em>13 cm, pohodln\u011b obep\u00edn\u00e1 t\u011blo matky a poskytuje d\u00edt\u011bti stabiln\u00ed oporu b\u011bhem krmen\u00ed. Pom\u00e1h\u00e1 tak sn\u00ed\u017eit z\u00e1t\u011b\u017e na mat\u010diny pa\u017ee a z\u00e1da, tak\u017ee proces kojen\u00ed je pohodln\u011bj\u0161\u00ed a uvoln\u011bn\u011bj\u0161\u00ed. Povrch m\u00e1 m\u011bkk\u00fd, strukturovan\u00fd povrch, kter\u00fd je \u0161etrn\u00fd k poko\u017ece d\u00edt\u011bte. Je k dispozici v \u0159ad\u011b barev v\u010detn\u011b r\u016f\u017eov\u00e9, modr\u00e9, \u0161ed\u00e9 a \u017elut\u00e9 a kombinuje funk\u010dnost s n\u00e1dechem stylu. Krom\u011b kojen\u00ed ji lze pou\u017e\u00edt tak\u00e9 k podp\u00edr\u00e1n\u00ed d\u00edt\u011bte b\u011bhem hran\u00ed nebo jako pohodlnou op\u011brku zad pro maminku, co\u017e z n\u00ed \u010din\u00ed skute\u010dn\u011b multifunk\u010dn\u00ed dopln\u011bk d\u011btsk\u00e9ho pokoje.<\/p>","protected":false},"featured_media":3449,"comment_status":"open","ping_status":"closed","template":"","meta":{"_uag_custom_page_level_css":"","site-sidebar-layout":"default","site-content-layout":"","ast-site-content-layout":"default","site-content-style":"default","site-sidebar-style":"default","ast-global-header-display":"","ast-banner-title-visibility":"","ast-main-header-display":"","ast-hfb-above-header-display":"","ast-hfb-below-header-display":"","ast-hfb-mobile-header-display":"","site-post-title":"","ast-breadcrumbs-content":"","ast-featured-img":"","footer-sml-layout":"","ast-disable-related-posts":"","theme-transparent-header-meta":"default","adv-header-id-meta":"","stick-header-meta":"","header-above-stick-meta":"","header-main-stick-meta":"","header-below-stick-meta":"","astra-migrate-meta-layouts":"set","ast-page-background-enabled":"default","ast-page-background-meta":{"desktop":{"background-color":"","background-image":"","background-repeat":"repeat","background-position":"center center","background-size":"auto","background-attachment":"scroll","background-type":"","background-media":"","overlay-type":"","overlay-color":"","overlay-opacity":"","overlay-gradient":""},"tablet":{"background-color":"","background-image":"","background-repeat":"repeat","background-position":"center center","background-size":"auto","background-attachment":"scroll","background-type":"","background-media":"","overlay-type":"","overlay-color":"","overlay-opacity":"","overlay-gradient":""},"mobile":{"background-color":"","background-image":"","background-repeat":"repeat","background-position":"center center","background-size":"auto","background-attachment":"scroll","background-type":"","background-media":"","overlay-type":"","overlay-color":"","overlay-opacity":"","overlay-gradient":""}},"ast-content-background-meta":{"desktop":{"background-color":"var(--ast-global-color-5)","background-image":"","background-repeat":"repeat","background-position":"center center","background-size":"auto","background-attachment":"scroll","background-type":"","background-media":"","overlay-type":"","overlay-color":"","overlay-opacity":"","overlay-gradient":""},"tablet":{"background-color":"var(--ast-global-color-5)","background-image":"","background-repeat":"repeat","background-position":"center center","background-size":"auto","background-attachment":"scroll","background-type":"","background-media":"","overlay-type":"","overlay-color":"","overlay-opacity":"","overlay-gradient":""},"mobile":{"background-color":"var(--ast-global-color-5)","background-image":"","background-repeat":"repeat","background-position":"center center","background-size":"auto","background-attachment":"scroll","background-type":"","background-media":"","overlay-type":"","overlay-color":"","overlay-opacity":"","overlay-gradient":""}}},"product_brand":[],"product_cat":[21],"product_tag":[70,68,71,69],"class_list":{"0":"post-3448","1":"product","2":"type-product","3":"status-publish","4":"has-post-thumbnail","6":"product_cat-others","7":"product_tag-babypillow","8":"product_tag-cuteanimalpillow","9":"product_tag-headshapesupport","10":"product_tag-kouniushapingpillow","11":"desktop-align-left","12":"tablet-align-left","13":"mobile-align-left","15":"first","16":"instock","17":"shipping-taxable","18":"product-type-simple"},"aioseo_notices":[],"uagb_featured_image_src":{"full":["https:\/\/babypillowwholesale.com\/wp-content\/uploads\/2025\/04\/1021.jpg",1000,1000,false],"thumbnail":["https:\/\/babypillowwholesale.com\/wp-content\/uploads\/2025\/04\/1021-150x150.jpg",150,150,true],"medium":["https:\/\/babypillowwholesale.com\/wp-content\/uploads\/2025\/04\/1021-300x300.jpg",300,300,true],"medium_large":["https:\/\/babypillowwholesale.com\/wp-content\/uploads\/2025\/04\/1021-768x768.jpg",768,768,true],"large":["https:\/\/babypillowwholesale.com\/wp-content\/uploads\/2025\/04\/1021.jpg",1000,1000,false],"1536x1536":["https:\/\/babypillowwholesale.com\/wp-content\/uploads\/2025\/04\/1021.jpg",1000,1000,false],"2048x2048":["https:\/\/babypillowwholesale.com\/wp-content\/uploads\/2025\/04\/1021.jpg",1000,1000,false],"trp-custom-language-flag":["https:\/\/babypillowwholesale.com\/wp-content\/uploads\/2025\/04\/1021.jpg",12,12,false],"woocommerce_thumbnail":["https:\/\/babypillowwholesale.com\/wp-content\/uploads\/2025\/04\/1021-300x300.jpg",300,300,true],"woocommerce_single":["https:\/\/babypillowwholesale.com\/wp-content\/uploads\/2025\/04\/1021-600x600.jpg",600,600,true],"woocommerce_gallery_thumbnail":["https:\/\/babypillowwholesale.com\/wp-content\/uploads\/2025\/04\/1021-100x100.jpg",100,100,true]},"uagb_author_info":{"display_name":"Etnen zhong","author_link":"https:\/\/babypillowwholesale.com\/cs\/author\/"},"uagb_comment_info":0,"uagb_excerpt":"The Hug - style Multi - purpose Nursing Pillow is an essential aid for nursing mothers. Its ergonomic U - shaped design, sized at 46*42*13CM, comfortably wraps around the mother's body, providing stable support for the baby during feeding. This helps reduce strain on the mother's arms and back, making the nursing process more comfortable&hellip;","jetpack_sharing_enabled":true,"_links":{"self":[{"href":"https:\/\/babypillowwholesale.com\/cs\/wp-json\/wp\/v2\/product\/3448","targetHints":{"allow":["GET"]}}],"collection":[{"href":"https:\/\/babypillowwholesale.com\/cs\/wp-json\/wp\/v2\/product"}],"about":[{"href":"https:\/\/babypillowwholesale.com\/cs\/wp-json\/wp\/v2\/types\/product"}],"replies":[{"embeddable":true,"href":"https:\/\/babypillowwholesale.com\/cs\/wp-json\/wp\/v2\/comments?post=3448"}],"wp:featuredmedia":[{"embeddable":true,"href":"https:\/\/babypillowwholesale.com\/cs\/wp-json\/wp\/v2\/media\/3449"}],"wp:attachment":[{"href":"https:\/\/babypillowwholesale.com\/cs\/wp-json\/wp\/v2\/media?parent=3448"}],"wp:term":[{"taxonomy":"product_brand","embeddable":true,"href":"https:\/\/babypillowwholesale.com\/cs\/wp-json\/wp\/v2\/product_brand?post=3448"},{"taxonomy":"product_cat","embeddable":true,"href":"https:\/\/babypillowwholesale.com\/cs\/wp-json\/wp\/v2\/product_cat?post=3448"},{"taxonomy":"product_tag","embeddable":true,"href":"https:\/\/babypillowwholesale.com\/cs\/wp-json\/wp\/v2\/product_tag?post=3448"}],"curies":[{"name":"wp","href":"https:\/\/api.w.org\/{rel}","templated":true}]}}