{"id":3445,"date":"2025-04-17T15:32:05","date_gmt":"2025-04-17T15:32:05","guid":{"rendered":"https:\/\/babypillowwholesale.com\/?post_type=product&#038;p=3445"},"modified":"2025-06-08T02:21:40","modified_gmt":"2025-06-08T02:21:40","slug":"u-shaped-neck-protecting-travel-pillow","status":"publish","type":"product","link":"https:\/\/babypillowwholesale.com\/cs\/product\/u-shaped-neck-protecting-travel-pillow\/","title":{"rendered":"Cestovn\u00ed pol\u0161t\u00e1\u0159 ve tvaru p\u00edsmene U chr\u00e1n\u00edc\u00ed krk"},"content":{"rendered":"<div class=\"auto-hide-last-sibling-br paragraph-qzbcQC paragraph-element br-paragraph-space\" data-immersive-translate-walked=\"8e61f2e7-6af2-46e5-9672-3b9e4f4033d9\" data-immersive-translate-paragraph=\"1\">\n<div class=\"auto-hide-last-sibling-br paragraph-qzbcQC paragraph-element br-paragraph-space\">\n<div class=\"auto-hide-last-sibling-br paragraph-qzbcQC paragraph-element br-paragraph-space\">\n<div class=\"auto-hide-last-sibling-br paragraph-qzbcQC paragraph-element br-paragraph-space\">\n<div class=\"auto-hide-last-sibling-br paragraph-qzbcQC paragraph-element br-paragraph-space\">\n<div class=\"auto-hide-last-sibling-br paragraph-qzbcQC paragraph-element br-paragraph-space\">\n<div class=\"inter-wlTS5w\">\n<div class=\"container-QE4ayg\">\n<div class=\"item-jU10IN\">\n<div class=\"container-jODEnh chrome70-container\">\n<div class=\"inner-eE95c9 inner-item-aL3Ui_\" data-target-id=\"message-box-target-id\" data-testid=\"union_message\">\n<div class=\"message-block-container-liuetz\" data-testid=\"message-block-container\">\n<div class=\"message-box-ZWbBdF\" data-testid=\"receive_message\">\n<div class=\"message-box-content-wrapper-srHdUj\">\n<div class=\"message-content message-box-content-otxGGw receive-message-box-content-_lREFj samantha-message-box-content-Qjmpja\" data-testid=\"message_content\">\n<div class=\"container-hfX5E8 flow-markdown-body theme-samantha-yJEgBp\" dir=\"ltr\" data-testid=\"message_text_content\" data-show-indicator=\"false\">\n<div class=\"auto-hide-last-sibling-br paragraph-qzbcQC paragraph-element br-paragraph-space\">\n<div class=\"auto-hide-last-sibling-br paragraph-qzbcQC paragraph-element br-paragraph-space\">\n<div class=\"auto-hide-last-sibling-br paragraph-qzbcQC paragraph-element br-paragraph-space\">\n<div class=\"auto-hide-last-sibling-br paragraph-qzbcQC paragraph-element br-paragraph-space\">Dop\u0159ejte si na cest\u00e1ch jedine\u010dn\u00e9 pohodl\u00ed s na\u0161\u00edm cestovn\u00edm pol\u0161t\u00e1\u0159em ve tvaru U, kter\u00fd je pe\u010dliv\u011b navr\u017een pro dosp\u011bl\u00e9. Rozm\u011bry 30*<em>30*<\/em>10CM ergonomick\u00fd tvar p\u00edsmene U se elegantn\u011b p\u0159izp\u016fsob\u00ed kontur\u00e1m va\u0161eho krku a poskytne mu oporu. Tento promy\u0161len\u00fd design je ochranou proti nepohodl\u00ed zp\u016fsoben\u00e9mu namo\u017een\u00edm krku, a\u0165 u\u017e cestujete p\u0159es kontinenty b\u011bhem d\u00e1lkov\u00e9ho letu, vyd\u00e1v\u00e1te se na malebn\u00fd v\u00fdlet nebo si v kancel\u00e1\u0159i ukradnete chvilku odpo\u010dinku.<\/div>\n<p>&nbsp;<\/p>\n<div class=\"auto-hide-last-sibling-br paragraph-qzbcQC paragraph-element br-paragraph-space\">Je vyrobena z luxusn\u011b m\u011bkk\u00fdch materi\u00e1l\u016f prvot\u0159\u00eddn\u00ed kvality, kter\u00e9 se jemn\u011b dot\u00fdkaj\u00ed va\u0161\u00ed poko\u017eky a zaji\u0161\u0165uj\u00ed luxusn\u00ed z\u00e1\u017eitek. K dispozici je v trojici stylov\u00fdch odst\u00edn\u016f - klasick\u00e9 \u0161ed\u00e9, okouzluj\u00edc\u00ed r\u016f\u017eov\u00e9 a klidn\u00e9 modr\u00e9 - a slou\u017e\u00ed nejen jako funk\u010dn\u00ed nezbytnost, ale tak\u00e9 dod\u00e1 va\u0161\u00ed cestovn\u00ed v\u00fdbav\u011b osobit\u00fd \u0161mrnc.<\/div>\n<p>&nbsp;<\/p>\n<div class=\"auto-hide-last-sibling-br paragraph-qzbcQC paragraph-element br-paragraph-space\">Cestovatel\u00e9 na n\u011bj p\u011bj\u00ed chv\u00e1lu. \"Tento cestovn\u00ed pol\u0161t\u00e1\u0159 m\u011bn\u00ed pravidla hry! D\u0159\u00edv jsem se dlouh\u00fdch let\u016f b\u00e1la kv\u016fli bolestem krku, ale d\u00edky tomuto pol\u0161t\u00e1\u0159i byla moje posledn\u00ed cesta hra\u010dka. Je tak m\u011bkk\u00fd a perfektn\u011b sed\u00ed,\" sv\u011b\u0159ila se jedna z \u010dast\u00fdch cestuj\u00edc\u00edch. Dal\u0161\u00ed z\u00e1kazn\u00edk se rozpl\u00fdval: \"Beru si ho s sebou na ka\u017edou cestu. Je kompaktn\u00ed, pohodln\u00fd a barevn\u00e9 varianty jsou skv\u011bl\u00e9. Stala se nepostradatelnou sou\u010d\u00e1st\u00ed m\u00e9 cestovn\u00ed v\u00fdbavy.\"<\/div>\n<p>&nbsp;<\/p>\n<div class=\"auto-hide-last-sibling-br paragraph-qzbcQC paragraph-element br-paragraph-space\">N\u00e1\u0161 cestovn\u00ed pol\u0161t\u00e1\u0159 ve tvaru p\u00edsmene U, kter\u00fd chr\u00e1n\u00ed krk, nen\u00ed pouh\u00fdm dopl\u0148kem, ale pasem k pohodl\u00ed, kter\u00fd prom\u011bn\u00ed ka\u017edou dlouhou \u010di kr\u00e1tkou cestu v odpo\u010dinkov\u00fd a p\u0159\u00edjemn\u00fd z\u00e1\u017eitek.<\/div>\n<\/div>\n<\/div>\n<\/div>\n<\/div>\n<\/div>\n<\/div>\n<\/div>\n<\/div>\n<\/div>\n<\/div>\n<\/div>\n<\/div>\n<\/div>\n<\/div>\n<\/div>\n<\/div>\n<\/div>\n<\/div>\n<\/div>","protected":false},"excerpt":{"rendered":"<p>Cestovn\u00ed pol\u0161t\u00e1\u0159 na ochranu krku ve tvaru p\u00edsmene U je vyroben na m\u00edru pro dosp\u011bl\u00e9. Specifikace 30*<em>30*<\/em>10 cm, jej\u00ed ergonomick\u00fd tvar p\u00edsmene U se p\u0159esn\u011b p\u0159izp\u016fsob\u00ed krku, poskytuje vynikaj\u00edc\u00ed oporu a \u00fa\u010dinn\u011b zabra\u0148uje nam\u00e1h\u00e1n\u00ed krku b\u011bhem cestov\u00e1n\u00ed. A\u0165 u\u017e jste na dlouh\u00e9m letu, na cest\u011b nebo si jen zd\u0159\u00edmnete v kancel\u00e1\u0159i, tento pol\u0161t\u00e1\u0159 nab\u00edz\u00ed pohodln\u00e9 a praktick\u00e9 \u0159e\u0161en\u00ed. Je vyroben z m\u011bkk\u00fdch a vysoce kvalitn\u00edch materi\u00e1l\u016f a je jemn\u00fd k poko\u017ece. Je k dispozici ve t\u0159ech stylov\u00fdch barv\u00e1ch - \u0161ed\u00e9, r\u016f\u017eov\u00e9 a modr\u00e9 - a kombinuje funk\u010dnost s n\u00e1dechem osobn\u00edho stylu, co\u017e z n\u011bj \u010din\u00ed nezbytn\u00fd cestovn\u00ed dopln\u011bk pro ty, kte\u0159\u00ed hledaj\u00ed pohodl\u00ed na cest\u00e1ch.<\/p>","protected":false},"featured_media":3446,"comment_status":"open","ping_status":"closed","template":"","meta":{"_uag_custom_page_level_css":"","site-sidebar-layout":"default","site-content-layout":"","ast-site-content-layout":"default","site-content-style":"default","site-sidebar-style":"default","ast-global-header-display":"","ast-banner-title-visibility":"","ast-main-header-display":"","ast-hfb-above-header-display":"","ast-hfb-below-header-display":"","ast-hfb-mobile-header-display":"","site-post-title":"","ast-breadcrumbs-content":"","ast-featured-img":"","footer-sml-layout":"","ast-disable-related-posts":"","theme-transparent-header-meta":"default","adv-header-id-meta":"","stick-header-meta":"","header-above-stick-meta":"","header-main-stick-meta":"","header-below-stick-meta":"","astra-migrate-meta-layouts":"set","ast-page-background-enabled":"default","ast-page-background-meta":{"desktop":{"background-color":"","background-image":"","background-repeat":"repeat","background-position":"center center","background-size":"auto","background-attachment":"scroll","background-type":"","background-media":"","overlay-type":"","overlay-color":"","overlay-opacity":"","overlay-gradient":""},"tablet":{"background-color":"","background-image":"","background-repeat":"repeat","background-position":"center center","background-size":"auto","background-attachment":"scroll","background-type":"","background-media":"","overlay-type":"","overlay-color":"","overlay-opacity":"","overlay-gradient":""},"mobile":{"background-color":"","background-image":"","background-repeat":"repeat","background-position":"center center","background-size":"auto","background-attachment":"scroll","background-type":"","background-media":"","overlay-type":"","overlay-color":"","overlay-opacity":"","overlay-gradient":""}},"ast-content-background-meta":{"desktop":{"background-color":"var(--ast-global-color-5)","background-image":"","background-repeat":"repeat","background-position":"center center","background-size":"auto","background-attachment":"scroll","background-type":"","background-media":"","overlay-type":"","overlay-color":"","overlay-opacity":"","overlay-gradient":""},"tablet":{"background-color":"var(--ast-global-color-5)","background-image":"","background-repeat":"repeat","background-position":"center center","background-size":"auto","background-attachment":"scroll","background-type":"","background-media":"","overlay-type":"","overlay-color":"","overlay-opacity":"","overlay-gradient":""},"mobile":{"background-color":"var(--ast-global-color-5)","background-image":"","background-repeat":"repeat","background-position":"center center","background-size":"auto","background-attachment":"scroll","background-type":"","background-media":"","overlay-type":"","overlay-color":"","overlay-opacity":"","overlay-gradient":""}}},"product_brand":[],"product_cat":[21],"product_tag":[70,68,71,69],"class_list":{"0":"post-3445","1":"product","2":"type-product","3":"status-publish","4":"has-post-thumbnail","6":"product_cat-others","7":"product_tag-babypillow","8":"product_tag-cuteanimalpillow","9":"product_tag-headshapesupport","10":"product_tag-kouniushapingpillow","11":"desktop-align-left","12":"tablet-align-left","13":"mobile-align-left","15":"first","16":"instock","17":"shipping-taxable","18":"product-type-simple"},"aioseo_notices":[],"uagb_featured_image_src":{"full":["https:\/\/babypillowwholesale.com\/wp-content\/uploads\/2025\/04\/\u4ea7\u54c1\u4e3b\u56fe-7.jpg",1000,1000,false],"thumbnail":["https:\/\/babypillowwholesale.com\/wp-content\/uploads\/2025\/04\/\u4ea7\u54c1\u4e3b\u56fe-7-150x150.jpg",150,150,true],"medium":["https:\/\/babypillowwholesale.com\/wp-content\/uploads\/2025\/04\/\u4ea7\u54c1\u4e3b\u56fe-7-300x300.jpg",300,300,true],"medium_large":["https:\/\/babypillowwholesale.com\/wp-content\/uploads\/2025\/04\/\u4ea7\u54c1\u4e3b\u56fe-7-768x768.jpg",768,768,true],"large":["https:\/\/babypillowwholesale.com\/wp-content\/uploads\/2025\/04\/\u4ea7\u54c1\u4e3b\u56fe-7.jpg",1000,1000,false],"1536x1536":["https:\/\/babypillowwholesale.com\/wp-content\/uploads\/2025\/04\/\u4ea7\u54c1\u4e3b\u56fe-7.jpg",1000,1000,false],"2048x2048":["https:\/\/babypillowwholesale.com\/wp-content\/uploads\/2025\/04\/\u4ea7\u54c1\u4e3b\u56fe-7.jpg",1000,1000,false],"trp-custom-language-flag":["https:\/\/babypillowwholesale.com\/wp-content\/uploads\/2025\/04\/\u4ea7\u54c1\u4e3b\u56fe-7.jpg",12,12,false],"woocommerce_thumbnail":["https:\/\/babypillowwholesale.com\/wp-content\/uploads\/2025\/04\/\u4ea7\u54c1\u4e3b\u56fe-7-300x300.jpg",300,300,true],"woocommerce_single":["https:\/\/babypillowwholesale.com\/wp-content\/uploads\/2025\/04\/\u4ea7\u54c1\u4e3b\u56fe-7-600x600.jpg",600,600,true],"woocommerce_gallery_thumbnail":["https:\/\/babypillowwholesale.com\/wp-content\/uploads\/2025\/04\/\u4ea7\u54c1\u4e3b\u56fe-7-100x100.jpg",100,100,true]},"uagb_author_info":{"display_name":"Etnen zhong","author_link":"https:\/\/babypillowwholesale.com\/cs\/author\/"},"uagb_comment_info":0,"uagb_excerpt":"The U - shaped Neck - protecting Travel Pillow is tailor - made for adults. With a specification of 30*30*10CM, its ergonomic U - shape snugly contours to the neck, providing excellent support and effectively preventing neck strain during travel. Whether you're on a long - haul flight, a road trip, or simply taking a&hellip;","jetpack_sharing_enabled":true,"_links":{"self":[{"href":"https:\/\/babypillowwholesale.com\/cs\/wp-json\/wp\/v2\/product\/3445","targetHints":{"allow":["GET"]}}],"collection":[{"href":"https:\/\/babypillowwholesale.com\/cs\/wp-json\/wp\/v2\/product"}],"about":[{"href":"https:\/\/babypillowwholesale.com\/cs\/wp-json\/wp\/v2\/types\/product"}],"replies":[{"embeddable":true,"href":"https:\/\/babypillowwholesale.com\/cs\/wp-json\/wp\/v2\/comments?post=3445"}],"wp:featuredmedia":[{"embeddable":true,"href":"https:\/\/babypillowwholesale.com\/cs\/wp-json\/wp\/v2\/media\/3446"}],"wp:attachment":[{"href":"https:\/\/babypillowwholesale.com\/cs\/wp-json\/wp\/v2\/media?parent=3445"}],"wp:term":[{"taxonomy":"product_brand","embeddable":true,"href":"https:\/\/babypillowwholesale.com\/cs\/wp-json\/wp\/v2\/product_brand?post=3445"},{"taxonomy":"product_cat","embeddable":true,"href":"https:\/\/babypillowwholesale.com\/cs\/wp-json\/wp\/v2\/product_cat?post=3445"},{"taxonomy":"product_tag","embeddable":true,"href":"https:\/\/babypillowwholesale.com\/cs\/wp-json\/wp\/v2\/product_tag?post=3445"}],"curies":[{"name":"wp","href":"https:\/\/api.w.org\/{rel}","templated":true}]}}