{"id":3426,"date":"2025-04-16T07:37:53","date_gmt":"2025-04-16T07:37:53","guid":{"rendered":"https:\/\/babypillowwholesale.com\/?post_type=product&#038;p=3426"},"modified":"2025-06-08T02:37:25","modified_gmt":"2025-06-08T02:37:25","slug":"rainbow-pony-childrens-pillow","status":"publish","type":"product","link":"https:\/\/babypillowwholesale.com\/cs\/product\/rainbow-pony-childrens-pillow\/","title":{"rendered":"D\u011btsk\u00fd pol\u0161t\u00e1\u0159 Rainbow Pony"},"content":{"rendered":"<div class=\"auto-hide-last-sibling-br paragraph-qzbcQC paragraph-element br-paragraph-space\" data-immersive-translate-walked=\"8e61f2e7-6af2-46e5-9672-3b9e4f4033d9\" data-immersive-translate-paragraph=\"1\">\n<div class=\"auto-hide-last-sibling-br paragraph-qzbcQC paragraph-element br-paragraph-space\">\n<div class=\"auto-hide-last-sibling-br paragraph-qzbcQC paragraph-element br-paragraph-space\">\n<div class=\"auto-hide-last-sibling-br paragraph-qzbcQC paragraph-element br-paragraph-space\">\n<div class=\"auto-hide-last-sibling-br paragraph-qzbcQC paragraph-element br-paragraph-space\">\n<div class=\"auto-hide-last-sibling-br paragraph-qzbcQC paragraph-element br-paragraph-space\">\n<div class=\"inter-wlTS5w\">\n<div class=\"container-QE4ayg\">\n<div class=\"item-jU10IN\">\n<div class=\"container-jODEnh chrome70-container\">\n<div class=\"inner-eE95c9 inner-item-aL3Ui_\" data-target-id=\"message-box-target-id\" data-testid=\"union_message\">\n<div class=\"message-block-container-liuetz\" data-testid=\"message-block-container\">\n<div class=\"message-box-ZWbBdF\" data-testid=\"receive_message\">\n<div class=\"message-box-content-wrapper-srHdUj\">\n<div class=\"message-content message-box-content-otxGGw receive-message-box-content-_lREFj samantha-message-box-content-Qjmpja\" data-testid=\"message_content\">\n<div class=\"container-hfX5E8 flow-markdown-body theme-samantha-yJEgBp\" dir=\"ltr\" data-testid=\"message_text_content\" data-show-indicator=\"false\">\n<div class=\"auto-hide-last-sibling-br paragraph-qzbcQC paragraph-element br-paragraph-space\">\n<div class=\"auto-hide-last-sibling-br paragraph-qzbcQC paragraph-element br-paragraph-space\">\n<div class=\"auto-hide-last-sibling-br paragraph-qzbcQC paragraph-element br-paragraph-space\">\n<div class=\"auto-hide-last-sibling-br paragraph-qzbcQC paragraph-element br-paragraph-space\">\n<div class=\"auto-hide-last-sibling-br paragraph-qzbcQC paragraph-element br-paragraph-space\">\n<div class=\"auto-hide-last-sibling-br paragraph-qzbcQC paragraph-element br-paragraph-space\">\n<div class=\"inter-wlTS5w\">\n<div class=\"container-QE4ayg\">\n<div class=\"item-jU10IN\">\n<div class=\"container-jODEnh chrome70-container\">\n<div class=\"inner-eE95c9 inner-item-aL3Ui_\" data-target-id=\"message-box-target-id\" data-testid=\"union_message\">\n<div class=\"message-block-container-liuetz\" data-testid=\"message-block-container\">\n<div class=\"message-box-ZWbBdF\" data-testid=\"receive_message\" data-message-id=\"3117344892904450\">\n<div class=\"message-box-content-wrapper-srHdUj\">\n<div class=\"message-content message-box-content-otxGGw receive-message-box-content-_lREFj samantha-message-box-content-Qjmpja\" data-testid=\"message_content\">\n<div class=\"container-hfX5E8 flow-markdown-body theme-samantha-yJEgBp\" dir=\"ltr\" data-testid=\"message_text_content\" data-show-indicator=\"false\">\n<div class=\"auto-hide-last-sibling-br paragraph-qzbcQC paragraph-element br-paragraph-space\">\n<div class=\"inter-wlTS5w\">\n<div class=\"container-QE4ayg\">\n<div class=\"item-jU10IN\">\n<div class=\"container-jODEnh chrome70-container\">\n<div class=\"inner-eE95c9 inner-item-aL3Ui_\" data-target-id=\"message-box-target-id\" data-testid=\"union_message\">\n<div class=\"message-block-container-liuetz\" data-testid=\"message-block-container\">\n<div class=\"message-box-ZWbBdF\" data-testid=\"receive_message\" data-message-id=\"3118336188382466\">\n<div class=\"message-box-content-wrapper-srHdUj\">\n<div class=\"message-content message-box-content-otxGGw receive-message-box-content-_lREFj samantha-message-box-content-Qjmpja\" data-testid=\"message_content\">\n<div class=\"container-hfX5E8 flow-markdown-body theme-samantha-yJEgBp\" dir=\"ltr\" data-testid=\"message_text_content\" data-show-indicator=\"false\">\n<div class=\"auto-hide-last-sibling-br paragraph-qzbcQC paragraph-element br-paragraph-space\">\n<div class=\"auto-hide-last-sibling-br paragraph-qzbcQC paragraph-element br-paragraph-space\">S d\u011btsk\u00fdm pol\u0161t\u00e1\u0159em Duhov\u00fd pon\u00edk m\u016f\u017eete d\u011btem od 3 do 15 let p\u0159edstavit sv\u011bt pln\u00fd kouzel. Velikost 45*<em>28*<\/em>5\/7CM, nab\u00edz\u00ed \u00fatuln\u00e9 objet\u00ed pro mal\u00e9 sp\u00e1\u010de, poskytuje optim\u00e1ln\u00ed oporu hlavy a krku a zaji\u0161\u0165uje klidn\u00fd sp\u00e1nek.<\/div>\n<p>&nbsp;<\/p>\n<div class=\"auto-hide-last-sibling-br paragraph-qzbcQC paragraph-element br-paragraph-space\">Povrch pol\u0161t\u00e1\u0159e je port\u00e1lem do fantastick\u00e9 \u0159\u00ed\u0161e, kterou zdob\u00ed podmaniv\u00e1 ilustrace duhov\u00e9ho pon\u00edka. Tento kouzeln\u00fd kon\u00edk obklopen\u00fd t\u0159pytiv\u00fdmi hv\u011bzdami, duhov\u00fdmi oblouky a nad\u00fdchan\u00fdmi mraky podn\u011bcuje d\u011btskou fantazii a m\u011bn\u00ed \u010das str\u00e1ven\u00fd p\u0159ed span\u00edm v dobrodru\u017estv\u00ed. Je k dispozici v jemn\u00e9 r\u016f\u017eov\u00e9 nebo uklid\u0148uj\u00edc\u00ed modr\u00e9 barv\u011b, tak\u017ee vyhov\u00ed r\u016fzn\u00fdm vkus\u016fm a bez probl\u00e9m\u016f dopln\u00ed jak\u00fdkoli interi\u00e9r lo\u017enice.<\/div>\n<p>&nbsp;<\/p>\n<div class=\"auto-hide-last-sibling-br paragraph-qzbcQC paragraph-element br-paragraph-space\">Je vyrobena z luxusn\u011b m\u011bkk\u00fdch, prvot\u0159\u00eddn\u00edch materi\u00e1l\u016f a p\u016fsob\u00ed jako jemn\u00e1 ukol\u00e9bavka pro smysly. A\u0165 u\u017e jde o klidn\u00fd sp\u00e1nek po dni str\u00e1ven\u00e9m ve \u0161kole a h\u0159e, nebo o l\u00edn\u00e9 v\u00edkendov\u00e9 zd\u0159\u00edmnut\u00ed, tento pol\u0161t\u00e1\u0159 poskytuje o\u00e1zu pohodl\u00ed.<\/div>\n<p>&nbsp;<\/p>\n<div class=\"auto-hide-last-sibling-br paragraph-qzbcQC paragraph-element br-paragraph-space\">Rodi\u010de jsou nad\u0161eni z chv\u00e1ly. \"M\u016fj osmilet\u00fd syn se nem\u016f\u017ee do\u010dkat, a\u017e p\u016fjde sp\u00e1t s pol\u0161t\u00e1\u0159em Rainbow Pony! Je tak m\u011bkk\u00fd a d\u00edky designu je s n\u00edm p\u0159ed span\u00edm z\u00e1bava,\" rozpl\u00fdvala se jedna z nad\u0161en\u00fdch maminek. Tat\u00ednek dodal: \"L\u00edb\u00ed se n\u00e1m, jak kombinuje pohodl\u00ed s n\u00e1dechem kouzel. Stal se nezbytnou sou\u010d\u00e1st\u00ed sp\u00e1nkov\u00e9 rutiny na\u0161eho d\u00edt\u011bte.\"<\/div>\n<p>&nbsp;<\/p>\n<div class=\"auto-hide-last-sibling-br paragraph-qzbcQC paragraph-element br-paragraph-space\">D\u011btsk\u00fd pol\u0161t\u00e1\u0159 Rainbow Pony je v podstat\u011b v\u00edc ne\u017e jen pom\u016fcka na span\u00ed; je to milovan\u00fd spole\u010dn\u00edk, kter\u00fd do ka\u017ed\u00e9ho okam\u017eiku odpo\u010dinku vpl\u00e9t\u00e1 sny pln\u00e9 z\u00e1zrak\u016f a pohodl\u00ed.<\/div>\n<\/div>\n<\/div>\n<\/div>\n<\/div>\n<\/div>\n<\/div>\n<\/div>\n<\/div>\n<\/div>\n<\/div>\n<\/div>\n<\/div>\n<\/div>\n<\/div>\n<\/div>\n<\/div>\n<\/div>\n<\/div>\n<\/div>\n<\/div>\n<\/div>\n<\/div>\n<\/div>\n<\/div>\n<\/div>\n<\/div>\n<\/div>\n<\/div>\n<\/div>\n<\/div>\n<\/div>\n<\/div>\n<\/div>\n<\/div>\n<\/div>\n<\/div>\n<\/div>\n<\/div>\n<\/div>\n<\/div>\n<\/div>\n<\/div>\n<\/div>\n<\/div>","protected":false},"excerpt":{"rendered":"<div class=\"container-QE4ayg\">\n<div class=\"item-jU10IN\">\n<div class=\"container-jODEnh chrome70-container\">\n<div class=\"inner-eE95c9 inner-item-aL3Ui_\" data-target-id=\"message-box-target-id\" data-testid=\"union_message\">\n<div class=\"message-block-container-liuetz\" data-testid=\"message-block-container\">\n<div class=\"message-box-ZWbBdF\" data-testid=\"receive_message\" data-message-id=\"3087713235977218\">\n<div class=\"message-box-content-wrapper-srHdUj\">\n<div class=\"message-content message-box-content-otxGGw receive-message-box-content-_lREFj samantha-message-box-content-Qjmpja\" data-testid=\"message_content\">\n<div class=\"container-hfX5E8 flow-markdown-body theme-samantha-yJEgBp\" dir=\"ltr\" data-testid=\"message_text_content\" data-show-indicator=\"false\">\n<div class=\"auto-hide-last-sibling-br paragraph-qzbcQC paragraph-element br-paragraph-space\">D\u011btsk\u00fd pol\u0161t\u00e1\u0159 Rainbow Pony je n\u00e1dhern\u00fd dopln\u011bk na span\u00ed pro d\u011bti od 3 do 15 let. Specifikace 45*<em>28*<\/em>5\/7 cm, nab\u00edz\u00ed pohodlnou velikost, kter\u00e1 poskytuje spr\u00e1vnou oporu hlavy a krku. Pol\u0161t\u00e1\u0159 m\u00e1 okouzluj\u00edc\u00ed design s roztomil\u00fdm duhov\u011b zbarven\u00fdm pon\u00edkem spolu s n\u00e1ladov\u00fdmi prvky, jako jsou hv\u011bzdy, duha a mraky, co\u017e podn\u011bcuje d\u011btskou p\u0159edstavivost. Je k dispozici ve dvou kr\u00e1sn\u00fdch barv\u00e1ch, r\u016f\u017eov\u00e9 a modr\u00e9, tak\u017ee se hod\u00ed k r\u016fzn\u00fdm preferenc\u00edm a dekor\u016fm lo\u017enice. Je vyroben z m\u011bkk\u00fdch a vysoce kvalitn\u00edch materi\u00e1l\u016f a zaji\u0161\u0165uje \u00fatuln\u00fd a klidn\u00fd sp\u00e1nek, tak\u017ee je vynikaj\u00edc\u00ed volbou pro zlep\u0161en\u00ed kvality d\u011btsk\u00e9ho sp\u00e1nku a dod\u00e1n\u00ed kouzeln\u00e9ho n\u00e1dechu jejich sp\u00e1nkov\u00e9 rutin\u011b.<\/div>\n<\/div>\n<\/div>\n<\/div>\n<\/div>\n<\/div>\n<\/div>\n<\/div>\n<\/div>\n<\/div>","protected":false},"featured_media":3430,"comment_status":"open","ping_status":"closed","template":"","meta":{"_uag_custom_page_level_css":"","site-sidebar-layout":"default","site-content-layout":"","ast-site-content-layout":"default","site-content-style":"default","site-sidebar-style":"default","ast-global-header-display":"","ast-banner-title-visibility":"","ast-main-header-display":"","ast-hfb-above-header-display":"","ast-hfb-below-header-display":"","ast-hfb-mobile-header-display":"","site-post-title":"","ast-breadcrumbs-content":"","ast-featured-img":"","footer-sml-layout":"","ast-disable-related-posts":"","theme-transparent-header-meta":"default","adv-header-id-meta":"","stick-header-meta":"","header-above-stick-meta":"","header-main-stick-meta":"","header-below-stick-meta":"","astra-migrate-meta-layouts":"set","ast-page-background-enabled":"default","ast-page-background-meta":{"desktop":{"background-color":"","background-image":"","background-repeat":"repeat","background-position":"center center","background-size":"auto","background-attachment":"scroll","background-type":"","background-media":"","overlay-type":"","overlay-color":"","overlay-opacity":"","overlay-gradient":""},"tablet":{"background-color":"","background-image":"","background-repeat":"repeat","background-position":"center center","background-size":"auto","background-attachment":"scroll","background-type":"","background-media":"","overlay-type":"","overlay-color":"","overlay-opacity":"","overlay-gradient":""},"mobile":{"background-color":"","background-image":"","background-repeat":"repeat","background-position":"center center","background-size":"auto","background-attachment":"scroll","background-type":"","background-media":"","overlay-type":"","overlay-color":"","overlay-opacity":"","overlay-gradient":""}},"ast-content-background-meta":{"desktop":{"background-color":"var(--ast-global-color-5)","background-image":"","background-repeat":"repeat","background-position":"center center","background-size":"auto","background-attachment":"scroll","background-type":"","background-media":"","overlay-type":"","overlay-color":"","overlay-opacity":"","overlay-gradient":""},"tablet":{"background-color":"var(--ast-global-color-5)","background-image":"","background-repeat":"repeat","background-position":"center center","background-size":"auto","background-attachment":"scroll","background-type":"","background-media":"","overlay-type":"","overlay-color":"","overlay-opacity":"","overlay-gradient":""},"mobile":{"background-color":"var(--ast-global-color-5)","background-image":"","background-repeat":"repeat","background-position":"center center","background-size":"auto","background-attachment":"scroll","background-type":"","background-media":"","overlay-type":"","overlay-color":"","overlay-opacity":"","overlay-gradient":""}}},"product_brand":[],"product_cat":[59,42],"product_tag":[70,68,71,69],"class_list":{"0":"post-3426","1":"product","2":"type-product","3":"status-publish","4":"has-post-thumbnail","6":"product_cat-3-to-15-years","7":"product_cat-merchandise","8":"product_tag-babypillow","9":"product_tag-cuteanimalpillow","10":"product_tag-headshapesupport","11":"product_tag-kouniushapingpillow","12":"desktop-align-left","13":"tablet-align-left","14":"mobile-align-left","16":"first","17":"instock","18":"shipping-taxable","19":"product-type-simple"},"aioseo_notices":[],"uagb_featured_image_src":{"full":["https:\/\/babypillowwholesale.com\/wp-content\/uploads\/2025\/04\/1553.jpg",1000,1000,false],"thumbnail":["https:\/\/babypillowwholesale.com\/wp-content\/uploads\/2025\/04\/1553-150x150.jpg",150,150,true],"medium":["https:\/\/babypillowwholesale.com\/wp-content\/uploads\/2025\/04\/1553-300x300.jpg",300,300,true],"medium_large":["https:\/\/babypillowwholesale.com\/wp-content\/uploads\/2025\/04\/1553-768x768.jpg",768,768,true],"large":["https:\/\/babypillowwholesale.com\/wp-content\/uploads\/2025\/04\/1553.jpg",1000,1000,false],"1536x1536":["https:\/\/babypillowwholesale.com\/wp-content\/uploads\/2025\/04\/1553.jpg",1000,1000,false],"2048x2048":["https:\/\/babypillowwholesale.com\/wp-content\/uploads\/2025\/04\/1553.jpg",1000,1000,false],"trp-custom-language-flag":["https:\/\/babypillowwholesale.com\/wp-content\/uploads\/2025\/04\/1553.jpg",12,12,false],"woocommerce_thumbnail":["https:\/\/babypillowwholesale.com\/wp-content\/uploads\/2025\/04\/1553-300x300.jpg",300,300,true],"woocommerce_single":["https:\/\/babypillowwholesale.com\/wp-content\/uploads\/2025\/04\/1553-600x600.jpg",600,600,true],"woocommerce_gallery_thumbnail":["https:\/\/babypillowwholesale.com\/wp-content\/uploads\/2025\/04\/1553-100x100.jpg",100,100,true]},"uagb_author_info":{"display_name":"Etnen zhong","author_link":"https:\/\/babypillowwholesale.com\/cs\/author\/"},"uagb_comment_info":0,"uagb_excerpt":"The Rainbow Pony Children's Pillow is a delightful sleep accessory tailored for children aged 3 - 15 years. With a specification of 45*28*5\/7CM, it offers a comfortable size that provides proper support for the head and neck. The pillow features a charming design with a cute rainbow - colored pony, along with whimsical elements like&hellip;","jetpack_sharing_enabled":true,"_links":{"self":[{"href":"https:\/\/babypillowwholesale.com\/cs\/wp-json\/wp\/v2\/product\/3426","targetHints":{"allow":["GET"]}}],"collection":[{"href":"https:\/\/babypillowwholesale.com\/cs\/wp-json\/wp\/v2\/product"}],"about":[{"href":"https:\/\/babypillowwholesale.com\/cs\/wp-json\/wp\/v2\/types\/product"}],"replies":[{"embeddable":true,"href":"https:\/\/babypillowwholesale.com\/cs\/wp-json\/wp\/v2\/comments?post=3426"}],"wp:featuredmedia":[{"embeddable":true,"href":"https:\/\/babypillowwholesale.com\/cs\/wp-json\/wp\/v2\/media\/3430"}],"wp:attachment":[{"href":"https:\/\/babypillowwholesale.com\/cs\/wp-json\/wp\/v2\/media?parent=3426"}],"wp:term":[{"taxonomy":"product_brand","embeddable":true,"href":"https:\/\/babypillowwholesale.com\/cs\/wp-json\/wp\/v2\/product_brand?post=3426"},{"taxonomy":"product_cat","embeddable":true,"href":"https:\/\/babypillowwholesale.com\/cs\/wp-json\/wp\/v2\/product_cat?post=3426"},{"taxonomy":"product_tag","embeddable":true,"href":"https:\/\/babypillowwholesale.com\/cs\/wp-json\/wp\/v2\/product_tag?post=3426"}],"curies":[{"name":"wp","href":"https:\/\/api.w.org\/{rel}","templated":true}]}}